{"id":3454,"date":"2023-09-16T00:57:11","date_gmt":"2023-09-16T00:57:11","guid":{"rendered":"http:\/\/telemetry.com.pe\/?post_type=product&#038;p=3454"},"modified":"2023-09-16T00:57:11","modified_gmt":"2023-09-16T00:57:11","slug":"servicio-insar","status":"publish","type":"product","link":"https:\/\/telemetry.com.pe\/index.php\/producto\/servicio-insar\/","title":{"rendered":"Servicio InSAR"},"content":{"rendered":"<p>IDS GeoRadar, el proveedor l\u00edder de sistemas de radar de monitoreo de taludes (IBIS) a nivel mundial, y TRE ALTAMIRA, el l\u00edder mundial en servicios de monitoreo terrestre utilizando el sat\u00e9lite InSAR, est\u00e1n ofreciendo un nuevo servicio de monitoreo integrado a las empresas mineras, aprovechando su experiencia en Radar de Apertura Sint\u00e9tica (SAR) tecnolog\u00edas.\u00a0<strong>El uso integrado de SAR satelital y terrestre permite a los profesionales de la miner\u00eda extender el concepto de monitoreo de seguridad en el espacio y el tiempo.<\/strong><\/p>\n<p>IDS GeoRadar, en asociaci\u00f3n con TRE ALTAMIRA, ofrece una soluci\u00f3n integral, el\u00a0<strong>Servicio InSAR<\/strong>\u00a0, para satisfacer todas las necesidades de estabilidad de la mina, que van desde el monitoreo de operaciones mineras a gran escala en cientos de kil\u00f3metros cuadrados, hasta movimientos espec\u00edficos a escala de pozo.<\/p>\n<p>Con la gran cobertura espacial de los datos satelitales, los ingenieros de minas pueden identificar \u00e1reas inestables sobre \u00e1reas amplias, tambi\u00e9n con la capacidad de\u00a0<strong>extender el an\u00e1lisis de deformaci\u00f3n en el tiempo, gracias a la disponibilidad de archivos hist\u00f3ricos de im\u00e1genes satelitales<\/strong>\u00a0.\u00a0Todos los activos mineros se pueden monitorear de manera regular y precisa para detectar deformaciones.<\/p>\n<p>Durante los \u00faltimos 8 a\u00f1os, los radares IDS GeoRadar IBIS se han instalado en cientos de minas en los cinco continentes, lo que brinda\u00a0<strong>un monitoreo cr\u00edtico de movimiento r\u00e1pido, con una respuesta de tiempo muy breve, lo que permite la implementaci\u00f3n de alarmas de alerta temprana y el seguimiento de movimiento lento durante mucho tiempo. mitigaci\u00f3n del riesgo a largo plazo<\/strong>\u00a0.<\/p>\n<p>A trav\u00e9s del an\u00e1lisis de datos satelitales, los operadores de minas pueden complementar las mediciones de radar en tierra para identificar inestabilidades an\u00f3malas en grandes \u00e1reas, para abordar y planificar adecuadamente la mejor matriz de monitoreo.\u00a0\u00a0<strong>Las dos tecnolog\u00edas son complementarias<\/strong>\u00a0, con radares satelitales en su mayor\u00eda sensibles al asentamiento vertical del suelo e IBIS a los movimientos de paredes rocosas de paredes empinadas.<\/p>\n","protected":false},"excerpt":{"rendered":"<p>IDS GeoRadar, el proveedor l\u00edder de sistemas de radar de monitoreo de taludes (IBIS) a nivel mundial, y TRE ALTAMIRA, el l\u00edder mundial en servicios de monitoreo terrestre utilizando el sat\u00e9lite InSAR, est\u00e1n ofreciendo un nuevo servicio de monitoreo integrado a las empresas mineras, aprovechando su experiencia en Radar de Apertura Sint\u00e9tica (SAR) tecnolog\u00edas.\u00a0El uso [&hellip;]<\/p>\n","protected":false},"featured_media":3455,"comment_status":"open","ping_status":"closed","template":"","meta":{"om_disable_all_campaigns":false,"ocean_post_layout":"","ocean_both_sidebars_style":"","ocean_both_sidebars_content_width":0,"ocean_both_sidebars_sidebars_width":0,"ocean_sidebar":"0","ocean_second_sidebar":"0","ocean_disable_margins":"enable","ocean_add_body_class":"","ocean_shortcode_before_top_bar":"","ocean_shortcode_after_top_bar":"","ocean_shortcode_before_header":"","ocean_shortcode_after_header":"","ocean_has_shortcode":"","ocean_shortcode_after_title":"","ocean_shortcode_before_footer_widgets":"","ocean_shortcode_after_footer_widgets":"","ocean_shortcode_before_footer_bottom":"","ocean_shortcode_after_footer_bottom":"","ocean_display_top_bar":"default","ocean_display_header":"default","ocean_header_style":"","ocean_center_header_left_menu":"0","ocean_custom_header_template":"0","ocean_custom_logo":0,"ocean_custom_retina_logo":0,"ocean_custom_logo_max_width":0,"ocean_custom_logo_tablet_max_width":0,"ocean_custom_logo_mobile_max_width":0,"ocean_custom_logo_max_height":0,"ocean_custom_logo_tablet_max_height":0,"ocean_custom_logo_mobile_max_height":0,"ocean_header_custom_menu":"0","ocean_menu_typo_font_family":"0","ocean_menu_typo_font_subset":"","ocean_menu_typo_font_size":0,"ocean_menu_typo_font_size_tablet":0,"ocean_menu_typo_font_size_mobile":0,"ocean_menu_typo_font_size_unit":"px","ocean_menu_typo_font_weight":"","ocean_menu_typo_font_weight_tablet":"","ocean_menu_typo_font_weight_mobile":"","ocean_menu_typo_transform":"","ocean_menu_typo_transform_tablet":"","ocean_menu_typo_transform_mobile":"","ocean_menu_typo_line_height":0,"ocean_menu_typo_line_height_tablet":0,"ocean_menu_typo_line_height_mobile":0,"ocean_menu_typo_line_height_unit":"","ocean_menu_typo_spacing":0,"ocean_menu_typo_spacing_tablet":0,"ocean_menu_typo_spacing_mobile":0,"ocean_menu_typo_spacing_unit":"","ocean_menu_link_color":"","ocean_menu_link_color_hover":"","ocean_menu_link_color_active":"","ocean_menu_link_background":"","ocean_menu_link_hover_background":"","ocean_menu_link_active_background":"","ocean_menu_social_links_bg":"","ocean_menu_social_hover_links_bg":"","ocean_menu_social_links_color":"","ocean_menu_social_hover_links_color":"","ocean_disable_title":"default","ocean_disable_heading":"default","ocean_post_title":"","ocean_post_subheading":"","ocean_post_title_style":"","ocean_post_title_background_color":"","ocean_post_title_background":0,"ocean_post_title_bg_image_position":"","ocean_post_title_bg_image_attachment":"","ocean_post_title_bg_image_repeat":"","ocean_post_title_bg_image_size":"","ocean_post_title_height":0,"ocean_post_title_bg_overlay":0.5,"ocean_post_title_bg_overlay_color":"","ocean_disable_breadcrumbs":"default","ocean_breadcrumbs_color":"","ocean_breadcrumbs_separator_color":"","ocean_breadcrumbs_links_color":"","ocean_breadcrumbs_links_hover_color":"","ocean_display_footer_widgets":"default","ocean_display_footer_bottom":"default","ocean_custom_footer_template":"0","_joinchat":[]},"product_brand":[],"product_cat":[16],"product_tag":[],"class_list":{"0":"post-3454","1":"product","2":"type-product","3":"status-publish","4":"has-post-thumbnail","6":"product_cat-sin-categorizar","8":"entry","9":"has-media","11":"first","12":"instock","13":"shipping-taxable","14":"purchasable","15":"product-type-simple","16":"has-product-nav","17":"col","18":"span_1_of_3","19":"owp-content-center","20":"owp-thumbs-layout-horizontal","21":"owp-btn-normal","22":"owp-tabs-layout-horizontal","23":"has-no-thumbnails"},"_links":{"self":[{"href":"https:\/\/telemetry.com.pe\/index.php\/wp-json\/wp\/v2\/product\/3454","targetHints":{"allow":["GET"]}}],"collection":[{"href":"https:\/\/telemetry.com.pe\/index.php\/wp-json\/wp\/v2\/product"}],"about":[{"href":"https:\/\/telemetry.com.pe\/index.php\/wp-json\/wp\/v2\/types\/product"}],"replies":[{"embeddable":true,"href":"https:\/\/telemetry.com.pe\/index.php\/wp-json\/wp\/v2\/comments?post=3454"}],"wp:featuredmedia":[{"embeddable":true,"href":"https:\/\/telemetry.com.pe\/index.php\/wp-json\/wp\/v2\/media\/3455"}],"wp:attachment":[{"href":"https:\/\/telemetry.com.pe\/index.php\/wp-json\/wp\/v2\/media?parent=3454"}],"wp:term":[{"taxonomy":"product_brand","embeddable":true,"href":"https:\/\/telemetry.com.pe\/index.php\/wp-json\/wp\/v2\/product_brand?post=3454"},{"taxonomy":"product_cat","embeddable":true,"href":"https:\/\/telemetry.com.pe\/index.php\/wp-json\/wp\/v2\/product_cat?post=3454"},{"taxonomy":"product_tag","embeddable":true,"href":"https:\/\/telemetry.com.pe\/index.php\/wp-json\/wp\/v2\/product_tag?post=3454"}],"curies":[{"name":"wp","href":"https:\/\/api.w.org\/{rel}","templated":true}]}}