{"id":3477,"date":"2023-09-16T00:57:11","date_gmt":"2023-09-16T00:57:11","guid":{"rendered":"http:\/\/telemetry.com.pe\/?post_type=product&#038;p=3477"},"modified":"2023-09-16T00:57:11","modified_gmt":"2023-09-16T00:57:11","slug":"mapas-iq","status":"publish","type":"product","link":"https:\/\/telemetry.com.pe\/index.php\/producto\/mapas-iq\/","title":{"rendered":"Mapas IQ"},"content":{"rendered":"<p><span>IQMaps es una nueva aplicaci\u00f3n de\u00a0<\/span><strong><span>software de posprocesamiento<\/span><\/strong><span>\u00a0para el an\u00e1lisis avanzado de datos GPR, que proporciona una interfaz r\u00e1pida entre el usuario y los datos GPR.\u00a0Se ha reducido el tiempo de la m\u00e1quina y, al mismo tiempo,\u00a0se han introducido\u00a0<\/span><strong><span>el procesamiento en tiempo real, la gesti\u00f3n avanzada de objetivos\u00a0<\/span><\/strong><span>\u00a0y\u00a0<\/span><strong><span>la visualizaci\u00f3n en 3D .\u00a0<\/span><\/strong><span>Adem\u00e1s de\u00a0<\/span><strong><span>la detecci\u00f3n y el mapeo de activos subterr\u00e1neos<\/span><\/strong><span>\u00a0, hay otras funcionalidades disponibles para el mapeo 3D de\u00a0<\/span><strong><span>sumideros, c\u00e1maras de inspecci\u00f3n y sitios arqueol\u00f3gicos<\/span><\/strong><span>\u00a0.<\/span><\/p>\n<p><span>IQMaps proporciona un enfoque paso a paso<\/span><span>\u00a0para guiar al\u00a0<\/span><span>usuario en la realizaci\u00f3n del mejor y m\u00e1s r\u00e1pido an\u00e1lisis de datos con la ayuda de una herramienta de procesamiento y an\u00e1lisis personalizable,\u00a0<\/span><strong><span>tanto para usuarios expertos como no expertos<\/span><\/strong><span>\u00a0para mapeo de servicios p\u00fablicos, estudios arqueol\u00f3gicos y ambientales y mapeo extenso. de proyectos de gran envergadura.<\/span><\/p>\n<p><span>\u00a1IQMaps ya est\u00e1 disponible para\u00a0<\/span><strong><span>toda la familia IDS GeoRadar Stream<\/span><\/strong><span>\u00a0!<\/span><\/p>\n<p><strong><span>CARACTER\u00cdSTICAS Y BENEFICIOS<\/span><\/strong><\/p>\n<p>&nbsp;<\/p>\n<ul>\n<li><strong><span>Interfaz revolucionaria<\/span><\/strong><span>Permite una realidad inmersiva durante la fase de posprocesamiento<\/span><\/li>\n<li><strong><span>Adquisici\u00f3n de grandes superficies<\/span><\/strong><span>No hay l\u00edmite en el uso del software, incluso para la adquisici\u00f3n de grandes \u00e1reas.<\/span><\/li>\n<li><strong><span>F\u00e1cil de usar<\/span><\/strong><span>La facilidad de uso y la productividad se han incrementado dr\u00e1sticamente (hasta 30.000 m2 en un d\u00eda laboral)<\/span><\/li>\n<li><strong><span>Datos georreferenciados<\/span><\/strong><span>El nuevo software se ha desarrollado con el objetivo preciso de elaborar un dato georreferenciado despu\u00e9s de que haya sido procesado<\/span><\/li>\n<li><strong><span>Datos f\u00e1ciles de gestionar<\/span><\/strong><br \/>\n<span>Interfaz intuitiva con datos f\u00e1ciles de usar y administrar (desplazarse, pellizcar, extender)<\/span><\/li>\n<li><strong><span>F\u00e1cil extracci\u00f3n de datos de varias caracter\u00edsticas del subsuelo<\/span><\/strong><br \/>\n<span>Detecci\u00f3n de anomal\u00edas (sumideros, subestaciones, objetos enterrados)<\/span><\/li>\n<\/ul>\n","protected":false},"excerpt":{"rendered":"<p>IQMaps es una nueva aplicaci\u00f3n de\u00a0software de posprocesamiento\u00a0para el an\u00e1lisis avanzado de datos GPR, que proporciona una interfaz r\u00e1pida entre el usuario y los datos GPR.\u00a0Se ha reducido el tiempo de la m\u00e1quina y, al mismo tiempo,\u00a0se han introducido\u00a0el procesamiento en tiempo real, la gesti\u00f3n avanzada de objetivos\u00a0\u00a0y\u00a0la visualizaci\u00f3n en 3D .\u00a0Adem\u00e1s de\u00a0la detecci\u00f3n y [&hellip;]<\/p>\n","protected":false},"featured_media":3478,"comment_status":"open","ping_status":"closed","template":"","meta":{"om_disable_all_campaigns":false,"ocean_post_layout":"","ocean_both_sidebars_style":"","ocean_both_sidebars_content_width":0,"ocean_both_sidebars_sidebars_width":0,"ocean_sidebar":"0","ocean_second_sidebar":"0","ocean_disable_margins":"enable","ocean_add_body_class":"","ocean_shortcode_before_top_bar":"","ocean_shortcode_after_top_bar":"","ocean_shortcode_before_header":"","ocean_shortcode_after_header":"","ocean_has_shortcode":"","ocean_shortcode_after_title":"","ocean_shortcode_before_footer_widgets":"","ocean_shortcode_after_footer_widgets":"","ocean_shortcode_before_footer_bottom":"","ocean_shortcode_after_footer_bottom":"","ocean_display_top_bar":"default","ocean_display_header":"default","ocean_header_style":"","ocean_center_header_left_menu":"0","ocean_custom_header_template":"0","ocean_custom_logo":0,"ocean_custom_retina_logo":0,"ocean_custom_logo_max_width":0,"ocean_custom_logo_tablet_max_width":0,"ocean_custom_logo_mobile_max_width":0,"ocean_custom_logo_max_height":0,"ocean_custom_logo_tablet_max_height":0,"ocean_custom_logo_mobile_max_height":0,"ocean_header_custom_menu":"0","ocean_menu_typo_font_family":"0","ocean_menu_typo_font_subset":"","ocean_menu_typo_font_size":0,"ocean_menu_typo_font_size_tablet":0,"ocean_menu_typo_font_size_mobile":0,"ocean_menu_typo_font_size_unit":"px","ocean_menu_typo_font_weight":"","ocean_menu_typo_font_weight_tablet":"","ocean_menu_typo_font_weight_mobile":"","ocean_menu_typo_transform":"","ocean_menu_typo_transform_tablet":"","ocean_menu_typo_transform_mobile":"","ocean_menu_typo_line_height":0,"ocean_menu_typo_line_height_tablet":0,"ocean_menu_typo_line_height_mobile":0,"ocean_menu_typo_line_height_unit":"","ocean_menu_typo_spacing":0,"ocean_menu_typo_spacing_tablet":0,"ocean_menu_typo_spacing_mobile":0,"ocean_menu_typo_spacing_unit":"","ocean_menu_link_color":"","ocean_menu_link_color_hover":"","ocean_menu_link_color_active":"","ocean_menu_link_background":"","ocean_menu_link_hover_background":"","ocean_menu_link_active_background":"","ocean_menu_social_links_bg":"","ocean_menu_social_hover_links_bg":"","ocean_menu_social_links_color":"","ocean_menu_social_hover_links_color":"","ocean_disable_title":"default","ocean_disable_heading":"default","ocean_post_title":"","ocean_post_subheading":"","ocean_post_title_style":"","ocean_post_title_background_color":"","ocean_post_title_background":0,"ocean_post_title_bg_image_position":"","ocean_post_title_bg_image_attachment":"","ocean_post_title_bg_image_repeat":"","ocean_post_title_bg_image_size":"","ocean_post_title_height":0,"ocean_post_title_bg_overlay":0.5,"ocean_post_title_bg_overlay_color":"","ocean_disable_breadcrumbs":"default","ocean_breadcrumbs_color":"","ocean_breadcrumbs_separator_color":"","ocean_breadcrumbs_links_color":"","ocean_breadcrumbs_links_hover_color":"","ocean_display_footer_widgets":"default","ocean_display_footer_bottom":"default","ocean_custom_footer_template":"0","_joinchat":[]},"product_brand":[],"product_cat":[16],"product_tag":[],"class_list":{"0":"post-3477","1":"product","2":"type-product","3":"status-publish","4":"has-post-thumbnail","6":"product_cat-sin-categorizar","8":"entry","9":"has-media","11":"first","12":"instock","13":"shipping-taxable","14":"purchasable","15":"product-type-simple","16":"has-product-nav","17":"col","18":"span_1_of_3","19":"owp-content-center","20":"owp-thumbs-layout-horizontal","21":"owp-btn-normal","22":"owp-tabs-layout-horizontal","23":"has-no-thumbnails"},"_links":{"self":[{"href":"https:\/\/telemetry.com.pe\/index.php\/wp-json\/wp\/v2\/product\/3477","targetHints":{"allow":["GET"]}}],"collection":[{"href":"https:\/\/telemetry.com.pe\/index.php\/wp-json\/wp\/v2\/product"}],"about":[{"href":"https:\/\/telemetry.com.pe\/index.php\/wp-json\/wp\/v2\/types\/product"}],"replies":[{"embeddable":true,"href":"https:\/\/telemetry.com.pe\/index.php\/wp-json\/wp\/v2\/comments?post=3477"}],"wp:featuredmedia":[{"embeddable":true,"href":"https:\/\/telemetry.com.pe\/index.php\/wp-json\/wp\/v2\/media\/3478"}],"wp:attachment":[{"href":"https:\/\/telemetry.com.pe\/index.php\/wp-json\/wp\/v2\/media?parent=3477"}],"wp:term":[{"taxonomy":"product_brand","embeddable":true,"href":"https:\/\/telemetry.com.pe\/index.php\/wp-json\/wp\/v2\/product_brand?post=3477"},{"taxonomy":"product_cat","embeddable":true,"href":"https:\/\/telemetry.com.pe\/index.php\/wp-json\/wp\/v2\/product_cat?post=3477"},{"taxonomy":"product_tag","embeddable":true,"href":"https:\/\/telemetry.com.pe\/index.php\/wp-json\/wp\/v2\/product_tag?post=3477"}],"curies":[{"name":"wp","href":"https:\/\/api.w.org\/{rel}","templated":true}]}}