{"id":3481,"date":"2023-09-16T00:57:11","date_gmt":"2023-09-16T00:57:11","guid":{"rendered":"http:\/\/telemetry.com.pe\/?post_type=product&#038;p=3481"},"modified":"2023-09-16T00:57:11","modified_gmt":"2023-09-16T00:57:11","slug":"fpm360-truevector","status":"publish","type":"product","link":"https:\/\/telemetry.com.pe\/index.php\/producto\/fpm360-truevector\/","title":{"rendered":"FPM360 TrueVector"},"content":{"rendered":"<p><span>Imagine una soluci\u00f3n capaz de resolver en tiempo real cualquier informaci\u00f3n cualitativa y cuantitativa sobre la estabilidad de un rajo a cualquier escala temporal y espacial.\u00a0Imagine una plataforma tan flexible para adaptarse a cualquier configuraci\u00f3n de alertas.\u00a0Luego, imagine un sistema unificado al que se pueda acceder en cualquier momento y en cualquier lugar que permita a los tomadores de decisiones maximizar la seguridad de las operaciones.<\/span><\/p>\n<p><span>Full Pit Monitoring 360 (FPM360) es el ecosistema que lleva la conciencia de estabilidad y seguridad a un nivel sin precedentes, fusionando todos los datos provenientes de cualquier unidad de monitoreo de taludes de IBIS, tales como:<\/span><\/p>\n<ul>\n<li><span>Radar<\/span><\/li>\n<li><span>C\u00e1mara de alta resoluci\u00f3n<\/span><\/li>\n<li><span>Instrumento m\u00f3vil<\/span><\/li>\n<li><span>dispositivo semipermanente<\/span><\/li>\n<\/ul>\n<p><span>FPM360 unifica todos los datos, brindando a los expertos en monitoreo una vista completa de todo el pozo para administrar los peligros de la pendiente.\u00a0Los datos de radar de varias unidades IBIS no solo se muestran en la misma ventana, sino que se fusionan por completo en una sola vista 3D universal del tajo para un conocimiento completo de la situaci\u00f3n.<\/span><\/p>\n<p><span>El FPM optimiza los datos de m\u00faltiples dispositivos de monitoreo en una plataforma de software \u00fanica, lo que reduce los procesos de trabajo y ahorra el valioso tiempo necesario para tomar decisiones.\u00a0El control de un tajo completo, o incluso de varios tajos, desde una \u00fanica soluci\u00f3n georreferenciada en 3D, permite a los usuarios abordar el an\u00e1lisis de datos, la interpretaci\u00f3n y la configuraci\u00f3n de alarmas con facilidad.<\/span><\/p>\n<p><strong><span>Tecnolog\u00eda TrueVector<\/span><\/strong><br \/>\n<span>Con la tecnolog\u00eda TrueVector, FPM360 puede resolver la direcci\u00f3n espacial de los vectores de desplazamiento para cientos de miles de p\u00edxeles de radar superpuestos que son monitoreados simult\u00e1neamente por dos o m\u00e1s sistemas de radar, con precisi\u00f3n submilim\u00e9trica.\u00a0No se necesitan prismas, marcadores o reflectores en pendientes para resolver r\u00e1pidamente la informaci\u00f3n de desplazamiento.<\/span><\/p>\n<p><strong><span>Una soluci\u00f3n global Importe<\/span><\/strong><br \/>\n<span>autom\u00e1ticamente diferentes estaciones totales y conjuntos de datos GNSS para obtener una comprensi\u00f3n a\u00fan m\u00e1s clara de la estabilidad de taludes.\u00a0Los expertos en monitoreo pueden comparar tendencias de desplazamiento de prismas y GNSS con datos de radar IBIS para comprender el comportamiento del movimiento m\u00e1s r\u00e1pido.\u00a0Los gr\u00e1ficos de Stereonet tambi\u00e9n est\u00e1n disponibles para una representaci\u00f3n r\u00e1pida e inmediata de los datos de desplazamiento.<\/span><\/p>\n<p><span>A trav\u00e9s de una herramienta de exportaci\u00f3n autom\u00e1tica avanzada y la interfaz p\u00fablica externa (API) \u00fanica, los datos de IBIS se pueden exportar y mostrar en plataformas de terceros para el monitoreo geot\u00e9cnico.<\/span><\/p>\n","protected":false},"excerpt":{"rendered":"<p>Imagine una soluci\u00f3n capaz de resolver en tiempo real cualquier informaci\u00f3n cualitativa y cuantitativa sobre la estabilidad de un rajo a cualquier escala temporal y espacial.\u00a0Imagine una plataforma tan flexible para adaptarse a cualquier configuraci\u00f3n de alertas.\u00a0Luego, imagine un sistema unificado al que se pueda acceder en cualquier momento y en cualquier lugar que permita [&hellip;]<\/p>\n","protected":false},"featured_media":3482,"comment_status":"open","ping_status":"closed","template":"","meta":{"om_disable_all_campaigns":false,"ocean_post_layout":"","ocean_both_sidebars_style":"","ocean_both_sidebars_content_width":0,"ocean_both_sidebars_sidebars_width":0,"ocean_sidebar":"0","ocean_second_sidebar":"0","ocean_disable_margins":"enable","ocean_add_body_class":"","ocean_shortcode_before_top_bar":"","ocean_shortcode_after_top_bar":"","ocean_shortcode_before_header":"","ocean_shortcode_after_header":"","ocean_has_shortcode":"","ocean_shortcode_after_title":"","ocean_shortcode_before_footer_widgets":"","ocean_shortcode_after_footer_widgets":"","ocean_shortcode_before_footer_bottom":"","ocean_shortcode_after_footer_bottom":"","ocean_display_top_bar":"default","ocean_display_header":"default","ocean_header_style":"","ocean_center_header_left_menu":"0","ocean_custom_header_template":"0","ocean_custom_logo":0,"ocean_custom_retina_logo":0,"ocean_custom_logo_max_width":0,"ocean_custom_logo_tablet_max_width":0,"ocean_custom_logo_mobile_max_width":0,"ocean_custom_logo_max_height":0,"ocean_custom_logo_tablet_max_height":0,"ocean_custom_logo_mobile_max_height":0,"ocean_header_custom_menu":"0","ocean_menu_typo_font_family":"0","ocean_menu_typo_font_subset":"","ocean_menu_typo_font_size":0,"ocean_menu_typo_font_size_tablet":0,"ocean_menu_typo_font_size_mobile":0,"ocean_menu_typo_font_size_unit":"px","ocean_menu_typo_font_weight":"","ocean_menu_typo_font_weight_tablet":"","ocean_menu_typo_font_weight_mobile":"","ocean_menu_typo_transform":"","ocean_menu_typo_transform_tablet":"","ocean_menu_typo_transform_mobile":"","ocean_menu_typo_line_height":0,"ocean_menu_typo_line_height_tablet":0,"ocean_menu_typo_line_height_mobile":0,"ocean_menu_typo_line_height_unit":"","ocean_menu_typo_spacing":0,"ocean_menu_typo_spacing_tablet":0,"ocean_menu_typo_spacing_mobile":0,"ocean_menu_typo_spacing_unit":"","ocean_menu_link_color":"","ocean_menu_link_color_hover":"","ocean_menu_link_color_active":"","ocean_menu_link_background":"","ocean_menu_link_hover_background":"","ocean_menu_link_active_background":"","ocean_menu_social_links_bg":"","ocean_menu_social_hover_links_bg":"","ocean_menu_social_links_color":"","ocean_menu_social_hover_links_color":"","ocean_disable_title":"default","ocean_disable_heading":"default","ocean_post_title":"","ocean_post_subheading":"","ocean_post_title_style":"","ocean_post_title_background_color":"","ocean_post_title_background":0,"ocean_post_title_bg_image_position":"","ocean_post_title_bg_image_attachment":"","ocean_post_title_bg_image_repeat":"","ocean_post_title_bg_image_size":"","ocean_post_title_height":0,"ocean_post_title_bg_overlay":0.5,"ocean_post_title_bg_overlay_color":"","ocean_disable_breadcrumbs":"default","ocean_breadcrumbs_color":"","ocean_breadcrumbs_separator_color":"","ocean_breadcrumbs_links_color":"","ocean_breadcrumbs_links_hover_color":"","ocean_display_footer_widgets":"default","ocean_display_footer_bottom":"default","ocean_custom_footer_template":"0","_joinchat":[]},"product_brand":[],"product_cat":[16],"product_tag":[],"class_list":{"0":"post-3481","1":"product","2":"type-product","3":"status-publish","4":"has-post-thumbnail","6":"product_cat-sin-categorizar","8":"entry","9":"has-media","11":"first","12":"instock","13":"shipping-taxable","14":"purchasable","15":"product-type-simple","16":"has-product-nav","17":"col","18":"span_1_of_3","19":"owp-content-center","20":"owp-thumbs-layout-horizontal","21":"owp-btn-normal","22":"owp-tabs-layout-horizontal","23":"has-no-thumbnails"},"_links":{"self":[{"href":"https:\/\/telemetry.com.pe\/index.php\/wp-json\/wp\/v2\/product\/3481","targetHints":{"allow":["GET"]}}],"collection":[{"href":"https:\/\/telemetry.com.pe\/index.php\/wp-json\/wp\/v2\/product"}],"about":[{"href":"https:\/\/telemetry.com.pe\/index.php\/wp-json\/wp\/v2\/types\/product"}],"replies":[{"embeddable":true,"href":"https:\/\/telemetry.com.pe\/index.php\/wp-json\/wp\/v2\/comments?post=3481"}],"wp:featuredmedia":[{"embeddable":true,"href":"https:\/\/telemetry.com.pe\/index.php\/wp-json\/wp\/v2\/media\/3482"}],"wp:attachment":[{"href":"https:\/\/telemetry.com.pe\/index.php\/wp-json\/wp\/v2\/media?parent=3481"}],"wp:term":[{"taxonomy":"product_brand","embeddable":true,"href":"https:\/\/telemetry.com.pe\/index.php\/wp-json\/wp\/v2\/product_brand?post=3481"},{"taxonomy":"product_cat","embeddable":true,"href":"https:\/\/telemetry.com.pe\/index.php\/wp-json\/wp\/v2\/product_cat?post=3481"},{"taxonomy":"product_tag","embeddable":true,"href":"https:\/\/telemetry.com.pe\/index.php\/wp-json\/wp\/v2\/product_tag?post=3481"}],"curies":[{"name":"wp","href":"https:\/\/api.w.org\/{rel}","templated":true}]}}