{"id":3483,"date":"2023-09-16T00:57:11","date_gmt":"2023-09-16T00:57:11","guid":{"rendered":"http:\/\/telemetry.com.pe\/?post_type=product&#038;p=3483"},"modified":"2023-09-16T00:57:11","modified_gmt":"2023-09-16T00:57:11","slug":"centro-de-geomonitoreo-hxgn","status":"publish","type":"product","link":"https:\/\/telemetry.com.pe\/index.php\/producto\/centro-de-geomonitoreo-hxgn\/","title":{"rendered":"Centro de geomonitoreo HxGN"},"content":{"rendered":"<div class=\"text-group info-content\">\n<p>El movimiento de taludes siempre ha representado uno de los mayores riesgos en la miner\u00eda;\u00a0hacer del monitoreo de taludes una parte integral de la seguridad en las minas.\u00a0Por primera vez, una plataforma de software integrada, HxGN GeoMonitoring Hub, puede combinar, analizar, visualizar y cotejar todos los resultados de medici\u00f3n proporcionados por sistemas de monitoreo automatizados, como estaciones totales, GNSS, sistemas de radar, sensores geot\u00e9cnicos y ambientales, InSAR, as\u00ed como lecturas manuales en un entorno geogr\u00e1fico.<\/p>\n<p>La tecnolog\u00eda de radar y el monitoreo de prisma tradicional, aunque son muy complementarios, nunca antes se hab\u00edan reunido en una sola plataforma. Al integrar datos de dos plataformas existentes, la plataforma IDS GeoRadar Guardian y el sistema de monitoreo Leica GeoMoS, HxGN GeoMonitoring Hub ahora re\u00fane lo mejor de ambos mundos en un software f\u00e1cil de usar que brinda a los usuarios una comprensi\u00f3n hol\u00edstica de la mina a cielo abierto. estabilidad de taludes.<\/p>\n<\/div>\n<div class=\"row equal-height\">\n<div class=\"col-lg-6 equal-height-inner\">\n<div class=\"inner-container\">\n<div class=\"caption baseFont\">\n<div class=\"text\">\n<h3>Una plataforma para todos los sensores de monitoreo<\/h3>\n<p>Cuando se trata de seguridad en las minas, no es una cuesti\u00f3n de tecnolog\u00edas de monitoreo.\u00a0La tecnolog\u00eda de radar, el monitoreo tradicional de prismas, el GNSS y los sensores geot\u00e9cnicos son altamente complementarios y contribuyen con caracter\u00edsticas \u00fanicas a una comprensi\u00f3n integral y hol\u00edstica de la estabilidad de taludes.<\/p>\n<\/div>\n<\/div>\n<\/div>\n<\/div>\n<div class=\"col-lg-6 equal-height-inner\">\n<div class=\"inner-container\">\n<div class=\"caption baseFont\">\n<div class=\"text\">\n<h3>Soluci\u00f3n de monitoreo hexagonal<\/h3>\n<p>Como ambos forman parte de Hexagon, los dos l\u00edderes en monitoreo de taludes mineros, Leica Geosystems e IDS Georadar unen fuerzas para reunir lo mejor de la topograf\u00eda y el monitoreo basado en radar en una soluci\u00f3n de software integral.\u00a0El HxGN GeoMonitoring Hub sincroniza a la perfecci\u00f3n datos de\u00a0<a href=\"https:\/\/idsgeoradar.com\/products\/software\/~\/link.aspx?_id=DE47B1B1EC954FA8B0F255A8E2AEE8A1&amp;_z=z\">Leica GeoMoS<\/a>\u00a0\u00a0e\u00a0<a href=\"https:\/\/idsgeoradar.com\/products\/software\/ibis-guardian\" target=\"_blank\" rel=\"noopener noreferrer\">IDS Guardian<\/a>\u00a0, as\u00ed como soluciones de software de terceros.<\/p>\n<\/div>\n<\/div>\n<\/div>\n<\/div>\n<\/div>\n<div class=\"row equal-height\">\n<div class=\"col-lg-6 equal-height-inner\">\n<div class=\"inner-container no-border\">\n<div class=\"caption baseFont\">\n<div class=\"text\">\n<h3>F\u00e1cil de usar y aprender<\/h3>\n<p>Una interfaz flexible y moderna proporciona retroalimentaci\u00f3n directa para simplificar las operaciones de monitoreo, minimizando cualquier tiempo de aprendizaje.\u00a0Basado en un tablero y una herramienta de informes de arrastrar y soltar, los datos importantes est\u00e1n disponibles con solo unos pocos clics, lo que permite una toma de decisiones m\u00e1s r\u00e1pida y mejor informada.<\/p>\n<\/div>\n<\/div>\n<\/div>\n<\/div>\n<div class=\"col-lg-6 equal-height-inner\">\n<div class=\"inner-container no-border\">\n<div class=\"caption baseFont\">\n<div class=\"text\">\n<h3>Autom\u00e1tico y en tiempo real<\/h3>\n<p>HxGN GeoMonitoring Hub puede combinar, analizar, visualizar y cotejar todas las mediciones entregadas por los sensores de monitoreo en una mina.\u00a0Totalmente automatizado, el HxGN GeoMonitoring Hub proporciona integraci\u00f3n de datos en tiempo real desde una amplia gama de sensores disponibles en el mercado, reuniendo radares terrestres, estaciones totales, GNSS y cualquier tipo de sensores de monitoreo de terceros.<\/p>\n<\/div>\n<\/div>\n<\/div>\n<\/div>\n<\/div>\n<div id=\"accordion\" class=\"panel-group accordion-panel\" role=\"tablist\" aria-multiselectable=\"true\">\n<div class=\"panel\">\n<div class=\"panel-heading\" role=\"tab\">\n<h4 class=\"panel-title\"><\/h4>\n<\/div>\n<\/div>\n<\/div>\n","protected":false},"excerpt":{"rendered":"<p>El movimiento de taludes siempre ha representado uno de los mayores riesgos en la miner\u00eda;\u00a0hacer del monitoreo de taludes una parte integral de la seguridad en las minas.\u00a0Por primera vez, una plataforma de software integrada, HxGN GeoMonitoring Hub, puede combinar, analizar, visualizar y cotejar todos los resultados de medici\u00f3n proporcionados por sistemas de monitoreo automatizados, [&hellip;]<\/p>\n","protected":false},"featured_media":3484,"comment_status":"open","ping_status":"closed","template":"","meta":{"om_disable_all_campaigns":false,"ocean_post_layout":"","ocean_both_sidebars_style":"","ocean_both_sidebars_content_width":0,"ocean_both_sidebars_sidebars_width":0,"ocean_sidebar":"0","ocean_second_sidebar":"0","ocean_disable_margins":"enable","ocean_add_body_class":"","ocean_shortcode_before_top_bar":"","ocean_shortcode_after_top_bar":"","ocean_shortcode_before_header":"","ocean_shortcode_after_header":"","ocean_has_shortcode":"","ocean_shortcode_after_title":"","ocean_shortcode_before_footer_widgets":"","ocean_shortcode_after_footer_widgets":"","ocean_shortcode_before_footer_bottom":"","ocean_shortcode_after_footer_bottom":"","ocean_display_top_bar":"default","ocean_display_header":"default","ocean_header_style":"","ocean_center_header_left_menu":"0","ocean_custom_header_template":"0","ocean_custom_logo":0,"ocean_custom_retina_logo":0,"ocean_custom_logo_max_width":0,"ocean_custom_logo_tablet_max_width":0,"ocean_custom_logo_mobile_max_width":0,"ocean_custom_logo_max_height":0,"ocean_custom_logo_tablet_max_height":0,"ocean_custom_logo_mobile_max_height":0,"ocean_header_custom_menu":"0","ocean_menu_typo_font_family":"0","ocean_menu_typo_font_subset":"","ocean_menu_typo_font_size":0,"ocean_menu_typo_font_size_tablet":0,"ocean_menu_typo_font_size_mobile":0,"ocean_menu_typo_font_size_unit":"px","ocean_menu_typo_font_weight":"","ocean_menu_typo_font_weight_tablet":"","ocean_menu_typo_font_weight_mobile":"","ocean_menu_typo_transform":"","ocean_menu_typo_transform_tablet":"","ocean_menu_typo_transform_mobile":"","ocean_menu_typo_line_height":0,"ocean_menu_typo_line_height_tablet":0,"ocean_menu_typo_line_height_mobile":0,"ocean_menu_typo_line_height_unit":"","ocean_menu_typo_spacing":0,"ocean_menu_typo_spacing_tablet":0,"ocean_menu_typo_spacing_mobile":0,"ocean_menu_typo_spacing_unit":"","ocean_menu_link_color":"","ocean_menu_link_color_hover":"","ocean_menu_link_color_active":"","ocean_menu_link_background":"","ocean_menu_link_hover_background":"","ocean_menu_link_active_background":"","ocean_menu_social_links_bg":"","ocean_menu_social_hover_links_bg":"","ocean_menu_social_links_color":"","ocean_menu_social_hover_links_color":"","ocean_disable_title":"default","ocean_disable_heading":"default","ocean_post_title":"","ocean_post_subheading":"","ocean_post_title_style":"","ocean_post_title_background_color":"","ocean_post_title_background":0,"ocean_post_title_bg_image_position":"","ocean_post_title_bg_image_attachment":"","ocean_post_title_bg_image_repeat":"","ocean_post_title_bg_image_size":"","ocean_post_title_height":0,"ocean_post_title_bg_overlay":0.5,"ocean_post_title_bg_overlay_color":"","ocean_disable_breadcrumbs":"default","ocean_breadcrumbs_color":"","ocean_breadcrumbs_separator_color":"","ocean_breadcrumbs_links_color":"","ocean_breadcrumbs_links_hover_color":"","ocean_display_footer_widgets":"default","ocean_display_footer_bottom":"default","ocean_custom_footer_template":"0","_joinchat":[]},"product_brand":[],"product_cat":[16],"product_tag":[],"class_list":{"0":"post-3483","1":"product","2":"type-product","3":"status-publish","4":"has-post-thumbnail","6":"product_cat-sin-categorizar","8":"entry","9":"has-media","11":"first","12":"instock","13":"shipping-taxable","14":"purchasable","15":"product-type-simple","16":"has-product-nav","17":"col","18":"span_1_of_3","19":"owp-content-center","20":"owp-thumbs-layout-horizontal","21":"owp-btn-normal","22":"owp-tabs-layout-horizontal","23":"has-no-thumbnails"},"_links":{"self":[{"href":"https:\/\/telemetry.com.pe\/index.php\/wp-json\/wp\/v2\/product\/3483","targetHints":{"allow":["GET"]}}],"collection":[{"href":"https:\/\/telemetry.com.pe\/index.php\/wp-json\/wp\/v2\/product"}],"about":[{"href":"https:\/\/telemetry.com.pe\/index.php\/wp-json\/wp\/v2\/types\/product"}],"replies":[{"embeddable":true,"href":"https:\/\/telemetry.com.pe\/index.php\/wp-json\/wp\/v2\/comments?post=3483"}],"wp:featuredmedia":[{"embeddable":true,"href":"https:\/\/telemetry.com.pe\/index.php\/wp-json\/wp\/v2\/media\/3484"}],"wp:attachment":[{"href":"https:\/\/telemetry.com.pe\/index.php\/wp-json\/wp\/v2\/media?parent=3483"}],"wp:term":[{"taxonomy":"product_brand","embeddable":true,"href":"https:\/\/telemetry.com.pe\/index.php\/wp-json\/wp\/v2\/product_brand?post=3483"},{"taxonomy":"product_cat","embeddable":true,"href":"https:\/\/telemetry.com.pe\/index.php\/wp-json\/wp\/v2\/product_cat?post=3483"},{"taxonomy":"product_tag","embeddable":true,"href":"https:\/\/telemetry.com.pe\/index.php\/wp-json\/wp\/v2\/product_tag?post=3483"}],"curies":[{"name":"wp","href":"https:\/\/api.w.org\/{rel}","templated":true}]}}