{"id":3495,"date":"2023-09-16T00:50:06","date_gmt":"2023-09-16T00:50:06","guid":{"rendered":"http:\/\/telemetry.com.pe\/?post_type=product&#038;p=3495"},"modified":"2023-09-16T00:50:06","modified_gmt":"2023-09-16T00:50:06","slug":"prisma-circular-gpr1","status":"publish","type":"product","link":"https:\/\/telemetry.com.pe\/index.php\/producto\/prisma-circular-gpr1\/","title":{"rendered":"Prisma circular GPR1"},"content":{"rendered":"<div id=\"product_main_content\" class=\"row\">\n<div class=\"col-xs-12 col-sm-7 col-md-7 col-lg-6\">\n<div id=\"main_description\">\n<div>\n<p>Prisma circular de precisi\u00f3n Leica GPR1 con recubrimiento antireflectante. Para los soportes Leica GPH1 y Leica GPH3. Alcance 3.500 m<\/p>\n<\/div>\n<\/div>\n<\/div>\n<\/div>\n<div id=\"product_sectors\" class=\"row\">\n<div class=\"col-xs-12 col-sm-12 col-md-12 col-lg-12\">\n<h4>Sectores de aplicaci\u00f3n:<\/h4>\n<ul>\n<li><a href=\"https:\/\/grupoacre.pe\/catalogo-sector\/topografia-e-ingenieria\/\">Topograf\u00eda e Ingenier\u00eda<\/a><\/li>\n<li><a href=\"https:\/\/grupoacre.pe\/catalogo-sector\/arquitectura-y-construccion\/\">Construcci\u00f3n y obra<\/a><\/li>\n<\/ul>\n<\/div>\n<\/div>\n<div class=\"row\">\n<div class=\"col-xs-12 col-sm-12 col-md-12 col-lg-12\">\n<div id=\"secondary_description\">\n<div id=\"flexible_content\">\n<div class=\"flex_generic_content\">\n<div class=\"container\">\n<div class=\"row\">\n<div class=\"col-xs-12 col-sm-12 col-md-12\">\n<p>Los prismas se caracterizan por la precisi\u00f3n de centraje.<\/p>\n<p>Los soportes de los prismas de Leica Geosystems son originales evitando as\u00ed desalineaci\u00f3n entre prisma, soporte y espiga de sujeci\u00f3n, obtienendo centro menor a 1 mm y la mejor desviaci\u00f3n de rayo de &lt;2\u2033 para un m\u00e1ximo alcance.<\/p>\n<p>El prisma circular\u00a0<strong>Leica GPR1<\/strong>, de m\u00e1xima precisi\u00f3n, lleva un recubrimiento antireflectante para conseguir una mayor vida \u00fatil.<\/p>\n<p>Es el m\u00e1s indicado para los soportes Leica GPH1 y Leica GPH3.<\/p>\n<hr \/>\n<p>Obtiene:<\/p>\n<ul>\n<li>\u00a0 Alcance de 3.500 m<\/li>\n<\/ul>\n<\/div>\n<\/div>\n<\/div>\n<\/div>\n<\/div>\n<\/div>\n<\/div>\n<\/div>\n","protected":false},"excerpt":{"rendered":"<p>Prisma circular de precisi\u00f3n Leica GPR1 con recubrimiento antireflectante. Para los soportes Leica GPH1 y Leica GPH3. Alcance 3.500 m Sectores de aplicaci\u00f3n: Topograf\u00eda e Ingenier\u00eda Construcci\u00f3n y obra Los prismas se caracterizan por la precisi\u00f3n de centraje. Los soportes de los prismas de Leica Geosystems son originales evitando as\u00ed desalineaci\u00f3n entre prisma, soporte y [&hellip;]<\/p>\n","protected":false},"featured_media":3496,"comment_status":"open","ping_status":"closed","template":"","meta":{"om_disable_all_campaigns":false,"ocean_post_layout":"","ocean_both_sidebars_style":"","ocean_both_sidebars_content_width":0,"ocean_both_sidebars_sidebars_width":0,"ocean_sidebar":"0","ocean_second_sidebar":"0","ocean_disable_margins":"enable","ocean_add_body_class":"","ocean_shortcode_before_top_bar":"","ocean_shortcode_after_top_bar":"","ocean_shortcode_before_header":"","ocean_shortcode_after_header":"","ocean_has_shortcode":"","ocean_shortcode_after_title":"","ocean_shortcode_before_footer_widgets":"","ocean_shortcode_after_footer_widgets":"","ocean_shortcode_before_footer_bottom":"","ocean_shortcode_after_footer_bottom":"","ocean_display_top_bar":"default","ocean_display_header":"default","ocean_header_style":"","ocean_center_header_left_menu":"0","ocean_custom_header_template":"0","ocean_custom_logo":0,"ocean_custom_retina_logo":0,"ocean_custom_logo_max_width":0,"ocean_custom_logo_tablet_max_width":0,"ocean_custom_logo_mobile_max_width":0,"ocean_custom_logo_max_height":0,"ocean_custom_logo_tablet_max_height":0,"ocean_custom_logo_mobile_max_height":0,"ocean_header_custom_menu":"0","ocean_menu_typo_font_family":"0","ocean_menu_typo_font_subset":"","ocean_menu_typo_font_size":0,"ocean_menu_typo_font_size_tablet":0,"ocean_menu_typo_font_size_mobile":0,"ocean_menu_typo_font_size_unit":"px","ocean_menu_typo_font_weight":"","ocean_menu_typo_font_weight_tablet":"","ocean_menu_typo_font_weight_mobile":"","ocean_menu_typo_transform":"","ocean_menu_typo_transform_tablet":"","ocean_menu_typo_transform_mobile":"","ocean_menu_typo_line_height":0,"ocean_menu_typo_line_height_tablet":0,"ocean_menu_typo_line_height_mobile":0,"ocean_menu_typo_line_height_unit":"","ocean_menu_typo_spacing":0,"ocean_menu_typo_spacing_tablet":0,"ocean_menu_typo_spacing_mobile":0,"ocean_menu_typo_spacing_unit":"","ocean_menu_link_color":"","ocean_menu_link_color_hover":"","ocean_menu_link_color_active":"","ocean_menu_link_background":"","ocean_menu_link_hover_background":"","ocean_menu_link_active_background":"","ocean_menu_social_links_bg":"","ocean_menu_social_hover_links_bg":"","ocean_menu_social_links_color":"","ocean_menu_social_hover_links_color":"","ocean_disable_title":"default","ocean_disable_heading":"default","ocean_post_title":"","ocean_post_subheading":"","ocean_post_title_style":"","ocean_post_title_background_color":"","ocean_post_title_background":0,"ocean_post_title_bg_image_position":"","ocean_post_title_bg_image_attachment":"","ocean_post_title_bg_image_repeat":"","ocean_post_title_bg_image_size":"","ocean_post_title_height":0,"ocean_post_title_bg_overlay":0.5,"ocean_post_title_bg_overlay_color":"","ocean_disable_breadcrumbs":"default","ocean_breadcrumbs_color":"","ocean_breadcrumbs_separator_color":"","ocean_breadcrumbs_links_color":"","ocean_breadcrumbs_links_hover_color":"","ocean_display_footer_widgets":"default","ocean_display_footer_bottom":"default","ocean_custom_footer_template":"0","_joinchat":[]},"product_brand":[],"product_cat":[16],"product_tag":[],"class_list":{"0":"post-3495","1":"product","2":"type-product","3":"status-publish","4":"has-post-thumbnail","6":"product_cat-sin-categorizar","8":"entry","9":"has-media","11":"first","12":"instock","13":"sale","14":"shipping-taxable","15":"purchasable","16":"product-type-simple","17":"has-product-nav","18":"col","19":"span_1_of_3","20":"owp-content-center","21":"owp-thumbs-layout-horizontal","22":"owp-btn-normal","23":"owp-tabs-layout-horizontal","24":"has-no-thumbnails"},"_links":{"self":[{"href":"https:\/\/telemetry.com.pe\/index.php\/wp-json\/wp\/v2\/product\/3495","targetHints":{"allow":["GET"]}}],"collection":[{"href":"https:\/\/telemetry.com.pe\/index.php\/wp-json\/wp\/v2\/product"}],"about":[{"href":"https:\/\/telemetry.com.pe\/index.php\/wp-json\/wp\/v2\/types\/product"}],"replies":[{"embeddable":true,"href":"https:\/\/telemetry.com.pe\/index.php\/wp-json\/wp\/v2\/comments?post=3495"}],"wp:featuredmedia":[{"embeddable":true,"href":"https:\/\/telemetry.com.pe\/index.php\/wp-json\/wp\/v2\/media\/3496"}],"wp:attachment":[{"href":"https:\/\/telemetry.com.pe\/index.php\/wp-json\/wp\/v2\/media?parent=3495"}],"wp:term":[{"taxonomy":"product_brand","embeddable":true,"href":"https:\/\/telemetry.com.pe\/index.php\/wp-json\/wp\/v2\/product_brand?post=3495"},{"taxonomy":"product_cat","embeddable":true,"href":"https:\/\/telemetry.com.pe\/index.php\/wp-json\/wp\/v2\/product_cat?post=3495"},{"taxonomy":"product_tag","embeddable":true,"href":"https:\/\/telemetry.com.pe\/index.php\/wp-json\/wp\/v2\/product_tag?post=3495"}],"curies":[{"name":"wp","href":"https:\/\/api.w.org\/{rel}","templated":true}]}}