{"id":3513,"date":"2023-09-16T00:50:06","date_gmt":"2023-09-16T00:50:06","guid":{"rendered":"http:\/\/telemetry.com.pe\/?post_type=product&#038;p=3513"},"modified":"2023-09-16T00:50:06","modified_gmt":"2023-09-16T00:50:06","slug":"zenmuse-l1","status":"publish","type":"product","link":"https:\/\/telemetry.com.pe\/index.php\/producto\/zenmuse-l1\/","title":{"rendered":"Zenmuse L1"},"content":{"rendered":"<p class=\"style__headline___1ripS style__connect-pic___26ccD style__headline-text___1tW5r aos-init aos-animate\" data-aos=\"none\"><strong>Claridad instant\u00e1nea.\u00a0Precisi\u00f3n superior.<\/strong><\/p>\n<h2 class=\"style__headline___1ripS style__headline-text___1tW5r aos-init aos-animate\" data-aos=\"none\"><span>Una soluci\u00f3n Lidar + RGB para topograf\u00eda a\u00e9rea<\/span><\/h2>\n<p class=\"style__description___2V1Q7 aos-init aos-animate\" data-aos=\"none\"><span>La Zenmuse L1 integra un m\u00f3dulo Livox Lidar, una IMU de alta precisi\u00f3n y una c\u00e1mara con CMOS de 1 pulgada en un card\u00e1n estabilizado de 3 ejes.\u00a0Cuando se usa con Matrice 300 RTK y DJI Terra, el L1 forma una soluci\u00f3n completa que le brinda datos 3D en tiempo real durante todo el d\u00eda, capturando de manera eficiente los detalles de estructuras complejas y entregando modelos reconstruidos de alta precisi\u00f3n.<\/span><\/p>\n<div class=\"style__vertical-card-col___3agtC\">\n<div class=\"atom-design-v1 style__hero-vertical-card___2B64y\">\n<div class=\"style__card-wrapper___3yqfZ style__vertical-top-align___3w7Dp style__horizontal-left-align___3tk_z\" tabindex=\"0\" role=\"button\" data-ga-label=\"\">\n<div class=\"style__card-container___KPQkl style__size-xl___30LZE\">\n<div class=\"style__text-content-container___1aLKY\">\n<h3 class=\"style__headline___1ripS style__headline-text___1tW5r aos-init aos-animate\" data-aos=\"none\"><span>Eficiencia excepcional<\/span><\/h3>\n<p class=\"style__description___2V1Q7 aos-init aos-animate\" data-aos=\"none\"><span>Genere modelos de nubes de puntos de color verdadero en tiempo real, o adquiera 2 km\u00a0<\/span><sup><span>2<\/span><\/sup><span>\u00a0de datos de nubes de puntos en un solo vuelo\u00a0<\/span><sup><span>[1]<\/span><\/sup><span>\u00a0usando el m\u00f3dulo Lidar de marco Livox con un FOV de 70\u00b0 y una c\u00e1mara de luz visible con un sensor de 1 pulgada .<\/span><\/p>\n<\/div>\n<\/div>\n<\/div>\n<\/div>\n<\/div>\n<div class=\"style__vertical-card-col___3agtC\">\n<div class=\"atom-design-v1 style__hero-vertical-card___2B64y\">\n<div class=\"style__card-wrapper___3yqfZ style__vertical-top-align___3w7Dp style__horizontal-left-align___3tk_z\" tabindex=\"0\" role=\"button\" data-ga-label=\"\">\n<div class=\"style__card-container___KPQkl style__size-xl___30LZE\">\n<div class=\"style__image-content___UYyC1 aos-init aos-animate\" data-aos=\"none\"><\/div>\n<div class=\"style__text-content-container___1aLKY\">\n<h3 class=\"style__headline___1ripS style__headline-text___1tW5r aos-init aos-animate\" data-aos=\"none\"><span>Precisi\u00f3n incomparable<\/span><\/h3>\n<p class=\"style__description___2V1Q7 aos-init aos-animate\" data-aos=\"none\"><span>Realice reconstrucciones con precisi\u00f3n centim\u00e9trica gracias a la IMU de alta precisi\u00f3n, un sensor de visi\u00f3n para la precisi\u00f3n de posicionamiento y la incorporaci\u00f3n de datos GNSS.<\/span><\/p>\n<\/div>\n<\/div>\n<\/div>\n<\/div>\n<\/div>\n<div class=\"style__vertical-card-col___3agtC\">\n<div class=\"atom-design-v1 style__hero-vertical-card___2B64y\">\n<div class=\"style__card-wrapper___3yqfZ style__vertical-top-align___3w7Dp style__horizontal-left-align___3tk_z\" tabindex=\"0\" role=\"button\" data-ga-label=\"\">\n<div class=\"style__card-container___KPQkl style__size-xl___30LZE\">\n<div class=\"style__image-content___UYyC1 aos-init aos-animate\" data-aos=\"none\"><\/div>\n<div class=\"style__text-content-container___1aLKY\">\n<h3 class=\"style__headline___1ripS style__headline-text___1tW5r aos-init aos-animate\" data-aos=\"none\">Listo cuando tu lo est\u00e9s<\/h3>\n<p class=\"style__description___2V1Q7 aos-init aos-animate\" data-aos=\"none\">La clasificaci\u00f3n IP54 permite que el L1 funcione en entornos lluviosos o con niebla.\u00a0El m\u00e9todo de escaneo activo del m\u00f3dulo Lidar le permite volar de noche.<\/p>\n<h2 class=\"style__eyebrow___3767l aos-init aos-animate\" data-aos=\"none\">Visualice los datos mientras vuela<\/h2>\n<h3 class=\"style__headline___1GB_U style__connect-eyebrow-text___1mtMl aos-init aos-animate\" data-aos=\"none\">M\u00f3dulo Lidar de Livox<\/h3>\n<p class=\"style__description___37V2m aos-init aos-animate\" data-aos=\"none\">-Frame Lidar con hasta un 100 % de resultados de nube de puntos efectivos<br \/>\n-Rango de detecci\u00f3n: 450 m (80 % de reflectividad, 0 klx) \/ 190 m (10 % de reflectividad, 100 klx)<br \/>\n-Tasa efectiva de puntos: 240\u00a0000 pts\/s<br \/>\n-Admite 3 devoluciones\u00a0<sup>[ 3]<\/sup><br \/>\n-Patr\u00f3n de escaneo no repetitivo, patr\u00f3n de escaneo repetitivo<\/p>\n<h2 class=\"style__eyebrow___3767l aos-init aos-animate\" data-aos=\"none\">Todo a la vista<\/h2>\n<h3 class=\"style__headline___1GB_U style__connect-eyebrow-text___1mtMl aos-init aos-animate\" data-aos=\"none\">C\u00e1mara RGB<\/h3>\n<p class=\"style__description___37V2m aos-init aos-animate\" data-aos=\"none\">&#8211; 20MP<br \/>\n&#8211; CMOS de 1 pulgada<br \/>\n&#8211; Obturador mec\u00e1nico<\/p>\n<h2 class=\"style__eyebrow___3767l aos-init aos-animate\" data-aos=\"none\">Detalles precisos a su disposici\u00f3n<\/h2>\n<h3 class=\"style__headline___1GB_U style__connect-eyebrow-text___1mtMl aos-init aos-animate\" data-aos=\"none\">IMU de alta precisi\u00f3n<\/h3>\n<p class=\"style__description___37V2m aos-init aos-animate\" data-aos=\"none\">-Sensor de visi\u00f3n para precisi\u00f3n de posicionamiento<br \/>\n-GNSS, IMU, fusi\u00f3n de datos RGB<\/p>\n<h3 class=\"style__headline___1GB_U aos-init aos-animate\" data-aos=\"none\">Nube de puntos LiveView<\/h3>\n<p class=\"style__description___37V2m aos-init aos-animate\" data-aos=\"none\">Las nubes de puntos en tiempo real brindan informaci\u00f3n inmediata en el sitio, por lo que los operadores est\u00e1n informados para tomar decisiones cr\u00edticas r\u00e1pidamente.<br \/>\nTambi\u00e9n puede verificar la calidad del trabajo de campo comprobando los datos de la nube de puntos inmediatamente despu\u00e9s de cada vuelo.<\/p>\n<h3 class=\"style__headline___1GB_U aos-init aos-animate\" data-aos=\"none\">Medici\u00f3n y Anotaci\u00f3n<\/h3>\n<p class=\"style__description___37V2m aos-init aos-animate\" data-aos=\"none\">Adquiera y comunique dimensiones cr\u00edticas en el modelo de nube de puntos mediante mediciones y anotaciones.<\/p>\n<h3 class=\"style__headline___1GB_U aos-init aos-animate\" data-aos=\"none\">Posprocesamiento integral<\/h3>\n<p class=\"style__description___37V2m aos-init aos-animate\" data-aos=\"none\">DJI Terra fusiona los datos IMU y GNSS para c\u00e1lculos de nubes de puntos y luz visible, adem\u00e1s de realizar c\u00e1lculos de datos POS para que pueda generar sin esfuerzo modelos reconstruidos e informes de precisi\u00f3n.<\/p>\n<div id=\"12264\" class=\"section-content\" data-hydration-on-demand=\"true\" data-ga-category=\"zenmuse-l1_12264\">\n<div class=\"atom-component\" tabindex=\"0\" role=\"button\">\n<div class=\"atom-design-v1 style__hero-vertical-component___2JEHR\">\n<div id=\"\" class=\"style__hero-vertical-wrapper___2mUEj\">\n<div class=\"style__vertical-card-list___LceQJ style__vertical-center-align___39Pu3 aos-init aos-animate\" data-aos=\"none\">\n<div class=\"style__vertical-card-col___3agtC\">\n<div class=\"atom-design-v1 style__hero-vertical-card___2B64y\">\n<div class=\"style__card-wrapper___3yqfZ style__vertical-bottom-align___1f7Y3 style__horizontal-left-align___3tk_z\" tabindex=\"0\" role=\"button\" data-ga-label=\"\">\n<div class=\"style__card-container___KPQkl style__size-xl___30LZE\">\n<div class=\"style__text-content-container___1aLKY\">\n<h3 class=\"style__headline___1ripS style__headline-text___1tW5r aos-init aos-animate\" data-aos=\"none\"><span>Mapeo topogr\u00e1fico<\/span><\/h3>\n<p class=\"style__description___2V1Q7 aos-init aos-animate\" data-aos=\"none\"><span>Genere r\u00e1pidamente mapas topogr\u00e1ficos utilizando modelos de elevaci\u00f3n digitales precisos.<\/span><\/p>\n<div class=\"style__links-container___D4Ibd\">\n<div class=\"style__link___1IIwB aos-init aos-animate\" data-aos=\"none\" data-ga-label=\"card-0-link-0-link-in\"><a class=\"atom-design-v1 style__dji-link___3Bxkg style__white-main___3jpqZ style__dji-link-more___34EJc\" href=\"https:\/\/enterprise.dji.com\/surveying\/land-surveying\" target=\"_self\" rel=\"noopener\"><span>Aprende m\u00e1s<\/span><\/a><\/div>\n<\/div>\n<\/div>\n<\/div>\n<\/div>\n<\/div>\n<\/div>\n<div class=\"style__vertical-card-col___3agtC\">\n<div class=\"atom-design-v1 style__hero-vertical-card___2B64y\">\n<div class=\"style__card-wrapper___3yqfZ style__vertical-bottom-align___1f7Y3 style__horizontal-left-align___3tk_z\" tabindex=\"0\" role=\"button\" data-ga-label=\"\">\n<div class=\"style__card-container___KPQkl style__size-xl___30LZE\">\n<div class=\"style__text-content-container___1aLKY\">\n<h3 class=\"style__headline___1ripS style__headline-text___1tW5r aos-init aos-animate\" data-aos=\"none\"><span>AEC y Topograf\u00eda<\/span><\/h3>\n<p class=\"style__description___2V1Q7 aos-init aos-animate\" data-aos=\"none\"><span>Administre el ciclo de vida completo del proyecto utilizando nubes de puntos de alta precisi\u00f3n y modelos 3D.<\/span><\/p>\n<div class=\"style__links-container___D4Ibd\">\n<div class=\"style__link___1IIwB aos-init aos-animate\" data-aos=\"none\" data-ga-label=\"card-1-link-0-link-in\"><a class=\"atom-design-v1 style__dji-link___3Bxkg style__white-main___3jpqZ style__dji-link-more___34EJc\" href=\"https:\/\/enterprise.dji.com\/surveying\/aec\" target=\"_self\" rel=\"noopener\"><span>Aprende m\u00e1s<\/span><\/a><\/div>\n<\/div>\n<\/div>\n<\/div>\n<\/div>\n<\/div>\n<\/div>\n<div class=\"style__vertical-card-col___3agtC\">\n<div class=\"atom-design-v1 style__hero-vertical-card___2B64y\">\n<div class=\"style__card-wrapper___3yqfZ style__vertical-bottom-align___1f7Y3 style__horizontal-left-align___3tk_z\" tabindex=\"0\" role=\"button\" data-ga-label=\"\">\n<div class=\"style__card-container___KPQkl style__size-xl___30LZE\">\n<div class=\"style__text-content-container___1aLKY\">\n<h3 class=\"style__headline___1ripS style__headline-text___1tW5r aos-init aos-animate\" data-aos=\"none\"><span>Respuesta de emergencia<\/span><\/h3>\n<p class=\"style__description___2V1Q7 aos-init aos-animate\" data-aos=\"none\"><span>En cualquier momento del d\u00eda, recopile informaci\u00f3n cr\u00edtica en tiempo real utilizando nubes de puntos de color real.<\/span><\/p>\n<\/div>\n<\/div>\n<\/div>\n<\/div>\n<\/div>\n<\/div>\n<\/div>\n<\/div>\n<\/div>\n<\/div>\n<div id=\"12265\" class=\"section-content\" data-hydration-on-demand=\"true\" data-ga-category=\"zenmuse-l1_12265\">\n<div class=\"atom-component\" tabindex=\"0\" role=\"button\">\n<div class=\"atom-design-v1 style__hero-vertical-component___2JEHR\">\n<div id=\"\" class=\"style__hero-vertical-wrapper___2mUEj\">\n<div class=\"style__vertical-card-list___LceQJ style__vertical-center-align___39Pu3 aos-init aos-animate\" data-aos=\"none\">\n<div class=\"style__vertical-card-col___3agtC\">\n<div class=\"atom-design-v1 style__hero-vertical-card___2B64y\">\n<div class=\"style__card-wrapper___3yqfZ style__vertical-bottom-align___1f7Y3 style__horizontal-left-align___3tk_z\" tabindex=\"0\" role=\"button\" data-ga-label=\"\">\n<div class=\"style__card-container___KPQkl style__size-xl___30LZE\">\n<div class=\"style__text-content-container___1aLKY\">\n<h3 class=\"style__headline___1ripS style__headline-text___1tW5r aos-init aos-animate\" data-aos=\"none\"><span>Cumplimiento de la ley<\/span><\/h3>\n<p class=\"style__description___2V1Q7 aos-init aos-animate\" data-aos=\"none\"><span>Obtenga conocimiento de la situaci\u00f3n e informaci\u00f3n forense en tiempo real para tomar decisiones informadas en el sitio.<\/span><\/p>\n<\/div>\n<\/div>\n<\/div>\n<\/div>\n<\/div>\n<div class=\"style__vertical-card-col___3agtC\">\n<div class=\"atom-design-v1 style__hero-vertical-card___2B64y\">\n<div class=\"style__card-wrapper___3yqfZ style__vertical-bottom-align___1f7Y3 style__horizontal-left-align___3tk_z\" tabindex=\"0\" role=\"button\" data-ga-label=\"\">\n<div class=\"style__card-container___KPQkl style__size-xl___30LZE\">\n<div class=\"style__text-content-container___1aLKY\">\n<h3 class=\"style__headline___1ripS style__headline-text___1tW5r aos-init aos-animate\" data-aos=\"none\"><span>Energ\u00eda e Infraestructura<\/span><\/h3>\n<p class=\"style__description___2V1Q7 aos-init aos-animate\" data-aos=\"none\"><span>Modele estructuras dispersas o complejas en detalle para administrarlas de manera eficiente y segura.<\/span><\/p>\n<\/div>\n<\/div>\n<\/div>\n<\/div>\n<\/div>\n<div class=\"style__vertical-card-col___3agtC\">\n<div class=\"atom-design-v1 style__hero-vertical-card___2B64y\">\n<div class=\"style__card-wrapper___3yqfZ style__vertical-bottom-align___1f7Y3 style__horizontal-left-align___3tk_z\" tabindex=\"0\" role=\"button\" data-ga-label=\"\">\n<div class=\"style__card-container___KPQkl style__size-xl___30LZE\">\n<div class=\"style__text-content-container___1aLKY\">\n<h3 class=\"style__headline___1ripS style__headline-text___1tW5r aos-init aos-animate\" data-aos=\"none\"><span>Gesti\u00f3n Agr\u00edcola y Forestal<\/span><\/h3>\n<p class=\"style__description___2V1Q7 aos-init aos-animate\" data-aos=\"none\"><span>Obtenga informaci\u00f3n sobre la densidad de la vegetaci\u00f3n, el \u00e1rea, el volumen de existencias, el ancho del dosel y las tendencias de crecimiento.<\/span><\/p>\n<\/div>\n<\/div>\n<\/div>\n<\/div>\n<\/div>\n<\/div>\n<\/div>\n<\/div>\n<\/div>\n<\/div>\n<\/div>\n<\/div>\n<\/div>\n<\/div>\n<\/div>\n","protected":false},"excerpt":{"rendered":"<p>Claridad instant\u00e1nea.\u00a0Precisi\u00f3n superior. Una soluci\u00f3n Lidar + RGB para topograf\u00eda a\u00e9rea La Zenmuse L1 integra un m\u00f3dulo Livox Lidar, una IMU de alta precisi\u00f3n y una c\u00e1mara con CMOS de 1 pulgada en un card\u00e1n estabilizado de 3 ejes.\u00a0Cuando se usa con Matrice 300 RTK y DJI Terra, el L1 forma una soluci\u00f3n completa que [&hellip;]<\/p>\n","protected":false},"featured_media":3514,"comment_status":"open","ping_status":"closed","template":"","meta":{"om_disable_all_campaigns":false,"ocean_post_layout":"","ocean_both_sidebars_style":"","ocean_both_sidebars_content_width":0,"ocean_both_sidebars_sidebars_width":0,"ocean_sidebar":"0","ocean_second_sidebar":"0","ocean_disable_margins":"enable","ocean_add_body_class":"","ocean_shortcode_before_top_bar":"","ocean_shortcode_after_top_bar":"","ocean_shortcode_before_header":"","ocean_shortcode_after_header":"","ocean_has_shortcode":"","ocean_shortcode_after_title":"","ocean_shortcode_before_footer_widgets":"","ocean_shortcode_after_footer_widgets":"","ocean_shortcode_before_footer_bottom":"","ocean_shortcode_after_footer_bottom":"","ocean_display_top_bar":"default","ocean_display_header":"default","ocean_header_style":"","ocean_center_header_left_menu":"0","ocean_custom_header_template":"0","ocean_custom_logo":0,"ocean_custom_retina_logo":0,"ocean_custom_logo_max_width":0,"ocean_custom_logo_tablet_max_width":0,"ocean_custom_logo_mobile_max_width":0,"ocean_custom_logo_max_height":0,"ocean_custom_logo_tablet_max_height":0,"ocean_custom_logo_mobile_max_height":0,"ocean_header_custom_menu":"0","ocean_menu_typo_font_family":"0","ocean_menu_typo_font_subset":"","ocean_menu_typo_font_size":0,"ocean_menu_typo_font_size_tablet":0,"ocean_menu_typo_font_size_mobile":0,"ocean_menu_typo_font_size_unit":"px","ocean_menu_typo_font_weight":"","ocean_menu_typo_font_weight_tablet":"","ocean_menu_typo_font_weight_mobile":"","ocean_menu_typo_transform":"","ocean_menu_typo_transform_tablet":"","ocean_menu_typo_transform_mobile":"","ocean_menu_typo_line_height":0,"ocean_menu_typo_line_height_tablet":0,"ocean_menu_typo_line_height_mobile":0,"ocean_menu_typo_line_height_unit":"","ocean_menu_typo_spacing":0,"ocean_menu_typo_spacing_tablet":0,"ocean_menu_typo_spacing_mobile":0,"ocean_menu_typo_spacing_unit":"","ocean_menu_link_color":"","ocean_menu_link_color_hover":"","ocean_menu_link_color_active":"","ocean_menu_link_background":"","ocean_menu_link_hover_background":"","ocean_menu_link_active_background":"","ocean_menu_social_links_bg":"","ocean_menu_social_hover_links_bg":"","ocean_menu_social_links_color":"","ocean_menu_social_hover_links_color":"","ocean_disable_title":"default","ocean_disable_heading":"default","ocean_post_title":"","ocean_post_subheading":"","ocean_post_title_style":"","ocean_post_title_background_color":"","ocean_post_title_background":0,"ocean_post_title_bg_image_position":"","ocean_post_title_bg_image_attachment":"","ocean_post_title_bg_image_repeat":"","ocean_post_title_bg_image_size":"","ocean_post_title_height":0,"ocean_post_title_bg_overlay":0.5,"ocean_post_title_bg_overlay_color":"","ocean_disable_breadcrumbs":"default","ocean_breadcrumbs_color":"","ocean_breadcrumbs_separator_color":"","ocean_breadcrumbs_links_color":"","ocean_breadcrumbs_links_hover_color":"","ocean_display_footer_widgets":"default","ocean_display_footer_bottom":"default","ocean_custom_footer_template":"0","_joinchat":[]},"product_brand":[],"product_cat":[16],"product_tag":[],"class_list":{"0":"post-3513","1":"product","2":"type-product","3":"status-publish","4":"has-post-thumbnail","6":"product_cat-sin-categorizar","8":"entry","9":"has-media","11":"first","12":"instock","13":"shipping-taxable","14":"product-type-simple","15":"has-product-nav","16":"col","17":"span_1_of_3","18":"owp-content-center","19":"owp-thumbs-layout-horizontal","20":"owp-btn-normal","21":"owp-tabs-layout-horizontal","22":"has-no-thumbnails"},"_links":{"self":[{"href":"https:\/\/telemetry.com.pe\/index.php\/wp-json\/wp\/v2\/product\/3513","targetHints":{"allow":["GET"]}}],"collection":[{"href":"https:\/\/telemetry.com.pe\/index.php\/wp-json\/wp\/v2\/product"}],"about":[{"href":"https:\/\/telemetry.com.pe\/index.php\/wp-json\/wp\/v2\/types\/product"}],"replies":[{"embeddable":true,"href":"https:\/\/telemetry.com.pe\/index.php\/wp-json\/wp\/v2\/comments?post=3513"}],"wp:featuredmedia":[{"embeddable":true,"href":"https:\/\/telemetry.com.pe\/index.php\/wp-json\/wp\/v2\/media\/3514"}],"wp:attachment":[{"href":"https:\/\/telemetry.com.pe\/index.php\/wp-json\/wp\/v2\/media?parent=3513"}],"wp:term":[{"taxonomy":"product_brand","embeddable":true,"href":"https:\/\/telemetry.com.pe\/index.php\/wp-json\/wp\/v2\/product_brand?post=3513"},{"taxonomy":"product_cat","embeddable":true,"href":"https:\/\/telemetry.com.pe\/index.php\/wp-json\/wp\/v2\/product_cat?post=3513"},{"taxonomy":"product_tag","embeddable":true,"href":"https:\/\/telemetry.com.pe\/index.php\/wp-json\/wp\/v2\/product_tag?post=3513"}],"curies":[{"name":"wp","href":"https:\/\/api.w.org\/{rel}","templated":true}]}}