{"id":3516,"date":"2023-09-16T00:50:06","date_gmt":"2023-09-16T00:50:06","guid":{"rendered":"http:\/\/telemetry.com.pe\/?post_type=product&#038;p=3516"},"modified":"2023-09-16T00:50:06","modified_gmt":"2023-09-16T00:50:06","slug":"zenmuse-p1","status":"publish","type":"product","link":"https:\/\/telemetry.com.pe\/index.php\/producto\/zenmuse-p1\/","title":{"rendered":"Zenmuse P1"},"content":{"rendered":"<div id=\"12150\" class=\"section-content\" data-hydration-on-demand=\"true\" data-ga-category=\"zenmuse-p1_12150\">\n<div class=\"atom-component\" tabindex=\"0\" role=\"button\">\n<div class=\"atom-design-v1 style__hero-vertical-component___2JEHR\">\n<div id=\"\" class=\"style__hero-vertical-wrapper___2mUEj\">\n<div class=\"style__vertical-card-list___LceQJ style__vertical-bottom-align___4Jy20 aos-init aos-animate\" data-aos=\"none\">\n<div class=\"style__vertical-card-col___3agtC\">\n<div class=\"atom-design-v1 style__hero-vertical-card___2B64y\">\n<div class=\"style__card-wrapper___3yqfZ style__vertical-center-align___3RP93 style__horizontal-center-align___YtBVc\" tabindex=\"0\" role=\"button\" data-ga-label=\"\">\n<div class=\"style__card-container___KPQkl style__size-l___2n_6X\">\n<div class=\"style__text-content-container___1aLKY\">\n<p class=\"style__headline___1ripS style__connect-pic___26ccD style__headline-text___1tW5r aos-init aos-animate\" data-aos=\"none\"><span>Eficiencia a trav\u00e9s de fotogrametr\u00eda flexible de fotograma completo<\/span><\/p>\n<\/div>\n<\/div>\n<\/div>\n<\/div>\n<\/div>\n<\/div>\n<\/div>\n<\/div>\n<\/div>\n<\/div>\n<div id=\"12151\" class=\"section-content\" data-hydration-on-demand=\"true\" data-ga-category=\"zenmuse-p1_12151\">\n<div class=\"atom-component\" tabindex=\"0\" role=\"button\">\n<div class=\"atom-design-v1 style__hero-vertical-component___2JEHR\">\n<div id=\"\" class=\"style__hero-vertical-wrapper___2mUEj\">\n<div class=\"style__vertical-card-list___LceQJ style__vertical-top-align___3JPlu aos-init aos-animate\" data-aos=\"none\">\n<div class=\"style__vertical-card-col___3agtC\">\n<div class=\"atom-design-v1 style__hero-vertical-card___2B64y\">\n<div class=\"style__card-wrapper___3yqfZ style__vertical-center-align___3RP93 style__horizontal-center-align___YtBVc\" tabindex=\"0\" role=\"button\" data-ga-label=\"\">\n<div class=\"style__card-container___KPQkl style__size-xxxl___36o2G\">\n<div class=\"style__text-content-container___1aLKY\">\n<h2 class=\"style__headline___1ripS style__headline-text___1tW5r aos-init aos-animate\" data-aos=\"none\">El nuevo punto de referencia para la topograf\u00eda a\u00e9rea<\/h2>\n<p class=\"style__description___2V1Q7 aos-init aos-animate\" data-aos=\"none\">La Zenmuse P1 integra un sensor de cuadro completo con lentes intercambiables de foco fijo en un card\u00e1n estabilizado de 3 ejes.\u00a0Dise\u00f1ado para misiones de vuelo de fotogrametr\u00eda, lleva la eficiencia y la precisi\u00f3n a un nivel completamente nuevo.<\/p>\n<div id=\"12154\" class=\"section-content\" data-hydration-on-demand=\"true\" data-ga-category=\"zenmuse-p1_12154\">\n<div class=\"atom-component\" tabindex=\"0\" role=\"button\">\n<div class=\"atom-design-v1 style__hero-vertical-component___2JEHR\">\n<div id=\"\" class=\"style__hero-vertical-wrapper___2mUEj\">\n<div class=\"style__vertical-card-list___LceQJ style__vertical-top-align___3JPlu aos-init aos-animate\" data-aos=\"none\">\n<div class=\"style__vertical-card-col___3agtC\">\n<div class=\"atom-design-v1 style__hero-vertical-card___2B64y\">\n<div class=\"style__card-wrapper___3yqfZ style__vertical-center-align___3RP93 style__horizontal-center-align___YtBVc\" tabindex=\"0\" role=\"button\" data-ga-label=\"\">\n<div class=\"style__card-container___KPQkl style__size-xxxl___36o2G\">\n<div class=\"style__text-content-container___1aLKY\">\n<h2 class=\"style__headline___1ripS style__headline-text___1tW5r aos-init aos-animate\" data-aos=\"none\"><span>Su herramienta de referencia para fotogrametr\u00eda a\u00e9rea<\/span><\/h2>\n<\/div>\n<\/div>\n<\/div>\n<\/div>\n<\/div>\n<\/div>\n<\/div>\n<\/div>\n<\/div>\n<\/div>\n<div id=\"12155\" class=\"section-content\" data-hydration-on-demand=\"true\" data-ga-category=\"zenmuse-p1_12155\">\n<div class=\"atom-component\" tabindex=\"0\" role=\"button\">\n<div class=\"atom-design-v1 style__hero-vertical-component___2JEHR\">\n<div id=\"\" class=\"style__hero-vertical-wrapper___2mUEj\">\n<div class=\"style__vertical-card-list___LceQJ style__vertical-center-align___39Pu3 aos-init aos-animate\" data-aos=\"none\">\n<div class=\"style__vertical-card-col___3agtC\">\n<div class=\"atom-design-v1 style__hero-vertical-card___2B64y\">\n<div class=\"style__card-wrapper___3yqfZ style__vertical-top-align___3w7Dp style__horizontal-left-align___3tk_z\" tabindex=\"0\" role=\"button\" data-ga-label=\"\">\n<div class=\"style__card-container___KPQkl style__size-xl___30LZE\">\n<div class=\"style__image-content___UYyC1 aos-init aos-animate\" data-aos=\"none\"><\/div>\n<div class=\"style__text-content-container___1aLKY\">\n<h3 class=\"style__headline___1ripS style__headline-text___1tW5r aos-init aos-animate\" data-aos=\"none\"><span>Eficiencia Extraordinaria<\/span><\/h3>\n<p class=\"style__description___2V1Q7 aos-init aos-animate\" data-aos=\"none\"><span>El P1 incluye un sensor de alta sensibilidad, de bajo ruido y de fotograma completo que puede tomar una foto cada 0,7 s durante el vuelo y cubrir 3 km\u00a0<\/span><sup><span>2\u00a0<\/span><\/sup><sup><span>[2]<\/span><\/sup><span>\u00a0en un solo vuelo.<\/span><\/p>\n<\/div>\n<\/div>\n<\/div>\n<\/div>\n<\/div>\n<div class=\"style__vertical-card-col___3agtC\">\n<div class=\"atom-design-v1 style__hero-vertical-card___2B64y\">\n<div class=\"style__card-wrapper___3yqfZ style__vertical-top-align___3w7Dp style__horizontal-left-align___3tk_z\" tabindex=\"0\" role=\"button\" data-ga-label=\"\">\n<div class=\"style__card-container___KPQkl style__size-xl___30LZE\">\n<div class=\"style__image-content___UYyC1 aos-init aos-animate\" data-aos=\"none\"><\/div>\n<div class=\"style__text-content-container___1aLKY\">\n<h3 class=\"style__headline___1ripS style__headline-text___1tW5r aos-init aos-animate\" data-aos=\"none\"><span>Precisi\u00f3n notable<\/span><\/h3>\n<p class=\"style__description___2V1Q7 aos-init aos-animate\" data-aos=\"none\"><span>Equipada con un obturador mec\u00e1nico global y el nuevo sistema TimeSync 2.0, que sincroniza el tiempo entre m\u00f3dulos a nivel de microsegundos, la Zenmuse P1 permite a los usuarios capturar datos con precisi\u00f3n centim\u00e9trica combinados con la tecnolog\u00eda de compensaci\u00f3n de posici\u00f3n y orientaci\u00f3n en tiempo real.<\/span><\/p>\n<\/div>\n<\/div>\n<\/div>\n<\/div>\n<\/div>\n<div class=\"style__vertical-card-col___3agtC\">\n<div class=\"atom-design-v1 style__hero-vertical-card___2B64y\">\n<div class=\"style__card-wrapper___3yqfZ style__vertical-top-align___3w7Dp style__horizontal-left-align___3tk_z\" tabindex=\"0\" role=\"button\" data-ga-label=\"\">\n<div class=\"style__card-container___KPQkl style__size-xl___30LZE\">\n<div class=\"style__image-content___UYyC1 aos-init aos-animate\" data-aos=\"none\"><\/div>\n<div class=\"style__text-content-container___1aLKY\">\n<h3 class=\"style__headline___1ripS style__headline-text___1tW5r aos-init aos-animate\" data-aos=\"none\"><span>Versatilidad robusta<\/span><\/h3>\n<p class=\"style__description___2V1Q7 aos-init aos-animate\" data-aos=\"none\"><span>Cree modelos 2D, 3D y detallados gracias al card\u00e1n de 3 ejes integrado que se puede equipar con lentes de 24\/35\/50 mm y la funci\u00f3n de captura oblicua inteligente.<\/span><\/p>\n<\/div>\n<\/div>\n<\/div>\n<\/div>\n<\/div>\n<\/div>\n<\/div>\n<\/div>\n<\/div>\n<\/div>\n<\/div>\n<\/div>\n<\/div>\n<\/div>\n<\/div>\n<\/div>\n<\/div>\n<\/div>\n<\/div>\n<\/div>\n<div id=\"12153\" class=\"section-content\" data-hydration-on-demand=\"true\" data-ga-category=\"zenmuse-p1_12153\">\n<div class=\"atom-component\" tabindex=\"0\" role=\"button\">\n<div class=\"atom-design-v1 style__hero-vertical-component___2JEHR\">\n<div id=\"\" class=\"style__hero-vertical-wrapper___2mUEj\">\n<div class=\"style__vertical-card-list___LceQJ style__vertical-center-align___39Pu3 aos-init aos-animate\" data-aos=\"none\">\n<div class=\"style__vertical-card-col___3agtC\">\n<div class=\"atom-design-v1 style__hero-vertical-card___2B64y\">\n<div class=\"style__card-wrapper___3yqfZ style__vertical-center-align___3RP93 style__horizontal-center-align___YtBVc\" tabindex=\"0\" role=\"button\" data-ga-label=\"\">\n<div class=\"style__card-container___KPQkl style__size-xxl___xhAlV\">\n<div class=\"style__text-content-container___1aLKY\">\n<div class=\"style__icons-container___1CoW-\">\n<div class=\"style__icon-row-container___3A3EC\">\n<div class=\"style__icon-col-container___2pohI aos-init aos-animate\" data-aos=\"none\">\n<div class=\"style__icon-item___UZU5k style__image-text___7HoYo\">\n<h4 class=\"style__eyebrow___3767l aos-init aos-animate\" data-aos=\"none\">Eficiencia para cubrirlo todo<\/h4>\n<h3 class=\"style__headline___1GB_U style__connect-eyebrow-text___1mtMl aos-init aos-animate\" data-aos=\"none\">C\u00e1mara de fotograma completo<\/h3>\n<p class=\"style__description___37V2m aos-init aos-animate\" data-aos=\"none\">&#8211; Sensor de fotograma completo de<br \/>\n45 MP &#8211; Tama\u00f1o de p\u00edxel de 4,4 \u03bcm<br \/>\n&#8211; Las im\u00e1genes de alta sensibilidad y bajo ruido ampl\u00edan el tiempo de funcionamiento diario<br \/>\n&#8211; Tome una foto cada 0,7 s durante el vuelo<br \/>\n&#8211; TimeSync 2.0 alinea la c\u00e1mara, el controlador de vuelo, el m\u00f3dulo RTK y el card\u00e1n en el nivel de microsegundos<\/p>\n<h3 class=\"style__headline___1GB_U aos-init aos-animate\" data-aos=\"none\">Captura oblicua inteligente<\/h3>\n<p class=\"style__description___37V2m aos-init aos-animate\" data-aos=\"none\">Recorra 7,5 km\u00a0<sup>2\u00a0<\/sup><sup><small>[4]<\/small><\/sup>\u00a0en un solo d\u00eda de trabajo con el P1.\u00a0Eleve la eficiencia de su misi\u00f3n de fotograf\u00eda oblicua con Smart Oblique Capture, donde el card\u00e1n gira autom\u00e1ticamente para tomar fotos en los diferentes \u00e1ngulos necesarios.\u00a0Solo las fotos esenciales para la reconstrucci\u00f3n se tomar\u00e1n en el borde del \u00e1rea de vuelo, lo que aumentar\u00e1 la eficiencia del posprocesamiento entre un 20 % \u00a0y un 50 % .<\/p>\n<div id=\"13803\" class=\"section-content\" data-hydration-on-demand=\"true\" data-ga-category=\"zenmuse-p1_13803\">\n<div class=\"atom-component\" tabindex=\"0\" role=\"button\">\n<div class=\"atom-design-v1 style__hero-vertical-component___2JEHR\">\n<div id=\"\" class=\"style__hero-vertical-wrapper___2mUEj\">\n<div class=\"style__vertical-card-list___LceQJ style__vertical-center-align___39Pu3 aos-init aos-animate\" data-aos=\"none\">\n<div class=\"style__vertical-card-col___3agtC\">\n<div class=\"atom-design-v1 style__hero-vertical-card___2B64y\">\n<div class=\"style__card-wrapper___3yqfZ style__vertical-center-align___3RP93 style__horizontal-center-align___YtBVc\" tabindex=\"0\" role=\"button\" data-ga-label=\"\">\n<div class=\"style__card-container___KPQkl style__size-xl___30LZE\">\n<div class=\"style__text-content-container___1aLKY\">\n<h3 class=\"style__headline___1ripS style__headline-text___1tW5r aos-init aos-animate\" data-aos=\"none\">Gesti\u00f3n inteligente de datos<\/h3>\n<p class=\"style__description___2V1Q7 aos-init aos-animate\" data-aos=\"none\">La gesti\u00f3n de datos de su misi\u00f3n: optimizada.<\/p>\n<\/div>\n<\/div>\n<\/div>\n<\/div>\n<\/div>\n<\/div>\n<\/div>\n<\/div>\n<\/div>\n<\/div>\n<div id=\"13804\" class=\"section-content\" data-hydration-on-demand=\"true\" data-ga-category=\"zenmuse-p1_13804\">\n<div class=\"atom-component\" tabindex=\"0\" role=\"button\">\n<div class=\"atom-design-v1 style__hero-vertical-component___2JEHR\">\n<div id=\"\" class=\"style__hero-vertical-wrapper___2mUEj\">\n<div class=\"style__vertical-card-list___LceQJ style__vertical-top-align___3JPlu aos-init aos-animate\" data-aos=\"none\">\n<div class=\"style__vertical-card-col___3agtC\">\n<div class=\"atom-design-v1 style__hero-vertical-card___2B64y\">\n<div class=\"style__card-wrapper___3yqfZ style__vertical-top-align___3w7Dp style__horizontal-center-align___YtBVc\" tabindex=\"0\" role=\"button\" data-ga-label=\"\">\n<div class=\"style__card-container___KPQkl style__size-xl___30LZE\">\n<div class=\"style__image-content___UYyC1 aos-init aos-animate\" data-aos=\"none\"><\/div>\n<div class=\"style__text-content-container___1aLKY\">\n<p class=\"style__description___2V1Q7 aos-init aos-animate\" data-aos=\"none\">Los archivos de resultados de la misi\u00f3n se asocian autom\u00e1ticamente con el nombre de la misi\u00f3n y la hora de la misi\u00f3n.<\/p>\n<\/div>\n<\/div>\n<\/div>\n<\/div>\n<\/div>\n<div class=\"style__vertical-card-col___3agtC\">\n<div class=\"atom-design-v1 style__hero-vertical-card___2B64y\">\n<div class=\"style__card-wrapper___3yqfZ style__vertical-top-align___3w7Dp style__horizontal-center-align___YtBVc\" tabindex=\"0\" role=\"button\" data-ga-label=\"\">\n<div class=\"style__card-container___KPQkl style__size-xl___30LZE\">\n<div class=\"style__image-content___UYyC1 aos-init aos-animate\" data-aos=\"none\"><\/div>\n<div class=\"style__text-content-container___1aLKY\">\n<p class=\"style__description___2V1Q7 aos-init aos-animate\" data-aos=\"none\">Una ubicaci\u00f3n de almacenamiento centralizada para fotos, datos GNSS y archivos TimeStamps.MRK.<\/p>\n<\/div>\n<\/div>\n<\/div>\n<\/div>\n<\/div>\n<div class=\"style__vertical-card-col___3agtC\">\n<div class=\"atom-design-v1 style__hero-vertical-card___2B64y\">\n<div class=\"style__card-wrapper___3yqfZ style__vertical-top-align___3w7Dp style__horizontal-center-align___YtBVc\" tabindex=\"0\" role=\"button\" data-ga-label=\"\">\n<div class=\"style__card-container___KPQkl style__size-xl___30LZE\">\n<div class=\"style__image-content___UYyC1 aos-init aos-animate\" data-aos=\"none\"><\/div>\n<div class=\"style__text-content-container___1aLKY\">\n<p class=\"style__description___2V1Q7 aos-init aos-animate\" data-aos=\"none\">Los metadatos de la imagen contienen los par\u00e1metros intr\u00ednsecos y extr\u00ednsecos de la c\u00e1mara y el estado de RTK.<\/p>\n<\/div>\n<\/div>\n<\/div>\n<\/div>\n<\/div>\n<\/div>\n<\/div>\n<\/div>\n<\/div>\n<\/div>\n<div id=\"12163\" class=\"section-content\" data-hydration-on-demand=\"true\" data-ga-category=\"zenmuse-p1_12163\">\n<div class=\"atom-component\" tabindex=\"0\" role=\"button\">\n<div class=\"atom-design-v1 style__hero-horizontal-component___1c2xP\">\n<div id=\"\" class=\"style__hero-horizontal-wrapper___3U6-D style__vertical-center-align___2DhpN\">\n<div class=\"style__horizontal-card-list___3_oTU aos-init aos-animate\" data-aos=\"none\">\n<div class=\"style__horizontal-card-col___2qRr9\">\n<div class=\"style__card-container___3mjN3\">\n<div class=\"style__card-wrapper___1DqOx style__vertical-center-align___3mf-F\">\n<div class=\"style__card-media___AnYZC aos-init aos-animate\" data-aos=\"none\"><\/div>\n<div class=\"style__card-content___vH0I2 style__size-xl___cmT-W style__content-text-color-black___38P05 style__horizontal-left-align___1piH2\">\n<h3 class=\"style__headline___1GB_U aos-init aos-animate\" data-aos=\"none\">Informe de trabajo de campo<\/h3>\n<p class=\"style__description___37V2m aos-init aos-animate\" data-aos=\"none\">Verifique la calidad de los datos inmediatamente despu\u00e9s del vuelo comprobando los datos de posici\u00f3n y el n\u00famero de im\u00e1genes adquiridas, as\u00ed como el estado RTK y la precisi\u00f3n de posicionamiento.<\/p>\n<div id=\"12168\" class=\"section-content\" data-hydration-on-demand=\"true\" data-ga-category=\"zenmuse-p1_12168\">\n<div class=\"atom-component\" tabindex=\"0\" role=\"button\">\n<div class=\"atom-design-v1 style__hero-vertical-component___2JEHR\">\n<div id=\"\" class=\"style__hero-vertical-wrapper___2mUEj\">\n<div class=\"style__vertical-card-list___LceQJ style__vertical-center-align___39Pu3 aos-init aos-animate\" data-aos=\"none\">\n<div class=\"style__vertical-card-col___3agtC\">\n<div class=\"atom-design-v1 style__hero-vertical-card___2B64y\">\n<div class=\"style__card-wrapper___3yqfZ style__vertical-bottom-align___1f7Y3 style__horizontal-left-align___3tk_z\" tabindex=\"0\" role=\"button\" data-ga-label=\"\">\n<div class=\"style__card-container___KPQkl style__size-xl___30LZE\">\n<div class=\"style__text-content-container___1aLKY\">\n<h3 class=\"style__headline___1ripS style__headline-text___1tW5r aos-init aos-animate\" data-aos=\"none\"><span>Mapeo topogr\u00e1fico<\/span><\/h3>\n<p class=\"style__description___2V1Q7 aos-init aos-animate\" data-aos=\"none\"><span>Capture datos que cumplan con los requisitos de precisi\u00f3n de escala 1:500 sin GCP.<\/span><\/p>\n<\/div>\n<\/div>\n<\/div>\n<\/div>\n<\/div>\n<div class=\"style__vertical-card-col___3agtC\">\n<div class=\"atom-design-v1 style__hero-vertical-card___2B64y\">\n<div class=\"style__card-wrapper___3yqfZ style__vertical-bottom-align___1f7Y3 style__horizontal-left-align___3tk_z\" tabindex=\"0\" role=\"button\" data-ga-label=\"\">\n<div class=\"style__card-container___KPQkl style__size-xl___30LZE\">\n<div class=\"style__text-content-container___1aLKY\">\n<h3 class=\"style__headline___1ripS style__headline-text___1tW5r aos-init aos-animate\" data-aos=\"none\"><span>Topograf\u00eda Catastral<\/span><\/h3>\n<p class=\"style__description___2V1Q7 aos-init aos-animate\" data-aos=\"none\"><span>Genere r\u00e1pidamente modelos de realidad 3D precisos a nivel de cent\u00edmetros.<\/span><\/p>\n<\/div>\n<\/div>\n<\/div>\n<\/div>\n<\/div>\n<div class=\"style__vertical-card-col___3agtC\">\n<div class=\"atom-design-v1 style__hero-vertical-card___2B64y\">\n<div class=\"style__card-wrapper___3yqfZ style__vertical-bottom-align___1f7Y3 style__horizontal-left-align___3tk_z\" tabindex=\"0\" role=\"button\" data-ga-label=\"\">\n<div class=\"style__card-container___KPQkl style__size-xl___30LZE\">\n<div class=\"style__text-content-container___1aLKY\">\n<h3 class=\"style__headline___1ripS style__headline-text___1tW5r aos-init aos-animate\" data-aos=\"none\"><span>AEC y Topograf\u00eda<\/span><\/h3>\n<p class=\"style__description___2V1Q7 aos-init aos-animate\" data-aos=\"none\"><span>Gestione el ciclo de vida completo del proyecto con datos de drones 2D y 3D.<\/span><\/p>\n<\/div>\n<\/div>\n<\/div>\n<\/div>\n<\/div>\n<\/div>\n<\/div>\n<\/div>\n<\/div>\n<\/div>\n<div id=\"12169\" class=\"section-content\" data-hydration-on-demand=\"true\" data-ga-category=\"zenmuse-p1_12169\">\n<div class=\"atom-component\" tabindex=\"0\" role=\"button\">\n<div class=\"atom-design-v1 style__hero-vertical-component___2JEHR\">\n<div id=\"\" class=\"style__hero-vertical-wrapper___2mUEj\">\n<div class=\"style__vertical-card-list___LceQJ style__vertical-center-align___39Pu3 aos-init aos-animate\" data-aos=\"none\">\n<div class=\"style__vertical-card-col___3agtC\">\n<div class=\"atom-design-v1 style__hero-vertical-card___2B64y\">\n<div class=\"style__card-wrapper___3yqfZ style__vertical-bottom-align___1f7Y3 style__horizontal-left-align___3tk_z\" tabindex=\"0\" role=\"button\" data-ga-label=\"\">\n<div class=\"style__card-container___KPQkl style__size-xl___30LZE\">\n<div class=\"style__text-content-container___1aLKY\">\n<h3 class=\"style__headline___1ripS style__headline-text___1tW5r aos-init aos-animate\" data-aos=\"none\"><span>Manejo de Recursos Naturales<\/span><\/h3>\n<p class=\"style__description___2V1Q7 aos-init\" data-aos=\"none\"><span>Medir, clasificar o determinar la propiedad de cuerpos de agua y bosques.<\/span><\/p>\n<\/div>\n<\/div>\n<\/div>\n<\/div>\n<\/div>\n<div class=\"style__vertical-card-col___3agtC\">\n<div class=\"atom-design-v1 style__hero-vertical-card___2B64y\">\n<div class=\"style__card-wrapper___3yqfZ style__vertical-bottom-align___1f7Y3 style__horizontal-left-align___3tk_z\" tabindex=\"0\" role=\"button\" data-ga-label=\"\">\n<div class=\"style__card-container___KPQkl style__size-xl___30LZE\">\n<div class=\"style__text-content-container___1aLKY\">\n<h3 class=\"style__headline___1ripS style__headline-text___1tW5r aos-init aos-animate\" data-aos=\"none\"><span>Investigaci\u00f3n Geol\u00f3gica<\/span><\/h3>\n<p class=\"style__description___2V1Q7 aos-init aos-animate\" data-aos=\"none\"><span>Recopile de forma segura datos a\u00e9reos precisos a nivel milim\u00e9trico de sitios de riesgo geol\u00f3gico.<\/span><\/p>\n<\/div>\n<\/div>\n<\/div>\n<\/div>\n<\/div>\n<div class=\"style__vertical-card-col___3agtC\">\n<div class=\"atom-design-v1 style__hero-vertical-card___2B64y\">\n<div class=\"style__card-wrapper___3yqfZ style__vertical-bottom-align___1f7Y3 style__horizontal-left-align___3tk_z\" tabindex=\"0\" role=\"button\" data-ga-label=\"\">\n<div class=\"style__card-container___KPQkl style__size-xl___30LZE\">\n<div class=\"style__text-content-container___1aLKY\">\n<h3 class=\"style__headline___1ripS style__headline-text___1tW5r aos-init aos-animate\" data-aos=\"none\"><span>Modelado del sitio del desastre<\/span><\/h3>\n<p class=\"style__description___2V1Q7 aos-init aos-animate\" data-aos=\"none\"><span>Obtenga informaci\u00f3n general en tiempo real de vastas \u00e1reas afectadas por desastres para ayudar a los equipos a tomar decisiones cr\u00edticas.<\/span><\/p>\n<\/div>\n<\/div>\n<\/div>\n<\/div>\n<\/div>\n<\/div>\n<\/div>\n<\/div>\n<\/div>\n<\/div>\n<\/div>\n<\/div>\n<\/div>\n<\/div>\n<\/div>\n<\/div>\n<\/div>\n<\/div>\n<\/div>\n<\/div>\n<\/div>\n<\/div>\n<\/div>\n<\/div>\n<\/div>\n<\/div>\n<\/div>\n<\/div>\n<\/div>\n<\/div>\n<\/div>\n<\/div>\n<\/div>\n","protected":false},"excerpt":{"rendered":"<p>Eficiencia a trav\u00e9s de fotogrametr\u00eda flexible de fotograma completo El nuevo punto de referencia para la topograf\u00eda a\u00e9rea La Zenmuse P1 integra un sensor de cuadro completo con lentes intercambiables de foco fijo en un card\u00e1n estabilizado de 3 ejes.\u00a0Dise\u00f1ado para misiones de vuelo de fotogrametr\u00eda, lleva la eficiencia y la precisi\u00f3n a un nivel [&hellip;]<\/p>\n","protected":false},"featured_media":3517,"comment_status":"open","ping_status":"closed","template":"","meta":{"om_disable_all_campaigns":false,"ocean_post_layout":"","ocean_both_sidebars_style":"","ocean_both_sidebars_content_width":0,"ocean_both_sidebars_sidebars_width":0,"ocean_sidebar":"0","ocean_second_sidebar":"0","ocean_disable_margins":"enable","ocean_add_body_class":"","ocean_shortcode_before_top_bar":"","ocean_shortcode_after_top_bar":"","ocean_shortcode_before_header":"","ocean_shortcode_after_header":"","ocean_has_shortcode":"","ocean_shortcode_after_title":"","ocean_shortcode_before_footer_widgets":"","ocean_shortcode_after_footer_widgets":"","ocean_shortcode_before_footer_bottom":"","ocean_shortcode_after_footer_bottom":"","ocean_display_top_bar":"default","ocean_display_header":"default","ocean_header_style":"","ocean_center_header_left_menu":"0","ocean_custom_header_template":"0","ocean_custom_logo":0,"ocean_custom_retina_logo":0,"ocean_custom_logo_max_width":0,"ocean_custom_logo_tablet_max_width":0,"ocean_custom_logo_mobile_max_width":0,"ocean_custom_logo_max_height":0,"ocean_custom_logo_tablet_max_height":0,"ocean_custom_logo_mobile_max_height":0,"ocean_header_custom_menu":"0","ocean_menu_typo_font_family":"0","ocean_menu_typo_font_subset":"","ocean_menu_typo_font_size":0,"ocean_menu_typo_font_size_tablet":0,"ocean_menu_typo_font_size_mobile":0,"ocean_menu_typo_font_size_unit":"px","ocean_menu_typo_font_weight":"","ocean_menu_typo_font_weight_tablet":"","ocean_menu_typo_font_weight_mobile":"","ocean_menu_typo_transform":"","ocean_menu_typo_transform_tablet":"","ocean_menu_typo_transform_mobile":"","ocean_menu_typo_line_height":0,"ocean_menu_typo_line_height_tablet":0,"ocean_menu_typo_line_height_mobile":0,"ocean_menu_typo_line_height_unit":"","ocean_menu_typo_spacing":0,"ocean_menu_typo_spacing_tablet":0,"ocean_menu_typo_spacing_mobile":0,"ocean_menu_typo_spacing_unit":"","ocean_menu_link_color":"","ocean_menu_link_color_hover":"","ocean_menu_link_color_active":"","ocean_menu_link_background":"","ocean_menu_link_hover_background":"","ocean_menu_link_active_background":"","ocean_menu_social_links_bg":"","ocean_menu_social_hover_links_bg":"","ocean_menu_social_links_color":"","ocean_menu_social_hover_links_color":"","ocean_disable_title":"default","ocean_disable_heading":"default","ocean_post_title":"","ocean_post_subheading":"","ocean_post_title_style":"","ocean_post_title_background_color":"","ocean_post_title_background":0,"ocean_post_title_bg_image_position":"","ocean_post_title_bg_image_attachment":"","ocean_post_title_bg_image_repeat":"","ocean_post_title_bg_image_size":"","ocean_post_title_height":0,"ocean_post_title_bg_overlay":0.5,"ocean_post_title_bg_overlay_color":"","ocean_disable_breadcrumbs":"default","ocean_breadcrumbs_color":"","ocean_breadcrumbs_separator_color":"","ocean_breadcrumbs_links_color":"","ocean_breadcrumbs_links_hover_color":"","ocean_display_footer_widgets":"default","ocean_display_footer_bottom":"default","ocean_custom_footer_template":"0","_joinchat":[]},"product_brand":[],"product_cat":[16],"product_tag":[],"class_list":{"0":"post-3516","1":"product","2":"type-product","3":"status-publish","4":"has-post-thumbnail","6":"product_cat-sin-categorizar","8":"entry","9":"has-media","11":"first","12":"instock","13":"shipping-taxable","14":"product-type-simple","15":"has-product-nav","16":"col","17":"span_1_of_3","18":"owp-content-center","19":"owp-thumbs-layout-horizontal","20":"owp-btn-normal","21":"owp-tabs-layout-horizontal","22":"has-no-thumbnails"},"_links":{"self":[{"href":"https:\/\/telemetry.com.pe\/index.php\/wp-json\/wp\/v2\/product\/3516","targetHints":{"allow":["GET"]}}],"collection":[{"href":"https:\/\/telemetry.com.pe\/index.php\/wp-json\/wp\/v2\/product"}],"about":[{"href":"https:\/\/telemetry.com.pe\/index.php\/wp-json\/wp\/v2\/types\/product"}],"replies":[{"embeddable":true,"href":"https:\/\/telemetry.com.pe\/index.php\/wp-json\/wp\/v2\/comments?post=3516"}],"wp:featuredmedia":[{"embeddable":true,"href":"https:\/\/telemetry.com.pe\/index.php\/wp-json\/wp\/v2\/media\/3517"}],"wp:attachment":[{"href":"https:\/\/telemetry.com.pe\/index.php\/wp-json\/wp\/v2\/media?parent=3516"}],"wp:term":[{"taxonomy":"product_brand","embeddable":true,"href":"https:\/\/telemetry.com.pe\/index.php\/wp-json\/wp\/v2\/product_brand?post=3516"},{"taxonomy":"product_cat","embeddable":true,"href":"https:\/\/telemetry.com.pe\/index.php\/wp-json\/wp\/v2\/product_cat?post=3516"},{"taxonomy":"product_tag","embeddable":true,"href":"https:\/\/telemetry.com.pe\/index.php\/wp-json\/wp\/v2\/product_tag?post=3516"}],"curies":[{"name":"wp","href":"https:\/\/api.w.org\/{rel}","templated":true}]}}