{"id":3518,"date":"2023-09-16T00:50:05","date_gmt":"2023-09-16T00:50:05","guid":{"rendered":"http:\/\/telemetry.com.pe\/?post_type=product&#038;p=3518"},"modified":"2023-09-16T00:50:05","modified_gmt":"2023-09-16T00:50:05","slug":"mavic-2-enterprise-avanzado","status":"publish","type":"product","link":"https:\/\/telemetry.com.pe\/index.php\/producto\/mavic-2-enterprise-avanzado\/","title":{"rendered":"Mavic 2 Enterprise Avanzado"},"content":{"rendered":"<p><span>Capture detalles precisos en cualquier misi\u00f3n con Mavic 2 Enterprise Advanced, una herramienta muy vers\u00e1til pero compacta que incluye muchas mejoras de rendimiento.\u00a0<\/span><span>Con c\u00e1maras t\u00e9rmicas y visuales de alta resoluci\u00f3n, el M2EA admite un zoom digital de hasta 32 aumentos y es capaz de lograr una precisi\u00f3n de posicionamiento de nivel centim\u00e9trico con el m\u00f3dulo RTK.<\/span><\/p>\n<h2 class=\"style__headline___1ripS style__headline-text___1tW5r aos-init aos-animate\" data-aos=\"fade-in\"><span>Ampl\u00ede su visi\u00f3n con c\u00e1maras duales avanzadas<\/span><\/h2>\n<h3 class=\"style__headline___1ripS style__headline-text___1tW5r aos-init aos-animate\" data-aos=\"fade-in\"><span>T\u00e9rmica radiom\u00e9trica de alta resoluci\u00f3n<\/span><\/h3>\n<p class=\"style__description___2V1Q7 aos-init aos-animate\" data-aos=\"fade-in\"><span>Tome decisiones informadas mediante la identificaci\u00f3n r\u00e1pida de objetos en el sitio utilizando el sensor t\u00e9rmico de alta resoluci\u00f3n integrado de M2EA, que admite medici\u00f3n puntual y medici\u00f3n de \u00e1rea.<\/span><\/p>\n<div class=\"style__icons-container___1CoW-\">\n<div class=\"style__icon-row-container___3A3EC\">\n<div class=\"style__icon-col-container___2pohI aos-init aos-animate\" data-aos=\"fade-in\">\n<div class=\"style__icon-item___UZU5k style__image-text___7HoYo\">\n<div class=\"style__icon-number-container___2cK9V\"><span class=\"style__icon-number___2OOlV\">640 \u00d7 512<\/span><i><\/i><\/div>\n<p class=\"style__icon-title___2ZaL_\">Resoluci\u00f3n T\u00e9rmica<\/p>\n<\/div>\n<\/div>\n<div class=\"style__icon-col-container___2pohI aos-init aos-animate\" data-aos=\"fade-in\">\n<div class=\"style__icon-item___UZU5k style__image-text___7HoYo\">\n<div class=\"style__icon-number-container___2cK9V\"><span class=\"style__icon-number___2OOlV\">30<\/span><span class=\"style__icon-unit___2hz_k\">Hz<\/span><\/div>\n<p class=\"style__icon-title___2ZaL_\">Cuadros por segundo<\/p>\n<\/div>\n<\/div>\n<\/div>\n<div class=\"style__icon-row-container___3A3EC\">\n<div class=\"style__icon-col-container___2pohI aos-init aos-animate\" data-aos=\"fade-in\">\n<div class=\"style__icon-item___UZU5k style__image-text___7HoYo\">\n<div class=\"style__icon-number-container___2cK9V\"><span class=\"style__icon-number___2OOlV\">diecis\u00e9is<\/span><span class=\"style__icon-unit___2hz_k\">\u00d7<\/span><\/div>\n<p class=\"style__icon-title___2ZaL_\">Zoom<\/p>\n<\/div>\n<\/div>\n<div class=\"style__icon-col-container___2pohI aos-init aos-animate\" data-aos=\"fade-in\">\n<div class=\"style__icon-item___UZU5k style__image-text___7HoYo\">\n<div class=\"style__icon-number-container___2cK9V\"><span class=\"style__icon-number___2OOlV\">\u00b12<\/span><span class=\"style__icon-unit___2hz_k\">\u00baC<\/span><\/div>\n<p class=\"style__icon-title___2ZaL_\">Precisi\u00f3n de medici\u00f3n de temperatura<\/p>\n<h3 class=\"style__headline___1ripS style__headline-text___1tW5r aos-init aos-animate\" data-aos=\"fade-in\">Ac\u00e9rquese para mantenerse a salvo<\/h3>\n<p class=\"style__description___2V1Q7 aos-init aos-animate\" data-aos=\"fade-in\">Capture im\u00e1genes y videos claros desde una distancia segura.\u00a0La c\u00e1mara visual de alta resoluci\u00f3n del M2EA es compatible con ultra zoom, por lo que no se pierde ning\u00fan detalle.<\/p>\n<div class=\"style__icons-container___1CoW-\">\n<div class=\"style__icon-row-container___3A3EC\">\n<div class=\"style__icon-col-container___2pohI aos-init aos-animate\" data-aos=\"fade-in\">\n<div class=\"style__icon-item___UZU5k style__image-text___7HoYo\">\n<div class=\"style__icon-number-container___2cK9V\"><span class=\"style__icon-number___2OOlV\">48<\/span><span class=\"style__icon-unit___2hz_k\">parlamentario<\/span><\/div>\n<p class=\"style__icon-title___2ZaL_\">c\u00e1mara visual<\/p>\n<\/div>\n<\/div>\n<div class=\"style__icon-col-container___2pohI aos-init aos-animate\" data-aos=\"fade-in\">\n<div class=\"style__icon-item___UZU5k style__image-text___7HoYo\">\n<div class=\"style__icon-number-container___2cK9V\"><span class=\"style__icon-number___2OOlV\">1\/2\u201d<\/span><i><\/i><\/div>\n<p class=\"style__icon-title___2ZaL_\">sensores CMOS<\/p>\n<\/div>\n<\/div>\n<\/div>\n<div class=\"style__icon-row-container___3A3EC\">\n<div class=\"style__icon-col-container___2pohI aos-init aos-animate\" data-aos=\"fade-in\">\n<div class=\"style__icon-item___UZU5k style__image-text___7HoYo\">\n<div class=\"style__icon-number-container___2cK9V\"><span class=\"style__icon-number___2OOlV\">4<\/span><span class=\"style__icon-unit___2hz_k\">\u00d7<\/span><\/div>\n<p class=\"style__icon-title___2ZaL_\">Zoom sin p\u00e9rdidas\u00a0<sup>3<\/sup><\/p>\n<\/div>\n<\/div>\n<div class=\"style__icon-col-container___2pohI aos-init aos-animate\" data-aos=\"fade-in\">\n<div class=\"style__icon-item___UZU5k style__image-text___7HoYo\">\n<div class=\"style__icon-number-container___2cK9V\"><span class=\"style__icon-number___2OOlV\">32<\/span><span class=\"style__icon-unit___2hz_k\">\u00d7<\/span><\/div>\n<p class=\"style__icon-title___2ZaL_\">Zoom digital<\/p>\n<h3 class=\"style__headline___1ripS style__headline-text___1tW5r aos-init aos-animate\" data-aos=\"fade-in\">Visi\u00f3n dual a su servicio<\/h3>\n<p class=\"style__description___2V1Q7 aos-init aos-animate\" data-aos=\"fade-in\">Toque para cambiar entre fuentes visuales, t\u00e9rmicas o de vista dividida para diferentes necesidades del proyecto.<\/p>\n<div class=\"style__horizontal-card-col___2qRr9\">\n<div class=\"style__card-container___3mjN3\">\n<div class=\"style__card-wrapper___1DqOx style__vertical-top-align___1s3Hj\">\n<div class=\"style__card-content___vH0I2 style__size-xxl___cbKEg style__content-text-color-white___2nplh style__horizontal-left-align___1piH2\">\n<h3 class=\"style__headline___1GB_U aos-init aos-animate\" data-aos=\"none\">Posicionamiento preciso<\/h3>\n<\/div>\n<\/div>\n<\/div>\n<\/div>\n<div class=\"style__horizontal-card-col___2qRr9\">\n<div class=\"style__card-container___3mjN3\">\n<div class=\"style__card-wrapper___1DqOx style__vertical-top-align___1s3Hj\">\n<div class=\"style__card-content___vH0I2 style__size-xxl___cbKEg style__content-text-color-white___2nplh style__horizontal-left-align___1piH2\">\n<p class=\"style__description___37V2m aos-init aos-animate\" data-aos=\"none\">Logre una precisi\u00f3n de nivel centim\u00e9trico usando el M2EA con el M\u00f3dulo RTK\u00a0.\u00a0Cree hasta 240 waypoints para realizar misiones de inspecci\u00f3n detalladas y automatizadas en entornos complejos.<\/p>\n<div class=\"style__horizontal-card-col___2qRr9\">\n<div class=\"style__card-container___3mjN3\">\n<div class=\"style__card-wrapper___1DqOx style__vertical-top-align___1s3Hj\">\n<div class=\"style__card-content___vH0I2 style__size-xxl___cbKEg style__content-text-color-white___2nplh style__horizontal-left-align___1piH2\">\n<h3 class=\"style__headline___1GB_U aos-init aos-animate\" data-aos=\"none\">M\u00e1xima Flexibilidad<\/h3>\n<\/div>\n<\/div>\n<\/div>\n<\/div>\n<div class=\"style__horizontal-card-col___2qRr9\">\n<div class=\"style__card-container___3mjN3\">\n<div class=\"style__card-wrapper___1DqOx style__vertical-top-align___1s3Hj\">\n<div class=\"style__card-content___vH0I2 style__size-xxl___cbKEg style__content-text-color-white___2nplh style__horizontal-left-align___1piH2\">\n<p class=\"style__description___37V2m aos-init aos-animate\" data-aos=\"none\">El M2EA ligero y port\u00e1til puede despegar en menos de un minuto.\u00a0Desl\u00edzate por entornos operativos complejos gracias a la mayor velocidad de ascenso y descenso.<\/p>\n<h3 class=\"style__headline___1ripS style__headline-text___1tW5r aos-init aos-animate\" data-aos=\"fade-in\"><span>Caracter\u00edsticas adicionales<\/span><\/h3>\n<div class=\"style__icons-container___1CoW-\">\n<div class=\"style__icon-row-container___3A3EC\">\n<div class=\"style__icon-col-container___2pohI aos-init aos-animate\" data-aos=\"fade-in\">\n<div class=\"style__icon-item___UZU5k style__image-text___7HoYo\"><img decoding=\"async\" class=\"style__icon-pic___1SGsP\" src=\"https:\/\/dji-official-fe.djicdn.com\/dps\/bf67a93bb6720d9fcc6faa9fcb2e7eaa.svg\" \/><\/p>\n<p class=\"style__icon-title___2ZaL_\"><span>MSDK<\/span><\/p>\n<p class=\"style__icon-desc___Otw9j\">\n<\/div>\n<\/div>\n<div class=\"style__icon-col-container___2pohI aos-init aos-animate\" data-aos=\"fade-in\">\n<div class=\"style__icon-item___UZU5k style__image-text___7HoYo\"><img decoding=\"async\" class=\"style__icon-pic___1SGsP\" src=\"https:\/\/dji-official-fe.djicdn.com\/dps\/016f8a5c3f84e0a59c9c9a7b5373c735.svg\" \/><\/p>\n<p class=\"style__icon-title___2ZaL_\"><span>AirSense<\/span><\/p>\n<p class=\"style__icon-desc___Otw9j\">\n<\/div>\n<\/div>\n<div class=\"style__icon-col-container___2pohI aos-init aos-animate\" data-aos=\"fade-in\">\n<div class=\"style__icon-item___UZU5k style__image-text___7HoYo\"><img decoding=\"async\" class=\"style__icon-pic___1SGsP\" src=\"https:\/\/dji-official-fe.djicdn.com\/dps\/abb1f063a77ee15282be660339a1a084.svg\" \/><\/p>\n<p class=\"style__icon-title___2ZaL_\"><span>Protecci\u00f3n de contrase\u00f1a<\/span><\/p>\n<p class=\"style__icon-desc___Otw9j\">\n<\/div>\n<\/div>\n<\/div>\n<div class=\"style__icon-row-container___3A3EC\">\n<div class=\"style__icon-col-container___2pohI aos-init aos-animate\" data-aos=\"fade-in\">\n<div class=\"style__icon-item___UZU5k style__image-text___7HoYo\"><img decoding=\"async\" class=\"style__icon-pic___1SGsP\" src=\"https:\/\/dji-official-fe.djicdn.com\/dps\/5317079faa41bc7528571d804044b843.svg\" \/><\/p>\n<p class=\"style__icon-title___2ZaL_\"><span>Modo discreto<\/span><\/p>\n<p class=\"style__icon-desc___Otw9j\">\n<\/div>\n<\/div>\n<div class=\"style__icon-col-container___2pohI aos-init aos-animate\" data-aos=\"fade-in\">\n<div class=\"style__icon-item___UZU5k style__image-text___7HoYo\"><img decoding=\"async\" class=\"style__icon-pic___1SGsP\" src=\"https:\/\/dji-official-fe.djicdn.com\/dps\/e3cf073172bc35d16d394b55aea5fee3.svg\" \/><\/p>\n<p class=\"style__icon-title___2ZaL_\"><span>Bater\u00edas autocalentables<\/span><\/p>\n<p class=\"style__icon-desc___Otw9j\">\n<\/div>\n<\/div>\n<div class=\"style__icon-col-container___2pohI aos-init aos-animate\" data-aos=\"fade-in\">\n<div class=\"style__icon-item___UZU5k style__image-text___7HoYo\"><img decoding=\"async\" class=\"style__icon-pic___1SGsP\" src=\"https:\/\/dji-official-fe.djicdn.com\/dps\/547ec06480348f5e072c32c9e4c119d9.svg\" \/><\/p>\n<p class=\"style__icon-title___2ZaL_\"><span>Temperatura de trabajo<\/span><br \/>\n<span>-10\u00b0 C a 40\u00b0 C<\/span><\/p>\n<\/div>\n<\/div>\n<\/div>\n<\/div>\n<\/div>\n<\/div>\n<\/div>\n<\/div>\n<\/div>\n<\/div>\n<\/div>\n<\/div>\n<\/div>\n<\/div>\n<\/div>\n<\/div>\n<\/div>\n<\/div>\n<\/div>\n<\/div>\n","protected":false},"excerpt":{"rendered":"<p>Capture detalles precisos en cualquier misi\u00f3n con Mavic 2 Enterprise Advanced, una herramienta muy vers\u00e1til pero compacta que incluye muchas mejoras de rendimiento.\u00a0Con c\u00e1maras t\u00e9rmicas y visuales de alta resoluci\u00f3n, el M2EA admite un zoom digital de hasta 32 aumentos y es capaz de lograr una precisi\u00f3n de posicionamiento de nivel centim\u00e9trico con el m\u00f3dulo [&hellip;]<\/p>\n","protected":false},"featured_media":3519,"comment_status":"open","ping_status":"closed","template":"","meta":{"om_disable_all_campaigns":false,"ocean_post_layout":"","ocean_both_sidebars_style":"","ocean_both_sidebars_content_width":0,"ocean_both_sidebars_sidebars_width":0,"ocean_sidebar":"0","ocean_second_sidebar":"0","ocean_disable_margins":"enable","ocean_add_body_class":"","ocean_shortcode_before_top_bar":"","ocean_shortcode_after_top_bar":"","ocean_shortcode_before_header":"","ocean_shortcode_after_header":"","ocean_has_shortcode":"","ocean_shortcode_after_title":"","ocean_shortcode_before_footer_widgets":"","ocean_shortcode_after_footer_widgets":"","ocean_shortcode_before_footer_bottom":"","ocean_shortcode_after_footer_bottom":"","ocean_display_top_bar":"default","ocean_display_header":"default","ocean_header_style":"","ocean_center_header_left_menu":"0","ocean_custom_header_template":"0","ocean_custom_logo":0,"ocean_custom_retina_logo":0,"ocean_custom_logo_max_width":0,"ocean_custom_logo_tablet_max_width":0,"ocean_custom_logo_mobile_max_width":0,"ocean_custom_logo_max_height":0,"ocean_custom_logo_tablet_max_height":0,"ocean_custom_logo_mobile_max_height":0,"ocean_header_custom_menu":"0","ocean_menu_typo_font_family":"0","ocean_menu_typo_font_subset":"","ocean_menu_typo_font_size":0,"ocean_menu_typo_font_size_tablet":0,"ocean_menu_typo_font_size_mobile":0,"ocean_menu_typo_font_size_unit":"px","ocean_menu_typo_font_weight":"","ocean_menu_typo_font_weight_tablet":"","ocean_menu_typo_font_weight_mobile":"","ocean_menu_typo_transform":"","ocean_menu_typo_transform_tablet":"","ocean_menu_typo_transform_mobile":"","ocean_menu_typo_line_height":0,"ocean_menu_typo_line_height_tablet":0,"ocean_menu_typo_line_height_mobile":0,"ocean_menu_typo_line_height_unit":"","ocean_menu_typo_spacing":0,"ocean_menu_typo_spacing_tablet":0,"ocean_menu_typo_spacing_mobile":0,"ocean_menu_typo_spacing_unit":"","ocean_menu_link_color":"","ocean_menu_link_color_hover":"","ocean_menu_link_color_active":"","ocean_menu_link_background":"","ocean_menu_link_hover_background":"","ocean_menu_link_active_background":"","ocean_menu_social_links_bg":"","ocean_menu_social_hover_links_bg":"","ocean_menu_social_links_color":"","ocean_menu_social_hover_links_color":"","ocean_disable_title":"default","ocean_disable_heading":"default","ocean_post_title":"","ocean_post_subheading":"","ocean_post_title_style":"","ocean_post_title_background_color":"","ocean_post_title_background":0,"ocean_post_title_bg_image_position":"","ocean_post_title_bg_image_attachment":"","ocean_post_title_bg_image_repeat":"","ocean_post_title_bg_image_size":"","ocean_post_title_height":0,"ocean_post_title_bg_overlay":0.5,"ocean_post_title_bg_overlay_color":"","ocean_disable_breadcrumbs":"default","ocean_breadcrumbs_color":"","ocean_breadcrumbs_separator_color":"","ocean_breadcrumbs_links_color":"","ocean_breadcrumbs_links_hover_color":"","ocean_display_footer_widgets":"default","ocean_display_footer_bottom":"default","ocean_custom_footer_template":"0","_joinchat":[]},"product_brand":[],"product_cat":[16],"product_tag":[],"class_list":{"0":"post-3518","1":"product","2":"type-product","3":"status-publish","4":"has-post-thumbnail","6":"product_cat-sin-categorizar","8":"entry","9":"has-media","11":"first","12":"instock","13":"sale","14":"shipping-taxable","15":"purchasable","16":"product-type-simple","17":"has-product-nav","18":"col","19":"span_1_of_3","20":"owp-content-center","21":"owp-thumbs-layout-horizontal","22":"owp-btn-normal","23":"owp-tabs-layout-horizontal","24":"has-no-thumbnails"},"_links":{"self":[{"href":"https:\/\/telemetry.com.pe\/index.php\/wp-json\/wp\/v2\/product\/3518","targetHints":{"allow":["GET"]}}],"collection":[{"href":"https:\/\/telemetry.com.pe\/index.php\/wp-json\/wp\/v2\/product"}],"about":[{"href":"https:\/\/telemetry.com.pe\/index.php\/wp-json\/wp\/v2\/types\/product"}],"replies":[{"embeddable":true,"href":"https:\/\/telemetry.com.pe\/index.php\/wp-json\/wp\/v2\/comments?post=3518"}],"wp:featuredmedia":[{"embeddable":true,"href":"https:\/\/telemetry.com.pe\/index.php\/wp-json\/wp\/v2\/media\/3519"}],"wp:attachment":[{"href":"https:\/\/telemetry.com.pe\/index.php\/wp-json\/wp\/v2\/media?parent=3518"}],"wp:term":[{"taxonomy":"product_brand","embeddable":true,"href":"https:\/\/telemetry.com.pe\/index.php\/wp-json\/wp\/v2\/product_brand?post=3518"},{"taxonomy":"product_cat","embeddable":true,"href":"https:\/\/telemetry.com.pe\/index.php\/wp-json\/wp\/v2\/product_cat?post=3518"},{"taxonomy":"product_tag","embeddable":true,"href":"https:\/\/telemetry.com.pe\/index.php\/wp-json\/wp\/v2\/product_tag?post=3518"}],"curies":[{"name":"wp","href":"https:\/\/api.w.org\/{rel}","templated":true}]}}