{"id":3588,"date":"2023-09-16T00:50:05","date_gmt":"2023-09-16T00:50:05","guid":{"rendered":"http:\/\/telemetry.com.pe\/?post_type=product&#038;p=3588"},"modified":"2023-09-16T00:50:05","modified_gmt":"2023-09-16T00:50:05","slug":"prisma-de-precision-gph1p","status":"publish","type":"product","link":"https:\/\/telemetry.com.pe\/index.php\/producto\/prisma-de-precision-gph1p\/","title":{"rendered":"Prisma de precisi\u00f3n GPH1P"},"content":{"rendered":"<p>Precisi\u00f3n de centrado 0.3mm. Alcance 3500m<\/p>\n<div>\n<p>Reflector de precisi\u00f3n Leica GPH1P de fabricaci\u00f3n altamente precisa para la m\u00e1xima exactitud. Evita la reflexi\u00f3n directa hacia el EDM y aumenta la precisi\u00f3n<\/p>\n<p>Con el reflector\u00a0<strong>Leica GPH1P<\/strong>\u00a0obtendr\u00e1 la m\u00e1xima precisi\u00f3n, ya que est\u00e1 realizado con las t\u00e9cnicas m\u00e1s sofisticadas como la carcasa met\u00e1lica de precisi\u00f3n para conseguir la m\u00e1xima exactitud o los ejes prism\u00e1ticos reforzados con fibra de carbono.<\/p>\n<p>La dioptra se encuentra levemente inclinada para evitar la reflexi\u00f3n directa hacia el EDM, aumentando de \u00e9ste modo la precisi\u00f3n de la medici\u00f3n.<\/p>\n<p>Obtendr\u00e1:<\/p>\n<ul>\n<li>\u00a0Precisi\u00f3n de centrado de 0,3 mm<\/li>\n<li>\u00a0Alcance de 3.500 m<\/li>\n<\/ul>\n<h4>Caracter\u00edsticas T\u00e9cnicas: Prisma de precisi\u00f3n GPH1P<\/h4>\n<div class=\"toggle_content_lv1\">\n<div class=\"add_padding\">\n<div class=\"row technical-characteristic\">\n<div class=\"col-xs-12 col-sm-5 col-md-5 col-lg-5\">\n<h6>Caracter\u00edsticas t\u00e9cnicas<\/h6>\n<\/div>\n<div class=\"col-xs-12 col-sm-7 col-md-7 col-lg-7\">\n<ul>\n<li>Precisi\u00f3n de centrado 0.3mm<\/li>\n<li>Alcance 3500m<\/li>\n<\/ul>\n<\/div>\n<\/div>\n<\/div>\n<\/div>\n<\/div>\n","protected":false},"excerpt":{"rendered":"<p>Precisi\u00f3n de centrado 0.3mm. Alcance 3500m Reflector de precisi\u00f3n Leica GPH1P de fabricaci\u00f3n altamente precisa para la m\u00e1xima exactitud. Evita la reflexi\u00f3n directa hacia el EDM y aumenta la precisi\u00f3n Con el reflector\u00a0Leica GPH1P\u00a0obtendr\u00e1 la m\u00e1xima precisi\u00f3n, ya que est\u00e1 realizado con las t\u00e9cnicas m\u00e1s sofisticadas como la carcasa met\u00e1lica de precisi\u00f3n para conseguir la [&hellip;]<\/p>\n","protected":false},"featured_media":3589,"comment_status":"open","ping_status":"closed","template":"","meta":{"om_disable_all_campaigns":false,"ocean_post_layout":"","ocean_both_sidebars_style":"","ocean_both_sidebars_content_width":0,"ocean_both_sidebars_sidebars_width":0,"ocean_sidebar":"0","ocean_second_sidebar":"0","ocean_disable_margins":"enable","ocean_add_body_class":"","ocean_shortcode_before_top_bar":"","ocean_shortcode_after_top_bar":"","ocean_shortcode_before_header":"","ocean_shortcode_after_header":"","ocean_has_shortcode":"","ocean_shortcode_after_title":"","ocean_shortcode_before_footer_widgets":"","ocean_shortcode_after_footer_widgets":"","ocean_shortcode_before_footer_bottom":"","ocean_shortcode_after_footer_bottom":"","ocean_display_top_bar":"default","ocean_display_header":"default","ocean_header_style":"","ocean_center_header_left_menu":"0","ocean_custom_header_template":"0","ocean_custom_logo":0,"ocean_custom_retina_logo":0,"ocean_custom_logo_max_width":0,"ocean_custom_logo_tablet_max_width":0,"ocean_custom_logo_mobile_max_width":0,"ocean_custom_logo_max_height":0,"ocean_custom_logo_tablet_max_height":0,"ocean_custom_logo_mobile_max_height":0,"ocean_header_custom_menu":"0","ocean_menu_typo_font_family":"0","ocean_menu_typo_font_subset":"","ocean_menu_typo_font_size":0,"ocean_menu_typo_font_size_tablet":0,"ocean_menu_typo_font_size_mobile":0,"ocean_menu_typo_font_size_unit":"px","ocean_menu_typo_font_weight":"","ocean_menu_typo_font_weight_tablet":"","ocean_menu_typo_font_weight_mobile":"","ocean_menu_typo_transform":"","ocean_menu_typo_transform_tablet":"","ocean_menu_typo_transform_mobile":"","ocean_menu_typo_line_height":0,"ocean_menu_typo_line_height_tablet":0,"ocean_menu_typo_line_height_mobile":0,"ocean_menu_typo_line_height_unit":"","ocean_menu_typo_spacing":0,"ocean_menu_typo_spacing_tablet":0,"ocean_menu_typo_spacing_mobile":0,"ocean_menu_typo_spacing_unit":"","ocean_menu_link_color":"","ocean_menu_link_color_hover":"","ocean_menu_link_color_active":"","ocean_menu_link_background":"","ocean_menu_link_hover_background":"","ocean_menu_link_active_background":"","ocean_menu_social_links_bg":"","ocean_menu_social_hover_links_bg":"","ocean_menu_social_links_color":"","ocean_menu_social_hover_links_color":"","ocean_disable_title":"default","ocean_disable_heading":"default","ocean_post_title":"","ocean_post_subheading":"","ocean_post_title_style":"","ocean_post_title_background_color":"","ocean_post_title_background":0,"ocean_post_title_bg_image_position":"","ocean_post_title_bg_image_attachment":"","ocean_post_title_bg_image_repeat":"","ocean_post_title_bg_image_size":"","ocean_post_title_height":0,"ocean_post_title_bg_overlay":0.5,"ocean_post_title_bg_overlay_color":"","ocean_disable_breadcrumbs":"default","ocean_breadcrumbs_color":"","ocean_breadcrumbs_separator_color":"","ocean_breadcrumbs_links_color":"","ocean_breadcrumbs_links_hover_color":"","ocean_display_footer_widgets":"default","ocean_display_footer_bottom":"default","ocean_custom_footer_template":"0","_joinchat":[]},"product_brand":[],"product_cat":[16],"product_tag":[],"class_list":{"0":"post-3588","1":"product","2":"type-product","3":"status-publish","4":"has-post-thumbnail","6":"product_cat-sin-categorizar","8":"entry","9":"has-media","11":"first","12":"instock","13":"sale","14":"shipping-taxable","15":"purchasable","16":"product-type-simple","17":"has-product-nav","18":"col","19":"span_1_of_3","20":"owp-content-center","21":"owp-thumbs-layout-horizontal","22":"owp-btn-normal","23":"owp-tabs-layout-horizontal","24":"has-no-thumbnails"},"_links":{"self":[{"href":"https:\/\/telemetry.com.pe\/index.php\/wp-json\/wp\/v2\/product\/3588","targetHints":{"allow":["GET"]}}],"collection":[{"href":"https:\/\/telemetry.com.pe\/index.php\/wp-json\/wp\/v2\/product"}],"about":[{"href":"https:\/\/telemetry.com.pe\/index.php\/wp-json\/wp\/v2\/types\/product"}],"replies":[{"embeddable":true,"href":"https:\/\/telemetry.com.pe\/index.php\/wp-json\/wp\/v2\/comments?post=3588"}],"wp:featuredmedia":[{"embeddable":true,"href":"https:\/\/telemetry.com.pe\/index.php\/wp-json\/wp\/v2\/media\/3589"}],"wp:attachment":[{"href":"https:\/\/telemetry.com.pe\/index.php\/wp-json\/wp\/v2\/media?parent=3588"}],"wp:term":[{"taxonomy":"product_brand","embeddable":true,"href":"https:\/\/telemetry.com.pe\/index.php\/wp-json\/wp\/v2\/product_brand?post=3588"},{"taxonomy":"product_cat","embeddable":true,"href":"https:\/\/telemetry.com.pe\/index.php\/wp-json\/wp\/v2\/product_cat?post=3588"},{"taxonomy":"product_tag","embeddable":true,"href":"https:\/\/telemetry.com.pe\/index.php\/wp-json\/wp\/v2\/product_tag?post=3588"}],"curies":[{"name":"wp","href":"https:\/\/api.w.org\/{rel}","templated":true}]}}