{"id":3608,"date":"2023-09-16T00:50:05","date_gmt":"2023-09-16T00:50:05","guid":{"rendered":"http:\/\/telemetry.com.pe\/?post_type=product&#038;p=3608"},"modified":"2023-09-16T00:50:05","modified_gmt":"2023-09-16T00:50:05","slug":"radar-de-velocidad-de-superficie-rss-2-300-w-geolux","status":"publish","type":"product","link":"https:\/\/telemetry.com.pe\/index.php\/producto\/radar-de-velocidad-de-superficie-rss-2-300-w-geolux\/","title":{"rendered":"Radar de Velocidad de Superficie RSS-2-300 W &#8211; GEOLUX"},"content":{"rendered":"<p><strong>Radar de Velocidad de Superficie RSS-2-300 W &#8211; GEOLUX<\/strong><\/p>\n<p>&nbsp;<\/p>\n<p>El medidor de flujo Geolux RSS-2-300 W usa tecnolog\u00eda de radar para proporcionar una medici\u00f3n precisa y sin contacto de la velocidad del flujo de la superficie.\u00a0La tecnolog\u00eda de radar sin contacto permite la instalaci\u00f3n r\u00e1pida y sencilla de sensores sobre la superficie del agua y requiere un mantenimiento m\u00ednimo.<\/p>\n<p>El medidor de flujo RSS-2-300 W se usa para monitorear la velocidad de flujo de canales abiertos como r\u00edos, canales de irrigaci\u00f3n o sistemas de alcantarillado, y para monitorear y controlar plantas hidroel\u00e9ctricas y plantas de tratamiento de aguas residuales.\u00a0El medidor de flujo tambi\u00e9n es adecuado para varias aplicaciones de medici\u00f3n de flujo m\u00e1sico en plantas de procesamiento de miner\u00eda, instalaciones industriales y, debido a su funcionamiento sin partes m\u00f3viles y un dise\u00f1o mec\u00e1nico robusto, es ideal para la medici\u00f3n de fluidos inflamables y aplicaciones qu\u00edmicas agresivas.<\/p>\n<p>El sensor de radar Geolux RSS-2-300 W est\u00e1 certificado seg\u00fan las normas europeas y estadounidenses, y se est\u00e1 utilizando en todo el mundo.<\/p>\n<ul class=\"_1V4Ij\" data-hook=\"collapse-info-section\">\n<li class=\"_2knBS undefined\" data-hook=\"collapse-info-item\">\n<h2 class=\"Text1565404569__root Text1565404569---typography-11-runningText Text1565404569---priority-7-primary s8gg2 _2UIKs InfoSectionTitle3095652555__root\" aria-hidden=\"false\" data-hook=\"info-section-title\">Ventajas<\/h2>\n<div class=\"_2tV5m fggS- cell\"><\/div>\n<div class=\"rah-static rah-static--height-auto\" aria-hidden=\"false\">\n<div>\n<div class=\"_1yvxJ fggS- cell\">\n<div class=\"WncCi\" data-hook=\"info-section-description\">\n<div>\n<ul>\n<li>Medici\u00f3n de flujo sin contacto<\/li>\n<li>Opera en la banda K (24.125 GHz)<\/li>\n<li>Amplio rango de medici\u00f3n desde 0,02 m \/ sa 15 m \/ s<\/li>\n<li>Operaci\u00f3n de largo alcance hasta 50 m.<\/li>\n<li>Bajo consumo de energ\u00eda (m\u00e1x. 1,35 W, t\u00edpicamente 1 W)<\/li>\n<li>Rango de voltaje de entrada de 9 a 27 VCC<\/li>\n<\/ul>\n<\/div>\n<div>\n<ul>\n<li>Carcasa de aluminio IP68<\/li>\n<li>Soporte de interfaz de comunicaci\u00f3n RS-485 \/ Modbus, RS-232 y CAN<\/li>\n<li>Soporte de interfaz SDI-12 opcional<\/li>\n<li>Compensaci\u00f3n autom\u00e1tica del \u00e1ngulo de inclinaci\u00f3n del montaje<\/li>\n<li>F\u00e1cil montaje en poste, pared o caja<\/li>\n<li>Rango de temperatura de funcionamiento de -40 \u00b0 C a +85 \u00b0 C (-40 \u00b0 F a +185 \u00b0 F)<\/li>\n<\/ul>\n<ul class=\"_1V4Ij\" data-hook=\"collapse-info-section\">\n<li class=\"_2knBS undefined\" data-hook=\"collapse-info-item\">\n<h2 class=\"Text1565404569__root Text1565404569---typography-11-runningText Text1565404569---priority-7-primary s8gg2 _2UIKs InfoSectionTitle3095652555__root\" aria-hidden=\"false\" data-hook=\"info-section-title\">Aplicaciones<\/h2>\n<div class=\"_2tV5m fggS- cell\"><\/div>\n<div class=\"rah-static rah-static--height-auto\" aria-hidden=\"false\">\n<div>\n<div class=\"_1yvxJ fggS- cell\">\n<div class=\"WncCi\" data-hook=\"info-section-description\">\n<div>\n<p><strong>MEDICI\u00d3N DE FLUJO DE CANAL ABIERTO<\/strong><\/p>\n<p>Un radar de velocidad de superficie RSS-2-300 W proporciona una medici\u00f3n precisa y sin contacto de la velocidad de flujo de superficie en canales abiertos.\u00a0A diferencia de los sensores de velocidad de flujo basados \u200b\u200ben ultrasonido, el sensor de radar es inmune a los cambios de temperatura y densidad del aire.\u00a0El radar est\u00e1 encerrado dentro de una carcasa resistente al agua, con clasificaci\u00f3n IP68, lo que lo hace inmune a las condiciones ambientales adversas.\u00a0El sensor est\u00e1 montado sobre la superficie del agua.<\/p>\n<p>&nbsp;<\/p>\n<\/div>\n<div>\n<p><strong>MEDICI\u00d3N DE FLUJO INDUSTRIAL<\/strong><\/p>\n<p>El radar RSS-2-300 W se puede utilizar para medir el flujo de manera precisa en todo tipo de instalaciones industriales en interiores y exteriores.\u00a0Dado que las ondas de radar se propagan a trav\u00e9s de materiales pl\u00e1sticos, el radar se puede usar para medir la velocidad de flujo dentro de tuber\u00edas pl\u00e1sticas y tubos dentro de una instalaci\u00f3n industrial.\u00a0El radar Geolux RSS-2-300 W tambi\u00e9n se adapta perfectamente al uso en varias instalaciones de procesamiento de agua y alcantarillado, centrales hidroel\u00e9ctricas, etc.<\/p><\/div>\n<div><\/div>\n<\/div>\n<\/div>\n<div><\/div>\n<\/div>\n<\/div>\n<h2 class=\"Text1565404569__root Text1565404569---typography-11-runningText Text1565404569---priority-7-primary s8gg2 _2UIKs InfoSectionTitle3095652555__root\" aria-hidden=\"false\" data-hook=\"info-section-title\">Especificaciones<\/h2>\n<div class=\"_2tV5m fggS- cell\"><\/div>\n<div class=\"rah-static rah-static--height-auto\" aria-hidden=\"false\">\n<div>\n<div class=\"_1yvxJ fggS- cell\">\n<div class=\"WncCi\" data-hook=\"info-section-description\">\n<div>\n<ul>\n<li>Tipo de radar:\u00a0Radar Doppler K-band 24.125GHz, 21 dBm EIRP<\/li>\n<\/ul>\n<\/div>\n<div>\n<ul>\n<li>\u00c1ngulo de haz:\u00a012 \u00b0 Azimut, 24 \u00b0 Elevaci\u00f3n<\/li>\n<\/ul>\n<\/div>\n<div>\n<ul>\n<li>Distancia de detecci\u00f3n:\u00a050 m (haz de radar al agua), 20-25 m (altura sobre el agua)<\/li>\n<\/ul>\n<\/div>\n<div>\n<ul>\n<li>Rango de velocidad:\u00a00,02 m \/ sa 15 m \/ s<\/li>\n<\/ul>\n<\/div>\n<div>\n<ul>\n<li>Resoluci\u00f3n:\u00a00,001 m \/ s<\/li>\n<\/ul>\n<\/div>\n<div>\n<ul>\n<li>Exactitud:\u00a01%<\/li>\n<\/ul>\n<\/div>\n<div>\n<ul>\n<li>Clasificaci\u00f3n del IP:\u00a0IP68<\/li>\n<\/ul>\n<div>\n<ul>\n<li>Interfaz de serie:\u00a01 x serie RS-485 semid\u00faplex, 1 x serie RS-232 (interfaz de dos hilos)<\/li>\n<\/ul>\n<\/div>\n<div>\n<ul>\n<li>Tasa de baudios:\u00a01200 bps a 115200 bps<\/li>\n<\/ul>\n<\/div>\n<div>\n<ul>\n<li>Protocolos seriales:\u00a0Modbus \/ RS-485, GLX-NMEA, ASCII-S<\/li>\n<li>Interfaz SDI-12:\u00a0Disponible como m\u00f3dulo adicional opcional<\/li>\n<\/ul>\n<\/div>\n<div>\n<ul>\n<li>Conector:\u00a0M12 circular de 12 pines<\/li>\n<\/ul>\n<\/div>\n<\/div>\n<\/div>\n<\/div>\n<\/div>\n<\/div>\n<\/li>\n<\/ul>\n<\/div>\n<\/div>\n<\/div>\n<\/div>\n<\/div>\n<\/li>\n<\/ul>\n","protected":false},"excerpt":{"rendered":"<p>Radar de Velocidad de Superficie RSS-2-300 W &#8211; GEOLUX &nbsp; El medidor de flujo Geolux RSS-2-300 W usa tecnolog\u00eda de radar para proporcionar una medici\u00f3n precisa y sin contacto de la velocidad del flujo de la superficie.\u00a0La tecnolog\u00eda de radar sin contacto permite la instalaci\u00f3n r\u00e1pida y sencilla de sensores sobre la superficie del agua [&hellip;]<\/p>\n","protected":false},"featured_media":3607,"comment_status":"open","ping_status":"closed","template":"","meta":{"om_disable_all_campaigns":false,"ocean_post_layout":"","ocean_both_sidebars_style":"","ocean_both_sidebars_content_width":0,"ocean_both_sidebars_sidebars_width":0,"ocean_sidebar":"0","ocean_second_sidebar":"0","ocean_disable_margins":"enable","ocean_add_body_class":"","ocean_shortcode_before_top_bar":"","ocean_shortcode_after_top_bar":"","ocean_shortcode_before_header":"","ocean_shortcode_after_header":"","ocean_has_shortcode":"","ocean_shortcode_after_title":"","ocean_shortcode_before_footer_widgets":"","ocean_shortcode_after_footer_widgets":"","ocean_shortcode_before_footer_bottom":"","ocean_shortcode_after_footer_bottom":"","ocean_display_top_bar":"default","ocean_display_header":"default","ocean_header_style":"","ocean_center_header_left_menu":"0","ocean_custom_header_template":"0","ocean_custom_logo":0,"ocean_custom_retina_logo":0,"ocean_custom_logo_max_width":0,"ocean_custom_logo_tablet_max_width":0,"ocean_custom_logo_mobile_max_width":0,"ocean_custom_logo_max_height":0,"ocean_custom_logo_tablet_max_height":0,"ocean_custom_logo_mobile_max_height":0,"ocean_header_custom_menu":"0","ocean_menu_typo_font_family":"0","ocean_menu_typo_font_subset":"","ocean_menu_typo_font_size":0,"ocean_menu_typo_font_size_tablet":0,"ocean_menu_typo_font_size_mobile":0,"ocean_menu_typo_font_size_unit":"px","ocean_menu_typo_font_weight":"","ocean_menu_typo_font_weight_tablet":"","ocean_menu_typo_font_weight_mobile":"","ocean_menu_typo_transform":"","ocean_menu_typo_transform_tablet":"","ocean_menu_typo_transform_mobile":"","ocean_menu_typo_line_height":0,"ocean_menu_typo_line_height_tablet":0,"ocean_menu_typo_line_height_mobile":0,"ocean_menu_typo_line_height_unit":"","ocean_menu_typo_spacing":0,"ocean_menu_typo_spacing_tablet":0,"ocean_menu_typo_spacing_mobile":0,"ocean_menu_typo_spacing_unit":"","ocean_menu_link_color":"","ocean_menu_link_color_hover":"","ocean_menu_link_color_active":"","ocean_menu_link_background":"","ocean_menu_link_hover_background":"","ocean_menu_link_active_background":"","ocean_menu_social_links_bg":"","ocean_menu_social_hover_links_bg":"","ocean_menu_social_links_color":"","ocean_menu_social_hover_links_color":"","ocean_disable_title":"default","ocean_disable_heading":"default","ocean_post_title":"","ocean_post_subheading":"","ocean_post_title_style":"","ocean_post_title_background_color":"","ocean_post_title_background":0,"ocean_post_title_bg_image_position":"","ocean_post_title_bg_image_attachment":"","ocean_post_title_bg_image_repeat":"","ocean_post_title_bg_image_size":"","ocean_post_title_height":0,"ocean_post_title_bg_overlay":0.5,"ocean_post_title_bg_overlay_color":"","ocean_disable_breadcrumbs":"default","ocean_breadcrumbs_color":"","ocean_breadcrumbs_separator_color":"","ocean_breadcrumbs_links_color":"","ocean_breadcrumbs_links_hover_color":"","ocean_display_footer_widgets":"default","ocean_display_footer_bottom":"default","ocean_custom_footer_template":"0","_joinchat":[]},"product_brand":[],"product_cat":[16],"product_tag":[],"class_list":{"0":"post-3608","1":"product","2":"type-product","3":"status-publish","4":"has-post-thumbnail","6":"product_cat-sin-categorizar","8":"entry","9":"has-media","11":"first","12":"instock","13":"sale","14":"shipping-taxable","15":"purchasable","16":"product-type-simple","17":"has-product-nav","18":"col","19":"span_1_of_3","20":"owp-content-center","21":"owp-thumbs-layout-horizontal","22":"owp-btn-normal","23":"owp-tabs-layout-horizontal","24":"has-no-thumbnails"},"_links":{"self":[{"href":"https:\/\/telemetry.com.pe\/index.php\/wp-json\/wp\/v2\/product\/3608","targetHints":{"allow":["GET"]}}],"collection":[{"href":"https:\/\/telemetry.com.pe\/index.php\/wp-json\/wp\/v2\/product"}],"about":[{"href":"https:\/\/telemetry.com.pe\/index.php\/wp-json\/wp\/v2\/types\/product"}],"replies":[{"embeddable":true,"href":"https:\/\/telemetry.com.pe\/index.php\/wp-json\/wp\/v2\/comments?post=3608"}],"wp:featuredmedia":[{"embeddable":true,"href":"https:\/\/telemetry.com.pe\/index.php\/wp-json\/wp\/v2\/media\/3607"}],"wp:attachment":[{"href":"https:\/\/telemetry.com.pe\/index.php\/wp-json\/wp\/v2\/media?parent=3608"}],"wp:term":[{"taxonomy":"product_brand","embeddable":true,"href":"https:\/\/telemetry.com.pe\/index.php\/wp-json\/wp\/v2\/product_brand?post=3608"},{"taxonomy":"product_cat","embeddable":true,"href":"https:\/\/telemetry.com.pe\/index.php\/wp-json\/wp\/v2\/product_cat?post=3608"},{"taxonomy":"product_tag","embeddable":true,"href":"https:\/\/telemetry.com.pe\/index.php\/wp-json\/wp\/v2\/product_tag?post=3608"}],"curies":[{"name":"wp","href":"https:\/\/api.w.org\/{rel}","templated":true}]}}