{"id":3611,"date":"2023-09-16T00:50:05","date_gmt":"2023-09-16T00:50:05","guid":{"rendered":"http:\/\/telemetry.com.pe\/?post_type=product&#038;p=3611"},"modified":"2023-09-16T00:50:05","modified_gmt":"2023-09-16T00:50:05","slug":"sensor-de-nivel-de-radar-lx-80-geolux","status":"publish","type":"product","link":"https:\/\/telemetry.com.pe\/index.php\/producto\/sensor-de-nivel-de-radar-lx-80-geolux\/","title":{"rendered":"Sensor de Nivel de Radar LX-80 &#8211; GEOLUX"},"content":{"rendered":"<p><strong>Sensor de Nivel de Radar LX-80 &#8211; GEOLUX<\/strong><\/p>\n<p>Un LX-80 es un sensor de nivel basado en radar dise\u00f1ado para una medici\u00f3n precisa y sin contacto del nivel de varios fluidos y s\u00f3lidos.\u00a0Fue dise\u00f1ado para trabajar tanto en aplicaciones de monitoreo ambiental (para mediciones hidrol\u00f3gicas) como en aplicaciones industriales.\u00a0LX-80 viene en dos versiones: una versi\u00f3n de 15 metros y una versi\u00f3n de 30 metros.\u00a0El radar opera en la banda W (en el rango entre 77 y 81 GHz), lo que garantiza una alta precisi\u00f3n y permite que varios radares operen cerca uno del otro, sin interferencia mutua.<\/p>\n<p>Para aplicaciones industriales de alta temperatura (como la supervisi\u00f3n del nivel de metales fundidos o vidrio en hornos industriales), podemos ofrecer el sensor en un recinto refrigerado por aire o agua para soportar temperaturas ambientales de hasta 1600 \u00b0 C.<\/p>\n<ul class=\"_1V4Ij\" data-hook=\"collapse-info-section\">\n<li class=\"_2knBS undefined\" data-hook=\"collapse-info-item\">\n<h2 class=\"Text1565404569__root Text1565404569---typography-11-runningText Text1565404569---priority-7-primary s8gg2 _2UIKs InfoSectionTitle3095652555__root\" aria-hidden=\"false\" data-hook=\"info-section-title\">Ventajas<\/h2>\n<div class=\"_2tV5m fggS- cell\"><\/div>\n<div class=\"rah-static rah-static--height-auto\" aria-hidden=\"false\">\n<div>\n<div class=\"_1yvxJ fggS- cell\">\n<div class=\"WncCi\" data-hook=\"info-section-description\">\n<div>\n<ul>\n<li>Medici\u00f3n sin contacto de la distancia desde el sensor a la superficie.<\/li>\n<li>Trabajos en agua, suelo, la mayor\u00eda de los fluidos y la mayor\u00eda de los s\u00f3lidos.<\/li>\n<li>Para aplicaciones ambientales e industriales.<\/li>\n<li>Tecnolog\u00eda de radar ultra-precisa de 80 GHz<\/li>\n<li>Precisi\u00f3n de la medida +\/- 3 mm<\/li>\n<li>Calidad de medici\u00f3n no afectada por cambios en la temperatura o densidad del aire<\/li>\n<\/ul>\n<\/div>\n<div>\n<ul>\n<li>Instalaci\u00f3n simple<\/li>\n<li>Caja IP68<\/li>\n<li>Soporta una variedad de interfaces de comunicaci\u00f3n<\/li>\n<li>Rango de inter\u00e9s configurable<\/li>\n<li>Compatible con el registrador de datos Geolux SmartObserver y el software basado en la nube Geolux HydroView para monitoreo remoto en tiempo real<\/li>\n<li>Bajo consumo de energ\u00eda<\/li>\n<\/ul>\n<ul class=\"_1V4Ij\" data-hook=\"collapse-info-section\">\n<li class=\"_2knBS undefined\" data-hook=\"collapse-info-item\">\n<h2 class=\"Text1565404569__root Text1565404569---typography-11-runningText Text1565404569---priority-7-primary s8gg2 _2UIKs InfoSectionTitle3095652555__root\" aria-hidden=\"false\" data-hook=\"info-section-title\">Aplicaciones<\/h2>\n<div class=\"_2tV5m fggS- cell\"><\/div>\n<div class=\"rah-static rah-static--height-auto\" aria-hidden=\"false\">\n<div>\n<div class=\"_1yvxJ fggS- cell\">\n<div class=\"WncCi\" data-hook=\"info-section-description\">\n<div>\n<p><strong>MONITOREO HIDROL\u00d3GICO<\/strong><\/p>\n<p>La serie LX-80 de medidores de nivel basados \u200b\u200ben radar ofrece una precisi\u00f3n extrema para la medici\u00f3n sin contacto del nivel del agua en lagos, r\u00edos y mares.\u00a0La instalaci\u00f3n simple sobre la superficie del agua permite un despliegue r\u00e1pido y asegura la operaci\u00f3n con un mantenimiento m\u00ednimo.\u00a0El sensor de radar funciona en la banda de frecuencia de 80 GHz, por lo que no se ve afectado por los cambios en la temperatura y densidad del aire (a diferencia de los sensores de nivel de ultrasonido).<\/p>\n<p>&nbsp;<\/p>\n<\/div>\n<div>\n<p><strong>APLICACIONES INDUSTRIALES<\/strong><\/p>\n<p>El sensor de nivel de radar Geolux LX-80 se adapta perfectamente a varias aplicaciones industriales donde se requiere una medici\u00f3n de nivel precisa y sin contacto.\u00a0LX-80 puede medir el nivel de varios fluidos y s\u00f3lidos, y entregar mediciones en tiempo real a trav\u00e9s de interfaces de datos est\u00e1ndar de la industria.\u00a0Tambi\u00e9n ofrecemos versiones especializadas del sensor a pedido, como el sensor dentro de un gabinete refrigerado por agua o aire para uso en hornos de alta temperatura.<\/p><\/div>\n<div><\/div>\n<\/div>\n<div><\/div>\n<\/div>\n<\/div>\n<\/div>\n<h2 class=\"Text1565404569__root Text1565404569---typography-11-runningText Text1565404569---priority-7-primary s8gg2 _2UIKs InfoSectionTitle3095652555__root\" aria-hidden=\"false\" data-hook=\"info-section-title\">Especificaciones<\/h2>\n<div class=\"rah-static rah-static--height-auto\" aria-hidden=\"false\">\n<div>\n<div class=\"_1yvxJ fggS- cell\">\n<div class=\"WncCi\" data-hook=\"info-section-description\">\n<div>\n<ul>\n<li>Tipo de radar:\u00a0Radar FMCW banda 77-81 GHz<\/li>\n<\/ul>\n<\/div>\n<div>\n<ul>\n<li>\u00c1ngulo de haz:\u00a012 \u00b0 ambos ejes<\/li>\n<\/ul>\n<\/div>\n<div>\n<ul>\n<li>Distancia de detecci\u00f3n:\u00a015 m \/ 30 m<\/li>\n<\/ul>\n<\/div>\n<div>\n<ul>\n<li>Resoluci\u00f3n:\u00a00,5 mm<\/li>\n<\/ul>\n<\/div>\n<div>\n<ul>\n<li>Exactitud:\u00a0+\/- 3 mm<\/li>\n<\/ul>\n<\/div>\n<div>\n<ul>\n<li>Clasificaci\u00f3n del IP:\u00a0IP68<\/li>\n<li>Interfaz de serie:\u00a01 x serie RS-485 semid\u00faplex , 1 x serie RS-232 (interfaz de dos hilos)<\/li>\n<\/ul>\n<div>\n<ul>\n<li>Tasa de baudios:\u00a01200 bps a 115200 bps<\/li>\n<li>Protocolos seriales:\u00a0Modbus \/ RS-485, GLX-NMEA<\/li>\n<\/ul>\n<\/div>\n<div>\n<ul>\n<li>Otras interfaces:\u00a0SDI-12, anal\u00f3gico 4-20 mA<\/li>\n<\/ul>\n<\/div>\n<div>\n<ul>\n<li>Interfaz anal\u00f3gica 4-20 mA:\u00a0Disponible a petici\u00f3n<\/li>\n<\/ul>\n<\/div>\n<\/div>\n<\/div>\n<\/div>\n<\/div>\n<\/div>\n<\/li>\n<\/ul>\n<\/div>\n<\/div>\n<\/div>\n<\/div>\n<\/div>\n<\/li>\n<\/ul>\n","protected":false},"excerpt":{"rendered":"<p>Sensor de Nivel de Radar LX-80 &#8211; GEOLUX Un LX-80 es un sensor de nivel basado en radar dise\u00f1ado para una medici\u00f3n precisa y sin contacto del nivel de varios fluidos y s\u00f3lidos.\u00a0Fue dise\u00f1ado para trabajar tanto en aplicaciones de monitoreo ambiental (para mediciones hidrol\u00f3gicas) como en aplicaciones industriales.\u00a0LX-80 viene en dos versiones: una versi\u00f3n [&hellip;]<\/p>\n","protected":false},"featured_media":3602,"comment_status":"open","ping_status":"closed","template":"","meta":{"om_disable_all_campaigns":false,"ocean_post_layout":"","ocean_both_sidebars_style":"","ocean_both_sidebars_content_width":0,"ocean_both_sidebars_sidebars_width":0,"ocean_sidebar":"0","ocean_second_sidebar":"0","ocean_disable_margins":"enable","ocean_add_body_class":"","ocean_shortcode_before_top_bar":"","ocean_shortcode_after_top_bar":"","ocean_shortcode_before_header":"","ocean_shortcode_after_header":"","ocean_has_shortcode":"","ocean_shortcode_after_title":"","ocean_shortcode_before_footer_widgets":"","ocean_shortcode_after_footer_widgets":"","ocean_shortcode_before_footer_bottom":"","ocean_shortcode_after_footer_bottom":"","ocean_display_top_bar":"default","ocean_display_header":"default","ocean_header_style":"","ocean_center_header_left_menu":"0","ocean_custom_header_template":"0","ocean_custom_logo":0,"ocean_custom_retina_logo":0,"ocean_custom_logo_max_width":0,"ocean_custom_logo_tablet_max_width":0,"ocean_custom_logo_mobile_max_width":0,"ocean_custom_logo_max_height":0,"ocean_custom_logo_tablet_max_height":0,"ocean_custom_logo_mobile_max_height":0,"ocean_header_custom_menu":"0","ocean_menu_typo_font_family":"0","ocean_menu_typo_font_subset":"","ocean_menu_typo_font_size":0,"ocean_menu_typo_font_size_tablet":0,"ocean_menu_typo_font_size_mobile":0,"ocean_menu_typo_font_size_unit":"px","ocean_menu_typo_font_weight":"","ocean_menu_typo_font_weight_tablet":"","ocean_menu_typo_font_weight_mobile":"","ocean_menu_typo_transform":"","ocean_menu_typo_transform_tablet":"","ocean_menu_typo_transform_mobile":"","ocean_menu_typo_line_height":0,"ocean_menu_typo_line_height_tablet":0,"ocean_menu_typo_line_height_mobile":0,"ocean_menu_typo_line_height_unit":"","ocean_menu_typo_spacing":0,"ocean_menu_typo_spacing_tablet":0,"ocean_menu_typo_spacing_mobile":0,"ocean_menu_typo_spacing_unit":"","ocean_menu_link_color":"","ocean_menu_link_color_hover":"","ocean_menu_link_color_active":"","ocean_menu_link_background":"","ocean_menu_link_hover_background":"","ocean_menu_link_active_background":"","ocean_menu_social_links_bg":"","ocean_menu_social_hover_links_bg":"","ocean_menu_social_links_color":"","ocean_menu_social_hover_links_color":"","ocean_disable_title":"default","ocean_disable_heading":"default","ocean_post_title":"","ocean_post_subheading":"","ocean_post_title_style":"","ocean_post_title_background_color":"","ocean_post_title_background":0,"ocean_post_title_bg_image_position":"","ocean_post_title_bg_image_attachment":"","ocean_post_title_bg_image_repeat":"","ocean_post_title_bg_image_size":"","ocean_post_title_height":0,"ocean_post_title_bg_overlay":0.5,"ocean_post_title_bg_overlay_color":"","ocean_disable_breadcrumbs":"default","ocean_breadcrumbs_color":"","ocean_breadcrumbs_separator_color":"","ocean_breadcrumbs_links_color":"","ocean_breadcrumbs_links_hover_color":"","ocean_display_footer_widgets":"default","ocean_display_footer_bottom":"default","ocean_custom_footer_template":"0","_joinchat":[]},"product_brand":[],"product_cat":[16],"product_tag":[],"class_list":{"0":"post-3611","1":"product","2":"type-product","3":"status-publish","4":"has-post-thumbnail","6":"product_cat-sin-categorizar","8":"entry","9":"has-media","11":"first","12":"instock","13":"sale","14":"shipping-taxable","15":"purchasable","16":"product-type-simple","17":"has-product-nav","18":"col","19":"span_1_of_3","20":"owp-content-center","21":"owp-thumbs-layout-horizontal","22":"owp-btn-normal","23":"owp-tabs-layout-horizontal","24":"has-no-thumbnails"},"_links":{"self":[{"href":"https:\/\/telemetry.com.pe\/index.php\/wp-json\/wp\/v2\/product\/3611","targetHints":{"allow":["GET"]}}],"collection":[{"href":"https:\/\/telemetry.com.pe\/index.php\/wp-json\/wp\/v2\/product"}],"about":[{"href":"https:\/\/telemetry.com.pe\/index.php\/wp-json\/wp\/v2\/types\/product"}],"replies":[{"embeddable":true,"href":"https:\/\/telemetry.com.pe\/index.php\/wp-json\/wp\/v2\/comments?post=3611"}],"wp:featuredmedia":[{"embeddable":true,"href":"https:\/\/telemetry.com.pe\/index.php\/wp-json\/wp\/v2\/media\/3602"}],"wp:attachment":[{"href":"https:\/\/telemetry.com.pe\/index.php\/wp-json\/wp\/v2\/media?parent=3611"}],"wp:term":[{"taxonomy":"product_brand","embeddable":true,"href":"https:\/\/telemetry.com.pe\/index.php\/wp-json\/wp\/v2\/product_brand?post=3611"},{"taxonomy":"product_cat","embeddable":true,"href":"https:\/\/telemetry.com.pe\/index.php\/wp-json\/wp\/v2\/product_cat?post=3611"},{"taxonomy":"product_tag","embeddable":true,"href":"https:\/\/telemetry.com.pe\/index.php\/wp-json\/wp\/v2\/product_tag?post=3611"}],"curies":[{"name":"wp","href":"https:\/\/api.w.org\/{rel}","templated":true}]}}