{"id":3612,"date":"2023-09-16T00:50:05","date_gmt":"2023-09-16T00:50:05","guid":{"rendered":"http:\/\/telemetry.com.pe\/?post_type=product&#038;p=3612"},"modified":"2023-09-16T00:50:05","modified_gmt":"2023-09-16T00:50:05","slug":"medidor-de-flujo-rss-2-300-wl-geolux","status":"publish","type":"product","link":"https:\/\/telemetry.com.pe\/index.php\/producto\/medidor-de-flujo-rss-2-300-wl-geolux\/","title":{"rendered":"Medidor de Flujo RSS-2-300 WL &#8211; GEOLUX"},"content":{"rendered":"<p><strong>Medidor de Flujo RSS-2-300 WL &#8211; GEOLUX<\/strong><\/p>\n<p>El medidor de nivel y velocidad de flujo Geolux RSS-2-300 WL utiliza tecnolog\u00eda de radar para proporcionar una medici\u00f3n precisa y sin contacto de la velocidad de flujo de la superficie y para medir la distancia desde el sensor hasta el nivel del agua.\u00a0La tecnolog\u00eda de radar sin contacto permite la instalaci\u00f3n r\u00e1pida y sencilla de sensores sobre la superficie del agua y requiere un mantenimiento m\u00ednimo.<\/p>\n<p>El m\u00f3dulo de c\u00e1lculo de descarga integrado utiliza las dos medidas junto con un perfil de geometr\u00eda del canal del r\u00edo preconfigurado para calcular la descarga total de agua en tiempo real.\u00a0El m\u00f3dulo de c\u00e1lculo de descarga se incluye en el precio del instrumento RSS-2-300 WL.<\/p>\n<ul class=\"_1V4Ij\" data-hook=\"collapse-info-section\">\n<li class=\"_2knBS undefined\" data-hook=\"collapse-info-item\">\n<h2 class=\"Text1565404569__root Text1565404569---typography-11-runningText Text1565404569---priority-7-primary s8gg2 _2UIKs InfoSectionTitle3095652555__root\" aria-hidden=\"false\" data-hook=\"info-section-title\">Ventajas<\/h2>\n<div class=\"_2tV5m fggS- cell\"><\/div>\n<div class=\"rah-static rah-static--height-auto\" aria-hidden=\"false\">\n<div>\n<div class=\"_1yvxJ fggS- cell\">\n<div class=\"WncCi\" data-hook=\"info-section-description\">\n<div>\n<ul>\n<li>Medici\u00f3n de flujo sin contacto<\/li>\n<li>Instrumento combinado de dos sensores:<br \/>\nradar de velocidad de superficie y<br \/>\nsensor de nivel de radar<\/li>\n<li>C\u00e1lculo integrado de descargas en el instrumento.<\/li>\n<li>Amplio rango de medici\u00f3n de velocidad de 0,02 m \/ sa 15 m \/ s<\/li>\n<li>El rango de medici\u00f3n de distancia de 0,5 ma 15 m o 30 m, depende del modelo del dispositivo<\/li>\n<li>Dise\u00f1o compacto y de bajo consumo.<\/li>\n<\/ul>\n<\/div>\n<div>\n<ul>\n<li>Amplio rango de voltaje de entrada, adecuado para aplicaciones solares<\/li>\n<li>Carcasa de aluminio IP68<\/li>\n<li>Admite una variedad de interfaces de comunicaci\u00f3n (RS-232, RS-485, CAN, salidas de alarma de drenaje abierto)<\/li>\n<li>Soporte opcional SDI-12<\/li>\n<li>Compensaci\u00f3n autom\u00e1tica del \u00e1ngulo de montaje (correcci\u00f3n del coseno)<\/li>\n<li>F\u00e1cil montaje en poste, pared o caja<\/li>\n<li>Rango de temperatura de funcionamiento de -40 \u00b0 C a +85 \u00b0 C (-40 \u00b0 F a +185 \u00b0 F)<\/li>\n<\/ul>\n<ul class=\"_1V4Ij\" data-hook=\"collapse-info-section\">\n<li class=\"_2knBS undefined\" data-hook=\"collapse-info-item\">\n<h2 class=\"Text1565404569__root Text1565404569---typography-11-runningText Text1565404569---priority-7-primary s8gg2 _2UIKs InfoSectionTitle3095652555__root\" aria-hidden=\"false\" data-hook=\"info-section-title\">Aplicaciones<\/h2>\n<div class=\"_2tV5m fggS- cell\"><\/div>\n<div class=\"rah-static rah-static--height-auto\" aria-hidden=\"false\">\n<div>\n<div class=\"_1yvxJ fggS- cell\">\n<div class=\"WncCi\" data-hook=\"info-section-description\">\n<div>\n<p><strong>MEDICI\u00d3N DE FLUJO DE CANAL ABIERTO<\/strong><\/p>\n<p>RSS-2-300 WL es un sensor de flujo sin contacto que proporciona una medici\u00f3n precisa de la velocidad del flujo de la superficie y el nivel del agua.\u00a0El sensor de flujo es inmune a los cambios de temperatura y densidad del aire.\u00a0La unidad est\u00e1 encerrada dentro de una carcasa impermeable con clasificaci\u00f3n IP68, lo que la hace adecuada para medir el flujo de canal abierto.\u00a0El instrumento es compatible con m\u00faltiples interfaces y protocolos de comunicaci\u00f3n, lo que facilita la integraci\u00f3n en un sistema SCADA existente.<\/p>\n<p>&nbsp;<\/p>\n<\/div>\n<div>\n<p><strong>MEDICI\u00d3N DE FLUJO INDUSTRIAL<\/strong><\/p>\n<p>El medidor de flujo RSS-2-300 WL se puede usar para medir el flujo de manera precisa en todo tipo de instalaciones industriales en interiores y exteriores.\u00a0El medidor de flujo Geolux RSS-2-300 WL tambi\u00e9n es perfectamente adecuado para su uso en varias instalaciones de procesamiento de agua y aguas residuales, plantas hidroel\u00e9ctricas, etc.<\/p><\/div>\n<div><\/div>\n<\/div>\n<\/div>\n<div><\/div>\n<\/div>\n<\/div>\n<h2 class=\"Text1565404569__root Text1565404569---typography-11-runningText Text1565404569---priority-7-primary s8gg2 _2UIKs InfoSectionTitle3095652555__root\" aria-hidden=\"false\" data-hook=\"info-section-title\">Especificaciones<\/h2>\n<div class=\"_2tV5m fggS- cell\"><\/div>\n<div class=\"rah-static rah-static--height-auto\" aria-hidden=\"false\">\n<div>\n<div class=\"_1yvxJ fggS- cell\">\n<div class=\"WncCi\" data-hook=\"info-section-description\">\n<div>\n<ul>\n<li>Tipo de radar de velocidad de superficie:\u00a0Radar Doppler de 24.125 GHz de banda K, EIRP de 21 dBm<\/li>\n<\/ul>\n<\/div>\n<div>\n<ul>\n<li>\u00c1ngulo de haz de radar de velocidad de superficie:\u00a012 \u00b0 Azimut, 24 \u00b0 Elevaci\u00f3n<\/li>\n<\/ul>\n<\/div>\n<div>\n<ul>\n<li>Tipo de radar de nivel:\u00a0Radar FMCW banda 77-81 GHz<\/li>\n<\/ul>\n<\/div>\n<div>\n<ul>\n<li>\u00c1ngulo de haz del radar de nivel:\u00a012 \u00b0<\/li>\n<\/ul>\n<\/div>\n<div>\n<ul>\n<li>Distancia de detecci\u00f3n:\u00a015 m \/ 30 m<\/li>\n<\/ul>\n<\/div>\n<div>\n<ul>\n<li>Rango de velocidad:\u00a00,02 m \/ sa 15 m \/ s<\/li>\n<\/ul>\n<\/div>\n<div>\n<ul>\n<li>Resoluci\u00f3n de velocidad:\u00a00,001 m \/ s<\/li>\n<\/ul>\n<\/div>\n<div>\n<ul>\n<li>Precisi\u00f3n de la velocidad:\u00a01%<\/li>\n<\/ul>\n<\/div>\n<div>\n<ul>\n<li>Resoluci\u00f3n de niveles:\u00a00,5 mm<\/li>\n<\/ul>\n<\/div>\n<div>\n<ul>\n<li>Nivel de precisi\u00f3n:\u00a0+\/- 3 mm<\/li>\n<\/ul>\n<\/div>\n<div>\n<ul>\n<li>Clasificaci\u00f3n del IP:\u00a0IP68<\/li>\n<\/ul>\n<div>\n<ul>\n<li>Interfaz de serie:\u00a01 x serie RS-485 semid\u00faplex, 1 x serie RS-232 (interfaz de dos hilos)<\/li>\n<\/ul>\n<\/div>\n<div>\n<ul>\n<li>Tasa de baudios:\u00a01200 bps a 115200 bps<\/li>\n<\/ul>\n<\/div>\n<div>\n<ul>\n<li>Protocolos seriales:\u00a0Modbus \/ RS-485, GLX-NMEA, ASCII-S, otros disponibles bajo pedido<\/li>\n<\/ul>\n<\/div>\n<div>\n<ul>\n<li>Interfaz SDI-12:\u00a0Disponible como m\u00f3dulo adicional opcional<\/li>\n<\/ul>\n<\/div>\n<div>\n<ul>\n<li>Interfaz anal\u00f3gica 4-20 mA:\u00a0Disponible a petici\u00f3n<\/li>\n<\/ul>\n<\/div>\n<\/div>\n<\/div>\n<\/div>\n<\/div>\n<\/div>\n<\/li>\n<\/ul>\n<\/div>\n<\/div>\n<\/div>\n<\/div>\n<\/div>\n<\/li>\n<\/ul>\n","protected":false},"excerpt":{"rendered":"<p>Medidor de Flujo RSS-2-300 WL &#8211; GEOLUX El medidor de nivel y velocidad de flujo Geolux RSS-2-300 WL utiliza tecnolog\u00eda de radar para proporcionar una medici\u00f3n precisa y sin contacto de la velocidad de flujo de la superficie y para medir la distancia desde el sensor hasta el nivel del agua.\u00a0La tecnolog\u00eda de radar sin [&hellip;]<\/p>\n","protected":false},"featured_media":3604,"comment_status":"open","ping_status":"closed","template":"","meta":{"om_disable_all_campaigns":false,"ocean_post_layout":"","ocean_both_sidebars_style":"","ocean_both_sidebars_content_width":0,"ocean_both_sidebars_sidebars_width":0,"ocean_sidebar":"0","ocean_second_sidebar":"0","ocean_disable_margins":"enable","ocean_add_body_class":"","ocean_shortcode_before_top_bar":"","ocean_shortcode_after_top_bar":"","ocean_shortcode_before_header":"","ocean_shortcode_after_header":"","ocean_has_shortcode":"","ocean_shortcode_after_title":"","ocean_shortcode_before_footer_widgets":"","ocean_shortcode_after_footer_widgets":"","ocean_shortcode_before_footer_bottom":"","ocean_shortcode_after_footer_bottom":"","ocean_display_top_bar":"default","ocean_display_header":"default","ocean_header_style":"","ocean_center_header_left_menu":"0","ocean_custom_header_template":"0","ocean_custom_logo":0,"ocean_custom_retina_logo":0,"ocean_custom_logo_max_width":0,"ocean_custom_logo_tablet_max_width":0,"ocean_custom_logo_mobile_max_width":0,"ocean_custom_logo_max_height":0,"ocean_custom_logo_tablet_max_height":0,"ocean_custom_logo_mobile_max_height":0,"ocean_header_custom_menu":"0","ocean_menu_typo_font_family":"0","ocean_menu_typo_font_subset":"","ocean_menu_typo_font_size":0,"ocean_menu_typo_font_size_tablet":0,"ocean_menu_typo_font_size_mobile":0,"ocean_menu_typo_font_size_unit":"px","ocean_menu_typo_font_weight":"","ocean_menu_typo_font_weight_tablet":"","ocean_menu_typo_font_weight_mobile":"","ocean_menu_typo_transform":"","ocean_menu_typo_transform_tablet":"","ocean_menu_typo_transform_mobile":"","ocean_menu_typo_line_height":0,"ocean_menu_typo_line_height_tablet":0,"ocean_menu_typo_line_height_mobile":0,"ocean_menu_typo_line_height_unit":"","ocean_menu_typo_spacing":0,"ocean_menu_typo_spacing_tablet":0,"ocean_menu_typo_spacing_mobile":0,"ocean_menu_typo_spacing_unit":"","ocean_menu_link_color":"","ocean_menu_link_color_hover":"","ocean_menu_link_color_active":"","ocean_menu_link_background":"","ocean_menu_link_hover_background":"","ocean_menu_link_active_background":"","ocean_menu_social_links_bg":"","ocean_menu_social_hover_links_bg":"","ocean_menu_social_links_color":"","ocean_menu_social_hover_links_color":"","ocean_disable_title":"default","ocean_disable_heading":"default","ocean_post_title":"","ocean_post_subheading":"","ocean_post_title_style":"","ocean_post_title_background_color":"","ocean_post_title_background":0,"ocean_post_title_bg_image_position":"","ocean_post_title_bg_image_attachment":"","ocean_post_title_bg_image_repeat":"","ocean_post_title_bg_image_size":"","ocean_post_title_height":0,"ocean_post_title_bg_overlay":0.5,"ocean_post_title_bg_overlay_color":"","ocean_disable_breadcrumbs":"default","ocean_breadcrumbs_color":"","ocean_breadcrumbs_separator_color":"","ocean_breadcrumbs_links_color":"","ocean_breadcrumbs_links_hover_color":"","ocean_display_footer_widgets":"default","ocean_display_footer_bottom":"default","ocean_custom_footer_template":"0","_joinchat":[]},"product_brand":[],"product_cat":[16],"product_tag":[],"class_list":{"0":"post-3612","1":"product","2":"type-product","3":"status-publish","4":"has-post-thumbnail","6":"product_cat-sin-categorizar","8":"entry","9":"has-media","11":"first","12":"instock","13":"sale","14":"shipping-taxable","15":"purchasable","16":"product-type-simple","17":"has-product-nav","18":"col","19":"span_1_of_3","20":"owp-content-center","21":"owp-thumbs-layout-horizontal","22":"owp-btn-normal","23":"owp-tabs-layout-horizontal","24":"has-no-thumbnails"},"_links":{"self":[{"href":"https:\/\/telemetry.com.pe\/index.php\/wp-json\/wp\/v2\/product\/3612","targetHints":{"allow":["GET"]}}],"collection":[{"href":"https:\/\/telemetry.com.pe\/index.php\/wp-json\/wp\/v2\/product"}],"about":[{"href":"https:\/\/telemetry.com.pe\/index.php\/wp-json\/wp\/v2\/types\/product"}],"replies":[{"embeddable":true,"href":"https:\/\/telemetry.com.pe\/index.php\/wp-json\/wp\/v2\/comments?post=3612"}],"wp:featuredmedia":[{"embeddable":true,"href":"https:\/\/telemetry.com.pe\/index.php\/wp-json\/wp\/v2\/media\/3604"}],"wp:attachment":[{"href":"https:\/\/telemetry.com.pe\/index.php\/wp-json\/wp\/v2\/media?parent=3612"}],"wp:term":[{"taxonomy":"product_brand","embeddable":true,"href":"https:\/\/telemetry.com.pe\/index.php\/wp-json\/wp\/v2\/product_brand?post=3612"},{"taxonomy":"product_cat","embeddable":true,"href":"https:\/\/telemetry.com.pe\/index.php\/wp-json\/wp\/v2\/product_cat?post=3612"},{"taxonomy":"product_tag","embeddable":true,"href":"https:\/\/telemetry.com.pe\/index.php\/wp-json\/wp\/v2\/product_tag?post=3612"}],"curies":[{"name":"wp","href":"https:\/\/api.w.org\/{rel}","templated":true}]}}