{"id":3619,"date":"2023-09-16T00:50:05","date_gmt":"2023-09-16T00:50:05","guid":{"rendered":"http:\/\/telemetry.com.pe\/?post_type=product&#038;p=3619"},"modified":"2023-09-16T00:50:05","modified_gmt":"2023-09-16T00:50:05","slug":"hidroestacion","status":"publish","type":"product","link":"https:\/\/telemetry.com.pe\/index.php\/producto\/hidroestacion\/","title":{"rendered":"Hidroestaci\u00f3n"},"content":{"rendered":"<div class=\"st r\">Productos Destacados<\/div>\n<div class=\"r\">\n<div class=\"c21\">\n<ul class=\"checkboxedlist\">\n<li><span>Estaci\u00f3n de monitoreo hidrol\u00f3gico altamente integrada<\/span><\/li>\n<li><span>Caja compacta a prueba de vandalismo<\/span><\/li>\n<li><span>Soporte de panel solar ajustable<\/span><\/li>\n<li><span>Soportes para todos los instrumentos incluidos<\/span><\/li>\n<li><span>Permite una r\u00e1pida instalaci\u00f3n e implementaci\u00f3n en el sitio<\/span><\/li>\n<li><span>Caja de aluminio endurecido IP68<\/span><\/li>\n<\/ul>\n<\/div>\n<div class=\"c22\">\n<ul class=\"checkboxedlist\">\n<li><span>Incluye medidor de nivel de agua basado en radar y radar de velocidad de superficie para medir el nivel de agua y la descarga<\/span><\/li>\n<li><span>Incluye c\u00e1mara Geolux HydroCam para inspecci\u00f3n visual del sitio de monitoreo<\/span><\/li>\n<li><span>Bater\u00eda de litio y panel solar para suministro continuo de energ\u00eda<\/span><\/li>\n<li><span>Registrador de datos habilitado para GPRS con cargador de bater\u00eda MPPT<\/span><\/li>\n<li><span>Dise\u00f1ado para trabajar con el software Geolux HydroView<\/span><\/li>\n<\/ul>\n<\/div>\n<\/div>\n<div class=\"st r\"><span>Descripci\u00f3n del producto<\/span><\/div>\n<div class=\"r\">\n<div class=\"c21\"><span>Geolux HydroStation es una plataforma compacta que integra varios productos Geolux en un solo paquete f\u00e1cil de instalar.\u00a0Contiene todo lo necesario para montar una estaci\u00f3n hidrol\u00f3gica de control de nivel y caudal de agua.\u00a0HydroStation contiene no solo los instrumentos necesarios, sino tambi\u00e9n un registrador de datos habilitado para GPRS, una bater\u00eda de respaldo y un panel solar para proporcionar energ\u00eda continua en ubicaciones remotas.<\/span><\/p>\n<p><span>La versi\u00f3n est\u00e1ndar de HydroStation viene equipada con un panel solar de 20 W, una bater\u00eda de litio de 20 Ah, un registrador de datos SmartObserver habilitado para GPRS, un sensor de nivel de agua basado en radar Geolux LX-80-15 y una superficie Geolux RSS-2-300 W. radar de velocidad\u00a0La bater\u00eda y el registrador de datos est\u00e1n encerrados en una carcasa de aluminio resistente al agua y a prueba de vandalismo con clasificaci\u00f3n IP68.\u00a0El panel solar est\u00e1 unido a un soporte ajustable que permite una f\u00e1cil orientaci\u00f3n del panel solar durante la configuraci\u00f3n de la estaci\u00f3n.<\/span><\/div>\n<div class=\"c22\"><span>La HydroStation est\u00e1 equipada con soportes de montaje que hacen que la instalaci\u00f3n en una estructura existente, como un puente, sea sencilla y sencilla.\u00a0No es necesario instalar por separado el panel solar, los instrumentos, la bater\u00eda y el registrador de datos en el sitio, y no es necesario instalar el cableado cuando se realiza el trabajo en el sitio.\u00a0En cambio, todos los instrumentos y l\u00edneas el\u00e9ctricas ya est\u00e1n conectados.\u00a0Este enfoque reduce la cantidad de trabajo necesario para realizar en el sitio, lo cual es conveniente cuando necesita instalar varias estaciones hidrol\u00f3gicas en un tiempo limitado.<\/span><\/p>\n<p><span>Tambi\u00e9n proporcionamos HydroStations personalizadas con diferentes instrumentos hidrol\u00f3gicos conectados, con diferentes tama\u00f1os de paneles solares y con diferentes capacidades de bater\u00eda instaladas.\u00a0Cont\u00e1ctenos con sus requisitos espec\u00edficos y le proporcionaremos una soluci\u00f3n que se ajuste perfectamente a sus necesidades.<\/span><\/div>\n<\/div>\n","protected":false},"excerpt":{"rendered":"<p>Productos Destacados Estaci\u00f3n de monitoreo hidrol\u00f3gico altamente integrada Caja compacta a prueba de vandalismo Soporte de panel solar ajustable Soportes para todos los instrumentos incluidos Permite una r\u00e1pida instalaci\u00f3n e implementaci\u00f3n en el sitio Caja de aluminio endurecido IP68 Incluye medidor de nivel de agua basado en radar y radar de velocidad de superficie para [&hellip;]<\/p>\n","protected":false},"featured_media":3620,"comment_status":"open","ping_status":"closed","template":"","meta":{"om_disable_all_campaigns":false,"ocean_post_layout":"","ocean_both_sidebars_style":"","ocean_both_sidebars_content_width":0,"ocean_both_sidebars_sidebars_width":0,"ocean_sidebar":"0","ocean_second_sidebar":"0","ocean_disable_margins":"enable","ocean_add_body_class":"","ocean_shortcode_before_top_bar":"","ocean_shortcode_after_top_bar":"","ocean_shortcode_before_header":"","ocean_shortcode_after_header":"","ocean_has_shortcode":"","ocean_shortcode_after_title":"","ocean_shortcode_before_footer_widgets":"","ocean_shortcode_after_footer_widgets":"","ocean_shortcode_before_footer_bottom":"","ocean_shortcode_after_footer_bottom":"","ocean_display_top_bar":"default","ocean_display_header":"default","ocean_header_style":"","ocean_center_header_left_menu":"0","ocean_custom_header_template":"0","ocean_custom_logo":0,"ocean_custom_retina_logo":0,"ocean_custom_logo_max_width":0,"ocean_custom_logo_tablet_max_width":0,"ocean_custom_logo_mobile_max_width":0,"ocean_custom_logo_max_height":0,"ocean_custom_logo_tablet_max_height":0,"ocean_custom_logo_mobile_max_height":0,"ocean_header_custom_menu":"0","ocean_menu_typo_font_family":"0","ocean_menu_typo_font_subset":"","ocean_menu_typo_font_size":0,"ocean_menu_typo_font_size_tablet":0,"ocean_menu_typo_font_size_mobile":0,"ocean_menu_typo_font_size_unit":"px","ocean_menu_typo_font_weight":"","ocean_menu_typo_font_weight_tablet":"","ocean_menu_typo_font_weight_mobile":"","ocean_menu_typo_transform":"","ocean_menu_typo_transform_tablet":"","ocean_menu_typo_transform_mobile":"","ocean_menu_typo_line_height":0,"ocean_menu_typo_line_height_tablet":0,"ocean_menu_typo_line_height_mobile":0,"ocean_menu_typo_line_height_unit":"","ocean_menu_typo_spacing":0,"ocean_menu_typo_spacing_tablet":0,"ocean_menu_typo_spacing_mobile":0,"ocean_menu_typo_spacing_unit":"","ocean_menu_link_color":"","ocean_menu_link_color_hover":"","ocean_menu_link_color_active":"","ocean_menu_link_background":"","ocean_menu_link_hover_background":"","ocean_menu_link_active_background":"","ocean_menu_social_links_bg":"","ocean_menu_social_hover_links_bg":"","ocean_menu_social_links_color":"","ocean_menu_social_hover_links_color":"","ocean_disable_title":"default","ocean_disable_heading":"default","ocean_post_title":"","ocean_post_subheading":"","ocean_post_title_style":"","ocean_post_title_background_color":"","ocean_post_title_background":0,"ocean_post_title_bg_image_position":"","ocean_post_title_bg_image_attachment":"","ocean_post_title_bg_image_repeat":"","ocean_post_title_bg_image_size":"","ocean_post_title_height":0,"ocean_post_title_bg_overlay":0.5,"ocean_post_title_bg_overlay_color":"","ocean_disable_breadcrumbs":"default","ocean_breadcrumbs_color":"","ocean_breadcrumbs_separator_color":"","ocean_breadcrumbs_links_color":"","ocean_breadcrumbs_links_hover_color":"","ocean_display_footer_widgets":"default","ocean_display_footer_bottom":"default","ocean_custom_footer_template":"0","_joinchat":[]},"product_brand":[],"product_cat":[16],"product_tag":[],"class_list":{"0":"post-3619","1":"product","2":"type-product","3":"status-publish","4":"has-post-thumbnail","6":"product_cat-sin-categorizar","8":"entry","9":"has-media","11":"first","12":"instock","13":"sale","14":"shipping-taxable","15":"purchasable","16":"product-type-simple","17":"has-product-nav","18":"col","19":"span_1_of_3","20":"owp-content-center","21":"owp-thumbs-layout-horizontal","22":"owp-btn-normal","23":"owp-tabs-layout-horizontal","24":"has-no-thumbnails"},"_links":{"self":[{"href":"https:\/\/telemetry.com.pe\/index.php\/wp-json\/wp\/v2\/product\/3619","targetHints":{"allow":["GET"]}}],"collection":[{"href":"https:\/\/telemetry.com.pe\/index.php\/wp-json\/wp\/v2\/product"}],"about":[{"href":"https:\/\/telemetry.com.pe\/index.php\/wp-json\/wp\/v2\/types\/product"}],"replies":[{"embeddable":true,"href":"https:\/\/telemetry.com.pe\/index.php\/wp-json\/wp\/v2\/comments?post=3619"}],"wp:featuredmedia":[{"embeddable":true,"href":"https:\/\/telemetry.com.pe\/index.php\/wp-json\/wp\/v2\/media\/3620"}],"wp:attachment":[{"href":"https:\/\/telemetry.com.pe\/index.php\/wp-json\/wp\/v2\/media?parent=3619"}],"wp:term":[{"taxonomy":"product_brand","embeddable":true,"href":"https:\/\/telemetry.com.pe\/index.php\/wp-json\/wp\/v2\/product_brand?post=3619"},{"taxonomy":"product_cat","embeddable":true,"href":"https:\/\/telemetry.com.pe\/index.php\/wp-json\/wp\/v2\/product_cat?post=3619"},{"taxonomy":"product_tag","embeddable":true,"href":"https:\/\/telemetry.com.pe\/index.php\/wp-json\/wp\/v2\/product_tag?post=3619"}],"curies":[{"name":"wp","href":"https:\/\/api.w.org\/{rel}","templated":true}]}}