{"id":3659,"date":"2023-09-16T00:50:05","date_gmt":"2023-09-16T00:50:05","guid":{"rendered":"http:\/\/telemetry.com.pe\/?post_type=product&#038;p=3659"},"modified":"2023-09-16T00:50:05","modified_gmt":"2023-09-16T00:50:05","slug":"lector-de-campo-de-cuerda-vibrante-ultimate","status":"publish","type":"product","link":"https:\/\/telemetry.com.pe\/index.php\/producto\/lector-de-campo-de-cuerda-vibrante-ultimate\/","title":{"rendered":"Lector de campo de cuerda vibrante Ultimate"},"content":{"rendered":"<div class=\"rowContenttrue\">\n<div class=\"col-lg-6 col-md-6 col-sm-12 col-xs-12 loc\" data-loc=\"1\" data-row=\"11\">\n<div id=\"c_357\" class=\"clearfix cHolder st691\" data-mstid=\"691\">\n<div id=\"recid:8205|tblid:50|view:0|fids:338\" class=\"comp\">\n<p><span>El analizador de cuerda vibrante (VWA) es el equipo port\u00e1til de campo m\u00e1s innovador que existe. Listo para usar en campo y r\u00e1pidamente medir un sensor, guardar los datos, y entregar resultados en informes formato PDF y hoja de c\u00e1lculo. Las medidas son geolocalizadas mediante el GPS integrado, permitiendo que el dispositivo verifique y proporcione indicaciones de las ubicaciones de los sensores. El VWA usa tecnolog\u00eda de an\u00e1lisis espectral (VSPECT\u2122) para suministrar la mejor medida posible de cuerda vibrante, discriminando el ruido externo. La gran pantalla a color permite visualizar f\u00e1cilmente la presentaci\u00f3n gr\u00e1fica de los datos.<\/span><\/p>\n<p><em><span>La tecnolog\u00eda VSPECT est\u00e1 protegida bajo la U.S. Patent No. 7,779,690.<\/span><\/em><\/p>\n<p><span class=\"pull-right\"><a href=\"https:\/\/www.campbellsci.es\/vwanalyzer#descripciontecnica_\"><span>Leer m\u00e1s<\/span><i class=\"\\&quot;csi-iconfont\"><\/i><\/a><\/span><\/div>\n<\/div>\n<\/div>\n<\/div>\n<div class=\"rowContenttrue\">\n<div class=\"col-lg-6 col-md-6 col-sm-12 col-xs-12 loc\" data-loc=\"2\" data-row=\"11\">\n<div id=\"c_361\" class=\"clearfix cHolder st696\" data-mstid=\"696\">\n<div>\n<h2>Ventajas y caracter\u00edsticas<\/h2>\n<ul>\n<li>Crear informes PDF personalizados<\/li>\n<li>Confianza en la medici\u00f3n con pantalla gr\u00e1fica y\u00a0tecnolog\u00eda\u00a0<sup>VSPECT\u00ae<\/sup><\/li>\n<li>Pantalla a todo color y men\u00fas f\u00e1ciles de usar<\/li>\n<li>GPS integrado para registrar la ubicaci\u00f3n del sensor<\/li>\n<li>Capaz de leer cualquier sensor de cuerda vibrante<\/li>\n<li>Biblioteca de sensores que contiene sensores de cuerda vibrante comunes<\/li>\n<li>Transferencia r\u00e1pida de archivos PDF y CSV con una conexi\u00f3n USB<\/li>\n<\/ul>\n<h2>Descripci\u00f3n detallada<\/h2>\n<div id=\"recid:8205|tblid:50|view:0|fids:929\" class=\"comp columns\">\n<p>El analizador de cuerda vibrante (VWAnalyzer) utiliza la tecnolog\u00eda VSPECT\u00ae patentada\u00a0<sup>para<\/sup>\u00a0obtener las mediciones de cuerda vibrante m\u00e1s confiables disponibles.\u00a0El VWAnalyzer convierte las medidas en unidades de ingenier\u00eda, genera un informe PDF imprimible y guarda un archivo de resumen CSV.\u00a0La pantalla gr\u00e1fica permite confirmar la salida y el funcionamiento del sensor.\u00a0La tecnolog\u00eda VSPECT\u00a0<sup>\u00ae<\/sup>\u00a0elimina la interferencia de ruido disruptivo y proporciona diagn\u00f3sticos del sensor para obtener la mejor medici\u00f3n posible.\u00a0La inmunidad al ruido VSPECT\u00a0<sup>\u00ae<\/sup>\u00a0permite evaluar con confianza indicadores que de otro modo ser\u00edan ilegibles.<\/p>\n<p>Un archivo de proyecto mantiene la informaci\u00f3n del sitio\/sensor para 40 sitios \u00fanicos con 22 sensores por sitio.\u00a0Las ubicaciones del sitio\/sensor est\u00e1n geolocalizadas, lo que permite que el GPS interno gu\u00ede al usuario directamente a la ubicaci\u00f3n del sensor.\u00a0La informaci\u00f3n del sitio\/sensor y del usuario se puede crear o editar en el dispositivo o con una computadora usando el software gratuito VwProjects.<\/p>\n<p><strong>Nota:<\/strong>\u00a0\u00a0 El VWAnalyzer se puede conectar a una computadora y se trata como un dispositivo de memoria externa (unidad de memoria flash) para transferir datos.<\/p>\n<h3><sup>\u00bfQu\u00e9 es una medici\u00f3n<\/sup>\u00a0VSPECT\u00ae\u00a0?<\/h3>\n<p>VSPECT\u00a0<sup>\u00ae<\/sup>\u00a0proporciona la mejor medici\u00f3n de cuerda vibrante disponible.\u00a0La frecuencia de un sensor se identifica f\u00e1cilmente mientras se filtra el ruido ambiental y el\u00e9ctrico que afecta la calidad de otros lectores de cuerda vibrante.\u00a0VSPECT\u00a0<sup>\u00ae<\/sup>\u00a0proporciona diagn\u00f3sticos de medici\u00f3n para comprender la respuesta del sensor, la calidad de la instalaci\u00f3n e identificar el cableado incorrecto o los sensores da\u00f1ados.<\/p>\n<h3>Salida y Diagn\u00f3stico<\/h3>\n<h4>Frecuencia del sensor (Hz)<\/h4>\n<p><em>La frecuencia es un valor medido.<\/em><\/p>\n<p>Medida b\u00e1sica de un sensor de cuerda vibrante.\u00a0La frecuencia se puede convertir en unidades de ingenier\u00eda (por ejemplo, presi\u00f3n, desplazamiento) y es la se\u00f1al de mayor amplitud medida dentro del barrido de frecuencia.<\/p>\n<h4>Amplitud del sensor (mV RMS)<\/h4>\n<p><em>Los valores de diagn\u00f3stico describen la calidad de la medici\u00f3n de frecuencia.<\/em><\/p>\n<p>Intensidad de la se\u00f1al del sensor de cuerda vibrante.\u00a0La amplitud var\u00eda y se ve afectada por el tipo de sensor, la fuerza de excitaci\u00f3n (ajustable) y la longitud del cable del sensor.<\/p>\n<h4>Relaci\u00f3n se\u00f1al-ruido (sin unidades)<\/h4>\n<p><em>Los valores de diagn\u00f3stico describen la calidad de la medici\u00f3n de frecuencia.<\/em><\/p>\n<p>Amplitud de la se\u00f1al del sensor dividida por la mayor amplitud de ruido dentro de la frecuencia de barrido.\u00a0Una relaci\u00f3n se\u00f1al\/ruido baja indica una se\u00f1al de sensor d\u00e9bil o un entorno ruidoso.<\/p>\n<h4>Frecuencia de ruido (Hz)<\/h4>\n<p><em>Los valores de diagn\u00f3stico describen la calidad de la medici\u00f3n de frecuencia.<\/em><\/p>\n<p>Se\u00f1al de ruido de mayor amplitud dentro del barrido de frecuencia.<\/p>\n<h4>Relaci\u00f3n de descomposici\u00f3n<\/h4>\n<p><em>Los valores de diagn\u00f3stico describen la calidad de la medici\u00f3n de frecuencia.<\/em><\/p>\n<p>Atenuaci\u00f3n de la se\u00f1al (qu\u00e9 tan r\u00e1pido disminuye la intensidad de la se\u00f1al).<\/p>\n<h4>Resistencia del termistor\/RTD (\u03a9)<\/h4>\n<p><em>La resistencia es un valor medido.<\/em><\/p>\n<p>Medida utilizada para calcular la temperatura del sensor y corregir los efectos t\u00e9rmicos.\u00a0El VWAnalyzer mide la temperatura del sensor de cuerda vibrante (si est\u00e1 presente);\u00a0las correcciones t\u00e9rmicas y barom\u00e9tricas requieren procesamiento posterior.<\/p>\n<h2><span>Compatibilidad<\/span><\/h2>\n<div class=\"reading-len compatibilityText\">\n<p><span>El analizador de cuerda vibrante (VWAnalyzer) puede medir todos los sensores de cuerda vibrante, incluidos, entre otros, medidores de tensi\u00f3n, piez\u00f3metros, transductores de presi\u00f3n, inclin\u00f3metros, medidores de grietas y celdas de carga.\u00a0El VWAnalyzer tiene una biblioteca de sensores integrada que contiene sensores comunes de fabricantes comunes de cuerda vibrante;\u00a0El uso de la biblioteca de sensores permite que VWAnalyzer genere datos utilizando unidades de ingenier\u00eda.\u00a0<\/span><\/p>\n<\/div>\n<\/div>\n<\/div>\n<\/div>\n<\/div>\n<\/div>\n","protected":false},"excerpt":{"rendered":"<p>El analizador de cuerda vibrante (VWA) es el equipo port\u00e1til de campo m\u00e1s innovador que existe. Listo para usar en campo y r\u00e1pidamente medir un sensor, guardar los datos, y entregar resultados en informes formato PDF y hoja de c\u00e1lculo. Las medidas son geolocalizadas mediante el GPS integrado, permitiendo que el dispositivo verifique y proporcione [&hellip;]<\/p>\n","protected":false},"featured_media":3657,"comment_status":"open","ping_status":"closed","template":"","meta":{"om_disable_all_campaigns":false,"ocean_post_layout":"","ocean_both_sidebars_style":"","ocean_both_sidebars_content_width":0,"ocean_both_sidebars_sidebars_width":0,"ocean_sidebar":"0","ocean_second_sidebar":"0","ocean_disable_margins":"enable","ocean_add_body_class":"","ocean_shortcode_before_top_bar":"","ocean_shortcode_after_top_bar":"","ocean_shortcode_before_header":"","ocean_shortcode_after_header":"","ocean_has_shortcode":"","ocean_shortcode_after_title":"","ocean_shortcode_before_footer_widgets":"","ocean_shortcode_after_footer_widgets":"","ocean_shortcode_before_footer_bottom":"","ocean_shortcode_after_footer_bottom":"","ocean_display_top_bar":"default","ocean_display_header":"default","ocean_header_style":"","ocean_center_header_left_menu":"0","ocean_custom_header_template":"0","ocean_custom_logo":0,"ocean_custom_retina_logo":0,"ocean_custom_logo_max_width":0,"ocean_custom_logo_tablet_max_width":0,"ocean_custom_logo_mobile_max_width":0,"ocean_custom_logo_max_height":0,"ocean_custom_logo_tablet_max_height":0,"ocean_custom_logo_mobile_max_height":0,"ocean_header_custom_menu":"0","ocean_menu_typo_font_family":"0","ocean_menu_typo_font_subset":"","ocean_menu_typo_font_size":0,"ocean_menu_typo_font_size_tablet":0,"ocean_menu_typo_font_size_mobile":0,"ocean_menu_typo_font_size_unit":"px","ocean_menu_typo_font_weight":"","ocean_menu_typo_font_weight_tablet":"","ocean_menu_typo_font_weight_mobile":"","ocean_menu_typo_transform":"","ocean_menu_typo_transform_tablet":"","ocean_menu_typo_transform_mobile":"","ocean_menu_typo_line_height":0,"ocean_menu_typo_line_height_tablet":0,"ocean_menu_typo_line_height_mobile":0,"ocean_menu_typo_line_height_unit":"","ocean_menu_typo_spacing":0,"ocean_menu_typo_spacing_tablet":0,"ocean_menu_typo_spacing_mobile":0,"ocean_menu_typo_spacing_unit":"","ocean_menu_link_color":"","ocean_menu_link_color_hover":"","ocean_menu_link_color_active":"","ocean_menu_link_background":"","ocean_menu_link_hover_background":"","ocean_menu_link_active_background":"","ocean_menu_social_links_bg":"","ocean_menu_social_hover_links_bg":"","ocean_menu_social_links_color":"","ocean_menu_social_hover_links_color":"","ocean_disable_title":"default","ocean_disable_heading":"default","ocean_post_title":"","ocean_post_subheading":"","ocean_post_title_style":"","ocean_post_title_background_color":"","ocean_post_title_background":0,"ocean_post_title_bg_image_position":"","ocean_post_title_bg_image_attachment":"","ocean_post_title_bg_image_repeat":"","ocean_post_title_bg_image_size":"","ocean_post_title_height":0,"ocean_post_title_bg_overlay":0.5,"ocean_post_title_bg_overlay_color":"","ocean_disable_breadcrumbs":"default","ocean_breadcrumbs_color":"","ocean_breadcrumbs_separator_color":"","ocean_breadcrumbs_links_color":"","ocean_breadcrumbs_links_hover_color":"","ocean_display_footer_widgets":"default","ocean_display_footer_bottom":"default","ocean_custom_footer_template":"0","_joinchat":[]},"product_brand":[],"product_cat":[16],"product_tag":[],"class_list":{"0":"post-3659","1":"product","2":"type-product","3":"status-publish","4":"has-post-thumbnail","6":"product_cat-sin-categorizar","8":"entry","9":"has-media","11":"first","12":"instock","13":"sale","14":"shipping-taxable","15":"purchasable","16":"product-type-simple","17":"has-product-nav","18":"col","19":"span_1_of_3","20":"owp-content-center","21":"owp-thumbs-layout-horizontal","22":"owp-btn-normal","23":"owp-tabs-layout-horizontal","24":"has-no-thumbnails"},"_links":{"self":[{"href":"https:\/\/telemetry.com.pe\/index.php\/wp-json\/wp\/v2\/product\/3659","targetHints":{"allow":["GET"]}}],"collection":[{"href":"https:\/\/telemetry.com.pe\/index.php\/wp-json\/wp\/v2\/product"}],"about":[{"href":"https:\/\/telemetry.com.pe\/index.php\/wp-json\/wp\/v2\/types\/product"}],"replies":[{"embeddable":true,"href":"https:\/\/telemetry.com.pe\/index.php\/wp-json\/wp\/v2\/comments?post=3659"}],"wp:featuredmedia":[{"embeddable":true,"href":"https:\/\/telemetry.com.pe\/index.php\/wp-json\/wp\/v2\/media\/3657"}],"wp:attachment":[{"href":"https:\/\/telemetry.com.pe\/index.php\/wp-json\/wp\/v2\/media?parent=3659"}],"wp:term":[{"taxonomy":"product_brand","embeddable":true,"href":"https:\/\/telemetry.com.pe\/index.php\/wp-json\/wp\/v2\/product_brand?post=3659"},{"taxonomy":"product_cat","embeddable":true,"href":"https:\/\/telemetry.com.pe\/index.php\/wp-json\/wp\/v2\/product_cat?post=3659"},{"taxonomy":"product_tag","embeddable":true,"href":"https:\/\/telemetry.com.pe\/index.php\/wp-json\/wp\/v2\/product_tag?post=3659"}],"curies":[{"name":"wp","href":"https:\/\/api.w.org\/{rel}","templated":true}]}}