{"id":3714,"date":"2023-09-16T00:50:05","date_gmt":"2023-09-16T00:50:05","guid":{"rendered":"http:\/\/telemetry.com.pe\/?post_type=product&#038;p=3714"},"modified":"2023-09-16T00:50:05","modified_gmt":"2023-09-16T00:50:05","slug":"micromate","status":"publish","type":"product","link":"https:\/\/telemetry.com.pe\/index.php\/producto\/micromate\/","title":{"rendered":"Micromate"},"content":{"rendered":"<p><span>Registre sin problemas la vibraci\u00f3n, el nivel de sonido\/ruido o la sobrepresi\u00f3n del aire con una sola unidad de monitoreo.\u00a0El Micromate se dise\u00f1\u00f3 a la medida con un dise\u00f1o robusto y confiable para soportar condiciones adversas, incluida la resistencia al agua.\u00a0Experimente tiempo muerto cero que incluye de 10 a 15 d\u00edas de monitoreo ininterrumpido con la bater\u00eda interna provista.\u00a0Los 15 MB de memoria del Micromate pueden almacenar hasta 1000 eventos, ampliables a 4000 eventos con la opci\u00f3n de memoria extendida de 60 MB.<\/span><\/p>\n<p><span>El Micromate es ligero y port\u00e1til.\u00a0Es lo suficientemente peque\u00f1o como para caber en la palma de su mano y cuenta con una pantalla t\u00e1ctil a color de alta resoluci\u00f3n con teclado QWERTY.\u00a0Cuenta con un puerto USB incorporado para que pueda conectar f\u00e1cilmente una unidad flash USB para transferir eventos o incluso actualizar el firmware de la unidad, de forma r\u00e1pida, f\u00e1cil y todo en el campo sin necesidad de una computadora.<\/span><\/p>\n<p><span>El Micromate viene con tres canales para un ge\u00f3fono triaxial y un canal para un micr\u00f3fono de nivel de sonido o sobrepresi\u00f3n de aire.\u00a0Cada unidad base est\u00e1 acoplada con un ge\u00f3fono y configurada para cumplir con uno de los siguientes est\u00e1ndares de la industria: Sociedad Internacional de Ingenieros en Explosivos (ISEE-2017), Deutsches Institut f\u00fcr Normung (DIN 45669-1), voladuras suecas (SS4604866) y pilotes suecos Conducci\u00f3n (SS025211).<\/span><\/p>\n<h2><span>Caracter\u00edsticas<\/span><\/h2>\n<div class=\"product-features perrow-3\">\n<div class=\"product-feature\">\n<div class=\"f-icon\">\n<div class=\"field field--name-field-svg-icon field--type-entity-reference field--label-hidden field__items\">\n<div class=\"field__item\">\n<div><img decoding=\"async\" class=\"img-responsive\" src=\"https:\/\/www.instantel.com\/sites\/instantel.com\/files\/2020-04\/touch-screen.svg\" alt=\"alternativa\" \/><\/div>\n<\/div>\n<\/div>\n<\/div>\n<div class=\"f-name h5\"><span>Pantalla t\u00e1ctil<\/span><\/div>\n<div class=\"f-name\">\n<p><span>El Micromate cuenta con una pantalla t\u00e1ctil con gr\u00e1ficos grandes de alta resoluci\u00f3n y un teclado.\u00a0El teclado QWERTY de pantalla t\u00e1ctil completa hace que la entrada de datos y notas sea conveniente y f\u00e1cil.<\/span><\/p>\n<\/div>\n<\/div>\n<div class=\"product-feature\">\n<div class=\"f-icon\">\n<div class=\"field field--name-field-svg-icon field--type-entity-reference field--label-hidden field__items\">\n<div class=\"field__item\">\n<div><img decoding=\"async\" class=\"img-responsive\" src=\"https:\/\/www.instantel.com\/sites\/instantel.com\/files\/2020-04\/expansivememory.svg\" alt=\"\" \/><\/div>\n<\/div>\n<\/div>\n<\/div>\n<div class=\"f-name h5\"><span>Memoria expansiva<\/span><\/div>\n<div class=\"f-name\">\n<p><span>Incluye una memoria interna no vol\u00e1til de 15 MB que puede almacenar hasta 1000 eventos.\u00a0Una actualizaci\u00f3n opcional aumenta la memoria a 60 MB para una capacidad de almacenamiento de m\u00e1s de 4000 eventos.<\/span><\/p>\n<\/div>\n<\/div>\n<div class=\"product-feature\">\n<div class=\"f-icon\">\n<div class=\"field field--name-field-svg-icon field--type-entity-reference field--label-hidden field__items\">\n<div class=\"field__item\">\n<div><img decoding=\"async\" class=\"img-responsive\" src=\"https:\/\/www.instantel.com\/sites\/instantel.com\/files\/2020-04\/realtimeos.svg\" alt=\"\" \/><\/div>\n<\/div>\n<\/div>\n<\/div>\n<div class=\"f-name h5\"><span>Sistema operativo en tiempo real<\/span><\/div>\n<div class=\"f-name\">\n<p><span>Si\u00e9ntete seguro sabiendo que nunca te perder\u00e1s un evento.\u00a0Si el evento dura m\u00e1s que el tiempo de registro preconfigurado, el Micromate continuar\u00e1 capturando el evento.\u00a0Dispare una vez, pero capture todos y cada uno de los eventos manteniendo un tama\u00f1o de muestra peque\u00f1o.<\/span><\/p>\n<\/div>\n<\/div>\n<div class=\"product-feature\">\n<div class=\"f-icon\">\n<div class=\"field field--name-field-svg-icon field--type-entity-reference field--label-hidden field__items\">\n<div class=\"field__item\">\n<div><img decoding=\"async\" class=\"img-responsive\" src=\"https:\/\/www.instantel.com\/sites\/instantel.com\/files\/2020-04\/usb.svg\" alt=\"alternativa\" \/><\/div>\n<\/div>\n<\/div>\n<\/div>\n<div class=\"f-name h5\"><span>USB incorporado<\/span><\/div>\n<div class=\"f-name\">\n<p><span>Est\u00e1ndar en cada unidad Micromate es un puerto USB con velocidades de funcionamiento de hasta 12 MBps.\u00a0Conecte una unidad flash USB para transferir eventos o incluso actualizar el firmware de la unidad, de manera r\u00e1pida, f\u00e1cil y todo en el campo sin necesidad de una computadora.\u00a0\u00a1Elija el puerto auxiliar opcional y obtenga soporte adicional para alarmas remotas, activadores de cables externos y m\u00e1s!\u00a0Con el Micromate, las posibilidades son infinitas.<\/span><\/p>\n<\/div>\n<\/div>\n<div class=\"product-feature\">\n<div class=\"f-icon\">\n<div class=\"field field--name-field-svg-icon field--type-entity-reference field--label-hidden field__items\">\n<div class=\"field__item\">\n<div><img decoding=\"async\" class=\"img-responsive\" src=\"https:\/\/www.instantel.com\/sites\/instantel.com\/files\/2020-04\/reliabledesign.svg\" alt=\"\" \/><\/div>\n<\/div>\n<\/div>\n<\/div>\n<div class=\"f-name h5\"><span>Dise\u00f1o robusto y confiable<\/span><\/div>\n<div class=\"f-name\">\n<p><span>El Micromate est\u00e1 hecho para durar.\u00a0La unidad principal viene con un panel superior completamente sellado.\u00a0Los conectores de grado industrial completamente sellados y no corrosivos est\u00e1n etiquetados y codificados por colores para una f\u00e1cil identificaci\u00f3n e instalaci\u00f3n.\u00a0Las carcasas moldeadas a medida para la unidad base est\u00e1n hechas de policarbonato de impacto superior.\u00a0Una \u201cbota\u201d protectora opcional proporciona el m\u00e1s alto nivel de durabilidad y robustez disponible en la l\u00ednea de productos de Instantel.\u00a0El rango de temperatura de funcionamiento es de -40 \u00b0C a 55 \u00b0C (-40 \u00b0F a 131 \u00b0F).\u00a0\u00a1La confiabilidad est\u00e1 en el centro de todo lo que hace Instantel!<\/span><\/p>\n<\/div>\n<\/div>\n<div class=\"product-feature\">\n<div class=\"f-icon\">\n<div class=\"field field--name-field-svg-icon field--type-entity-reference field--label-hidden field__items\">\n<div class=\"field__item\">\n<div><img decoding=\"async\" class=\"img-responsive\" src=\"https:\/\/www.instantel.com\/sites\/instantel.com\/files\/2020-04\/powersolutions.svg\" alt=\"\" \/><\/div>\n<\/div>\n<\/div>\n<\/div>\n<div class=\"f-name h5\"><span>Soluciones de energ\u00eda flexibles<\/span><\/div>\n<div class=\"f-name\">\n<p><span>Experimente de 10 a 15 d\u00edas de monitoreo ininterrumpido con su bater\u00eda interna.\u00a0La vida \u00fatil de la bater\u00eda se puede extender f\u00e1cilmente conectando un panel solar o una bater\u00eda externa y es ideal para instalaciones remotas o permanentes.<\/span><\/p>\n<\/div>\n<\/div>\n<\/div>\n","protected":false},"excerpt":{"rendered":"<p>Registre sin problemas la vibraci\u00f3n, el nivel de sonido\/ruido o la sobrepresi\u00f3n del aire con una sola unidad de monitoreo.\u00a0El Micromate se dise\u00f1\u00f3 a la medida con un dise\u00f1o robusto y confiable para soportar condiciones adversas, incluida la resistencia al agua.\u00a0Experimente tiempo muerto cero que incluye de 10 a 15 d\u00edas de monitoreo ininterrumpido con [&hellip;]<\/p>\n","protected":false},"featured_media":3715,"comment_status":"open","ping_status":"closed","template":"","meta":{"om_disable_all_campaigns":false,"ocean_post_layout":"","ocean_both_sidebars_style":"","ocean_both_sidebars_content_width":0,"ocean_both_sidebars_sidebars_width":0,"ocean_sidebar":"0","ocean_second_sidebar":"0","ocean_disable_margins":"enable","ocean_add_body_class":"","ocean_shortcode_before_top_bar":"","ocean_shortcode_after_top_bar":"","ocean_shortcode_before_header":"","ocean_shortcode_after_header":"","ocean_has_shortcode":"","ocean_shortcode_after_title":"","ocean_shortcode_before_footer_widgets":"","ocean_shortcode_after_footer_widgets":"","ocean_shortcode_before_footer_bottom":"","ocean_shortcode_after_footer_bottom":"","ocean_display_top_bar":"default","ocean_display_header":"default","ocean_header_style":"","ocean_center_header_left_menu":"0","ocean_custom_header_template":"0","ocean_custom_logo":0,"ocean_custom_retina_logo":0,"ocean_custom_logo_max_width":0,"ocean_custom_logo_tablet_max_width":0,"ocean_custom_logo_mobile_max_width":0,"ocean_custom_logo_max_height":0,"ocean_custom_logo_tablet_max_height":0,"ocean_custom_logo_mobile_max_height":0,"ocean_header_custom_menu":"0","ocean_menu_typo_font_family":"0","ocean_menu_typo_font_subset":"","ocean_menu_typo_font_size":0,"ocean_menu_typo_font_size_tablet":0,"ocean_menu_typo_font_size_mobile":0,"ocean_menu_typo_font_size_unit":"px","ocean_menu_typo_font_weight":"","ocean_menu_typo_font_weight_tablet":"","ocean_menu_typo_font_weight_mobile":"","ocean_menu_typo_transform":"","ocean_menu_typo_transform_tablet":"","ocean_menu_typo_transform_mobile":"","ocean_menu_typo_line_height":0,"ocean_menu_typo_line_height_tablet":0,"ocean_menu_typo_line_height_mobile":0,"ocean_menu_typo_line_height_unit":"","ocean_menu_typo_spacing":0,"ocean_menu_typo_spacing_tablet":0,"ocean_menu_typo_spacing_mobile":0,"ocean_menu_typo_spacing_unit":"","ocean_menu_link_color":"","ocean_menu_link_color_hover":"","ocean_menu_link_color_active":"","ocean_menu_link_background":"","ocean_menu_link_hover_background":"","ocean_menu_link_active_background":"","ocean_menu_social_links_bg":"","ocean_menu_social_hover_links_bg":"","ocean_menu_social_links_color":"","ocean_menu_social_hover_links_color":"","ocean_disable_title":"default","ocean_disable_heading":"default","ocean_post_title":"","ocean_post_subheading":"","ocean_post_title_style":"","ocean_post_title_background_color":"","ocean_post_title_background":0,"ocean_post_title_bg_image_position":"","ocean_post_title_bg_image_attachment":"","ocean_post_title_bg_image_repeat":"","ocean_post_title_bg_image_size":"","ocean_post_title_height":0,"ocean_post_title_bg_overlay":0.5,"ocean_post_title_bg_overlay_color":"","ocean_disable_breadcrumbs":"default","ocean_breadcrumbs_color":"","ocean_breadcrumbs_separator_color":"","ocean_breadcrumbs_links_color":"","ocean_breadcrumbs_links_hover_color":"","ocean_display_footer_widgets":"default","ocean_display_footer_bottom":"default","ocean_custom_footer_template":"0","_joinchat":[]},"product_brand":[],"product_cat":[16],"product_tag":[],"class_list":{"0":"post-3714","1":"product","2":"type-product","3":"status-publish","4":"has-post-thumbnail","6":"product_cat-sin-categorizar","8":"entry","9":"has-media","11":"first","12":"instock","13":"sale","14":"shipping-taxable","15":"purchasable","16":"product-type-simple","17":"has-product-nav","18":"col","19":"span_1_of_3","20":"owp-content-center","21":"owp-thumbs-layout-horizontal","22":"owp-btn-normal","23":"owp-tabs-layout-horizontal","24":"has-no-thumbnails"},"_links":{"self":[{"href":"https:\/\/telemetry.com.pe\/index.php\/wp-json\/wp\/v2\/product\/3714","targetHints":{"allow":["GET"]}}],"collection":[{"href":"https:\/\/telemetry.com.pe\/index.php\/wp-json\/wp\/v2\/product"}],"about":[{"href":"https:\/\/telemetry.com.pe\/index.php\/wp-json\/wp\/v2\/types\/product"}],"replies":[{"embeddable":true,"href":"https:\/\/telemetry.com.pe\/index.php\/wp-json\/wp\/v2\/comments?post=3714"}],"wp:featuredmedia":[{"embeddable":true,"href":"https:\/\/telemetry.com.pe\/index.php\/wp-json\/wp\/v2\/media\/3715"}],"wp:attachment":[{"href":"https:\/\/telemetry.com.pe\/index.php\/wp-json\/wp\/v2\/media?parent=3714"}],"wp:term":[{"taxonomy":"product_brand","embeddable":true,"href":"https:\/\/telemetry.com.pe\/index.php\/wp-json\/wp\/v2\/product_brand?post=3714"},{"taxonomy":"product_cat","embeddable":true,"href":"https:\/\/telemetry.com.pe\/index.php\/wp-json\/wp\/v2\/product_cat?post=3714"},{"taxonomy":"product_tag","embeddable":true,"href":"https:\/\/telemetry.com.pe\/index.php\/wp-json\/wp\/v2\/product_tag?post=3714"}],"curies":[{"name":"wp","href":"https:\/\/api.w.org\/{rel}","templated":true}]}}