{"id":3790,"date":"2023-09-16T00:47:08","date_gmt":"2023-09-16T00:47:08","guid":{"rendered":"http:\/\/telemetry.com.pe\/?post_type=product&#038;p=3790"},"modified":"2024-02-26T17:24:54","modified_gmt":"2024-02-26T17:24:54","slug":"quanterra-q8","status":"publish","type":"product","link":"https:\/\/telemetry.com.pe\/index.php\/producto\/quanterra-q8\/","title":{"rendered":"QUANTERRA Q8"},"content":{"rendered":"<p><strong><span>Q8 |\u00a0SISTEMA S\u00cdSMICO DE ALTA RESOLUCI\u00d3N Y POTENCIA ULTRA BAJA\u00a0<\/span><\/strong><\/p>\n<p class=\"Default\"><span class=\"A1\"><span>El Q8 es el miembro m\u00e1s nuevo de la familia Quanterra\u00ae de sistemas de adquisici\u00f3n de datos de ultra alta resoluci\u00f3n con un consumo de energ\u00eda ultra bajo.\u00a0Peque\u00f1o en tama\u00f1o y volumen, el Q8 est\u00e1 dise\u00f1ado como un reemplazo directo de los digitalizadores Q330 en redes existentes basadas en Q330 o implementaciones port\u00e1tiles y ofrece la misma confiabilidad, extraordinaria estabilidad de temperatura y redundancia de datos.<\/span><\/span><\/p>\n<h3><span>APLICACIONES RELACIONADAS<\/span><\/h3>\n<p>VISI\u00d3N DE CONJUNTO<\/p>\n<p><span>Obtenga m\u00e1s informaci\u00f3n sobre las aplicaciones que usamos junto con este producto.<\/span><\/p>\n<ul>\n<li><span>Sistemas de alerta temprana de terremotos<\/span><\/li>\n<li><span>Centros de datos de alta disponibilidad y sala de situaci\u00f3n<\/span><\/li>\n<\/ul>\n<p>CARACTER\u00cdSTICAS<\/p>\n<ul>\n<li><span>Rango din\u00e1mico de banda ancha de 6 canales de alta resoluci\u00f3n;\u00a0S\u00e9ptimo canal separado de alta resoluci\u00f3n para la digitalizaci\u00f3n de la se\u00f1al de calibraci\u00f3n.<\/span><\/li>\n<li><span>Consumo ultrabajo (&lt;300 mW para grabaci\u00f3n de 3 canales, incluido GPS).<\/span><\/li>\n<li><span>Un almacenamiento no extra\u00edble de 32 GB con integridad a prueba de fallas de energ\u00eda y dos medios de almacenamiento extra\u00edbles de 32 GB (hasta 256 GB posibles).<\/span><\/li>\n<li><span>Aceler\u00f3metro MEMS de \u00b12g de 3 ejes integrado, digitalizado por separado y sincr\u00f3nicamente.<\/span><\/li>\n<\/ul>\n<p>BENEFICIOS<\/p>\n<ul>\n<li><span>Compatibilidad con todas las redes s\u00edsmicas basadas en Q330.<\/span><\/li>\n<li><span>Modo de resoluci\u00f3n mejorada con deriva t\u00e9rmica extremadamente baja.<\/span><\/li>\n<li><span>Interfaz de sensor universal con conexi\u00f3n en serie a una multitud de marcas de sism\u00f3metros.<\/span><\/li>\n<li><span>Interfaz WiFi y Red Mesh para datos auxiliares.<\/span><\/li>\n<\/ul>\n","protected":false},"excerpt":{"rendered":"<p>Q8 |\u00a0SISTEMA S\u00cdSMICO DE ALTA RESOLUCI\u00d3N Y POTENCIA ULTRA BAJA\u00a0 El Q8 es el miembro m\u00e1s nuevo de la familia Quanterra\u00ae de sistemas de adquisici\u00f3n de datos de ultra alta resoluci\u00f3n con un consumo de energ\u00eda ultra bajo.\u00a0Peque\u00f1o en tama\u00f1o y volumen, el Q8 est\u00e1 dise\u00f1ado como un reemplazo directo de los digitalizadores Q330 en [&hellip;]<\/p>\n","protected":false},"featured_media":3791,"comment_status":"open","ping_status":"closed","template":"","meta":{"om_disable_all_campaigns":false,"ocean_post_layout":"","ocean_both_sidebars_style":"","ocean_both_sidebars_content_width":0,"ocean_both_sidebars_sidebars_width":0,"ocean_sidebar":"0","ocean_second_sidebar":"0","ocean_disable_margins":"enable","ocean_add_body_class":"","ocean_shortcode_before_top_bar":"","ocean_shortcode_after_top_bar":"","ocean_shortcode_before_header":"","ocean_shortcode_after_header":"","ocean_has_shortcode":"","ocean_shortcode_after_title":"","ocean_shortcode_before_footer_widgets":"","ocean_shortcode_after_footer_widgets":"","ocean_shortcode_before_footer_bottom":"","ocean_shortcode_after_footer_bottom":"","ocean_display_top_bar":"default","ocean_display_header":"default","ocean_header_style":"","ocean_center_header_left_menu":"0","ocean_custom_header_template":"0","ocean_custom_logo":0,"ocean_custom_retina_logo":0,"ocean_custom_logo_max_width":0,"ocean_custom_logo_tablet_max_width":0,"ocean_custom_logo_mobile_max_width":0,"ocean_custom_logo_max_height":0,"ocean_custom_logo_tablet_max_height":0,"ocean_custom_logo_mobile_max_height":0,"ocean_header_custom_menu":"0","ocean_menu_typo_font_family":"0","ocean_menu_typo_font_subset":"","ocean_menu_typo_font_size":0,"ocean_menu_typo_font_size_tablet":0,"ocean_menu_typo_font_size_mobile":0,"ocean_menu_typo_font_size_unit":"px","ocean_menu_typo_font_weight":"","ocean_menu_typo_font_weight_tablet":"","ocean_menu_typo_font_weight_mobile":"","ocean_menu_typo_transform":"","ocean_menu_typo_transform_tablet":"","ocean_menu_typo_transform_mobile":"","ocean_menu_typo_line_height":0,"ocean_menu_typo_line_height_tablet":0,"ocean_menu_typo_line_height_mobile":0,"ocean_menu_typo_line_height_unit":"","ocean_menu_typo_spacing":0,"ocean_menu_typo_spacing_tablet":0,"ocean_menu_typo_spacing_mobile":0,"ocean_menu_typo_spacing_unit":"","ocean_menu_link_color":"","ocean_menu_link_color_hover":"","ocean_menu_link_color_active":"","ocean_menu_link_background":"","ocean_menu_link_hover_background":"","ocean_menu_link_active_background":"","ocean_menu_social_links_bg":"","ocean_menu_social_hover_links_bg":"","ocean_menu_social_links_color":"","ocean_menu_social_hover_links_color":"","ocean_disable_title":"default","ocean_disable_heading":"default","ocean_post_title":"","ocean_post_subheading":"","ocean_post_title_style":"","ocean_post_title_background_color":"","ocean_post_title_background":0,"ocean_post_title_bg_image_position":"","ocean_post_title_bg_image_attachment":"","ocean_post_title_bg_image_repeat":"","ocean_post_title_bg_image_size":"","ocean_post_title_height":0,"ocean_post_title_bg_overlay":0.5,"ocean_post_title_bg_overlay_color":"","ocean_disable_breadcrumbs":"default","ocean_breadcrumbs_color":"","ocean_breadcrumbs_separator_color":"","ocean_breadcrumbs_links_color":"","ocean_breadcrumbs_links_hover_color":"","ocean_display_footer_widgets":"default","ocean_display_footer_bottom":"default","ocean_custom_footer_template":"0","_joinchat":[]},"product_brand":[],"product_cat":[16],"product_tag":[],"class_list":{"0":"post-3790","1":"product","2":"type-product","3":"status-publish","4":"has-post-thumbnail","6":"product_cat-sin-categorizar","8":"entry","9":"has-media","11":"first","12":"instock","13":"shipping-taxable","14":"purchasable","15":"product-type-simple","16":"has-product-nav","17":"col","18":"span_1_of_3","19":"owp-content-center","20":"owp-thumbs-layout-horizontal","21":"owp-btn-normal","22":"owp-tabs-layout-horizontal","23":"has-no-thumbnails"},"_links":{"self":[{"href":"https:\/\/telemetry.com.pe\/index.php\/wp-json\/wp\/v2\/product\/3790","targetHints":{"allow":["GET"]}}],"collection":[{"href":"https:\/\/telemetry.com.pe\/index.php\/wp-json\/wp\/v2\/product"}],"about":[{"href":"https:\/\/telemetry.com.pe\/index.php\/wp-json\/wp\/v2\/types\/product"}],"replies":[{"embeddable":true,"href":"https:\/\/telemetry.com.pe\/index.php\/wp-json\/wp\/v2\/comments?post=3790"}],"wp:featuredmedia":[{"embeddable":true,"href":"https:\/\/telemetry.com.pe\/index.php\/wp-json\/wp\/v2\/media\/3791"}],"wp:attachment":[{"href":"https:\/\/telemetry.com.pe\/index.php\/wp-json\/wp\/v2\/media?parent=3790"}],"wp:term":[{"taxonomy":"product_brand","embeddable":true,"href":"https:\/\/telemetry.com.pe\/index.php\/wp-json\/wp\/v2\/product_brand?post=3790"},{"taxonomy":"product_cat","embeddable":true,"href":"https:\/\/telemetry.com.pe\/index.php\/wp-json\/wp\/v2\/product_cat?post=3790"},{"taxonomy":"product_tag","embeddable":true,"href":"https:\/\/telemetry.com.pe\/index.php\/wp-json\/wp\/v2\/product_tag?post=3790"}],"curies":[{"name":"wp","href":"https:\/\/api.w.org\/{rel}","templated":true}]}}