{"id":3826,"date":"2023-09-16T00:47:07","date_gmt":"2023-09-16T00:47:07","guid":{"rendered":"http:\/\/telemetry.com.pe\/?post_type=product&#038;p=3826"},"modified":"2023-09-16T00:47:07","modified_gmt":"2023-09-16T00:47:07","slug":"obsidiana-8x-y-12x","status":"publish","type":"product","link":"https:\/\/telemetry.com.pe\/index.php\/producto\/obsidiana-8x-y-12x\/","title":{"rendered":"OBSIDIANA 8X Y 12X"},"content":{"rendered":"<h4>VISI\u00d3N DE CONJUNTO<\/h4>\n<h4><span>OBSIDIANA 8X Y 12X |\u00a0GRABADOR S\u00cdSMICO MULTICANAL<\/span><\/h4>\n<p><span>\u00a0Los registradores s\u00edsmicos, Obsidian 8X y 12X, son registradores s\u00edsmicos multicanal de Kinemetrics y un nuevo paradigma en los sistemas de adquisici\u00f3n de datos s\u00edsmicos de arquitectura abierta, que definen la pr\u00f3xima generaci\u00f3n mundial de productos.\u00a0Est\u00e1 dise\u00f1ado para brindarle la flexibilidad requerida por las soluciones de monitoreo de terremotos del ma\u00f1ana.<\/span><\/p>\n<p>CARACTER\u00cdSTICAS<\/p>\n<ul>\n<li><span>M\u00faltiplo de cuatro canales de 24 bits.<\/span><\/li>\n<li><span>Opciones de temporizaci\u00f3n GNSS, NTP y PTP.<\/span><\/li>\n<li><span>Preparado para EEWS con paquetes de datos de 1 s y 0,1 s.<\/span><\/li>\n<li><span>Redundancia de datos mediante registro paralelo (duplicaci\u00f3n)<\/span><\/li>\n<\/ul>\n<p>BENEFICIOS<\/p>\n<ul>\n<li><span>Compatibilidad con todas las principales plataformas de adquisici\u00f3n de datos.<\/span><\/li>\n<li><span>Capacidad para incluir y ejecutar sus propios programas a trav\u00e9s de API documentada.<\/span><\/li>\n<li><span>Seguridad v\u00eda SSH, SSL y OpenVPN.<\/span><\/li>\n<li><span>Versatilidad para cualquier aplicaci\u00f3n.<\/span><\/li>\n<\/ul>\n<h3><span>APLICACIONES RELACIONADAS<\/span><\/h3>\n<p>&nbsp;<\/p>\n<p><span>Obtenga m\u00e1s informaci\u00f3n sobre las aplicaciones que usamos junto con este producto.<\/span><\/p>\n<ul>\n<li><span>Redes S\u00edsmicas Permanentes<\/span><\/li>\n<li><span>Monitoreo de vibraciones<\/span><\/li>\n<li><span>Vigilancia de la salud estructural<\/span><\/li>\n<li><span>Sistemas de alerta temprana de terremotos<\/span><\/li>\n<\/ul>\n","protected":false},"excerpt":{"rendered":"<p>VISI\u00d3N DE CONJUNTO OBSIDIANA 8X Y 12X |\u00a0GRABADOR S\u00cdSMICO MULTICANAL \u00a0Los registradores s\u00edsmicos, Obsidian 8X y 12X, son registradores s\u00edsmicos multicanal de Kinemetrics y un nuevo paradigma en los sistemas de adquisici\u00f3n de datos s\u00edsmicos de arquitectura abierta, que definen la pr\u00f3xima generaci\u00f3n mundial de productos.\u00a0Est\u00e1 dise\u00f1ado para brindarle la flexibilidad requerida por las soluciones [&hellip;]<\/p>\n","protected":false},"featured_media":3827,"comment_status":"open","ping_status":"closed","template":"","meta":{"om_disable_all_campaigns":false,"ocean_post_layout":"","ocean_both_sidebars_style":"","ocean_both_sidebars_content_width":0,"ocean_both_sidebars_sidebars_width":0,"ocean_sidebar":"0","ocean_second_sidebar":"0","ocean_disable_margins":"enable","ocean_add_body_class":"","ocean_shortcode_before_top_bar":"","ocean_shortcode_after_top_bar":"","ocean_shortcode_before_header":"","ocean_shortcode_after_header":"","ocean_has_shortcode":"","ocean_shortcode_after_title":"","ocean_shortcode_before_footer_widgets":"","ocean_shortcode_after_footer_widgets":"","ocean_shortcode_before_footer_bottom":"","ocean_shortcode_after_footer_bottom":"","ocean_display_top_bar":"default","ocean_display_header":"default","ocean_header_style":"","ocean_center_header_left_menu":"0","ocean_custom_header_template":"0","ocean_custom_logo":0,"ocean_custom_retina_logo":0,"ocean_custom_logo_max_width":0,"ocean_custom_logo_tablet_max_width":0,"ocean_custom_logo_mobile_max_width":0,"ocean_custom_logo_max_height":0,"ocean_custom_logo_tablet_max_height":0,"ocean_custom_logo_mobile_max_height":0,"ocean_header_custom_menu":"0","ocean_menu_typo_font_family":"0","ocean_menu_typo_font_subset":"","ocean_menu_typo_font_size":0,"ocean_menu_typo_font_size_tablet":0,"ocean_menu_typo_font_size_mobile":0,"ocean_menu_typo_font_size_unit":"px","ocean_menu_typo_font_weight":"","ocean_menu_typo_font_weight_tablet":"","ocean_menu_typo_font_weight_mobile":"","ocean_menu_typo_transform":"","ocean_menu_typo_transform_tablet":"","ocean_menu_typo_transform_mobile":"","ocean_menu_typo_line_height":0,"ocean_menu_typo_line_height_tablet":0,"ocean_menu_typo_line_height_mobile":0,"ocean_menu_typo_line_height_unit":"","ocean_menu_typo_spacing":0,"ocean_menu_typo_spacing_tablet":0,"ocean_menu_typo_spacing_mobile":0,"ocean_menu_typo_spacing_unit":"","ocean_menu_link_color":"","ocean_menu_link_color_hover":"","ocean_menu_link_color_active":"","ocean_menu_link_background":"","ocean_menu_link_hover_background":"","ocean_menu_link_active_background":"","ocean_menu_social_links_bg":"","ocean_menu_social_hover_links_bg":"","ocean_menu_social_links_color":"","ocean_menu_social_hover_links_color":"","ocean_disable_title":"default","ocean_disable_heading":"default","ocean_post_title":"","ocean_post_subheading":"","ocean_post_title_style":"","ocean_post_title_background_color":"","ocean_post_title_background":0,"ocean_post_title_bg_image_position":"","ocean_post_title_bg_image_attachment":"","ocean_post_title_bg_image_repeat":"","ocean_post_title_bg_image_size":"","ocean_post_title_height":0,"ocean_post_title_bg_overlay":0.5,"ocean_post_title_bg_overlay_color":"","ocean_disable_breadcrumbs":"default","ocean_breadcrumbs_color":"","ocean_breadcrumbs_separator_color":"","ocean_breadcrumbs_links_color":"","ocean_breadcrumbs_links_hover_color":"","ocean_display_footer_widgets":"default","ocean_display_footer_bottom":"default","ocean_custom_footer_template":"0","_joinchat":[]},"product_brand":[],"product_cat":[16],"product_tag":[],"class_list":{"0":"post-3826","1":"product","2":"type-product","3":"status-publish","4":"has-post-thumbnail","6":"product_cat-sin-categorizar","8":"entry","9":"has-media","11":"first","12":"instock","13":"shipping-taxable","14":"purchasable","15":"product-type-simple","16":"has-product-nav","17":"col","18":"span_1_of_3","19":"owp-content-center","20":"owp-thumbs-layout-horizontal","21":"owp-btn-normal","22":"owp-tabs-layout-horizontal","23":"has-no-thumbnails"},"_links":{"self":[{"href":"https:\/\/telemetry.com.pe\/index.php\/wp-json\/wp\/v2\/product\/3826","targetHints":{"allow":["GET"]}}],"collection":[{"href":"https:\/\/telemetry.com.pe\/index.php\/wp-json\/wp\/v2\/product"}],"about":[{"href":"https:\/\/telemetry.com.pe\/index.php\/wp-json\/wp\/v2\/types\/product"}],"replies":[{"embeddable":true,"href":"https:\/\/telemetry.com.pe\/index.php\/wp-json\/wp\/v2\/comments?post=3826"}],"wp:featuredmedia":[{"embeddable":true,"href":"https:\/\/telemetry.com.pe\/index.php\/wp-json\/wp\/v2\/media\/3827"}],"wp:attachment":[{"href":"https:\/\/telemetry.com.pe\/index.php\/wp-json\/wp\/v2\/media?parent=3826"}],"wp:term":[{"taxonomy":"product_brand","embeddable":true,"href":"https:\/\/telemetry.com.pe\/index.php\/wp-json\/wp\/v2\/product_brand?post=3826"},{"taxonomy":"product_cat","embeddable":true,"href":"https:\/\/telemetry.com.pe\/index.php\/wp-json\/wp\/v2\/product_cat?post=3826"},{"taxonomy":"product_tag","embeddable":true,"href":"https:\/\/telemetry.com.pe\/index.php\/wp-json\/wp\/v2\/product_tag?post=3826"}],"curies":[{"name":"wp","href":"https:\/\/api.w.org\/{rel}","templated":true}]}}