{"id":3882,"date":"2023-09-16T00:47:07","date_gmt":"2023-09-16T00:47:07","guid":{"rendered":"http:\/\/telemetry.com.pe\/?post_type=product&#038;p=3882"},"modified":"2023-09-16T00:47:07","modified_gmt":"2023-09-16T00:47:07","slug":"acelerometro-de-equilibrio-de-fuerza-fba-3","status":"publish","type":"product","link":"https:\/\/telemetry.com.pe\/index.php\/producto\/acelerometro-de-equilibrio-de-fuerza-fba-3\/","title":{"rendered":"ACELER\u00d3METRO DE EQUILIBRIO DE FUERZA (FBA-3)"},"content":{"rendered":"<p>VISI\u00d3N DE CONJUNTO<\/p>\n<h4><span>LOG\u00cdSTICA DE AMAZON-3 |\u00a0EL EFICIENTE ACELER\u00d3METRO FORCE BALANCE<\/span><\/h4>\n<p><span>\u00a0El aceler\u00f3metro de equilibrio de fuerza FBA-3 es un dispositivo triaxial de alta sensibilidad y baja frecuencia adecuado para una variedad de aplicaciones s\u00edsmicas y estructurales.\u00a0Es un instrumento econ\u00f3mico que se caracteriza por su alta confiabilidad, robustez y bajo consumo de corriente.<\/span><\/p>\n<p>CARACTER\u00cdSTICAS<\/p>\n<ul>\n<li><span>Cinco OBE (Operating Base Earthquake) en cada direcci\u00f3n.<\/span><\/li>\n<li><span>Calificaciones de la industria, incluida la s\u00edsmica seg\u00fan IEEE 344.<\/span><\/li>\n<li><span>Escala completa de salida: \u00b12.5V.<\/span><\/li>\n<li><span>Respuesta de frecuencia: de CC a 50 Hz.<\/span><\/li>\n<\/ul>\n<p>BENEFICIOS<\/p>\n<ul>\n<li><span>Fiabilidad demostrada por su funcionamiento en m\u00e1s de 100 Centrales Nucleares en todo el mundo.<\/span><\/li>\n<li><span>Certificaci\u00f3n RIM para sensores montados en tuber\u00eda Cinco OBE (Operating Base Earthquake) en cada direcci\u00f3n.<\/span><\/li>\n<li><span>Dise\u00f1ado para cumplir con los estrictos requisitos de la USNRC Regulatory Guide1.12 para plantas de energ\u00eda nuclear, el FBA-3 se implementa en m\u00e1s de 100 plantas de energ\u00eda nuclear en los Estados Unidos y en el extranjero.<\/span><\/li>\n<\/ul>\n<h3><span>APLICACIONES RELACIONADAS<\/span><\/h3>\n<p><span>Obtenga m\u00e1s informaci\u00f3n sobre las aplicaciones que usamos junto con este producto.<\/span><\/p>\n<ul>\n<li><span>Plantas de energ\u00eda nuclear<\/span><\/li>\n<li><span>Plantas de Gas Natural Licuado (GNL)<\/span><\/li>\n<\/ul>\n","protected":false},"excerpt":{"rendered":"<p>VISI\u00d3N DE CONJUNTO LOG\u00cdSTICA DE AMAZON-3 |\u00a0EL EFICIENTE ACELER\u00d3METRO FORCE BALANCE \u00a0El aceler\u00f3metro de equilibrio de fuerza FBA-3 es un dispositivo triaxial de alta sensibilidad y baja frecuencia adecuado para una variedad de aplicaciones s\u00edsmicas y estructurales.\u00a0Es un instrumento econ\u00f3mico que se caracteriza por su alta confiabilidad, robustez y bajo consumo de corriente. CARACTER\u00cdSTICAS Cinco [&hellip;]<\/p>\n","protected":false},"featured_media":3884,"comment_status":"open","ping_status":"closed","template":"","meta":{"om_disable_all_campaigns":false,"ocean_post_layout":"","ocean_both_sidebars_style":"","ocean_both_sidebars_content_width":0,"ocean_both_sidebars_sidebars_width":0,"ocean_sidebar":"0","ocean_second_sidebar":"0","ocean_disable_margins":"enable","ocean_add_body_class":"","ocean_shortcode_before_top_bar":"","ocean_shortcode_after_top_bar":"","ocean_shortcode_before_header":"","ocean_shortcode_after_header":"","ocean_has_shortcode":"","ocean_shortcode_after_title":"","ocean_shortcode_before_footer_widgets":"","ocean_shortcode_after_footer_widgets":"","ocean_shortcode_before_footer_bottom":"","ocean_shortcode_after_footer_bottom":"","ocean_display_top_bar":"default","ocean_display_header":"default","ocean_header_style":"","ocean_center_header_left_menu":"0","ocean_custom_header_template":"0","ocean_custom_logo":0,"ocean_custom_retina_logo":0,"ocean_custom_logo_max_width":0,"ocean_custom_logo_tablet_max_width":0,"ocean_custom_logo_mobile_max_width":0,"ocean_custom_logo_max_height":0,"ocean_custom_logo_tablet_max_height":0,"ocean_custom_logo_mobile_max_height":0,"ocean_header_custom_menu":"0","ocean_menu_typo_font_family":"0","ocean_menu_typo_font_subset":"","ocean_menu_typo_font_size":0,"ocean_menu_typo_font_size_tablet":0,"ocean_menu_typo_font_size_mobile":0,"ocean_menu_typo_font_size_unit":"px","ocean_menu_typo_font_weight":"","ocean_menu_typo_font_weight_tablet":"","ocean_menu_typo_font_weight_mobile":"","ocean_menu_typo_transform":"","ocean_menu_typo_transform_tablet":"","ocean_menu_typo_transform_mobile":"","ocean_menu_typo_line_height":0,"ocean_menu_typo_line_height_tablet":0,"ocean_menu_typo_line_height_mobile":0,"ocean_menu_typo_line_height_unit":"","ocean_menu_typo_spacing":0,"ocean_menu_typo_spacing_tablet":0,"ocean_menu_typo_spacing_mobile":0,"ocean_menu_typo_spacing_unit":"","ocean_menu_link_color":"","ocean_menu_link_color_hover":"","ocean_menu_link_color_active":"","ocean_menu_link_background":"","ocean_menu_link_hover_background":"","ocean_menu_link_active_background":"","ocean_menu_social_links_bg":"","ocean_menu_social_hover_links_bg":"","ocean_menu_social_links_color":"","ocean_menu_social_hover_links_color":"","ocean_disable_title":"default","ocean_disable_heading":"default","ocean_post_title":"","ocean_post_subheading":"","ocean_post_title_style":"","ocean_post_title_background_color":"","ocean_post_title_background":0,"ocean_post_title_bg_image_position":"","ocean_post_title_bg_image_attachment":"","ocean_post_title_bg_image_repeat":"","ocean_post_title_bg_image_size":"","ocean_post_title_height":0,"ocean_post_title_bg_overlay":0.5,"ocean_post_title_bg_overlay_color":"","ocean_disable_breadcrumbs":"default","ocean_breadcrumbs_color":"","ocean_breadcrumbs_separator_color":"","ocean_breadcrumbs_links_color":"","ocean_breadcrumbs_links_hover_color":"","ocean_display_footer_widgets":"default","ocean_display_footer_bottom":"default","ocean_custom_footer_template":"0","_joinchat":[]},"product_brand":[],"product_cat":[16],"product_tag":[],"class_list":{"0":"post-3882","1":"product","2":"type-product","3":"status-publish","4":"has-post-thumbnail","6":"product_cat-sin-categorizar","8":"entry","9":"has-media","11":"first","12":"instock","13":"shipping-taxable","14":"purchasable","15":"product-type-simple","16":"has-product-nav","17":"col","18":"span_1_of_3","19":"owp-content-center","20":"owp-thumbs-layout-horizontal","21":"owp-btn-normal","22":"owp-tabs-layout-horizontal","23":"has-no-thumbnails"},"_links":{"self":[{"href":"https:\/\/telemetry.com.pe\/index.php\/wp-json\/wp\/v2\/product\/3882","targetHints":{"allow":["GET"]}}],"collection":[{"href":"https:\/\/telemetry.com.pe\/index.php\/wp-json\/wp\/v2\/product"}],"about":[{"href":"https:\/\/telemetry.com.pe\/index.php\/wp-json\/wp\/v2\/types\/product"}],"replies":[{"embeddable":true,"href":"https:\/\/telemetry.com.pe\/index.php\/wp-json\/wp\/v2\/comments?post=3882"}],"wp:featuredmedia":[{"embeddable":true,"href":"https:\/\/telemetry.com.pe\/index.php\/wp-json\/wp\/v2\/media\/3884"}],"wp:attachment":[{"href":"https:\/\/telemetry.com.pe\/index.php\/wp-json\/wp\/v2\/media?parent=3882"}],"wp:term":[{"taxonomy":"product_brand","embeddable":true,"href":"https:\/\/telemetry.com.pe\/index.php\/wp-json\/wp\/v2\/product_brand?post=3882"},{"taxonomy":"product_cat","embeddable":true,"href":"https:\/\/telemetry.com.pe\/index.php\/wp-json\/wp\/v2\/product_cat?post=3882"},{"taxonomy":"product_tag","embeddable":true,"href":"https:\/\/telemetry.com.pe\/index.php\/wp-json\/wp\/v2\/product_tag?post=3882"}],"curies":[{"name":"wp","href":"https:\/\/api.w.org\/{rel}","templated":true}]}}