{"id":3899,"date":"2023-09-16T00:44:12","date_gmt":"2023-09-16T00:44:12","guid":{"rendered":"http:\/\/telemetry.com.pe\/?post_type=product&#038;p=3899"},"modified":"2023-09-16T00:44:12","modified_gmt":"2023-09-16T00:44:12","slug":"sts-2-5vision-de-conjunto","status":"publish","type":"product","link":"https:\/\/telemetry.com.pe\/index.php\/producto\/sts-2-5vision-de-conjunto\/","title":{"rendered":"STS-2.5"},"content":{"rendered":"<p>VISI\u00d3N DE CONJUNTO<\/p>\n<h4><span>STS-2.5 |\u00a0EL MEJOR SIS\u00d3METRO DE SUPERFICIE DE BANDA ANCHA<\/span><\/h4>\n<p><span>\u00a0El sism\u00f3metro de banda ancha est\u00e1ndar mundial se compara con otros sism\u00f3metros, con muy bajo nivel de ruido, alto nivel de recorte, baja potencia y amplio rango de temperatura operativa sin ajuste.\u00a0Para obtener m\u00e1s informaci\u00f3n sobre STS-2.5.<\/span><\/p>\n<p>CARACTER\u00cdSTICAS<\/p>\n<ul>\n<li><span>Ruido muy bajo a trav\u00e9s de la banda de paso.<\/span><\/li>\n<li><span>Energ\u00eda ultrabaja: menos de 450 mW.<\/span><\/li>\n<li><span>Resoluci\u00f3n de desplazamiento a 10 Hz: -172 dB.<\/span><\/li>\n<li><span>Interfaz serial para monitoreo y control remoto.<\/span><\/li>\n<\/ul>\n<p>BENEFICIOS<\/p>\n<ul>\n<li><span>Rendimiento del sensor igual al sensor de banda ancha STS-2 est\u00e1ndar mundial.<\/span><\/li>\n<li><span>Comportamiento mejorado de la se\u00f1al de alta magnitud en comparaci\u00f3n con STS-2.<\/span><\/li>\n<li><span>La robustez mejorada del cableado y la caja host sellada herm\u00e9ticamente incluyen un bot\u00f3n, estado visual y un centrado s\u00f3lido con una sola pulsaci\u00f3n.<\/span><\/li>\n<li><span>Supervisi\u00f3n remota RS232 (n\u00famero de serie, temperatura y humedad interior, niveles de alimentaci\u00f3n, inclinaci\u00f3n.<\/span><\/li>\n<\/ul>\n<h3><span>APLICACIONES RELACIONADAS<\/span><\/h3>\n<p><span>Obtenga m\u00e1s informaci\u00f3n sobre las aplicaciones que usamos junto con este producto.<\/span><\/p>\n<ul>\n<li><span>Redes S\u00edsmicas Permanentes<\/span><\/li>\n<\/ul>\n","protected":false},"excerpt":{"rendered":"<p>VISI\u00d3N DE CONJUNTO STS-2.5 |\u00a0EL MEJOR SIS\u00d3METRO DE SUPERFICIE DE BANDA ANCHA \u00a0El sism\u00f3metro de banda ancha est\u00e1ndar mundial se compara con otros sism\u00f3metros, con muy bajo nivel de ruido, alto nivel de recorte, baja potencia y amplio rango de temperatura operativa sin ajuste.\u00a0Para obtener m\u00e1s informaci\u00f3n sobre STS-2.5. CARACTER\u00cdSTICAS Ruido muy bajo a trav\u00e9s [&hellip;]<\/p>\n","protected":false},"featured_media":3897,"comment_status":"open","ping_status":"closed","template":"","meta":{"om_disable_all_campaigns":false,"ocean_post_layout":"","ocean_both_sidebars_style":"","ocean_both_sidebars_content_width":0,"ocean_both_sidebars_sidebars_width":0,"ocean_sidebar":"0","ocean_second_sidebar":"0","ocean_disable_margins":"enable","ocean_add_body_class":"","ocean_shortcode_before_top_bar":"","ocean_shortcode_after_top_bar":"","ocean_shortcode_before_header":"","ocean_shortcode_after_header":"","ocean_has_shortcode":"","ocean_shortcode_after_title":"","ocean_shortcode_before_footer_widgets":"","ocean_shortcode_after_footer_widgets":"","ocean_shortcode_before_footer_bottom":"","ocean_shortcode_after_footer_bottom":"","ocean_display_top_bar":"default","ocean_display_header":"default","ocean_header_style":"","ocean_center_header_left_menu":"0","ocean_custom_header_template":"0","ocean_custom_logo":0,"ocean_custom_retina_logo":0,"ocean_custom_logo_max_width":0,"ocean_custom_logo_tablet_max_width":0,"ocean_custom_logo_mobile_max_width":0,"ocean_custom_logo_max_height":0,"ocean_custom_logo_tablet_max_height":0,"ocean_custom_logo_mobile_max_height":0,"ocean_header_custom_menu":"0","ocean_menu_typo_font_family":"0","ocean_menu_typo_font_subset":"","ocean_menu_typo_font_size":0,"ocean_menu_typo_font_size_tablet":0,"ocean_menu_typo_font_size_mobile":0,"ocean_menu_typo_font_size_unit":"px","ocean_menu_typo_font_weight":"","ocean_menu_typo_font_weight_tablet":"","ocean_menu_typo_font_weight_mobile":"","ocean_menu_typo_transform":"","ocean_menu_typo_transform_tablet":"","ocean_menu_typo_transform_mobile":"","ocean_menu_typo_line_height":0,"ocean_menu_typo_line_height_tablet":0,"ocean_menu_typo_line_height_mobile":0,"ocean_menu_typo_line_height_unit":"","ocean_menu_typo_spacing":0,"ocean_menu_typo_spacing_tablet":0,"ocean_menu_typo_spacing_mobile":0,"ocean_menu_typo_spacing_unit":"","ocean_menu_link_color":"","ocean_menu_link_color_hover":"","ocean_menu_link_color_active":"","ocean_menu_link_background":"","ocean_menu_link_hover_background":"","ocean_menu_link_active_background":"","ocean_menu_social_links_bg":"","ocean_menu_social_hover_links_bg":"","ocean_menu_social_links_color":"","ocean_menu_social_hover_links_color":"","ocean_disable_title":"default","ocean_disable_heading":"default","ocean_post_title":"","ocean_post_subheading":"","ocean_post_title_style":"","ocean_post_title_background_color":"","ocean_post_title_background":0,"ocean_post_title_bg_image_position":"","ocean_post_title_bg_image_attachment":"","ocean_post_title_bg_image_repeat":"","ocean_post_title_bg_image_size":"","ocean_post_title_height":0,"ocean_post_title_bg_overlay":0.5,"ocean_post_title_bg_overlay_color":"","ocean_disable_breadcrumbs":"default","ocean_breadcrumbs_color":"","ocean_breadcrumbs_separator_color":"","ocean_breadcrumbs_links_color":"","ocean_breadcrumbs_links_hover_color":"","ocean_display_footer_widgets":"default","ocean_display_footer_bottom":"default","ocean_custom_footer_template":"0","_joinchat":[]},"product_brand":[],"product_cat":[16],"product_tag":[],"class_list":{"0":"post-3899","1":"product","2":"type-product","3":"status-publish","4":"has-post-thumbnail","6":"product_cat-sin-categorizar","8":"entry","9":"has-media","11":"first","12":"instock","13":"shipping-taxable","14":"purchasable","15":"product-type-simple","16":"has-product-nav","17":"col","18":"span_1_of_3","19":"owp-content-center","20":"owp-thumbs-layout-horizontal","21":"owp-btn-normal","22":"owp-tabs-layout-horizontal","23":"has-no-thumbnails"},"_links":{"self":[{"href":"https:\/\/telemetry.com.pe\/index.php\/wp-json\/wp\/v2\/product\/3899","targetHints":{"allow":["GET"]}}],"collection":[{"href":"https:\/\/telemetry.com.pe\/index.php\/wp-json\/wp\/v2\/product"}],"about":[{"href":"https:\/\/telemetry.com.pe\/index.php\/wp-json\/wp\/v2\/types\/product"}],"replies":[{"embeddable":true,"href":"https:\/\/telemetry.com.pe\/index.php\/wp-json\/wp\/v2\/comments?post=3899"}],"wp:featuredmedia":[{"embeddable":true,"href":"https:\/\/telemetry.com.pe\/index.php\/wp-json\/wp\/v2\/media\/3897"}],"wp:attachment":[{"href":"https:\/\/telemetry.com.pe\/index.php\/wp-json\/wp\/v2\/media?parent=3899"}],"wp:term":[{"taxonomy":"product_brand","embeddable":true,"href":"https:\/\/telemetry.com.pe\/index.php\/wp-json\/wp\/v2\/product_brand?post=3899"},{"taxonomy":"product_cat","embeddable":true,"href":"https:\/\/telemetry.com.pe\/index.php\/wp-json\/wp\/v2\/product_cat?post=3899"},{"taxonomy":"product_tag","embeddable":true,"href":"https:\/\/telemetry.com.pe\/index.php\/wp-json\/wp\/v2\/product_tag?post=3899"}],"curies":[{"name":"wp","href":"https:\/\/api.w.org\/{rel}","templated":true}]}}