{"id":4015,"date":"2023-09-16T00:44:12","date_gmt":"2023-09-16T00:44:12","guid":{"rendered":"http:\/\/telemetry.com.pe\/?post_type=product&#038;p=4015"},"modified":"2023-09-16T00:44:12","modified_gmt":"2023-09-16T00:44:12","slug":"el-grabador-vod-mas-asequible-del-mundo","status":"publish","type":"product","link":"https:\/\/telemetry.com.pe\/index.php\/producto\/el-grabador-vod-mas-asequible-del-mundo\/","title":{"rendered":"El grabador VOD m\u00e1s asequible del mundo"},"content":{"rendered":"<p class=\"fbody\"><span>La velocidad de detonaci\u00f3n (VOD) se cita como la especificaci\u00f3n de rendimiento de los explosivos.\u00a0Si no est\u00e1 midiendo VOD, entonces no puede estar seguro de que sus explosivos est\u00e9n funcionando correctamente.<\/span><\/p>\n<p class=\"fbody\"><span>Si desea perfilar el VOD de forma continua a lo largo de una muestra de explosivos oa lo largo de una columna de explosivos en un solo barreno, el registrador m\u00e1s asequible y f\u00e1cil de usar del mundo es el registrador VOD HandiTrap II\u2122.<\/span><\/p>\n<div id=\"text4\">\n<h1><span>Consumidores de explosivos<\/span><\/h1>\n<p class=\"fbody\"><span>Est\u00e1 pagando por explosivos para proporcionarle la energ\u00eda que necesitan sus voladuras en sus condiciones espec\u00edficas de voladura.\u00a0El registrador de VOD HandiTrap II\u2122 es utilizado por minas y canteras para realizar controles puntuales del rendimiento de los explosivos durante voladuras para comparar los resultados de VOD reales con la especificaci\u00f3n de VOD publicada por el fabricante de explosivos.<\/span><\/p>\n<p class=\"fbody\"><span>Para capturar visualmente fen\u00f3menos de alta velocidad, MREL cuenta con una gama de c\u00e1maras de alta velocidad potentes y de gran capacidad.<\/span><\/p>\n<p class=\"fbody\"><span>Para analizar los datos capturados en su evento, MREL proporciona nuestra suite de adquisici\u00f3n de datos DAS\u2122 con cada uno de nuestros registradores.<\/span><\/p>\n<\/div>\n<div id=\"text5\">\n<h1><span>Explosivos Fabricantes<\/span><\/h1>\n<p class=\"fbody\"><span>Sus clientes dependen de usted para sus explosivos.\u00a0En las plantas de explosivos, el grabador de VOD HandiTrap II\u2122 se utiliza como parte del proceso de control de calidad para probar el rendimiento de VOD de muestras de explosivos, incluidos cartuchos, refuerzos, cord\u00f3n detonante, explosivos a granel de todo tipo y explosivos militares.\u00a0En el lugar de la voladura del cliente, los t\u00e9cnicos que proporcionan la entrega de explosivos en el pozo utilizan el registrador de VOD HandiTrap II\u2122 para documentar proactivamente el rendimiento de VOD de los explosivos que se venden al cliente.<\/span><\/p>\n<\/div>\n","protected":false},"excerpt":{"rendered":"<p>La velocidad de detonaci\u00f3n (VOD) se cita como la especificaci\u00f3n de rendimiento de los explosivos.\u00a0Si no est\u00e1 midiendo VOD, entonces no puede estar seguro de que sus explosivos est\u00e9n funcionando correctamente. Si desea perfilar el VOD de forma continua a lo largo de una muestra de explosivos oa lo largo de una columna de explosivos [&hellip;]<\/p>\n","protected":false},"featured_media":4011,"comment_status":"open","ping_status":"closed","template":"","meta":{"om_disable_all_campaigns":false,"ocean_post_layout":"","ocean_both_sidebars_style":"","ocean_both_sidebars_content_width":0,"ocean_both_sidebars_sidebars_width":0,"ocean_sidebar":"0","ocean_second_sidebar":"0","ocean_disable_margins":"enable","ocean_add_body_class":"","ocean_shortcode_before_top_bar":"","ocean_shortcode_after_top_bar":"","ocean_shortcode_before_header":"","ocean_shortcode_after_header":"","ocean_has_shortcode":"","ocean_shortcode_after_title":"","ocean_shortcode_before_footer_widgets":"","ocean_shortcode_after_footer_widgets":"","ocean_shortcode_before_footer_bottom":"","ocean_shortcode_after_footer_bottom":"","ocean_display_top_bar":"default","ocean_display_header":"default","ocean_header_style":"","ocean_center_header_left_menu":"0","ocean_custom_header_template":"0","ocean_custom_logo":0,"ocean_custom_retina_logo":0,"ocean_custom_logo_max_width":0,"ocean_custom_logo_tablet_max_width":0,"ocean_custom_logo_mobile_max_width":0,"ocean_custom_logo_max_height":0,"ocean_custom_logo_tablet_max_height":0,"ocean_custom_logo_mobile_max_height":0,"ocean_header_custom_menu":"0","ocean_menu_typo_font_family":"0","ocean_menu_typo_font_subset":"","ocean_menu_typo_font_size":0,"ocean_menu_typo_font_size_tablet":0,"ocean_menu_typo_font_size_mobile":0,"ocean_menu_typo_font_size_unit":"px","ocean_menu_typo_font_weight":"","ocean_menu_typo_font_weight_tablet":"","ocean_menu_typo_font_weight_mobile":"","ocean_menu_typo_transform":"","ocean_menu_typo_transform_tablet":"","ocean_menu_typo_transform_mobile":"","ocean_menu_typo_line_height":0,"ocean_menu_typo_line_height_tablet":0,"ocean_menu_typo_line_height_mobile":0,"ocean_menu_typo_line_height_unit":"","ocean_menu_typo_spacing":0,"ocean_menu_typo_spacing_tablet":0,"ocean_menu_typo_spacing_mobile":0,"ocean_menu_typo_spacing_unit":"","ocean_menu_link_color":"","ocean_menu_link_color_hover":"","ocean_menu_link_color_active":"","ocean_menu_link_background":"","ocean_menu_link_hover_background":"","ocean_menu_link_active_background":"","ocean_menu_social_links_bg":"","ocean_menu_social_hover_links_bg":"","ocean_menu_social_links_color":"","ocean_menu_social_hover_links_color":"","ocean_disable_title":"default","ocean_disable_heading":"default","ocean_post_title":"","ocean_post_subheading":"","ocean_post_title_style":"","ocean_post_title_background_color":"","ocean_post_title_background":0,"ocean_post_title_bg_image_position":"","ocean_post_title_bg_image_attachment":"","ocean_post_title_bg_image_repeat":"","ocean_post_title_bg_image_size":"","ocean_post_title_height":0,"ocean_post_title_bg_overlay":0.5,"ocean_post_title_bg_overlay_color":"","ocean_disable_breadcrumbs":"default","ocean_breadcrumbs_color":"","ocean_breadcrumbs_separator_color":"","ocean_breadcrumbs_links_color":"","ocean_breadcrumbs_links_hover_color":"","ocean_display_footer_widgets":"default","ocean_display_footer_bottom":"default","ocean_custom_footer_template":"0","_joinchat":[]},"product_brand":[],"product_cat":[16],"product_tag":[],"class_list":{"0":"post-4015","1":"product","2":"type-product","3":"status-publish","4":"has-post-thumbnail","6":"product_cat-sin-categorizar","8":"entry","9":"has-media","11":"first","12":"instock","13":"shipping-taxable","14":"purchasable","15":"product-type-simple","16":"has-product-nav","17":"col","18":"span_1_of_3","19":"owp-content-center","20":"owp-thumbs-layout-horizontal","21":"owp-btn-normal","22":"owp-tabs-layout-horizontal","23":"has-no-thumbnails"},"_links":{"self":[{"href":"https:\/\/telemetry.com.pe\/index.php\/wp-json\/wp\/v2\/product\/4015","targetHints":{"allow":["GET"]}}],"collection":[{"href":"https:\/\/telemetry.com.pe\/index.php\/wp-json\/wp\/v2\/product"}],"about":[{"href":"https:\/\/telemetry.com.pe\/index.php\/wp-json\/wp\/v2\/types\/product"}],"replies":[{"embeddable":true,"href":"https:\/\/telemetry.com.pe\/index.php\/wp-json\/wp\/v2\/comments?post=4015"}],"wp:featuredmedia":[{"embeddable":true,"href":"https:\/\/telemetry.com.pe\/index.php\/wp-json\/wp\/v2\/media\/4011"}],"wp:attachment":[{"href":"https:\/\/telemetry.com.pe\/index.php\/wp-json\/wp\/v2\/media?parent=4015"}],"wp:term":[{"taxonomy":"product_brand","embeddable":true,"href":"https:\/\/telemetry.com.pe\/index.php\/wp-json\/wp\/v2\/product_brand?post=4015"},{"taxonomy":"product_cat","embeddable":true,"href":"https:\/\/telemetry.com.pe\/index.php\/wp-json\/wp\/v2\/product_cat?post=4015"},{"taxonomy":"product_tag","embeddable":true,"href":"https:\/\/telemetry.com.pe\/index.php\/wp-json\/wp\/v2\/product_tag?post=4015"}],"curies":[{"name":"wp","href":"https:\/\/api.w.org\/{rel}","templated":true}]}}