{"id":4017,"date":"2023-09-16T00:44:12","date_gmt":"2023-09-16T00:44:12","guid":{"rendered":"http:\/\/telemetry.com.pe\/?post_type=product&#038;p=4017"},"modified":"2023-09-16T00:44:12","modified_gmt":"2023-09-16T00:44:12","slug":"la-grabadora-de-datos-vod-mas-capaz-del-mundo","status":"publish","type":"product","link":"https:\/\/telemetry.com.pe\/index.php\/producto\/la-grabadora-de-datos-vod-mas-capaz-del-mundo\/","title":{"rendered":"La grabadora de datos\/VOD m\u00e1s capaz del mundo"},"content":{"rendered":"<p class=\"fbody\"><span>Su sistema de adquisici\u00f3n de datos (DAS) basado en PC podr\u00eda causar una falla en su programa de prueba.\u00a0Cuando se enfrenta a polvo, temperaturas altas o bajas, humedad o incluso manipulaci\u00f3n brusca, un DAS t\u00edpico fallar\u00e1.<\/span><\/p>\n<p class=\"fbody\"><span>Si desea registrar la aceleraci\u00f3n, la presi\u00f3n y otros sensores din\u00e1micos en condiciones exteriores adversas, entonces el registrador de datos\/VOD DataTrap II\u2122 es el \u00fanico registrador resistente que brinda esta capacidad y la capacidad opcional de registrar la tensi\u00f3n din\u00e1mica y la velocidad de detonaci\u00f3n de los explosivos. (VOD) continuamente a lo largo de columnas de explosivos en barrenos m\u00faltiples, a lo largo de muestras de explosivos, as\u00ed como para determinar los tiempos de retardo entre barrenos.<\/span><\/p>\n<div id=\"text2\">\n<h1><span>Investigadores de Fen\u00f3menos de Alta Velocidad<\/span><\/h1>\n<p class=\"fbody\"><span>Est\u00e1 ejecutando un programa de prueba sofisticado que involucra la medici\u00f3n del rendimiento y\/o el efecto de los materiales energ\u00e9ticos.\u00a0El registrador de datos\/VOD DataTrap II\u2122 es utilizado por investigadores corporativos, universitarios y gubernamentales para registrar se\u00f1ales de sobrepresi\u00f3n de chorro de aire y sensores de presi\u00f3n submarina, aceler\u00f3metros, termopares, medidores de tensi\u00f3n, sondas VOD en muestras de explosivos y otros sensores en rangos de prueba al aire libre sin el requisito. de pasar largos cables de se\u00f1al a un refugio de instrumentaci\u00f3n distante.<\/span><\/p>\n<p class=\"fbody\"><span>Para capturar visualmente fen\u00f3menos de alta velocidad, MREL cuenta con una gama de c\u00e1maras de alta velocidad potentes y de gran capacidad.<\/span><\/p>\n<p class=\"fbody\"><span>Para analizar los datos capturados en su evento, MREL proporciona nuestra suite de adquisici\u00f3n de datos DAS\u2122 con cada uno de nuestros registradores.<\/span><\/p>\n<\/div>\n<div id=\"text3\">\n<h1><span>Consumidores<\/span><br \/>\n<span>y Fabricantes de Explosivos<\/span><\/h1>\n<p class=\"fbody\"><span>Sus explosivos y detonadores de retardo deben proporcionar la energ\u00eda y el tiempo que necesitan sus voladuras en sus condiciones espec\u00edficas de voladura.\u00a0El registrador de datos\/VOD DataTrap II\u2122 se usa para documentar el rendimiento de VOD de los explosivos y los tiempos de retardo de los detonadores de retardo durante las voladuras para comparar los resultados reales de VOD y tiempo de retardo con las especificaciones publicadas.\u00a0Tambi\u00e9n registra vibraciones de explosi\u00f3n de campo cercano utilizando aceler\u00f3metros uniaxiales y triaxiales de alta G.<\/span><\/p>\n<\/div>\n","protected":false},"excerpt":{"rendered":"<p>Su sistema de adquisici\u00f3n de datos (DAS) basado en PC podr\u00eda causar una falla en su programa de prueba.\u00a0Cuando se enfrenta a polvo, temperaturas altas o bajas, humedad o incluso manipulaci\u00f3n brusca, un DAS t\u00edpico fallar\u00e1. Si desea registrar la aceleraci\u00f3n, la presi\u00f3n y otros sensores din\u00e1micos en condiciones exteriores adversas, entonces el registrador de [&hellip;]<\/p>\n","protected":false},"featured_media":4008,"comment_status":"open","ping_status":"closed","template":"","meta":{"om_disable_all_campaigns":false,"ocean_post_layout":"","ocean_both_sidebars_style":"","ocean_both_sidebars_content_width":0,"ocean_both_sidebars_sidebars_width":0,"ocean_sidebar":"0","ocean_second_sidebar":"0","ocean_disable_margins":"enable","ocean_add_body_class":"","ocean_shortcode_before_top_bar":"","ocean_shortcode_after_top_bar":"","ocean_shortcode_before_header":"","ocean_shortcode_after_header":"","ocean_has_shortcode":"","ocean_shortcode_after_title":"","ocean_shortcode_before_footer_widgets":"","ocean_shortcode_after_footer_widgets":"","ocean_shortcode_before_footer_bottom":"","ocean_shortcode_after_footer_bottom":"","ocean_display_top_bar":"default","ocean_display_header":"default","ocean_header_style":"","ocean_center_header_left_menu":"0","ocean_custom_header_template":"0","ocean_custom_logo":0,"ocean_custom_retina_logo":0,"ocean_custom_logo_max_width":0,"ocean_custom_logo_tablet_max_width":0,"ocean_custom_logo_mobile_max_width":0,"ocean_custom_logo_max_height":0,"ocean_custom_logo_tablet_max_height":0,"ocean_custom_logo_mobile_max_height":0,"ocean_header_custom_menu":"0","ocean_menu_typo_font_family":"0","ocean_menu_typo_font_subset":"","ocean_menu_typo_font_size":0,"ocean_menu_typo_font_size_tablet":0,"ocean_menu_typo_font_size_mobile":0,"ocean_menu_typo_font_size_unit":"px","ocean_menu_typo_font_weight":"","ocean_menu_typo_font_weight_tablet":"","ocean_menu_typo_font_weight_mobile":"","ocean_menu_typo_transform":"","ocean_menu_typo_transform_tablet":"","ocean_menu_typo_transform_mobile":"","ocean_menu_typo_line_height":0,"ocean_menu_typo_line_height_tablet":0,"ocean_menu_typo_line_height_mobile":0,"ocean_menu_typo_line_height_unit":"","ocean_menu_typo_spacing":0,"ocean_menu_typo_spacing_tablet":0,"ocean_menu_typo_spacing_mobile":0,"ocean_menu_typo_spacing_unit":"","ocean_menu_link_color":"","ocean_menu_link_color_hover":"","ocean_menu_link_color_active":"","ocean_menu_link_background":"","ocean_menu_link_hover_background":"","ocean_menu_link_active_background":"","ocean_menu_social_links_bg":"","ocean_menu_social_hover_links_bg":"","ocean_menu_social_links_color":"","ocean_menu_social_hover_links_color":"","ocean_disable_title":"default","ocean_disable_heading":"default","ocean_post_title":"","ocean_post_subheading":"","ocean_post_title_style":"","ocean_post_title_background_color":"","ocean_post_title_background":0,"ocean_post_title_bg_image_position":"","ocean_post_title_bg_image_attachment":"","ocean_post_title_bg_image_repeat":"","ocean_post_title_bg_image_size":"","ocean_post_title_height":0,"ocean_post_title_bg_overlay":0.5,"ocean_post_title_bg_overlay_color":"","ocean_disable_breadcrumbs":"default","ocean_breadcrumbs_color":"","ocean_breadcrumbs_separator_color":"","ocean_breadcrumbs_links_color":"","ocean_breadcrumbs_links_hover_color":"","ocean_display_footer_widgets":"default","ocean_display_footer_bottom":"default","ocean_custom_footer_template":"0","_joinchat":[]},"product_brand":[],"product_cat":[16],"product_tag":[],"class_list":{"0":"post-4017","1":"product","2":"type-product","3":"status-publish","4":"has-post-thumbnail","6":"product_cat-sin-categorizar","8":"entry","9":"has-media","11":"first","12":"instock","13":"shipping-taxable","14":"purchasable","15":"product-type-simple","16":"has-product-nav","17":"col","18":"span_1_of_3","19":"owp-content-center","20":"owp-thumbs-layout-horizontal","21":"owp-btn-normal","22":"owp-tabs-layout-horizontal","23":"has-no-thumbnails"},"_links":{"self":[{"href":"https:\/\/telemetry.com.pe\/index.php\/wp-json\/wp\/v2\/product\/4017","targetHints":{"allow":["GET"]}}],"collection":[{"href":"https:\/\/telemetry.com.pe\/index.php\/wp-json\/wp\/v2\/product"}],"about":[{"href":"https:\/\/telemetry.com.pe\/index.php\/wp-json\/wp\/v2\/types\/product"}],"replies":[{"embeddable":true,"href":"https:\/\/telemetry.com.pe\/index.php\/wp-json\/wp\/v2\/comments?post=4017"}],"wp:featuredmedia":[{"embeddable":true,"href":"https:\/\/telemetry.com.pe\/index.php\/wp-json\/wp\/v2\/media\/4008"}],"wp:attachment":[{"href":"https:\/\/telemetry.com.pe\/index.php\/wp-json\/wp\/v2\/media?parent=4017"}],"wp:term":[{"taxonomy":"product_brand","embeddable":true,"href":"https:\/\/telemetry.com.pe\/index.php\/wp-json\/wp\/v2\/product_brand?post=4017"},{"taxonomy":"product_cat","embeddable":true,"href":"https:\/\/telemetry.com.pe\/index.php\/wp-json\/wp\/v2\/product_cat?post=4017"},{"taxonomy":"product_tag","embeddable":true,"href":"https:\/\/telemetry.com.pe\/index.php\/wp-json\/wp\/v2\/product_tag?post=4017"}],"curies":[{"name":"wp","href":"https:\/\/api.w.org\/{rel}","templated":true}]}}