{"id":4023,"date":"2023-09-16T00:44:11","date_gmt":"2023-09-16T00:44:11","guid":{"rendered":"http:\/\/telemetry.com.pe\/?post_type=product&#038;p=4023"},"modified":"2023-09-16T00:44:11","modified_gmt":"2023-09-16T00:44:11","slug":"la-camara-de-alta-velocidad-mas-asequible-de-la-industria","status":"publish","type":"product","link":"https:\/\/telemetry.com.pe\/index.php\/producto\/la-camara-de-alta-velocidad-mas-asequible-de-la-industria\/","title":{"rendered":"La c\u00e1mara de alta velocidad m\u00e1s asequible de la industria"},"content":{"rendered":"<div id=\"text1\">\n<p class=\"fbody\">Las explosiones y sus efectos ocurren demasiado r\u00e1pido para ser capturados con c\u00e1maras de video de velocidad est\u00e1ndar.\u00a0Para ver lo que te has estado perdiendo, debes grabar tus explosiones con video de alta velocidad.<\/p>\n<p class=\"fbody\">Si desea determinar los efectos de las voladuras en estructuras o veh\u00edculos o determinar los tiempos reales de disparo de sus barrenos y la naturaleza del movimiento de la roca, la c\u00e1mara de video digital con la sensibilidad a la luz, la velocidad y la resoluci\u00f3n para capturar con precisi\u00f3n estos eventos es la Ranger. C\u00e1mara de alta velocidad II\u2122 Lt.\u00a0Es un completo sistema de grabaci\u00f3n de video de alta velocidad con una interfaz de operador f\u00e1cil de usar.<\/p>\n<p><img decoding=\"async\" src=\"https:\/\/mrel.com\/blasting_instrumentation\/components\/images\/ranger2lt\/ranger2lt2.png\" alt=\"Imagen de la c\u00e1mara de alta velocidad Ranger II\u2122 Lt\" \/><\/p>\n<\/div>\n<div id=\"text7\">\n<h1>Consumidores y Fabricantes de Explosivos<\/h1>\n<p class=\"fbody\">Sus detonadores de retardo deben proporcionar la sincronizaci\u00f3n correcta para sus condiciones espec\u00edficas de voladura.\u00a0La sincronizaci\u00f3n incorrecta reduce la fragmentaci\u00f3n de la roca, afecta el movimiento de la voladura y puede aumentar las vibraciones de la voladura.\u00a0La c\u00e1mara de alta velocidad Ranger II\u2122 Lt de Blaster con el software ProAnalyst\u00ae Introductory Edition incluido puede documentar los tiempos reales de disparo de los barrenos con una precisi\u00f3n de submilisegundos, as\u00ed como cuantificar la velocidad frontal, las explosiones, la eyecci\u00f3n de los tallos, la trayectoria de las rocas volantes y m\u00e1s.<\/p>\n<p class=\"fbody\">Para registrar la velocidad de detonaci\u00f3n (VOD) de los explosivos en la explosi\u00f3n, MREL ofrece una gama de grabadores VOD potentes y de gran capacidad.<\/p>\n<\/div>\n<div id=\"text9\">\n<h1>Investigadores de Blast Effects<\/h1>\n<p class=\"fbody\">Est\u00e1 ejecutando un programa de prueba sofisticado que involucra la medici\u00f3n de los efectos de los materiales energ\u00e9ticos.\u00a0La c\u00e1mara de alta velocidad Ranger II\u2122 Lt es una alternativa port\u00e1til y asequible a las costosas c\u00e1maras de video digitales de alta velocidad que tradicionalmente utilizan los investigadores corporativos, universitarios y gubernamentales para registrar en video los efectos de las explosiones en estructuras y veh\u00edculos.\u00a0M\u00faltiples c\u00e1maras a distancias de hasta 100 m (328 pies) del controlador Ranger II\u2122 Lt se pueden conectar en red f\u00e1cilmente y sincronizar en el tiempo, lo que brinda a los investigadores la capacidad de grabar eventos desde m\u00faltiples \u00e1ngulos de c\u00e1mara para realizar an\u00e1lisis de movimiento 3D precisos utilizando el opcional Software ProAnalyst\u00ae 3-D Professional Edition disponible en MREL.<\/p>\n<\/div>\n","protected":false},"excerpt":{"rendered":"<p>Las explosiones y sus efectos ocurren demasiado r\u00e1pido para ser capturados con c\u00e1maras de video de velocidad est\u00e1ndar.\u00a0Para ver lo que te has estado perdiendo, debes grabar tus explosiones con video de alta velocidad. Si desea determinar los efectos de las voladuras en estructuras o veh\u00edculos o determinar los tiempos reales de disparo de sus [&hellip;]<\/p>\n","protected":false},"featured_media":4027,"comment_status":"open","ping_status":"closed","template":"","meta":{"om_disable_all_campaigns":false,"ocean_post_layout":"","ocean_both_sidebars_style":"","ocean_both_sidebars_content_width":0,"ocean_both_sidebars_sidebars_width":0,"ocean_sidebar":"0","ocean_second_sidebar":"0","ocean_disable_margins":"enable","ocean_add_body_class":"","ocean_shortcode_before_top_bar":"","ocean_shortcode_after_top_bar":"","ocean_shortcode_before_header":"","ocean_shortcode_after_header":"","ocean_has_shortcode":"","ocean_shortcode_after_title":"","ocean_shortcode_before_footer_widgets":"","ocean_shortcode_after_footer_widgets":"","ocean_shortcode_before_footer_bottom":"","ocean_shortcode_after_footer_bottom":"","ocean_display_top_bar":"default","ocean_display_header":"default","ocean_header_style":"","ocean_center_header_left_menu":"0","ocean_custom_header_template":"0","ocean_custom_logo":0,"ocean_custom_retina_logo":0,"ocean_custom_logo_max_width":0,"ocean_custom_logo_tablet_max_width":0,"ocean_custom_logo_mobile_max_width":0,"ocean_custom_logo_max_height":0,"ocean_custom_logo_tablet_max_height":0,"ocean_custom_logo_mobile_max_height":0,"ocean_header_custom_menu":"0","ocean_menu_typo_font_family":"0","ocean_menu_typo_font_subset":"","ocean_menu_typo_font_size":0,"ocean_menu_typo_font_size_tablet":0,"ocean_menu_typo_font_size_mobile":0,"ocean_menu_typo_font_size_unit":"px","ocean_menu_typo_font_weight":"","ocean_menu_typo_font_weight_tablet":"","ocean_menu_typo_font_weight_mobile":"","ocean_menu_typo_transform":"","ocean_menu_typo_transform_tablet":"","ocean_menu_typo_transform_mobile":"","ocean_menu_typo_line_height":0,"ocean_menu_typo_line_height_tablet":0,"ocean_menu_typo_line_height_mobile":0,"ocean_menu_typo_line_height_unit":"","ocean_menu_typo_spacing":0,"ocean_menu_typo_spacing_tablet":0,"ocean_menu_typo_spacing_mobile":0,"ocean_menu_typo_spacing_unit":"","ocean_menu_link_color":"","ocean_menu_link_color_hover":"","ocean_menu_link_color_active":"","ocean_menu_link_background":"","ocean_menu_link_hover_background":"","ocean_menu_link_active_background":"","ocean_menu_social_links_bg":"","ocean_menu_social_hover_links_bg":"","ocean_menu_social_links_color":"","ocean_menu_social_hover_links_color":"","ocean_disable_title":"default","ocean_disable_heading":"default","ocean_post_title":"","ocean_post_subheading":"","ocean_post_title_style":"","ocean_post_title_background_color":"","ocean_post_title_background":0,"ocean_post_title_bg_image_position":"","ocean_post_title_bg_image_attachment":"","ocean_post_title_bg_image_repeat":"","ocean_post_title_bg_image_size":"","ocean_post_title_height":0,"ocean_post_title_bg_overlay":0.5,"ocean_post_title_bg_overlay_color":"","ocean_disable_breadcrumbs":"default","ocean_breadcrumbs_color":"","ocean_breadcrumbs_separator_color":"","ocean_breadcrumbs_links_color":"","ocean_breadcrumbs_links_hover_color":"","ocean_display_footer_widgets":"default","ocean_display_footer_bottom":"default","ocean_custom_footer_template":"0","_joinchat":[]},"product_brand":[],"product_cat":[16],"product_tag":[],"class_list":{"0":"post-4023","1":"product","2":"type-product","3":"status-publish","4":"has-post-thumbnail","6":"product_cat-sin-categorizar","8":"entry","9":"has-media","11":"first","12":"instock","13":"shipping-taxable","14":"purchasable","15":"product-type-simple","16":"has-product-nav","17":"col","18":"span_1_of_3","19":"owp-content-center","20":"owp-thumbs-layout-horizontal","21":"owp-btn-normal","22":"owp-tabs-layout-horizontal","23":"has-no-thumbnails"},"_links":{"self":[{"href":"https:\/\/telemetry.com.pe\/index.php\/wp-json\/wp\/v2\/product\/4023","targetHints":{"allow":["GET"]}}],"collection":[{"href":"https:\/\/telemetry.com.pe\/index.php\/wp-json\/wp\/v2\/product"}],"about":[{"href":"https:\/\/telemetry.com.pe\/index.php\/wp-json\/wp\/v2\/types\/product"}],"replies":[{"embeddable":true,"href":"https:\/\/telemetry.com.pe\/index.php\/wp-json\/wp\/v2\/comments?post=4023"}],"wp:featuredmedia":[{"embeddable":true,"href":"https:\/\/telemetry.com.pe\/index.php\/wp-json\/wp\/v2\/media\/4027"}],"wp:attachment":[{"href":"https:\/\/telemetry.com.pe\/index.php\/wp-json\/wp\/v2\/media?parent=4023"}],"wp:term":[{"taxonomy":"product_brand","embeddable":true,"href":"https:\/\/telemetry.com.pe\/index.php\/wp-json\/wp\/v2\/product_brand?post=4023"},{"taxonomy":"product_cat","embeddable":true,"href":"https:\/\/telemetry.com.pe\/index.php\/wp-json\/wp\/v2\/product_cat?post=4023"},{"taxonomy":"product_tag","embeddable":true,"href":"https:\/\/telemetry.com.pe\/index.php\/wp-json\/wp\/v2\/product_tag?post=4023"}],"curies":[{"name":"wp","href":"https:\/\/api.w.org\/{rel}","templated":true}]}}