{"id":4026,"date":"2023-09-16T00:44:11","date_gmt":"2023-09-16T00:44:11","guid":{"rendered":"http:\/\/telemetry.com.pe\/?post_type=product&#038;p=4026"},"modified":"2023-09-16T00:44:11","modified_gmt":"2023-09-16T00:44:11","slug":"la-camara-de-alta-velocidad-mas-popular-de-la-industria","status":"publish","type":"product","link":"https:\/\/telemetry.com.pe\/index.php\/producto\/la-camara-de-alta-velocidad-mas-popular-de-la-industria\/","title":{"rendered":"La c\u00e1mara de alta velocidad m\u00e1s popular de la industria"},"content":{"rendered":"<p class=\"fbody\"><span>Las explosiones y sus efectos ocurren demasiado r\u00e1pido para ser capturados con c\u00e1maras de video de velocidad est\u00e1ndar.\u00a0Para ver lo que te has estado perdiendo, debes grabar tus explosiones con video de alta velocidad.<\/span><\/p>\n<p class=\"fbody\"><span>Si desea determinar los efectos de las voladuras en estructuras o veh\u00edculos o determinar los tiempos reales de disparo de sus barrenos y la naturaleza del movimiento de la roca, la c\u00e1mara de video digital con la velocidad y resoluci\u00f3n para capturar con precisi\u00f3n estos eventos es Blaster&#8217;s Ranger II\u2122. C\u00e1mara de alta velocidad.\u00a0Es un completo sistema de grabaci\u00f3n de video de alta velocidad con una pantalla LCD incorporada y una interfaz de operador f\u00e1cil de usar.<\/span><\/p>\n<div id=\"text1\"><img decoding=\"async\" src=\"https:\/\/mrel.com\/blasting_instrumentation\/components\/images\/ranger2\/ranger22.png\" alt=\"Imagen de la c\u00e1mara de alta velocidad Ranger II\u2122\" \/><\/div>\n<p>&nbsp;<\/p>\n<div id=\"text7\">\n<h1><span>Consumidores y Fabricantes de Explosivos<\/span><\/h1>\n<p class=\"fbody\"><span>Sus detonadores de retardo deben proporcionar la sincronizaci\u00f3n correcta para sus condiciones espec\u00edficas de voladura.\u00a0La sincronizaci\u00f3n incorrecta reduce la fragmentaci\u00f3n de la roca, afecta el movimiento de la voladura y puede aumentar las vibraciones de la voladura.\u00a0La c\u00e1mara de alta velocidad Ranger II\u2122 de Blaster con el software ProAnalyst\u00a0<\/span><sup><span>\u00ae<\/span><\/sup><span>\u00a0Introductory Edition incluido puede documentar los tiempos de disparo reales de los barrenos con una precisi\u00f3n de submilisegundos, as\u00ed como cuantificar la velocidad frontal, las explosiones, la eyecci\u00f3n de los tallos, la trayectoria de las rocas volantes y m\u00e1s.<\/span><\/p>\n<p class=\"fbody\"><span>Para registrar la velocidad de detonaci\u00f3n (VOD) de los explosivos en la explosi\u00f3n, MREL ofrece una gama de grabadores VOD potentes y de gran capacidad.<\/span><\/p>\n<\/div>\n<div id=\"text9\">\n<h1><span>Investigadores de Blast Effects<\/span><\/h1>\n<p class=\"fbody\"><span>Est\u00e1 ejecutando un programa de prueba sofisticado que involucra la medici\u00f3n de los efectos de los materiales energ\u00e9ticos.\u00a0La c\u00e1mara de alta velocidad Ranger II\u2122 de Blaster es una alternativa port\u00e1til y econ\u00f3mica a las costosas c\u00e1maras de video digitales de alta velocidad que tradicionalmente utilizan los investigadores corporativos, universitarios y gubernamentales para registrar en video los efectos de las explosiones en estructuras y veh\u00edculos.\u00a0El uso de m\u00faltiples c\u00e1maras brinda a los investigadores la capacidad de registrar eventos desde m\u00faltiples \u00e1ngulos de c\u00e1mara para correlaci\u00f3n de base de tiempo y an\u00e1lisis precisos de movimiento en 3D utilizando el software opcional ProAnalyst\u00ae\u00a03-D Professional Edition disponible de MREL\u00a0<\/span><sup><span>.<\/span><\/sup><\/p>\n<\/div>\n","protected":false},"excerpt":{"rendered":"<p>Las explosiones y sus efectos ocurren demasiado r\u00e1pido para ser capturados con c\u00e1maras de video de velocidad est\u00e1ndar.\u00a0Para ver lo que te has estado perdiendo, debes grabar tus explosiones con video de alta velocidad. Si desea determinar los efectos de las voladuras en estructuras o veh\u00edculos o determinar los tiempos reales de disparo de sus [&hellip;]<\/p>\n","protected":false},"featured_media":4024,"comment_status":"open","ping_status":"closed","template":"","meta":{"om_disable_all_campaigns":false,"ocean_post_layout":"","ocean_both_sidebars_style":"","ocean_both_sidebars_content_width":0,"ocean_both_sidebars_sidebars_width":0,"ocean_sidebar":"0","ocean_second_sidebar":"0","ocean_disable_margins":"enable","ocean_add_body_class":"","ocean_shortcode_before_top_bar":"","ocean_shortcode_after_top_bar":"","ocean_shortcode_before_header":"","ocean_shortcode_after_header":"","ocean_has_shortcode":"","ocean_shortcode_after_title":"","ocean_shortcode_before_footer_widgets":"","ocean_shortcode_after_footer_widgets":"","ocean_shortcode_before_footer_bottom":"","ocean_shortcode_after_footer_bottom":"","ocean_display_top_bar":"default","ocean_display_header":"default","ocean_header_style":"","ocean_center_header_left_menu":"0","ocean_custom_header_template":"0","ocean_custom_logo":0,"ocean_custom_retina_logo":0,"ocean_custom_logo_max_width":0,"ocean_custom_logo_tablet_max_width":0,"ocean_custom_logo_mobile_max_width":0,"ocean_custom_logo_max_height":0,"ocean_custom_logo_tablet_max_height":0,"ocean_custom_logo_mobile_max_height":0,"ocean_header_custom_menu":"0","ocean_menu_typo_font_family":"0","ocean_menu_typo_font_subset":"","ocean_menu_typo_font_size":0,"ocean_menu_typo_font_size_tablet":0,"ocean_menu_typo_font_size_mobile":0,"ocean_menu_typo_font_size_unit":"px","ocean_menu_typo_font_weight":"","ocean_menu_typo_font_weight_tablet":"","ocean_menu_typo_font_weight_mobile":"","ocean_menu_typo_transform":"","ocean_menu_typo_transform_tablet":"","ocean_menu_typo_transform_mobile":"","ocean_menu_typo_line_height":0,"ocean_menu_typo_line_height_tablet":0,"ocean_menu_typo_line_height_mobile":0,"ocean_menu_typo_line_height_unit":"","ocean_menu_typo_spacing":0,"ocean_menu_typo_spacing_tablet":0,"ocean_menu_typo_spacing_mobile":0,"ocean_menu_typo_spacing_unit":"","ocean_menu_link_color":"","ocean_menu_link_color_hover":"","ocean_menu_link_color_active":"","ocean_menu_link_background":"","ocean_menu_link_hover_background":"","ocean_menu_link_active_background":"","ocean_menu_social_links_bg":"","ocean_menu_social_hover_links_bg":"","ocean_menu_social_links_color":"","ocean_menu_social_hover_links_color":"","ocean_disable_title":"default","ocean_disable_heading":"default","ocean_post_title":"","ocean_post_subheading":"","ocean_post_title_style":"","ocean_post_title_background_color":"","ocean_post_title_background":0,"ocean_post_title_bg_image_position":"","ocean_post_title_bg_image_attachment":"","ocean_post_title_bg_image_repeat":"","ocean_post_title_bg_image_size":"","ocean_post_title_height":0,"ocean_post_title_bg_overlay":0.5,"ocean_post_title_bg_overlay_color":"","ocean_disable_breadcrumbs":"default","ocean_breadcrumbs_color":"","ocean_breadcrumbs_separator_color":"","ocean_breadcrumbs_links_color":"","ocean_breadcrumbs_links_hover_color":"","ocean_display_footer_widgets":"default","ocean_display_footer_bottom":"default","ocean_custom_footer_template":"0","_joinchat":[]},"product_brand":[],"product_cat":[16],"product_tag":[],"class_list":{"0":"post-4026","1":"product","2":"type-product","3":"status-publish","4":"has-post-thumbnail","6":"product_cat-sin-categorizar","8":"entry","9":"has-media","11":"first","12":"instock","13":"shipping-taxable","14":"purchasable","15":"product-type-simple","16":"has-product-nav","17":"col","18":"span_1_of_3","19":"owp-content-center","20":"owp-thumbs-layout-horizontal","21":"owp-btn-normal","22":"owp-tabs-layout-horizontal","23":"has-no-thumbnails"},"_links":{"self":[{"href":"https:\/\/telemetry.com.pe\/index.php\/wp-json\/wp\/v2\/product\/4026","targetHints":{"allow":["GET"]}}],"collection":[{"href":"https:\/\/telemetry.com.pe\/index.php\/wp-json\/wp\/v2\/product"}],"about":[{"href":"https:\/\/telemetry.com.pe\/index.php\/wp-json\/wp\/v2\/types\/product"}],"replies":[{"embeddable":true,"href":"https:\/\/telemetry.com.pe\/index.php\/wp-json\/wp\/v2\/comments?post=4026"}],"wp:featuredmedia":[{"embeddable":true,"href":"https:\/\/telemetry.com.pe\/index.php\/wp-json\/wp\/v2\/media\/4024"}],"wp:attachment":[{"href":"https:\/\/telemetry.com.pe\/index.php\/wp-json\/wp\/v2\/media?parent=4026"}],"wp:term":[{"taxonomy":"product_brand","embeddable":true,"href":"https:\/\/telemetry.com.pe\/index.php\/wp-json\/wp\/v2\/product_brand?post=4026"},{"taxonomy":"product_cat","embeddable":true,"href":"https:\/\/telemetry.com.pe\/index.php\/wp-json\/wp\/v2\/product_cat?post=4026"},{"taxonomy":"product_tag","embeddable":true,"href":"https:\/\/telemetry.com.pe\/index.php\/wp-json\/wp\/v2\/product_tag?post=4026"}],"curies":[{"name":"wp","href":"https:\/\/api.w.org\/{rel}","templated":true}]}}