{"id":4038,"date":"2023-09-16T00:44:11","date_gmt":"2023-09-16T00:44:11","guid":{"rendered":"http:\/\/telemetry.com.pe\/?post_type=product&#038;p=4038"},"modified":"2023-09-16T00:44:11","modified_gmt":"2023-09-16T00:44:11","slug":"stratacam-mira-lo-que-nunca-has-visto","status":"publish","type":"product","link":"https:\/\/telemetry.com.pe\/index.php\/producto\/stratacam-mira-lo-que-nunca-has-visto\/","title":{"rendered":"Stratacam Mira lo que nunca has visto"},"content":{"rendered":"<p class=\"fbody\">\u00bfD\u00f3nde est\u00e1n los l\u00edmites de los estratos rocosos?\u00a0\u00bfD\u00f3nde est\u00e1 este pozo haciendo agua?\u00a0\u00bfPor qu\u00e9 no sube mi columna de explosivos?\u00a0\u00a1Ojal\u00e1 pudiera ver dentro de este pozo!<\/p>\n<p class=\"fbody\">La c\u00e1mara de pozo StrataCam\u2122 se utiliza para ver claramente y registrar con precisi\u00f3n la ubicaci\u00f3n f\u00edsica de estratos geol\u00f3gicos, l\u00edmites d\u00e9biles\/fuertes, l\u00edmites de minerales\/desechos, vetas de carb\u00f3n, parte superior del carb\u00f3n, superficie libre de agua o puntos de ingreso, fracturas in situ , cavidades e irregularidades.\u00a0Esta informaci\u00f3n es bastante valiosa para un blaster que necesita modificar el patr\u00f3n de carga.<\/p>\n<div id=\"text2\">\n<h1>Vea lo que se ha estado perdiendo<\/h1>\n<p class=\"fbody\">Realice levantamientos de video de alta resoluci\u00f3n de pozos secos o llenos de agua con di\u00e1metros tan peque\u00f1os como 50,8 mm (2 pulgadas) y hasta una profundidad m\u00e1xima de 300 m (1000 pies).\u00a0Los componentes de la c\u00e1mara de pozo StrataCam\u2122 son herm\u00e9ticos a presiones externas de 3,4 MPa (500 psi).<\/p>\n<p class=\"fbody\">Al medir por video un pozo, el operador puede alternar f\u00e1cilmente el carrete del cable motorizado para subir o bajar la posici\u00f3n de la c\u00e1mara en el pozo y ajustar la velocidad mientras ve simult\u00e1neamente la transmisi\u00f3n de video en vivo en color en el monitor LCD.\u00a0El monitor muestra continuamente la profundidad total de la c\u00e1mara de forma digital y puede protegerse de la luz solar utilizando la cubierta de visualizaci\u00f3n exterior del monitor.<\/p>\n<\/div>\n<div id=\"text5\">\n<h1>Construido para ir a cualquier parte<\/h1>\n<p class=\"fbody\">El operador puede alternar entre las c\u00e1maras de vista inferior y lateral de la c\u00e1mara de pozo StrataCam\u2122, cada una iluminada por LED de alta intensidad a prueba de golpes con m\u00e1s de 5000 horas de vida \u00fatil.\u00a0La c\u00e1mara de vista lateral tiene una rotaci\u00f3n continua de 360 \u200b\u200bgrados en ambas direcciones para registrar claramente el per\u00edmetro completo del pozo mientras el centralizador de la c\u00e1mara no la obstruye, lo que estabiliza la imagen y protege las lentes de da\u00f1os.\u00a0La grabadora de video digital DVDR en tiempo real guarda cualquier parte de la encuesta en DVD con solo presionar un bot\u00f3n.<\/p>\n<p class=\"fbody\">La c\u00e1mara de pozo StrataCam\u2122 se env\u00eda completamente ensamblada en su carro port\u00e1til de dos ruedas, con una pluma extensible de 0,9 m (3 pies) para alcanzar los recortes de perforaci\u00f3n y colocar la c\u00e1mara sobre el centro del pozo.<\/p>\n<\/div>\n<div id=\"image16\"><img decoding=\"async\" src=\"https:\/\/mrel.com\/blasting_instrumentation\/components\/images\/stratacam\/stratacamimagesetb1.jpg\" alt=\"C\u00e1mara de sondeo StrataCam\u2122 2\" \/><\/div>\n","protected":false},"excerpt":{"rendered":"<p>\u00bfD\u00f3nde est\u00e1n los l\u00edmites de los estratos rocosos?\u00a0\u00bfD\u00f3nde est\u00e1 este pozo haciendo agua?\u00a0\u00bfPor qu\u00e9 no sube mi columna de explosivos?\u00a0\u00a1Ojal\u00e1 pudiera ver dentro de este pozo! La c\u00e1mara de pozo StrataCam\u2122 se utiliza para ver claramente y registrar con precisi\u00f3n la ubicaci\u00f3n f\u00edsica de estratos geol\u00f3gicos, l\u00edmites d\u00e9biles\/fuertes, l\u00edmites de minerales\/desechos, vetas de carb\u00f3n, parte [&hellip;]<\/p>\n","protected":false},"featured_media":4036,"comment_status":"open","ping_status":"closed","template":"","meta":{"om_disable_all_campaigns":false,"ocean_post_layout":"","ocean_both_sidebars_style":"","ocean_both_sidebars_content_width":0,"ocean_both_sidebars_sidebars_width":0,"ocean_sidebar":"0","ocean_second_sidebar":"0","ocean_disable_margins":"enable","ocean_add_body_class":"","ocean_shortcode_before_top_bar":"","ocean_shortcode_after_top_bar":"","ocean_shortcode_before_header":"","ocean_shortcode_after_header":"","ocean_has_shortcode":"","ocean_shortcode_after_title":"","ocean_shortcode_before_footer_widgets":"","ocean_shortcode_after_footer_widgets":"","ocean_shortcode_before_footer_bottom":"","ocean_shortcode_after_footer_bottom":"","ocean_display_top_bar":"default","ocean_display_header":"default","ocean_header_style":"","ocean_center_header_left_menu":"0","ocean_custom_header_template":"0","ocean_custom_logo":0,"ocean_custom_retina_logo":0,"ocean_custom_logo_max_width":0,"ocean_custom_logo_tablet_max_width":0,"ocean_custom_logo_mobile_max_width":0,"ocean_custom_logo_max_height":0,"ocean_custom_logo_tablet_max_height":0,"ocean_custom_logo_mobile_max_height":0,"ocean_header_custom_menu":"0","ocean_menu_typo_font_family":"0","ocean_menu_typo_font_subset":"","ocean_menu_typo_font_size":0,"ocean_menu_typo_font_size_tablet":0,"ocean_menu_typo_font_size_mobile":0,"ocean_menu_typo_font_size_unit":"px","ocean_menu_typo_font_weight":"","ocean_menu_typo_font_weight_tablet":"","ocean_menu_typo_font_weight_mobile":"","ocean_menu_typo_transform":"","ocean_menu_typo_transform_tablet":"","ocean_menu_typo_transform_mobile":"","ocean_menu_typo_line_height":0,"ocean_menu_typo_line_height_tablet":0,"ocean_menu_typo_line_height_mobile":0,"ocean_menu_typo_line_height_unit":"","ocean_menu_typo_spacing":0,"ocean_menu_typo_spacing_tablet":0,"ocean_menu_typo_spacing_mobile":0,"ocean_menu_typo_spacing_unit":"","ocean_menu_link_color":"","ocean_menu_link_color_hover":"","ocean_menu_link_color_active":"","ocean_menu_link_background":"","ocean_menu_link_hover_background":"","ocean_menu_link_active_background":"","ocean_menu_social_links_bg":"","ocean_menu_social_hover_links_bg":"","ocean_menu_social_links_color":"","ocean_menu_social_hover_links_color":"","ocean_disable_title":"default","ocean_disable_heading":"default","ocean_post_title":"","ocean_post_subheading":"","ocean_post_title_style":"","ocean_post_title_background_color":"","ocean_post_title_background":0,"ocean_post_title_bg_image_position":"","ocean_post_title_bg_image_attachment":"","ocean_post_title_bg_image_repeat":"","ocean_post_title_bg_image_size":"","ocean_post_title_height":0,"ocean_post_title_bg_overlay":0.5,"ocean_post_title_bg_overlay_color":"","ocean_disable_breadcrumbs":"default","ocean_breadcrumbs_color":"","ocean_breadcrumbs_separator_color":"","ocean_breadcrumbs_links_color":"","ocean_breadcrumbs_links_hover_color":"","ocean_display_footer_widgets":"default","ocean_display_footer_bottom":"default","ocean_custom_footer_template":"0","_joinchat":[]},"product_brand":[],"product_cat":[16],"product_tag":[],"class_list":{"0":"post-4038","1":"product","2":"type-product","3":"status-publish","4":"has-post-thumbnail","6":"product_cat-sin-categorizar","8":"entry","9":"has-media","11":"first","12":"instock","13":"shipping-taxable","14":"purchasable","15":"product-type-simple","16":"has-product-nav","17":"col","18":"span_1_of_3","19":"owp-content-center","20":"owp-thumbs-layout-horizontal","21":"owp-btn-normal","22":"owp-tabs-layout-horizontal","23":"has-no-thumbnails"},"_links":{"self":[{"href":"https:\/\/telemetry.com.pe\/index.php\/wp-json\/wp\/v2\/product\/4038","targetHints":{"allow":["GET"]}}],"collection":[{"href":"https:\/\/telemetry.com.pe\/index.php\/wp-json\/wp\/v2\/product"}],"about":[{"href":"https:\/\/telemetry.com.pe\/index.php\/wp-json\/wp\/v2\/types\/product"}],"replies":[{"embeddable":true,"href":"https:\/\/telemetry.com.pe\/index.php\/wp-json\/wp\/v2\/comments?post=4038"}],"wp:featuredmedia":[{"embeddable":true,"href":"https:\/\/telemetry.com.pe\/index.php\/wp-json\/wp\/v2\/media\/4036"}],"wp:attachment":[{"href":"https:\/\/telemetry.com.pe\/index.php\/wp-json\/wp\/v2\/media?parent=4038"}],"wp:term":[{"taxonomy":"product_brand","embeddable":true,"href":"https:\/\/telemetry.com.pe\/index.php\/wp-json\/wp\/v2\/product_brand?post=4038"},{"taxonomy":"product_cat","embeddable":true,"href":"https:\/\/telemetry.com.pe\/index.php\/wp-json\/wp\/v2\/product_cat?post=4038"},{"taxonomy":"product_tag","embeddable":true,"href":"https:\/\/telemetry.com.pe\/index.php\/wp-json\/wp\/v2\/product_tag?post=4038"}],"curies":[{"name":"wp","href":"https:\/\/api.w.org\/{rel}","templated":true}]}}