{"id":4700,"date":"2023-09-16T00:42:45","date_gmt":"2023-09-16T00:42:45","guid":{"rendered":"https:\/\/telemetry.com.pe\/?post_type=product&#038;p=4700"},"modified":"2023-09-16T00:42:45","modified_gmt":"2023-09-16T00:42:45","slug":"sistema-de-seguimiento","status":"publish","type":"product","link":"https:\/\/telemetry.com.pe\/index.php\/producto\/sistema-de-seguimiento\/","title":{"rendered":"Sistema de seguimiento"},"content":{"rendered":"<div id=\"pg-1462-0\" class=\"panel-grid panel-no-style\">\n<div id=\"pgc-1462-0-0\" class=\"panel-grid-cell\">\n<div id=\"panel-1462-0-0-0\" class=\"so-panel widget widget_sow-editor panel-first-child panel-last-child\" data-index=\"0\">\n<div class=\"so-widget-sow-editor so-widget-sow-editor-base\">\n<div class=\"siteorigin-widget-tinymce textwidget\">\n<h2>Aplicaciones<\/h2>\n<p>El Sistema de Monitoreo de V\u00eda ayuda a mantener la seguridad de las v\u00edas del tren al monitorear el asentamiento y la torsi\u00f3n.\u00a0Los sistemas de monitoreo de v\u00edas se instalan cuando las actividades de construcci\u00f3n cercanas, como la excavaci\u00f3n o la excavaci\u00f3n de t\u00faneles, pueden afectar la seguridad de las v\u00edas.\u00a0Los sistemas tambi\u00e9n se instalan en v\u00edas que pasan por \u00e1reas amenazadas por deslizamientos de tierra o deslaves.<\/p>\n<\/div>\n<\/div>\n<\/div>\n<\/div>\n<div id=\"pgc-1462-0-1\" class=\"panel-grid-cell\">\n<div id=\"panel-1462-0-1-0\" class=\"so-panel widget widget_sow-image panel-first-child panel-last-child\" data-index=\"1\">\n<div class=\"panel-widget-style panel-widget-style-for-1462-0-1-0\">\n<div class=\"so-widget-sow-image so-widget-sow-image-default-d6014b76747a-1462\">\n<div class=\"sow-image-container\"><img decoding=\"async\" class=\"so-widget-image\" title=\"Sistema de seguimiento de seguimiento\" src=\"https:\/\/durhamgeo.com\/wp-content\/uploads\/2018\/06\/tilt-trackmon-twist.jpg\" sizes=\"(max-width: 220px) 100vw, 220px\" alt=\"Sistema de seguimiento de seguimiento\" width=\"220\" height=\"156\" \/><\/div>\n<\/div>\n<\/div>\n<\/div>\n<\/div>\n<\/div>\n<div id=\"pg-1462-1\" class=\"panel-grid panel-no-style\">\n<div id=\"pgc-1462-1-0\" class=\"panel-grid-cell\">\n<div id=\"panel-1462-1-0-0\" class=\"so-panel widget widget_sow-editor panel-first-child panel-last-child\" data-index=\"2\">\n<div class=\"so-widget-sow-editor so-widget-sow-editor-base\">\n<div class=\"siteorigin-widget-tinymce textwidget\">\n<p>El asentamiento de la v\u00eda es monitoreado por sensores de asentamiento de la v\u00eda vinculados que se montan directamente en las traviesas.\u00a0Con la v\u00eda continua, los sensores de asentamiento de la v\u00eda est\u00e1n anclados en el balasto.\u00a0La torsi\u00f3n en la v\u00eda es monitoreada por sensores de torsi\u00f3n de v\u00eda montados en el eje largo de las traviesas.<\/p>\n<p>Todos los sensores est\u00e1n conectados a un sistema autom\u00e1tico de adquisici\u00f3n de datos.\u00a0El sistema de adquisici\u00f3n de datos se puede programar para proporcionar alarmas locales.\u00a0Cuando los enlaces de comunicaciones externas son posibles, los datos se<\/p>\n<p>se transmite a un centro de datos donde est\u00e1 instalado el sistema de monitoreo basado en la web Atlas.\u00a0Atlas procesa los datos, verifica las alarmas y proporciona gr\u00e1ficos de asentamiento y torsi\u00f3n.\u00a0Si el movimiento excede los l\u00edmites seguros, Atlas puede notificar a los funcionarios de seguridad por correo electr\u00f3nico o mensajes de texto enviados a tel\u00e9fonos m\u00f3viles.<\/p>\n<h2>Caracter\u00edsticas<\/h2>\n<ul>\n<li>Construcci\u00f3n de acero inoxidable de servicio pesado, hecha para soportar vibraciones y actividades de recarga.<\/li>\n<li>Supervisi\u00f3n continua, desatendida, con posibilidad de alarmas locales.<\/li>\n<li>Los gr\u00e1ficos de tendencias, los gr\u00e1ficos de perfiles y las alarmas pueden estar disponibles en Internet a trav\u00e9s del servidor Atlas.<\/li>\n<li>Probado en instalaciones en EE. UU., Reino Unido, Canad\u00e1, Suiza y Australia.<\/li>\n<\/ul>\n<\/div>\n<\/div>\n<\/div>\n<\/div>\n<\/div>\n","protected":false},"excerpt":{"rendered":"<p>Aplicaciones El Sistema de Monitoreo de V\u00eda ayuda a mantener la seguridad de las v\u00edas del tren al monitorear el asentamiento y la torsi\u00f3n.\u00a0Los sistemas de monitoreo de v\u00edas se instalan cuando las actividades de construcci\u00f3n cercanas, como la excavaci\u00f3n o la excavaci\u00f3n de t\u00faneles, pueden afectar la seguridad de las v\u00edas.\u00a0Los sistemas tambi\u00e9n se [&hellip;]<\/p>\n","protected":false},"featured_media":4701,"comment_status":"open","ping_status":"closed","template":"","meta":{"om_disable_all_campaigns":false,"ocean_post_layout":"","ocean_both_sidebars_style":"","ocean_both_sidebars_content_width":0,"ocean_both_sidebars_sidebars_width":0,"ocean_sidebar":"0","ocean_second_sidebar":"0","ocean_disable_margins":"enable","ocean_add_body_class":"","ocean_shortcode_before_top_bar":"","ocean_shortcode_after_top_bar":"","ocean_shortcode_before_header":"","ocean_shortcode_after_header":"","ocean_has_shortcode":"","ocean_shortcode_after_title":"","ocean_shortcode_before_footer_widgets":"","ocean_shortcode_after_footer_widgets":"","ocean_shortcode_before_footer_bottom":"","ocean_shortcode_after_footer_bottom":"","ocean_display_top_bar":"default","ocean_display_header":"default","ocean_header_style":"","ocean_center_header_left_menu":"0","ocean_custom_header_template":"0","ocean_custom_logo":0,"ocean_custom_retina_logo":0,"ocean_custom_logo_max_width":0,"ocean_custom_logo_tablet_max_width":0,"ocean_custom_logo_mobile_max_width":0,"ocean_custom_logo_max_height":0,"ocean_custom_logo_tablet_max_height":0,"ocean_custom_logo_mobile_max_height":0,"ocean_header_custom_menu":"0","ocean_menu_typo_font_family":"0","ocean_menu_typo_font_subset":"","ocean_menu_typo_font_size":0,"ocean_menu_typo_font_size_tablet":0,"ocean_menu_typo_font_size_mobile":0,"ocean_menu_typo_font_size_unit":"px","ocean_menu_typo_font_weight":"","ocean_menu_typo_font_weight_tablet":"","ocean_menu_typo_font_weight_mobile":"","ocean_menu_typo_transform":"","ocean_menu_typo_transform_tablet":"","ocean_menu_typo_transform_mobile":"","ocean_menu_typo_line_height":0,"ocean_menu_typo_line_height_tablet":0,"ocean_menu_typo_line_height_mobile":0,"ocean_menu_typo_line_height_unit":"","ocean_menu_typo_spacing":0,"ocean_menu_typo_spacing_tablet":0,"ocean_menu_typo_spacing_mobile":0,"ocean_menu_typo_spacing_unit":"","ocean_menu_link_color":"","ocean_menu_link_color_hover":"","ocean_menu_link_color_active":"","ocean_menu_link_background":"","ocean_menu_link_hover_background":"","ocean_menu_link_active_background":"","ocean_menu_social_links_bg":"","ocean_menu_social_hover_links_bg":"","ocean_menu_social_links_color":"","ocean_menu_social_hover_links_color":"","ocean_disable_title":"default","ocean_disable_heading":"default","ocean_post_title":"","ocean_post_subheading":"","ocean_post_title_style":"","ocean_post_title_background_color":"","ocean_post_title_background":0,"ocean_post_title_bg_image_position":"","ocean_post_title_bg_image_attachment":"","ocean_post_title_bg_image_repeat":"","ocean_post_title_bg_image_size":"","ocean_post_title_height":0,"ocean_post_title_bg_overlay":0.5,"ocean_post_title_bg_overlay_color":"","ocean_disable_breadcrumbs":"default","ocean_breadcrumbs_color":"","ocean_breadcrumbs_separator_color":"","ocean_breadcrumbs_links_color":"","ocean_breadcrumbs_links_hover_color":"","ocean_display_footer_widgets":"default","ocean_display_footer_bottom":"default","ocean_custom_footer_template":"0","_joinchat":[]},"product_brand":[],"product_cat":[16],"product_tag":[],"class_list":{"0":"post-4700","1":"product","2":"type-product","3":"status-publish","4":"has-post-thumbnail","6":"product_cat-sin-categorizar","8":"entry","9":"has-media","11":"first","12":"instock","13":"shipping-taxable","14":"purchasable","15":"product-type-simple","16":"has-product-nav","17":"col","18":"span_1_of_3","19":"owp-content-center","20":"owp-thumbs-layout-horizontal","21":"owp-btn-normal","22":"owp-tabs-layout-horizontal","23":"has-no-thumbnails"},"_links":{"self":[{"href":"https:\/\/telemetry.com.pe\/index.php\/wp-json\/wp\/v2\/product\/4700","targetHints":{"allow":["GET"]}}],"collection":[{"href":"https:\/\/telemetry.com.pe\/index.php\/wp-json\/wp\/v2\/product"}],"about":[{"href":"https:\/\/telemetry.com.pe\/index.php\/wp-json\/wp\/v2\/types\/product"}],"replies":[{"embeddable":true,"href":"https:\/\/telemetry.com.pe\/index.php\/wp-json\/wp\/v2\/comments?post=4700"}],"wp:featuredmedia":[{"embeddable":true,"href":"https:\/\/telemetry.com.pe\/index.php\/wp-json\/wp\/v2\/media\/4701"}],"wp:attachment":[{"href":"https:\/\/telemetry.com.pe\/index.php\/wp-json\/wp\/v2\/media?parent=4700"}],"wp:term":[{"taxonomy":"product_brand","embeddable":true,"href":"https:\/\/telemetry.com.pe\/index.php\/wp-json\/wp\/v2\/product_brand?post=4700"},{"taxonomy":"product_cat","embeddable":true,"href":"https:\/\/telemetry.com.pe\/index.php\/wp-json\/wp\/v2\/product_cat?post=4700"},{"taxonomy":"product_tag","embeddable":true,"href":"https:\/\/telemetry.com.pe\/index.php\/wp-json\/wp\/v2\/product_tag?post=4700"}],"curies":[{"name":"wp","href":"https:\/\/api.w.org\/{rel}","templated":true}]}}