{"id":4956,"date":"2023-09-16T00:42:45","date_gmt":"2023-09-16T00:42:45","guid":{"rendered":"https:\/\/telemetry.com.pe\/?post_type=product&#038;p=4956"},"modified":"2023-09-16T00:42:45","modified_gmt":"2023-09-16T00:42:45","slug":"sismografo-para-monitoreo-de-vibracion-de-06-canales-minimate-pro-6-de-instantel","status":"publish","type":"product","link":"https:\/\/telemetry.com.pe\/index.php\/producto\/sismografo-para-monitoreo-de-vibracion-de-06-canales-minimate-pro-6-de-instantel\/","title":{"rendered":"Sism\u00f3grafo para Monitoreo de Vibraci\u00f3n de 06 Canales Minimate Pro 6 de Instantel"},"content":{"rendered":"<h2 class=\"Text3757388675__root Text3757388675---typography-11-runningText Text3757388675---priority-7-primary s8gg2 _2UIKs InfoSectionTitle3095652555__root\" aria-hidden=\"false\" data-hook=\"info-section-title\">Especificaciones T\u00e9cnicas<\/h2>\n<div class=\"_2tV5m fggS- cell\"><\/div>\n<div class=\"rah-static rah-static--height-auto\" aria-hidden=\"false\">\n<div>\n<div class=\"_1yvxJ fggS- cell\">\n<div class=\"WncCi\" data-hook=\"info-section-description\">\n<p><strong>Ge\u00f3fono Triaxial<\/strong><\/p>\n<ul>\n<li>Rango: Hasta 254 mm\/s<\/li>\n<li>Nivel de respuesta: Especificaci\u00f3n sismogr\u00e1fica ISEE o DIN 45669-1<\/li>\n<li>Resoluci\u00f3n: 0.00788 mm\/s<\/li>\n<li>Rango de frecuencias: 2 \u2013 250 Hz (ISEE) | 1 \u2013 315 Hz (DIN) | 1 \u2013 80 Hz (DIN)<\/li>\n<li>Precisi\u00f3n (ISEE\/DIN): +\/- 5% o 0.5 mm\/s<\/li>\n<li>Densidad del transductor: 2.13 g\/cc<\/li>\n<li>Longitud m\u00e1xima del cable (ISEE\/DIN): 75 m \/ 1000 m<\/li>\n<\/ul>\n<p><strong>Micr\u00f3fono Lineal<\/strong><\/p>\n<ul class=\"_1V4Ij\" data-hook=\"collapse-info-section\">\n<li>Rango: De 2 a 500 Pa (88 a 148 dB)<\/li>\n<li>Resoluci\u00f3n: 0.0156 Pa<\/li>\n<li>Respuesta de frecuencia: De 2 a 250 Hz<\/li>\n<li>Precisi\u00f3n: +\/- 10% o +\/- 1 dB<\/li>\n<li>Longitud m\u00e1xima del cable: 75 m<br \/>\n<h2 class=\"Text3757388675__root Text3757388675---typography-11-runningText Text3757388675---priority-7-primary s8gg2 _2UIKs InfoSectionTitle3095652555__root\" aria-hidden=\"false\" data-hook=\"info-section-title\">Aplicaciones<\/h2>\n<div class=\"_2tV5m fggS- cell\"><\/div>\n<div class=\"rah-static rah-static--height-auto\" aria-hidden=\"false\">\n<div>\n<div class=\"_1yvxJ fggS- cell\">\n<div class=\"WncCi\" data-hook=\"info-section-description\">\n<ul>\n<li>Monitoreo de vibraciones por efecto de voladura en miner\u00eda.<\/li>\n<li>Monitoreo de vibraciones por efecto de voladura en canteras de agregados de construcci\u00f3n.<\/li>\n<li>Monitoreo de vibraciones naturales del suelo y determinaci\u00f3n del periodo fundamental.<\/li>\n<li>Monitoreo de vibraciones a causa de tr\u00e1nsito vehicular pesado en poblaciones.<\/li>\n<li>Monitoreo de vibraciones a causa de maquinaria pesada en obras civiles y de construcci\u00f3n.<\/li>\n<li>Monitoreo de vibraciones en puentes a causa de tr\u00e1nsito vehicular.<\/li>\n<li>Monitoreo de vibraciones para la prevenci\u00f3n de da\u00f1os a causa de trabajos de compactaci\u00f3n del suelo en carreteras e industria.<\/li>\n<li>Monitoreo de vibraciones en represas a causa de la carga hidr\u00e1ulica almacenada.<\/li>\n<li>Monitoreo de voladuras en miner\u00eda y construcci\u00f3n<\/li>\n<li>Monitoreo de vibraciones por m\u00faltiples fuentes<\/li>\n<li>Monitoreo remoto de Vibraciones<\/li>\n<li>An\u00e1lisis de explosiones<\/li>\n<li>An\u00e1lisis de voladuras en campo cercano y lejano<\/li>\n<li>Monitoreo de sonido y presi\u00f3n de aire.<\/li>\n<li>An\u00e1lisis de vibraciones en Humanos<\/li>\n<li>Monitoreo estructural<\/li>\n<li>Monitoreo bajo el agua<\/li>\n<li>Transporte pesado<\/li>\n<\/ul>\n<\/div>\n<\/div>\n<\/div>\n<\/div>\n<\/li>\n<\/ul>\n<\/div>\n<\/div>\n<\/div>\n<\/div>\n","protected":false},"excerpt":{"rendered":"<p><strong>Sism\u00f3grafo de 06 canales Minimate pro 6 de Instantel<\/strong><\/p>\n<p>La serie Minimate Pro ofrece un conjunto inigualable de caracter\u00edsticas con capacidades de monitoreo avanzadas.\u00a0Elija entre el Minimate Pro4 con cuatro canales y el Minimate Pro6 que ofrece hasta seis canales.\u00a0Ya sea que sea un operador novato o experimentado, la serie Minimate Pro es f\u00e1cil de usar y le ofrece funciones avanzadas de grabaci\u00f3n e informes.<\/p>\n<ul>\n<li>El Minimate Pro tiene capacidades de monitoreo avanzadas con frecuencias de muestreo de 512 a 65,536 muestras por segundo.\u00a0Con la Serie Minimate Pro puedes conectar aceler\u00f3metros, ge\u00f3fonos de alta frecuencia, hidr\u00f3fonos o micr\u00f3fonos de alta presi\u00f3n.\u00a0\u00a1Utilice una caja de distribuci\u00f3n Instantel y conecte hasta seis hidr\u00f3fonos en un Minimate Pro6 o cuatro en un Minimate Pro4!\u00a0Aproveche la frecuencia de muestreo de 65 kHz y obtenga reproducci\u00f3n de sonido cuando conecte un micr\u00f3fono de nivel de sonido.<\/li>\n<\/ul>\n","protected":false},"featured_media":443,"comment_status":"open","ping_status":"closed","template":"","meta":{"om_disable_all_campaigns":false,"ocean_post_layout":"","ocean_both_sidebars_style":"","ocean_both_sidebars_content_width":0,"ocean_both_sidebars_sidebars_width":0,"ocean_sidebar":"0","ocean_second_sidebar":"0","ocean_disable_margins":"enable","ocean_add_body_class":"","ocean_shortcode_before_top_bar":"","ocean_shortcode_after_top_bar":"","ocean_shortcode_before_header":"","ocean_shortcode_after_header":"","ocean_has_shortcode":"","ocean_shortcode_after_title":"","ocean_shortcode_before_footer_widgets":"","ocean_shortcode_after_footer_widgets":"","ocean_shortcode_before_footer_bottom":"","ocean_shortcode_after_footer_bottom":"","ocean_display_top_bar":"default","ocean_display_header":"default","ocean_header_style":"","ocean_center_header_left_menu":"0","ocean_custom_header_template":"0","ocean_custom_logo":0,"ocean_custom_retina_logo":0,"ocean_custom_logo_max_width":0,"ocean_custom_logo_tablet_max_width":0,"ocean_custom_logo_mobile_max_width":0,"ocean_custom_logo_max_height":0,"ocean_custom_logo_tablet_max_height":0,"ocean_custom_logo_mobile_max_height":0,"ocean_header_custom_menu":"0","ocean_menu_typo_font_family":"0","ocean_menu_typo_font_subset":"","ocean_menu_typo_font_size":0,"ocean_menu_typo_font_size_tablet":0,"ocean_menu_typo_font_size_mobile":0,"ocean_menu_typo_font_size_unit":"px","ocean_menu_typo_font_weight":"","ocean_menu_typo_font_weight_tablet":"","ocean_menu_typo_font_weight_mobile":"","ocean_menu_typo_transform":"","ocean_menu_typo_transform_tablet":"","ocean_menu_typo_transform_mobile":"","ocean_menu_typo_line_height":0,"ocean_menu_typo_line_height_tablet":0,"ocean_menu_typo_line_height_mobile":0,"ocean_menu_typo_line_height_unit":"","ocean_menu_typo_spacing":0,"ocean_menu_typo_spacing_tablet":0,"ocean_menu_typo_spacing_mobile":0,"ocean_menu_typo_spacing_unit":"","ocean_menu_link_color":"","ocean_menu_link_color_hover":"","ocean_menu_link_color_active":"","ocean_menu_link_background":"","ocean_menu_link_hover_background":"","ocean_menu_link_active_background":"","ocean_menu_social_links_bg":"","ocean_menu_social_hover_links_bg":"","ocean_menu_social_links_color":"","ocean_menu_social_hover_links_color":"","ocean_disable_title":"default","ocean_disable_heading":"default","ocean_post_title":"","ocean_post_subheading":"","ocean_post_title_style":"","ocean_post_title_background_color":"","ocean_post_title_background":0,"ocean_post_title_bg_image_position":"","ocean_post_title_bg_image_attachment":"","ocean_post_title_bg_image_repeat":"","ocean_post_title_bg_image_size":"","ocean_post_title_height":0,"ocean_post_title_bg_overlay":0.5,"ocean_post_title_bg_overlay_color":"","ocean_disable_breadcrumbs":"default","ocean_breadcrumbs_color":"","ocean_breadcrumbs_separator_color":"","ocean_breadcrumbs_links_color":"","ocean_breadcrumbs_links_hover_color":"","ocean_display_footer_widgets":"default","ocean_display_footer_bottom":"default","ocean_custom_footer_template":"0","_joinchat":[]},"product_brand":[],"product_cat":[16],"product_tag":[],"class_list":{"0":"post-4956","1":"product","2":"type-product","3":"status-publish","4":"has-post-thumbnail","6":"product_cat-sin-categorizar","8":"entry","9":"has-media","11":"first","12":"instock","13":"shipping-taxable","14":"purchasable","15":"product-type-simple","16":"has-product-nav","17":"col","18":"span_1_of_3","19":"owp-content-center","20":"owp-thumbs-layout-horizontal","21":"owp-btn-normal","22":"owp-tabs-layout-horizontal","23":"has-no-thumbnails"},"_links":{"self":[{"href":"https:\/\/telemetry.com.pe\/index.php\/wp-json\/wp\/v2\/product\/4956","targetHints":{"allow":["GET"]}}],"collection":[{"href":"https:\/\/telemetry.com.pe\/index.php\/wp-json\/wp\/v2\/product"}],"about":[{"href":"https:\/\/telemetry.com.pe\/index.php\/wp-json\/wp\/v2\/types\/product"}],"replies":[{"embeddable":true,"href":"https:\/\/telemetry.com.pe\/index.php\/wp-json\/wp\/v2\/comments?post=4956"}],"wp:featuredmedia":[{"embeddable":true,"href":"https:\/\/telemetry.com.pe\/index.php\/wp-json\/wp\/v2\/media\/443"}],"wp:attachment":[{"href":"https:\/\/telemetry.com.pe\/index.php\/wp-json\/wp\/v2\/media?parent=4956"}],"wp:term":[{"taxonomy":"product_brand","embeddable":true,"href":"https:\/\/telemetry.com.pe\/index.php\/wp-json\/wp\/v2\/product_brand?post=4956"},{"taxonomy":"product_cat","embeddable":true,"href":"https:\/\/telemetry.com.pe\/index.php\/wp-json\/wp\/v2\/product_cat?post=4956"},{"taxonomy":"product_tag","embeddable":true,"href":"https:\/\/telemetry.com.pe\/index.php\/wp-json\/wp\/v2\/product_tag?post=4956"}],"curies":[{"name":"wp","href":"https:\/\/api.w.org\/{rel}","templated":true}]}}