{"id":4962,"date":"2023-09-16T00:42:45","date_gmt":"2023-09-16T00:42:45","guid":{"rendered":"https:\/\/telemetry.com.pe\/?post_type=product&#038;p=4962"},"modified":"2023-09-16T00:42:45","modified_gmt":"2023-09-16T00:42:45","slug":"alquiler-de-equipo-medidor-de-estres-termico-800036-sper-scientific","status":"publish","type":"product","link":"https:\/\/telemetry.com.pe\/index.php\/producto\/alquiler-de-equipo-medidor-de-estres-termico-800036-sper-scientific\/","title":{"rendered":"Alquiler de Equipo Medidor de Estr\u00e9s T\u00e9rmico 800036 Sper Scientific"},"content":{"rendered":"<ul class=\"_1V4Ij\" data-hook=\"collapse-info-section\">\n<li class=\"_2knBS undefined\" data-hook=\"collapse-info-item\">\n<h2 class=\"Text3757388675__root Text3757388675---typography-11-runningText Text3757388675---priority-7-primary s8gg2 _2UIKs InfoSectionTitle3095652555__root\" aria-hidden=\"false\" data-hook=\"info-section-title\">Caracter\u00edsticas Principales<\/h2>\n<div class=\"_2tV5m fggS- cell\"><\/div>\n<div class=\"rah-static rah-static--height-auto\" aria-hidden=\"false\">\n<div>\n<div class=\"_1yvxJ fggS- cell\">\n<div class=\"WncCi\" data-hook=\"info-section-description\">\n<p>Par\u00e1metros medibles WBGT, Temperatura de aire, Temperatura de globo, Humedad relativa<br \/>\n15 Segundo Tiempo de respuesta<br \/>\nAlarma audible<br \/>\nAjustable a su umbral WBGT<br \/>\nConfiguraci\u00f3n de interior \/ exterior<\/p>\n<\/div>\n<\/div>\n<\/div>\n<\/div>\n<\/li>\n<li class=\"_2knBS undefined\" data-hook=\"collapse-info-item\">\n<h2 class=\"Text3757388675__root Text3757388675---typography-11-runningText Text3757388675---priority-7-primary s8gg2 _2UIKs InfoSectionTitle3095652555__root\" aria-hidden=\"false\" data-hook=\"info-section-title\">Especificaciones<\/h2>\n<div class=\"_2tV5m fggS- cell\"><\/div>\n<div class=\"rah-static rah-static--height-auto\" aria-hidden=\"false\">\n<div>\n<div class=\"_1yvxJ fggS- cell\">\n<div class=\"WncCi\" data-hook=\"info-section-description\">\n<table>\n<tbody>\n<tr>\n<td>Unidad de medida<\/td>\n<td>Rango<\/td>\n<td>Resoluci\u00f3n<\/td>\n<td>Exactitud<\/td>\n<\/tr>\n<tr>\n<td>WBGT<\/td>\n<td>0 ~ 50 \u00b0 C,<br \/>\n32 ~ 122\u00baF<\/td>\n<td>0.1\u00ba C \/ F<\/td>\n<td>\u00b1 2\u00baC cubierta, al aire libre 3\u00baC (-15 ~ 40 \u00b0 C)<\/td>\n<\/tr>\n<tr>\n<td>Temperatura del aire<\/td>\n<td>0 ~ 50 \u00b0 C,<br \/>\n32 ~ 122\u00baF<\/td>\n<td>0.1\u00ba C \/ F<\/td>\n<td>\u00b1 0,6 \u00b0 C<\/td>\n<\/tr>\n<tr>\n<td>Temperatura de globo<\/td>\n<td>0 ~ 80 \u00b0 C,<br \/>\n32 ~ 176\u00baF<\/td>\n<td>0.1\u00ba C \/ F<\/td>\n<td>\u00b1 2 \u00b0 C (15 ~ 35 \u00baC)<\/td>\n<\/tr>\n<tr>\n<td>Humedad relativa<\/td>\n<td>0 ~ 100%<\/td>\n<td>0,1% de HR<\/td>\n<td>\u00b1 3% (10 ~ 90%) de lo contrario \u00b1 5%<\/td>\n<\/tr>\n<\/tbody>\n<\/table>\n<\/div>\n<\/div>\n<\/div>\n<\/div>\n<\/li>\n<\/ul>\n","protected":false},"excerpt":{"rendered":"<p><strong>Alquiler de Equipo Medidor de Estr\u00e9s T\u00e9rmico 800036 Sper Scientific<\/strong><\/p>\n<p>Las organizaciones gubernamentales tales como OSHA han establecido l\u00edmites de estr\u00e9s por calor recomendados para diversas actividades. WBGT (temperatura de globo y bulbo h\u00famedo) proporciona la determinaci\u00f3n m\u00e1s precisa del \u00edndice de estr\u00e9s t\u00e9rmico basado en el efecto acumulativo de la temperatura del aire, el movimiento del aire, humedad relativa, y el calor radiante.<\/p>\n","protected":false},"featured_media":4963,"comment_status":"open","ping_status":"closed","template":"","meta":{"om_disable_all_campaigns":false,"ocean_post_layout":"","ocean_both_sidebars_style":"","ocean_both_sidebars_content_width":0,"ocean_both_sidebars_sidebars_width":0,"ocean_sidebar":"0","ocean_second_sidebar":"0","ocean_disable_margins":"enable","ocean_add_body_class":"","ocean_shortcode_before_top_bar":"","ocean_shortcode_after_top_bar":"","ocean_shortcode_before_header":"","ocean_shortcode_after_header":"","ocean_has_shortcode":"","ocean_shortcode_after_title":"","ocean_shortcode_before_footer_widgets":"","ocean_shortcode_after_footer_widgets":"","ocean_shortcode_before_footer_bottom":"","ocean_shortcode_after_footer_bottom":"","ocean_display_top_bar":"default","ocean_display_header":"default","ocean_header_style":"","ocean_center_header_left_menu":"0","ocean_custom_header_template":"0","ocean_custom_logo":0,"ocean_custom_retina_logo":0,"ocean_custom_logo_max_width":0,"ocean_custom_logo_tablet_max_width":0,"ocean_custom_logo_mobile_max_width":0,"ocean_custom_logo_max_height":0,"ocean_custom_logo_tablet_max_height":0,"ocean_custom_logo_mobile_max_height":0,"ocean_header_custom_menu":"0","ocean_menu_typo_font_family":"0","ocean_menu_typo_font_subset":"","ocean_menu_typo_font_size":0,"ocean_menu_typo_font_size_tablet":0,"ocean_menu_typo_font_size_mobile":0,"ocean_menu_typo_font_size_unit":"px","ocean_menu_typo_font_weight":"","ocean_menu_typo_font_weight_tablet":"","ocean_menu_typo_font_weight_mobile":"","ocean_menu_typo_transform":"","ocean_menu_typo_transform_tablet":"","ocean_menu_typo_transform_mobile":"","ocean_menu_typo_line_height":0,"ocean_menu_typo_line_height_tablet":0,"ocean_menu_typo_line_height_mobile":0,"ocean_menu_typo_line_height_unit":"","ocean_menu_typo_spacing":0,"ocean_menu_typo_spacing_tablet":0,"ocean_menu_typo_spacing_mobile":0,"ocean_menu_typo_spacing_unit":"","ocean_menu_link_color":"","ocean_menu_link_color_hover":"","ocean_menu_link_color_active":"","ocean_menu_link_background":"","ocean_menu_link_hover_background":"","ocean_menu_link_active_background":"","ocean_menu_social_links_bg":"","ocean_menu_social_hover_links_bg":"","ocean_menu_social_links_color":"","ocean_menu_social_hover_links_color":"","ocean_disable_title":"default","ocean_disable_heading":"default","ocean_post_title":"","ocean_post_subheading":"","ocean_post_title_style":"","ocean_post_title_background_color":"","ocean_post_title_background":0,"ocean_post_title_bg_image_position":"","ocean_post_title_bg_image_attachment":"","ocean_post_title_bg_image_repeat":"","ocean_post_title_bg_image_size":"","ocean_post_title_height":0,"ocean_post_title_bg_overlay":0.5,"ocean_post_title_bg_overlay_color":"","ocean_disable_breadcrumbs":"default","ocean_breadcrumbs_color":"","ocean_breadcrumbs_separator_color":"","ocean_breadcrumbs_links_color":"","ocean_breadcrumbs_links_hover_color":"","ocean_display_footer_widgets":"default","ocean_display_footer_bottom":"default","ocean_custom_footer_template":"0","_joinchat":[]},"product_brand":[],"product_cat":[16],"product_tag":[],"class_list":{"0":"post-4962","1":"product","2":"type-product","3":"status-publish","4":"has-post-thumbnail","6":"product_cat-sin-categorizar","8":"entry","9":"has-media","11":"first","12":"instock","13":"shipping-taxable","14":"purchasable","15":"product-type-simple","16":"has-product-nav","17":"col","18":"span_1_of_3","19":"owp-content-center","20":"owp-thumbs-layout-horizontal","21":"owp-btn-normal","22":"owp-tabs-layout-horizontal","23":"has-no-thumbnails"},"_links":{"self":[{"href":"https:\/\/telemetry.com.pe\/index.php\/wp-json\/wp\/v2\/product\/4962","targetHints":{"allow":["GET"]}}],"collection":[{"href":"https:\/\/telemetry.com.pe\/index.php\/wp-json\/wp\/v2\/product"}],"about":[{"href":"https:\/\/telemetry.com.pe\/index.php\/wp-json\/wp\/v2\/types\/product"}],"replies":[{"embeddable":true,"href":"https:\/\/telemetry.com.pe\/index.php\/wp-json\/wp\/v2\/comments?post=4962"}],"wp:featuredmedia":[{"embeddable":true,"href":"https:\/\/telemetry.com.pe\/index.php\/wp-json\/wp\/v2\/media\/4963"}],"wp:attachment":[{"href":"https:\/\/telemetry.com.pe\/index.php\/wp-json\/wp\/v2\/media?parent=4962"}],"wp:term":[{"taxonomy":"product_brand","embeddable":true,"href":"https:\/\/telemetry.com.pe\/index.php\/wp-json\/wp\/v2\/product_brand?post=4962"},{"taxonomy":"product_cat","embeddable":true,"href":"https:\/\/telemetry.com.pe\/index.php\/wp-json\/wp\/v2\/product_cat?post=4962"},{"taxonomy":"product_tag","embeddable":true,"href":"https:\/\/telemetry.com.pe\/index.php\/wp-json\/wp\/v2\/product_tag?post=4962"}],"curies":[{"name":"wp","href":"https:\/\/api.w.org\/{rel}","templated":true}]}}