{"id":4971,"date":"2023-09-16T00:42:45","date_gmt":"2023-09-16T00:42:45","guid":{"rendered":"https:\/\/telemetry.com.pe\/?post_type=product&#038;p=4971"},"modified":"2024-01-11T07:23:37","modified_gmt":"2024-01-11T07:23:37","slug":"alquiler-de-equipo-detector-de-gases-combustibles-modelo-spd202ex","status":"publish","type":"product","link":"https:\/\/telemetry.com.pe\/index.php\/producto\/alquiler-de-equipo-detector-de-gases-combustibles-modelo-spd202ex\/","title":{"rendered":"Alquiler de Equipo Detector de gases combustibles Modelo SPD202EX"},"content":{"rendered":"<p>Detector de gases combustibles, tambi\u00e9n llamado explos\u00edmetro, detecta fugas de gas en el ambiente. Los gases que detecta son todos los gases combustibles o LEL.<\/p>\n<p>Gases que detecta:<\/p>\n<p>Metano, Metanol, Hidrogeno, Etano, Etanol, Etileno, Etilo, Propano, Butano, Acetona, Butano, Heptano, Octano, Pentano, Cyclohexano, Gasolina, Isopropanol, Tolueno, Acetileno.<\/p>\n<h2 class=\"Text3757388675__root Text3757388675---typography-11-runningText Text3757388675---priority-7-primary s8gg2 _2UIKs InfoSectionTitle3095652555__root\" aria-hidden=\"false\" data-hook=\"info-section-title\">Caracter\u00edsticas Principales<\/h2>\n<div class=\"rah-static rah-static--height-auto\" aria-hidden=\"false\">\n<div>\n<div class=\"_1yvxJ fggS- cell\">\n<div class=\"WncCi\" data-hook=\"info-section-description\">\n<p>Caracter\u00edsticas:<\/p>\n<p>Detector de Gas Combustible modelo SPD202\/Ex<br \/>\nPuede poner a prueba de gas combustible. Explosimetro<br \/>\nLa prueba de rangos: 0 ~ 100% LEL<br \/>\nPrecisi\u00f3n: 5%<br \/>\nTiempo de muestreo: 10 segundos<br \/>\nCapacidad de grabaci\u00f3n de valores<br \/>\nCapacidad para establecer dos tipos de alarma<br \/>\nIndicador de bater\u00eda<br \/>\nCapacidad modo calibraci\u00f3n personalizada.<br \/>\nCalibrado de f\u00e1brica basado en el gas est\u00e1ndar de prueba (Metano).<\/p>\n<\/div>\n<\/div>\n<\/div>\n<\/div>\n<h2 class=\"Text3757388675__root Text3757388675---typography-11-runningText Text3757388675---priority-7-primary s8gg2 _2UIKs InfoSectionTitle3095652555__root\" aria-hidden=\"false\" data-hook=\"info-section-title\">Especificaciones<\/h2>\n<div class=\"_2tV5m fggS- cell\"><\/div>\n<div class=\"rah-static rah-static--height-auto\" aria-hidden=\"false\">\n<div>\n<div class=\"_1yvxJ fggS- cell\">\n<div class=\"WncCi\" data-hook=\"info-section-description\">\n<p>Detecci\u00f3n de principio: combusti\u00f3n catal\u00edtica<br \/>\nGases detectados: gas combustible<br \/>\nRango de medici\u00f3n: 0-100% LIE (LEL: Nivel bajo de explosi\u00f3n &#8211; la concentraci\u00f3n m\u00e1s <a style=\"text-decoration: none; color: #333;\" title=\"androgel before after\" href=\"https:\/\/daddy-couture.com\/witness-testosterone-gel-before-and-after-transformations\/\">androgel before after<\/a> baja de gas combustible para generar una explosi\u00f3n en el aire cuando se reuni\u00f3 una llama)<br \/>\nResoluci\u00f3n: 0,1%<br \/>\nError: \u00b1 2%<br \/>\nTiempo de respuesta: 30 &lt;<br \/>\nTemperatura de funcionamiento: -10 \u00b0 C ~ 60 \u00b0 C<br \/>\nHumedad de operaci\u00f3n: &lt;99% HR<br \/>\nModo de visualizaci\u00f3n: Pantalla digital con pantalla LCD<br \/>\nM\u00e9todo de alarma: acust\u00f3ptico alarmante<br \/>\nAlimentaci\u00f3n: 4 x pila AA de 1.5V<br \/>\nCorriente: 110mA &lt;(estado de medici\u00f3n)<\/p>\n<\/div>\n<\/div>\n<\/div>\n<\/div>\n","protected":false},"excerpt":{"rendered":"<p><strong>Equipos de Medici\u00f3n Industrial. Detector de Gases Combustibles o Medidor de Gas.<\/strong><\/p>\n<p>&nbsp;<\/p>\n<p>Los detectores de gas son instrumentos de medici\u00f3n que detectan la presencia de gas en el aire y que a una determinada concentraci\u00f3n emiten una se\u00f1al de aviso. Existen diferentes equipos seg\u00fan los tipos de gases que se necesitan medir.<\/p>\n<p>Llamados explos\u00edmetros, analizadores de gas, detectores de fuga de gas, medidores de gases combustibles, detectan diferentes gases como oxigeno, lp, gas natural, multigas, gases regrigerantes, co2, entre otros gases. Haciendo de estos equipos necesarios para el control y prevenci\u00f3n porque detecta o mide en el ambiente la concentraci\u00f3n de determinado tipo de gas.<\/p>\n","protected":false},"featured_media":4968,"comment_status":"open","ping_status":"closed","template":"","meta":{"om_disable_all_campaigns":false,"ocean_post_layout":"","ocean_both_sidebars_style":"","ocean_both_sidebars_content_width":0,"ocean_both_sidebars_sidebars_width":0,"ocean_sidebar":"0","ocean_second_sidebar":"0","ocean_disable_margins":"enable","ocean_add_body_class":"","ocean_shortcode_before_top_bar":"","ocean_shortcode_after_top_bar":"","ocean_shortcode_before_header":"","ocean_shortcode_after_header":"","ocean_has_shortcode":"","ocean_shortcode_after_title":"","ocean_shortcode_before_footer_widgets":"","ocean_shortcode_after_footer_widgets":"","ocean_shortcode_before_footer_bottom":"","ocean_shortcode_after_footer_bottom":"","ocean_display_top_bar":"default","ocean_display_header":"default","ocean_header_style":"","ocean_center_header_left_menu":"0","ocean_custom_header_template":"0","ocean_custom_logo":0,"ocean_custom_retina_logo":0,"ocean_custom_logo_max_width":0,"ocean_custom_logo_tablet_max_width":0,"ocean_custom_logo_mobile_max_width":0,"ocean_custom_logo_max_height":0,"ocean_custom_logo_tablet_max_height":0,"ocean_custom_logo_mobile_max_height":0,"ocean_header_custom_menu":"0","ocean_menu_typo_font_family":"0","ocean_menu_typo_font_subset":"","ocean_menu_typo_font_size":0,"ocean_menu_typo_font_size_tablet":0,"ocean_menu_typo_font_size_mobile":0,"ocean_menu_typo_font_size_unit":"px","ocean_menu_typo_font_weight":"","ocean_menu_typo_font_weight_tablet":"","ocean_menu_typo_font_weight_mobile":"","ocean_menu_typo_transform":"","ocean_menu_typo_transform_tablet":"","ocean_menu_typo_transform_mobile":"","ocean_menu_typo_line_height":0,"ocean_menu_typo_line_height_tablet":0,"ocean_menu_typo_line_height_mobile":0,"ocean_menu_typo_line_height_unit":"","ocean_menu_typo_spacing":0,"ocean_menu_typo_spacing_tablet":0,"ocean_menu_typo_spacing_mobile":0,"ocean_menu_typo_spacing_unit":"","ocean_menu_link_color":"","ocean_menu_link_color_hover":"","ocean_menu_link_color_active":"","ocean_menu_link_background":"","ocean_menu_link_hover_background":"","ocean_menu_link_active_background":"","ocean_menu_social_links_bg":"","ocean_menu_social_hover_links_bg":"","ocean_menu_social_links_color":"","ocean_menu_social_hover_links_color":"","ocean_disable_title":"default","ocean_disable_heading":"default","ocean_post_title":"","ocean_post_subheading":"","ocean_post_title_style":"","ocean_post_title_background_color":"","ocean_post_title_background":0,"ocean_post_title_bg_image_position":"","ocean_post_title_bg_image_attachment":"","ocean_post_title_bg_image_repeat":"","ocean_post_title_bg_image_size":"","ocean_post_title_height":0,"ocean_post_title_bg_overlay":0.5,"ocean_post_title_bg_overlay_color":"","ocean_disable_breadcrumbs":"default","ocean_breadcrumbs_color":"","ocean_breadcrumbs_separator_color":"","ocean_breadcrumbs_links_color":"","ocean_breadcrumbs_links_hover_color":"","ocean_display_footer_widgets":"default","ocean_display_footer_bottom":"default","ocean_custom_footer_template":"0","_joinchat":[]},"product_brand":[],"product_cat":[16],"product_tag":[],"class_list":{"0":"post-4971","1":"product","2":"type-product","3":"status-publish","4":"has-post-thumbnail","6":"product_cat-sin-categorizar","8":"entry","9":"has-media","11":"first","12":"instock","13":"shipping-taxable","14":"purchasable","15":"product-type-simple","16":"has-product-nav","17":"col","18":"span_1_of_3","19":"owp-content-center","20":"owp-thumbs-layout-horizontal","21":"owp-btn-normal","22":"owp-tabs-layout-horizontal"},"_links":{"self":[{"href":"https:\/\/telemetry.com.pe\/index.php\/wp-json\/wp\/v2\/product\/4971","targetHints":{"allow":["GET"]}}],"collection":[{"href":"https:\/\/telemetry.com.pe\/index.php\/wp-json\/wp\/v2\/product"}],"about":[{"href":"https:\/\/telemetry.com.pe\/index.php\/wp-json\/wp\/v2\/types\/product"}],"replies":[{"embeddable":true,"href":"https:\/\/telemetry.com.pe\/index.php\/wp-json\/wp\/v2\/comments?post=4971"}],"wp:featuredmedia":[{"embeddable":true,"href":"https:\/\/telemetry.com.pe\/index.php\/wp-json\/wp\/v2\/media\/4968"}],"wp:attachment":[{"href":"https:\/\/telemetry.com.pe\/index.php\/wp-json\/wp\/v2\/media?parent=4971"}],"wp:term":[{"taxonomy":"product_brand","embeddable":true,"href":"https:\/\/telemetry.com.pe\/index.php\/wp-json\/wp\/v2\/product_brand?post=4971"},{"taxonomy":"product_cat","embeddable":true,"href":"https:\/\/telemetry.com.pe\/index.php\/wp-json\/wp\/v2\/product_cat?post=4971"},{"taxonomy":"product_tag","embeddable":true,"href":"https:\/\/telemetry.com.pe\/index.php\/wp-json\/wp\/v2\/product_tag?post=4971"}],"curies":[{"name":"wp","href":"https:\/\/api.w.org\/{rel}","templated":true}]}}