{"id":4985,"date":"2023-09-16T00:42:44","date_gmt":"2023-09-16T00:42:44","guid":{"rendered":"https:\/\/telemetry.com.pe\/?post_type=product&#038;p=4985"},"modified":"2023-09-16T00:42:44","modified_gmt":"2023-09-16T00:42:44","slug":"alquiler-de-estaciones-totales-robotizadas-leyca","status":"publish","type":"product","link":"https:\/\/telemetry.com.pe\/index.php\/producto\/alquiler-de-estaciones-totales-robotizadas-leyca\/","title":{"rendered":"Alquiler de Estaciones Totales Robotizadas Leyca"},"content":{"rendered":"<p>En pocas palabras, son equipos que ganan en funcionalidad, buscan por su cuenta el objetivo, haciendo un barrido hasta que lo encuentran, funcionan con una colectora manual que opera la estaci\u00f3n desde el lugar donde se encuentra el prisma, puidiendo utilizarla una sola persona, sin necesidad de otras personas.<\/p>\n<ul>\n<li>En esencia una estaci\u00f3n total con un motor servoasistido que permite a trav\u00e9s de una c\u00e1mara de detecci\u00f3n hacer el seguimiento y punter\u00eda al prisma de forma autom\u00e1tica.<\/li>\n<li>La estaci\u00f3n robotizada se controla a trav\u00e9s de una libreta o colector de datos asociado a la estaci\u00f3n v\u00eda radio o Bluetooth, lo que permite que un solo operario pueda trabajar en la toma o replanteo de puntos.<\/li>\n<li>Alquile una estaci\u00f3n total robotizada<\/li>\n<\/ul>\n<p>Nuestros paquetes de alquiler se describen a continuaci\u00f3n.\u00a0Los sistemas port\u00e1tiles Y\u00a0sistemas automatizados se env\u00edan dentro de las 24 horas.\u00a0Todos los sistemas est\u00e1n disponibles a tarifas semanales o mensuales.\u00a0Hacemos el alquiler f\u00e1cil.\u00a0Ll\u00e1menos al\u00a0+51 957 396 257 o use el formulario al final de la p\u00e1gina.<\/p>\n<h2 class=\"Text3757388675__root Text3757388675---typography-11-runningText Text3757388675---priority-7-primary s8gg2 _2UIKs InfoSectionTitle3095652555__root\" aria-hidden=\"false\" data-hook=\"info-section-title\">Caracter\u00edsticas del producto<\/h2>\n<div class=\"rah-static rah-static--height-auto\" aria-hidden=\"false\">\n<div>\n<div class=\"_1yvxJ fggS- cell\">\n<div class=\"WncCi\" data-hook=\"info-section-description\">\n<ul>\n<li>Construido espec\u00edficamente para aplicaciones de monitoreo remoto<\/li>\n<li>Precisi\u00f3n de 1 segundo o 0,5 segundos<\/li>\n<li>Confiabilidad comprobada<\/li>\n<li>Reconocimiento Autom\u00e1tico de Objetivos<\/li>\n<li>Puede ser automatizado utilizando el software de alojamiento AMTS.<\/li>\n<\/ul>\n<\/div>\n<\/div>\n<\/div>\n<\/div>\n<h2 class=\"Text3757388675__root Text3757388675---typography-11-runningText Text3757388675---priority-7-primary s8gg2 _2UIKs InfoSectionTitle3095652555__root\" aria-hidden=\"false\" data-hook=\"info-section-title\">Estaci\u00f3n Total<\/h2>\n<div class=\"rah-static rah-static--height-auto\" aria-hidden=\"false\">\n<div>\n<div class=\"_1yvxJ fggS- cell\">\n<div class=\"WncCi\" data-hook=\"info-section-description\">\n<ul>\n<li>Ahorro de personal ( solo necesita 1 persona)<\/li>\n<li>Aumento de la fiabilidad<\/li>\n<li>Aumento de la productividad<\/li>\n<li>Inversi\u00f3n segura<\/li>\n<\/ul>\n<\/div>\n<\/div>\n<\/div>\n<\/div>\n","protected":false},"excerpt":{"rendered":"<p><strong>Alquiler de Estaciones Totales Robotizadas Leyca<\/strong><\/p>\n<p>TELEMETRY\u00a0 se especializa en ventas, alquileres, calibraciones y reparaci\u00f3n de equipos de sism\u00f3grafos de monitoreo de vibraciones.\u00a0Nuestra flota de alquiler incluye los equipos \u00a0de Estaciones Totales Robotizadas Leyca.<\/p>\n","protected":false},"featured_media":4996,"comment_status":"open","ping_status":"closed","template":"","meta":{"om_disable_all_campaigns":false,"ocean_post_layout":"","ocean_both_sidebars_style":"","ocean_both_sidebars_content_width":0,"ocean_both_sidebars_sidebars_width":0,"ocean_sidebar":"0","ocean_second_sidebar":"0","ocean_disable_margins":"enable","ocean_add_body_class":"","ocean_shortcode_before_top_bar":"","ocean_shortcode_after_top_bar":"","ocean_shortcode_before_header":"","ocean_shortcode_after_header":"","ocean_has_shortcode":"","ocean_shortcode_after_title":"","ocean_shortcode_before_footer_widgets":"","ocean_shortcode_after_footer_widgets":"","ocean_shortcode_before_footer_bottom":"","ocean_shortcode_after_footer_bottom":"","ocean_display_top_bar":"default","ocean_display_header":"default","ocean_header_style":"","ocean_center_header_left_menu":"0","ocean_custom_header_template":"0","ocean_custom_logo":0,"ocean_custom_retina_logo":0,"ocean_custom_logo_max_width":0,"ocean_custom_logo_tablet_max_width":0,"ocean_custom_logo_mobile_max_width":0,"ocean_custom_logo_max_height":0,"ocean_custom_logo_tablet_max_height":0,"ocean_custom_logo_mobile_max_height":0,"ocean_header_custom_menu":"0","ocean_menu_typo_font_family":"0","ocean_menu_typo_font_subset":"","ocean_menu_typo_font_size":0,"ocean_menu_typo_font_size_tablet":0,"ocean_menu_typo_font_size_mobile":0,"ocean_menu_typo_font_size_unit":"px","ocean_menu_typo_font_weight":"","ocean_menu_typo_font_weight_tablet":"","ocean_menu_typo_font_weight_mobile":"","ocean_menu_typo_transform":"","ocean_menu_typo_transform_tablet":"","ocean_menu_typo_transform_mobile":"","ocean_menu_typo_line_height":0,"ocean_menu_typo_line_height_tablet":0,"ocean_menu_typo_line_height_mobile":0,"ocean_menu_typo_line_height_unit":"","ocean_menu_typo_spacing":0,"ocean_menu_typo_spacing_tablet":0,"ocean_menu_typo_spacing_mobile":0,"ocean_menu_typo_spacing_unit":"","ocean_menu_link_color":"","ocean_menu_link_color_hover":"","ocean_menu_link_color_active":"","ocean_menu_link_background":"","ocean_menu_link_hover_background":"","ocean_menu_link_active_background":"","ocean_menu_social_links_bg":"","ocean_menu_social_hover_links_bg":"","ocean_menu_social_links_color":"","ocean_menu_social_hover_links_color":"","ocean_disable_title":"default","ocean_disable_heading":"default","ocean_post_title":"","ocean_post_subheading":"","ocean_post_title_style":"","ocean_post_title_background_color":"","ocean_post_title_background":0,"ocean_post_title_bg_image_position":"","ocean_post_title_bg_image_attachment":"","ocean_post_title_bg_image_repeat":"","ocean_post_title_bg_image_size":"","ocean_post_title_height":0,"ocean_post_title_bg_overlay":0.5,"ocean_post_title_bg_overlay_color":"","ocean_disable_breadcrumbs":"default","ocean_breadcrumbs_color":"","ocean_breadcrumbs_separator_color":"","ocean_breadcrumbs_links_color":"","ocean_breadcrumbs_links_hover_color":"","ocean_display_footer_widgets":"default","ocean_display_footer_bottom":"default","ocean_custom_footer_template":"0","_joinchat":[]},"product_brand":[],"product_cat":[16],"product_tag":[],"class_list":{"0":"post-4985","1":"product","2":"type-product","3":"status-publish","4":"has-post-thumbnail","6":"product_cat-sin-categorizar","8":"entry","9":"has-media","11":"first","12":"instock","13":"shipping-taxable","14":"purchasable","15":"product-type-simple","16":"has-product-nav","17":"col","18":"span_1_of_3","19":"owp-content-center","20":"owp-thumbs-layout-horizontal","21":"owp-btn-normal","22":"owp-tabs-layout-horizontal"},"_links":{"self":[{"href":"https:\/\/telemetry.com.pe\/index.php\/wp-json\/wp\/v2\/product\/4985","targetHints":{"allow":["GET"]}}],"collection":[{"href":"https:\/\/telemetry.com.pe\/index.php\/wp-json\/wp\/v2\/product"}],"about":[{"href":"https:\/\/telemetry.com.pe\/index.php\/wp-json\/wp\/v2\/types\/product"}],"replies":[{"embeddable":true,"href":"https:\/\/telemetry.com.pe\/index.php\/wp-json\/wp\/v2\/comments?post=4985"}],"wp:featuredmedia":[{"embeddable":true,"href":"https:\/\/telemetry.com.pe\/index.php\/wp-json\/wp\/v2\/media\/4996"}],"wp:attachment":[{"href":"https:\/\/telemetry.com.pe\/index.php\/wp-json\/wp\/v2\/media?parent=4985"}],"wp:term":[{"taxonomy":"product_brand","embeddable":true,"href":"https:\/\/telemetry.com.pe\/index.php\/wp-json\/wp\/v2\/product_brand?post=4985"},{"taxonomy":"product_cat","embeddable":true,"href":"https:\/\/telemetry.com.pe\/index.php\/wp-json\/wp\/v2\/product_cat?post=4985"},{"taxonomy":"product_tag","embeddable":true,"href":"https:\/\/telemetry.com.pe\/index.php\/wp-json\/wp\/v2\/product_tag?post=4985"}],"curies":[{"name":"wp","href":"https:\/\/api.w.org\/{rel}","templated":true}]}}