{"id":4986,"date":"2023-09-16T00:42:44","date_gmt":"2023-09-16T00:42:44","guid":{"rendered":"https:\/\/telemetry.com.pe\/?post_type=product&#038;p=4986"},"modified":"2023-09-16T00:42:44","modified_gmt":"2023-09-16T00:42:44","slug":"alquiler-de-estaciones-meteorologicas-automaticas","status":"publish","type":"product","link":"https:\/\/telemetry.com.pe\/index.php\/producto\/alquiler-de-estaciones-meteorologicas-automaticas\/","title":{"rendered":"Alquiler de Estaciones Meteorol\u00f3gicas Autom\u00e1ticas"},"content":{"rendered":"<ul>\n<li>Una estaci\u00f3n meteorol\u00f3gica autom\u00e1tica es un sistema integrado de diversos componentes utilizados para medir, registrar y transmitir variables meteorol\u00f3gicas, como temperatura, velocidad y direcci\u00f3n del viento, radiaci\u00f3n solar y precipitaci\u00f3n.\u00a0Las estaciones meteorol\u00f3gicas se utilizan en tierra y mar para diversos fines operativos y de investigaci\u00f3n. El dise\u00f1o robusto, bajo consumo el\u00e9ctrico y los m\u00e9todos de comunicaci\u00f3n a larga distancia permiten que las estaciones meteorol\u00f3gicas modernas funcionen de forma remota durante largos per\u00edodos sin necesidad de intervenci\u00f3n humana.<\/li>\n<\/ul>\n<p>Nuestros paquetes de alquiler se describen a continuaci\u00f3n.\u00a0Los sistemas port\u00e1tiles Y\u00a0sistemas automatizados se env\u00edan dentro de las 24 horas.\u00a0Todos los sistemas est\u00e1n disponibles a tarifas semanales o mensuales.\u00a0Hacemos el alquiler f\u00e1cil.\u00a0Ll\u00e1menos al\u00a0+51 957 396 257 o use el formulario al final de la p\u00e1gina.<\/p>\n<h2 class=\"Text3757388675__root Text3757388675---typography-11-runningText Text3757388675---priority-7-primary s8gg2 _2UIKs InfoSectionTitle3095652555__root\" aria-hidden=\"false\" data-hook=\"info-section-title\">Monitores Estaciones Meteorol\u00f3gicas<\/h2>\n<div class=\"rah-static rah-static--height-auto\" aria-hidden=\"false\">\n<div>\n<div class=\"_1yvxJ fggS- cell\">\n<div class=\"WncCi\" data-hook=\"info-section-description\">\n<p>Las estaciones meteorol\u00f3gicas var\u00edan enormemente en su nivel de sofisticaci\u00f3n y complejidad, as\u00ed como en su flexibilidad y capacidad para medir, monitorear y estudiar el clima y las condiciones clim\u00e1ticas. Por ejemplo, algunas estaciones meteorol\u00f3gicas requieren la recogida manual de los datos medidos, mientras que otras estaciones meteorol\u00f3gicas est\u00e1n altamente automatizadas.<\/p>\n<\/div>\n<\/div>\n<\/div>\n<\/div>\n<h2 class=\"Text3757388675__root Text3757388675---typography-11-runningText Text3757388675---priority-7-primary s8gg2 _2UIKs InfoSectionTitle3095652555__root\" aria-hidden=\"false\" data-hook=\"info-section-title\">Sensores<\/h2>\n<div class=\"_2tV5m fggS- cell\"><\/div>\n<div class=\"rah-static rah-static--height-auto\" aria-hidden=\"false\">\n<div>\n<div class=\"_1yvxJ fggS- cell\">\n<div class=\"WncCi\" data-hook=\"info-section-description\">\n<ul>\n<li>Anem\u00f3metro.<\/li>\n<li>Bar\u00f3metro.<\/li>\n<li>Higr\u00f3metro.<\/li>\n<li>Potenci\u00f3metro\/veleta.<\/li>\n<li>Piran\u00f3metro.<\/li>\n<li>Pluvi\u00f3metro.<\/li>\n<li>Radi\u00f3metro.<\/li>\n<li>Term\u00f3metro (termistor, termopar,\u00a0 RTD)<\/li>\n<\/ul>\n<\/div>\n<\/div>\n<\/div>\n<\/div>\n","protected":false},"excerpt":{"rendered":"<p><strong>Alquiler de Estaciones Meteorol\u00f3gicas Autom\u00e1ticas<\/strong><\/p>\n<p>TELEMETRY\u00a0 se especializa en ventas, alquileres, calibraciones y reparaci\u00f3n de equipos de sism\u00f3grafos de monitoreo de vibraciones.\u00a0Nuestra flota de alquiler incluye los equipos de\u00a0 Monitoreo Metereologico.<\/p>\n","protected":false},"featured_media":4998,"comment_status":"open","ping_status":"closed","template":"","meta":{"om_disable_all_campaigns":false,"ocean_post_layout":"","ocean_both_sidebars_style":"","ocean_both_sidebars_content_width":0,"ocean_both_sidebars_sidebars_width":0,"ocean_sidebar":"0","ocean_second_sidebar":"0","ocean_disable_margins":"enable","ocean_add_body_class":"","ocean_shortcode_before_top_bar":"","ocean_shortcode_after_top_bar":"","ocean_shortcode_before_header":"","ocean_shortcode_after_header":"","ocean_has_shortcode":"","ocean_shortcode_after_title":"","ocean_shortcode_before_footer_widgets":"","ocean_shortcode_after_footer_widgets":"","ocean_shortcode_before_footer_bottom":"","ocean_shortcode_after_footer_bottom":"","ocean_display_top_bar":"default","ocean_display_header":"default","ocean_header_style":"","ocean_center_header_left_menu":"0","ocean_custom_header_template":"0","ocean_custom_logo":0,"ocean_custom_retina_logo":0,"ocean_custom_logo_max_width":0,"ocean_custom_logo_tablet_max_width":0,"ocean_custom_logo_mobile_max_width":0,"ocean_custom_logo_max_height":0,"ocean_custom_logo_tablet_max_height":0,"ocean_custom_logo_mobile_max_height":0,"ocean_header_custom_menu":"0","ocean_menu_typo_font_family":"0","ocean_menu_typo_font_subset":"","ocean_menu_typo_font_size":0,"ocean_menu_typo_font_size_tablet":0,"ocean_menu_typo_font_size_mobile":0,"ocean_menu_typo_font_size_unit":"px","ocean_menu_typo_font_weight":"","ocean_menu_typo_font_weight_tablet":"","ocean_menu_typo_font_weight_mobile":"","ocean_menu_typo_transform":"","ocean_menu_typo_transform_tablet":"","ocean_menu_typo_transform_mobile":"","ocean_menu_typo_line_height":0,"ocean_menu_typo_line_height_tablet":0,"ocean_menu_typo_line_height_mobile":0,"ocean_menu_typo_line_height_unit":"","ocean_menu_typo_spacing":0,"ocean_menu_typo_spacing_tablet":0,"ocean_menu_typo_spacing_mobile":0,"ocean_menu_typo_spacing_unit":"","ocean_menu_link_color":"","ocean_menu_link_color_hover":"","ocean_menu_link_color_active":"","ocean_menu_link_background":"","ocean_menu_link_hover_background":"","ocean_menu_link_active_background":"","ocean_menu_social_links_bg":"","ocean_menu_social_hover_links_bg":"","ocean_menu_social_links_color":"","ocean_menu_social_hover_links_color":"","ocean_disable_title":"default","ocean_disable_heading":"default","ocean_post_title":"","ocean_post_subheading":"","ocean_post_title_style":"","ocean_post_title_background_color":"","ocean_post_title_background":0,"ocean_post_title_bg_image_position":"","ocean_post_title_bg_image_attachment":"","ocean_post_title_bg_image_repeat":"","ocean_post_title_bg_image_size":"","ocean_post_title_height":0,"ocean_post_title_bg_overlay":0.5,"ocean_post_title_bg_overlay_color":"","ocean_disable_breadcrumbs":"default","ocean_breadcrumbs_color":"","ocean_breadcrumbs_separator_color":"","ocean_breadcrumbs_links_color":"","ocean_breadcrumbs_links_hover_color":"","ocean_display_footer_widgets":"default","ocean_display_footer_bottom":"default","ocean_custom_footer_template":"0","_joinchat":[]},"product_brand":[],"product_cat":[16],"product_tag":[],"class_list":{"0":"post-4986","1":"product","2":"type-product","3":"status-publish","4":"has-post-thumbnail","6":"product_cat-sin-categorizar","8":"entry","9":"has-media","11":"first","12":"instock","13":"shipping-taxable","14":"purchasable","15":"product-type-simple","16":"has-product-nav","17":"col","18":"span_1_of_3","19":"owp-content-center","20":"owp-thumbs-layout-horizontal","21":"owp-btn-normal","22":"owp-tabs-layout-horizontal"},"_links":{"self":[{"href":"https:\/\/telemetry.com.pe\/index.php\/wp-json\/wp\/v2\/product\/4986","targetHints":{"allow":["GET"]}}],"collection":[{"href":"https:\/\/telemetry.com.pe\/index.php\/wp-json\/wp\/v2\/product"}],"about":[{"href":"https:\/\/telemetry.com.pe\/index.php\/wp-json\/wp\/v2\/types\/product"}],"replies":[{"embeddable":true,"href":"https:\/\/telemetry.com.pe\/index.php\/wp-json\/wp\/v2\/comments?post=4986"}],"wp:featuredmedia":[{"embeddable":true,"href":"https:\/\/telemetry.com.pe\/index.php\/wp-json\/wp\/v2\/media\/4998"}],"wp:attachment":[{"href":"https:\/\/telemetry.com.pe\/index.php\/wp-json\/wp\/v2\/media?parent=4986"}],"wp:term":[{"taxonomy":"product_brand","embeddable":true,"href":"https:\/\/telemetry.com.pe\/index.php\/wp-json\/wp\/v2\/product_brand?post=4986"},{"taxonomy":"product_cat","embeddable":true,"href":"https:\/\/telemetry.com.pe\/index.php\/wp-json\/wp\/v2\/product_cat?post=4986"},{"taxonomy":"product_tag","embeddable":true,"href":"https:\/\/telemetry.com.pe\/index.php\/wp-json\/wp\/v2\/product_tag?post=4986"}],"curies":[{"name":"wp","href":"https:\/\/api.w.org\/{rel}","templated":true}]}}