{"id":5878,"date":"2023-09-16T00:42:44","date_gmt":"2023-09-16T00:42:44","guid":{"rendered":"https:\/\/telemetry.com.pe\/?post_type=product&#038;p=5878"},"modified":"2023-09-16T00:42:44","modified_gmt":"2023-09-16T00:42:44","slug":"hydra-t","status":"publish","type":"product","link":"https:\/\/telemetry.com.pe\/index.php\/producto\/hydra-t\/","title":{"rendered":"HYDRA-T"},"content":{"rendered":"<p><span>IDS GeoRadar, l\u00edder de la industria en tecnolog\u00eda de radar para el control de la estabilidad de taludes, ha aportado su experiencia a la industria de la construcci\u00f3n de t\u00faneles.\u00a0HYDRA-T es un\u00a0<\/span><strong><span>sistema de monitoreo de detecci\u00f3n remota<\/span><\/strong><span>\u00a0dise\u00f1ado espec\u00edficamente para alertas tempranas y mediciones en tiempo real de desplazamientos submilim\u00e9tricos en el frente del t\u00fanel.<\/span><\/p>\n<p><span>Durante la construcci\u00f3n del t\u00fanel, estas estructuras colapsan ocasionalmente debido a las condiciones geol\u00f3gicas, la falta de una gesti\u00f3n adecuada y los errores por descuido cometidos durante la construcci\u00f3n.<\/span><\/p>\n<p><span>Hay tres posibles ubicaciones de colapso:<\/span><\/p>\n<p><span>&#8211; Colapso del portal del t\u00fanel (debido a la lluvia y el clima severos, excavaciones demasiado tempranas para comprender la masa rocosa, cubierta de roca delgada)\u00a0<\/span><\/p>\n<p><span>&#8211; Colapso a lo largo de la longitud del t\u00fanel terminado (causado por una deformaci\u00f3n que excede los l\u00edmites, falla del soporte, terremoto )<\/span><\/p>\n<p><span>&#8211; Colapso de la cara\/corona del t\u00fanel (provocado por una elecci\u00f3n incorrecta de maquinaria, agua subterr\u00e1nea, gran cara abierta, vac\u00edo k\u00e1rstico en piedra caliza, zona geol\u00f3gica d\u00e9bil)<\/span><\/p>\n<div><img fetchpriority=\"high\" decoding=\"async\" class=\"\" src=\"https:\/\/idsgeoradar.com\/-\/media\/images\/ids%20georadar\/products\/collapse.ashx?hash=68D461068266E6D6017FE161FA582248&amp;h=498.333&amp;w=465.333&amp;la=en\" alt=\"Colapsar\" width=\"383\" height=\"301\" \/><\/div>\n<div><\/div>\n<p><span>Hydra-T mejora la seguridad del t\u00fanel\u00a0<\/span><strong><span>durante todo el ciclo de excavaci\u00f3n<\/span><\/strong><span>\u00a0con el descarte autom\u00e1tico de datos afectados por la maquinaria y el operador.<\/span><br \/>\n<span>Adem\u00e1s cuenta con una\u00a0<\/span><strong><span>f\u00e1cil configuraci\u00f3n y generaci\u00f3n autom\u00e1tica de alarmas<\/span><\/strong><span>\u00a0, notificadas mediante luz estrobosc\u00f3pica y sirena en sitio.<\/span><\/p>\n<div><em><span>HYDRA-T aprovecha la tecnolog\u00eda Arc<\/span><\/em><span>\u00a0SAR de vanguardia de IDS GeoRadar\u00a0, con informaci\u00f3n de desplazamiento actualizada cada 15 segundos, corregida autom\u00e1ticamente por cambios en las condiciones ambientales (es decir, temperatura, humedad).\u00a0Los mapas de calor del radar se superponen al\u00a0<\/span><strong><span>modelo 3D<\/span><\/strong><span>\u00a0creado por el sistema por medio de un sensor l\u00e1ser integrado.<\/span><\/div>\n<p><strong><span>Caracter\u00edsticas:<\/span><\/strong><\/p>\n<ul>\n<li><span>Cobertura espacial: campo de visi\u00f3n horizontal de 60\u00b0 y vertical de 30\u00b0<\/span><\/li>\n<li><span>Velocidad de escaneo: se realiza una nueva adquisici\u00f3n cada 15 segundos<\/span><\/li>\n<li><span>Precisi\u00f3n: desplazamiento de la l\u00ednea de visi\u00f3n con una precisi\u00f3n de hasta 0,01 cm<\/span><\/li>\n<li><span>Montaje y desmontaje en menos de 5 minutos<\/span><\/li>\n<li><span>Baja interferencia con la actividad de construcci\u00f3n<\/span><\/li>\n<li><span>Totalmente compatible con el m\u00e9todo de excavaci\u00f3n de perforaci\u00f3n y voladura<\/span><\/li>\n<li><span>Funciona en todas las condiciones clim\u00e1ticas y temperaturas (-20 \u00b0C a +55 \u00b0C) y resistencia al agua y al polvo IP65<\/span><\/li>\n<li><span>Generaci\u00f3n de alertas con criterios de desplazamiento, velocidad y velocidad inversa definidos por el usuario<\/span><\/li>\n<li><span>Procesamiento instant\u00e1neo de datos y generaci\u00f3n de alarmas in situ<\/span><\/li>\n<li><span>Herramientas de an\u00e1lisis geot\u00e9cnico integradas<\/span><\/li>\n<\/ul>\n","protected":false},"excerpt":{"rendered":"<p>IDS GeoRadar, l\u00edder de la industria en tecnolog\u00eda de radar para el control de la estabilidad de taludes, ha aportado su experiencia a la industria de la construcci\u00f3n de t\u00faneles.<\/p>\n","protected":false},"featured_media":5879,"comment_status":"open","ping_status":"closed","template":"","meta":{"om_disable_all_campaigns":false,"ocean_post_layout":"","ocean_both_sidebars_style":"","ocean_both_sidebars_content_width":0,"ocean_both_sidebars_sidebars_width":0,"ocean_sidebar":"0","ocean_second_sidebar":"0","ocean_disable_margins":"enable","ocean_add_body_class":"","ocean_shortcode_before_top_bar":"","ocean_shortcode_after_top_bar":"","ocean_shortcode_before_header":"","ocean_shortcode_after_header":"","ocean_has_shortcode":"","ocean_shortcode_after_title":"","ocean_shortcode_before_footer_widgets":"","ocean_shortcode_after_footer_widgets":"","ocean_shortcode_before_footer_bottom":"","ocean_shortcode_after_footer_bottom":"","ocean_display_top_bar":"default","ocean_display_header":"default","ocean_header_style":"","ocean_center_header_left_menu":"0","ocean_custom_header_template":"0","ocean_custom_logo":0,"ocean_custom_retina_logo":0,"ocean_custom_logo_max_width":0,"ocean_custom_logo_tablet_max_width":0,"ocean_custom_logo_mobile_max_width":0,"ocean_custom_logo_max_height":0,"ocean_custom_logo_tablet_max_height":0,"ocean_custom_logo_mobile_max_height":0,"ocean_header_custom_menu":"0","ocean_menu_typo_font_family":"0","ocean_menu_typo_font_subset":"","ocean_menu_typo_font_size":0,"ocean_menu_typo_font_size_tablet":0,"ocean_menu_typo_font_size_mobile":0,"ocean_menu_typo_font_size_unit":"px","ocean_menu_typo_font_weight":"","ocean_menu_typo_font_weight_tablet":"","ocean_menu_typo_font_weight_mobile":"","ocean_menu_typo_transform":"","ocean_menu_typo_transform_tablet":"","ocean_menu_typo_transform_mobile":"","ocean_menu_typo_line_height":0,"ocean_menu_typo_line_height_tablet":0,"ocean_menu_typo_line_height_mobile":0,"ocean_menu_typo_line_height_unit":"","ocean_menu_typo_spacing":0,"ocean_menu_typo_spacing_tablet":0,"ocean_menu_typo_spacing_mobile":0,"ocean_menu_typo_spacing_unit":"","ocean_menu_link_color":"","ocean_menu_link_color_hover":"","ocean_menu_link_color_active":"","ocean_menu_link_background":"","ocean_menu_link_hover_background":"","ocean_menu_link_active_background":"","ocean_menu_social_links_bg":"","ocean_menu_social_hover_links_bg":"","ocean_menu_social_links_color":"","ocean_menu_social_hover_links_color":"","ocean_disable_title":"default","ocean_disable_heading":"default","ocean_post_title":"","ocean_post_subheading":"","ocean_post_title_style":"","ocean_post_title_background_color":"","ocean_post_title_background":0,"ocean_post_title_bg_image_position":"","ocean_post_title_bg_image_attachment":"","ocean_post_title_bg_image_repeat":"","ocean_post_title_bg_image_size":"","ocean_post_title_height":0,"ocean_post_title_bg_overlay":0.5,"ocean_post_title_bg_overlay_color":"","ocean_disable_breadcrumbs":"default","ocean_breadcrumbs_color":"","ocean_breadcrumbs_separator_color":"","ocean_breadcrumbs_links_color":"","ocean_breadcrumbs_links_hover_color":"","ocean_display_footer_widgets":"default","ocean_display_footer_bottom":"default","ocean_custom_footer_template":"0","_joinchat":[]},"product_brand":[],"product_cat":[16],"product_tag":[],"class_list":{"0":"post-5878","1":"product","2":"type-product","3":"status-publish","4":"has-post-thumbnail","6":"product_cat-sin-categorizar","8":"entry","9":"has-media","11":"first","12":"instock","13":"shipping-taxable","14":"purchasable","15":"product-type-simple","16":"has-product-nav","17":"col","18":"span_1_of_3","19":"owp-content-center","20":"owp-thumbs-layout-horizontal","21":"owp-btn-normal","22":"owp-tabs-layout-horizontal"},"_links":{"self":[{"href":"https:\/\/telemetry.com.pe\/index.php\/wp-json\/wp\/v2\/product\/5878","targetHints":{"allow":["GET"]}}],"collection":[{"href":"https:\/\/telemetry.com.pe\/index.php\/wp-json\/wp\/v2\/product"}],"about":[{"href":"https:\/\/telemetry.com.pe\/index.php\/wp-json\/wp\/v2\/types\/product"}],"replies":[{"embeddable":true,"href":"https:\/\/telemetry.com.pe\/index.php\/wp-json\/wp\/v2\/comments?post=5878"}],"wp:featuredmedia":[{"embeddable":true,"href":"https:\/\/telemetry.com.pe\/index.php\/wp-json\/wp\/v2\/media\/5879"}],"wp:attachment":[{"href":"https:\/\/telemetry.com.pe\/index.php\/wp-json\/wp\/v2\/media?parent=5878"}],"wp:term":[{"taxonomy":"product_brand","embeddable":true,"href":"https:\/\/telemetry.com.pe\/index.php\/wp-json\/wp\/v2\/product_brand?post=5878"},{"taxonomy":"product_cat","embeddable":true,"href":"https:\/\/telemetry.com.pe\/index.php\/wp-json\/wp\/v2\/product_cat?post=5878"},{"taxonomy":"product_tag","embeddable":true,"href":"https:\/\/telemetry.com.pe\/index.php\/wp-json\/wp\/v2\/product_tag?post=5878"}],"curies":[{"name":"wp","href":"https:\/\/api.w.org\/{rel}","templated":true}]}}