{"id":6901,"date":"2024-02-22T04:11:28","date_gmt":"2024-02-22T04:11:28","guid":{"rendered":"https:\/\/telemetry.com.pe\/?post_type=product&#038;p=6901"},"modified":"2024-02-22T04:12:20","modified_gmt":"2024-02-22T04:12:20","slug":"sensores-de-conductividad-ct2x","status":"publish","type":"product","link":"https:\/\/telemetry.com.pe\/index.php\/producto\/sensores-de-conductividad-ct2x\/","title":{"rendered":"Sensores de conductividad &#8211; CT2X"},"content":{"rendered":"<div>\n<p>El CT2X tambi\u00e9n viene con el software Aqua4Plus potente y f\u00e1cil de usar de Seametrics, que brinda al usuario un control amplio, que incluye monitoreo en tiempo real, programaci\u00f3n flexible y opciones vers\u00e1tiles de visualizaci\u00f3n de datos.<\/p>\n<h2>Caracter\u00edsticas<\/h2>\n<ul>\n<li>Mide la conductividad, el total de s\u00f3lidos disueltos y la temperatura.<\/li>\n<li>Va desde 10 microsiemens\/cm hasta 300.000 microsiemens\/cm<\/li>\n<li>Opci\u00f3n de presi\u00f3n y nivel disponible<\/li>\n<li>Utilidades de calibraci\u00f3n en campo<\/li>\n<li>Estrecho de 0,75\u2033 de di\u00e1metro, 12,5\u2033 o 16\u2033 de largo (seg\u00fan la versi\u00f3n)<\/li>\n<li>Compensaci\u00f3n de temperatura lineal y nLFn<\/li>\n<li>Hasta 349.000 registros en memoria no vol\u00e1til<\/li>\n<li>Construcci\u00f3n de acero inoxidable 316, fluoropol\u00edmero y PTFE (titanio opcional)<\/li>\n<li>Interfaz RS485 est\u00e1ndar de la industria digital<\/li>\n<li>Disponible con una variedad de opciones de cables, incluidos polietileno, poliuretano y tefl\u00f3n FEP.<\/li>\n<li>Protocolos Modbus y SDI-12 disponibles<\/li>\n<li>Exportaci\u00f3n sencilla a hojas de c\u00e1lculo y bases de datos<\/li>\n<\/ul>\n<p>&nbsp;<\/p>\n<\/div>\n<div class=\"sublabel\">Conductividad, Temperatura, Salinidad, TDS, Presi\u00f3n (opcional)<\/div>\n<ul>\n<li>Mide la conductividad, el total de s\u00f3lidos disueltos y la temperatura.<\/li>\n<li>El registrador de datos integrado recopila hasta 349.000 registros<\/li>\n<li>Puede medir desde 10 microsiemens\/cm hasta 300.000 microsiemens\/cm.<\/li>\n<li>Disponible con protocolo Modbus o SDI-12<\/li>\n<li>Incluye nuevo software Aqua4Plus (protocolo Modbus\u00ae)<\/li>\n<\/ul>\n","protected":false},"excerpt":{"rendered":"<div class=\"sublabel\">El CT2X es un sensor de conductividad y temperatura con registro de datos incorporado.\u00a0Al incorporar una celda de electrodo de grafito y epoxi de 4 polos, es extremadamente duradero y resistente a las interferencias de datos, lo que lo hace excelente para usar en condiciones de campo dif\u00edciles.<\/div>\n","protected":false},"featured_media":6760,"comment_status":"open","ping_status":"closed","template":"","meta":{"om_disable_all_campaigns":false,"ocean_post_layout":"","ocean_both_sidebars_style":"","ocean_both_sidebars_content_width":0,"ocean_both_sidebars_sidebars_width":0,"ocean_sidebar":"0","ocean_second_sidebar":"0","ocean_disable_margins":"enable","ocean_add_body_class":"","ocean_shortcode_before_top_bar":"","ocean_shortcode_after_top_bar":"","ocean_shortcode_before_header":"","ocean_shortcode_after_header":"","ocean_has_shortcode":"","ocean_shortcode_after_title":"","ocean_shortcode_before_footer_widgets":"","ocean_shortcode_after_footer_widgets":"","ocean_shortcode_before_footer_bottom":"","ocean_shortcode_after_footer_bottom":"","ocean_display_top_bar":"default","ocean_display_header":"default","ocean_header_style":"","ocean_center_header_left_menu":"0","ocean_custom_header_template":"0","ocean_custom_logo":0,"ocean_custom_retina_logo":0,"ocean_custom_logo_max_width":0,"ocean_custom_logo_tablet_max_width":0,"ocean_custom_logo_mobile_max_width":0,"ocean_custom_logo_max_height":0,"ocean_custom_logo_tablet_max_height":0,"ocean_custom_logo_mobile_max_height":0,"ocean_header_custom_menu":"0","ocean_menu_typo_font_family":"0","ocean_menu_typo_font_subset":"","ocean_menu_typo_font_size":0,"ocean_menu_typo_font_size_tablet":0,"ocean_menu_typo_font_size_mobile":0,"ocean_menu_typo_font_size_unit":"px","ocean_menu_typo_font_weight":"","ocean_menu_typo_font_weight_tablet":"","ocean_menu_typo_font_weight_mobile":"","ocean_menu_typo_transform":"","ocean_menu_typo_transform_tablet":"","ocean_menu_typo_transform_mobile":"","ocean_menu_typo_line_height":0,"ocean_menu_typo_line_height_tablet":0,"ocean_menu_typo_line_height_mobile":0,"ocean_menu_typo_line_height_unit":"","ocean_menu_typo_spacing":0,"ocean_menu_typo_spacing_tablet":0,"ocean_menu_typo_spacing_mobile":0,"ocean_menu_typo_spacing_unit":"","ocean_menu_link_color":"","ocean_menu_link_color_hover":"","ocean_menu_link_color_active":"","ocean_menu_link_background":"","ocean_menu_link_hover_background":"","ocean_menu_link_active_background":"","ocean_menu_social_links_bg":"","ocean_menu_social_hover_links_bg":"","ocean_menu_social_links_color":"","ocean_menu_social_hover_links_color":"","ocean_disable_title":"default","ocean_disable_heading":"default","ocean_post_title":"","ocean_post_subheading":"","ocean_post_title_style":"","ocean_post_title_background_color":"","ocean_post_title_background":0,"ocean_post_title_bg_image_position":"","ocean_post_title_bg_image_attachment":"","ocean_post_title_bg_image_repeat":"","ocean_post_title_bg_image_size":"","ocean_post_title_height":0,"ocean_post_title_bg_overlay":0.5,"ocean_post_title_bg_overlay_color":"","ocean_disable_breadcrumbs":"default","ocean_breadcrumbs_color":"","ocean_breadcrumbs_separator_color":"","ocean_breadcrumbs_links_color":"","ocean_breadcrumbs_links_hover_color":"","ocean_display_footer_widgets":"default","ocean_display_footer_bottom":"default","ocean_custom_footer_template":"0","_joinchat":[]},"product_brand":[],"product_cat":[16],"product_tag":[],"class_list":{"0":"post-6901","1":"product","2":"type-product","3":"status-publish","4":"has-post-thumbnail","6":"product_cat-sin-categorizar","8":"entry","9":"has-media","11":"first","12":"instock","13":"shipping-taxable","14":"purchasable","15":"product-type-simple","16":"has-product-nav","17":"col","18":"span_1_of_3","19":"owp-content-center","20":"owp-thumbs-layout-horizontal","21":"owp-btn-normal","22":"owp-tabs-layout-horizontal","23":"has-no-thumbnails"},"_links":{"self":[{"href":"https:\/\/telemetry.com.pe\/index.php\/wp-json\/wp\/v2\/product\/6901","targetHints":{"allow":["GET"]}}],"collection":[{"href":"https:\/\/telemetry.com.pe\/index.php\/wp-json\/wp\/v2\/product"}],"about":[{"href":"https:\/\/telemetry.com.pe\/index.php\/wp-json\/wp\/v2\/types\/product"}],"replies":[{"embeddable":true,"href":"https:\/\/telemetry.com.pe\/index.php\/wp-json\/wp\/v2\/comments?post=6901"}],"wp:featuredmedia":[{"embeddable":true,"href":"https:\/\/telemetry.com.pe\/index.php\/wp-json\/wp\/v2\/media\/6760"}],"wp:attachment":[{"href":"https:\/\/telemetry.com.pe\/index.php\/wp-json\/wp\/v2\/media?parent=6901"}],"wp:term":[{"taxonomy":"product_brand","embeddable":true,"href":"https:\/\/telemetry.com.pe\/index.php\/wp-json\/wp\/v2\/product_brand?post=6901"},{"taxonomy":"product_cat","embeddable":true,"href":"https:\/\/telemetry.com.pe\/index.php\/wp-json\/wp\/v2\/product_cat?post=6901"},{"taxonomy":"product_tag","embeddable":true,"href":"https:\/\/telemetry.com.pe\/index.php\/wp-json\/wp\/v2\/product_tag?post=6901"}],"curies":[{"name":"wp","href":"https:\/\/api.w.org\/{rel}","templated":true}]}}