{"id":6903,"date":"2024-02-22T04:41:11","date_gmt":"2024-02-22T04:41:11","guid":{"rendered":"https:\/\/telemetry.com.pe\/?post_type=product&#038;p=6903"},"modified":"2024-02-22T04:41:11","modified_gmt":"2024-02-22T04:41:11","slug":"sensores-de-turbidez-turbo","status":"publish","type":"product","link":"https:\/\/telemetry.com.pe\/index.php\/producto\/sensores-de-turbidez-turbo\/","title":{"rendered":"Sensores de turbidez &#8211; Turbo"},"content":{"rendered":"<p><span>Este dispositivo tambi\u00e9n viene con un registrador de datos incorporado y el software Aqua4Plus.\u00a0Con ambas caracter\u00edsticas est\u00e1ndar, el sensor de turbidez es perfecto para el profesional medioambiental que est\u00e1 en constante movimiento.<\/span><\/p>\n<h2><span>Caracter\u00edsticas<\/span><\/h2>\n<ul>\n<li><span>Interfaces Modbus\u00ae y SDI-12 para mayor flexibilidad<\/span><\/li>\n<li><span>El registrador de datos incorporado guarda registros en la memoria no vol\u00e1til<\/span><\/li>\n<li><span>Red RS485<\/span><\/li>\n<li><span>Conectividad inal\u00e1mbrica<\/span><\/li>\n<li><span>Programaci\u00f3n flexible basada en Windows\u00ae<\/span><\/li>\n<li><span>Visualizaci\u00f3n de datos en tiempo real.<\/span><\/li>\n<li><span>Exportaci\u00f3n sencilla a hojas de c\u00e1lculo y bases de datos<\/span><\/li>\n<li><span>Opci\u00f3n de lectura directa para uso con medidores de panel o aplicaciones RTU\/PLC<\/span><\/li>\n<li><span>Disponible con una variedad de opciones de cables, incluidos polietileno, poliuretano y FEP<\/span><\/li>\n<li><span>Rango: 0-3000 NTU<\/span><\/li>\n<li><span>Resoluci\u00f3n: \u00b13 NTU<\/span><\/li>\n<li><span>Precisi\u00f3n: 2% a 25\u00b0 C<\/span><\/li>\n<\/ul>\n<h2><span>Aplicaciones<\/span><\/h2>\n<ul>\n<li><span>Monitoreo de aguas superficiales<\/span><\/li>\n<li><span>Monitoreo de aguas subterr\u00e1neas<\/span><\/li>\n<li><span>Estudios de escorrent\u00eda agr\u00edcola<\/span><\/li>\n<li><span>Monitoreo de descarga<\/span><\/li>\n<li><span>Acuicultura<\/span><\/li>\n<li><span>Monitoreo de lixiviados<\/span><\/li>\n<li><span>Rendimiento de remediaci\u00f3n<\/span><\/li>\n<li><span>Tratamiento de aguas residuales<\/span><\/li>\n<\/ul>\n<div class=\"sublabel\"><span>Sensor de 0-3000 NTU con registro de datos<\/span><\/div>\n<ul>\n<li><span>Incluye software Aqua4Plus<\/span><\/li>\n<li><span>Puede medir hasta 3000 NTU<\/span><\/li>\n<li><span>Disponible para sistemas Modbus\u00ae y SDI-12<\/span><\/li>\n<li><span>Registrador de datos incorporado<\/span><\/li>\n<\/ul>\n","protected":false},"excerpt":{"rendered":"<h2><span>Descripci\u00f3n<\/span><\/h2>\n<p><span>El Turbo Sensor de Seametrics mide una amplia gama de NTU, lo que lo convierte en un dispositivo vers\u00e1til capaz de implementarse en muchos sitios diferentes.<\/span><\/p>\n","protected":false},"featured_media":6757,"comment_status":"open","ping_status":"closed","template":"","meta":{"om_disable_all_campaigns":false,"ocean_post_layout":"","ocean_both_sidebars_style":"","ocean_both_sidebars_content_width":0,"ocean_both_sidebars_sidebars_width":0,"ocean_sidebar":"0","ocean_second_sidebar":"0","ocean_disable_margins":"enable","ocean_add_body_class":"","ocean_shortcode_before_top_bar":"","ocean_shortcode_after_top_bar":"","ocean_shortcode_before_header":"","ocean_shortcode_after_header":"","ocean_has_shortcode":"","ocean_shortcode_after_title":"","ocean_shortcode_before_footer_widgets":"","ocean_shortcode_after_footer_widgets":"","ocean_shortcode_before_footer_bottom":"","ocean_shortcode_after_footer_bottom":"","ocean_display_top_bar":"default","ocean_display_header":"default","ocean_header_style":"","ocean_center_header_left_menu":"0","ocean_custom_header_template":"0","ocean_custom_logo":0,"ocean_custom_retina_logo":0,"ocean_custom_logo_max_width":0,"ocean_custom_logo_tablet_max_width":0,"ocean_custom_logo_mobile_max_width":0,"ocean_custom_logo_max_height":0,"ocean_custom_logo_tablet_max_height":0,"ocean_custom_logo_mobile_max_height":0,"ocean_header_custom_menu":"0","ocean_menu_typo_font_family":"0","ocean_menu_typo_font_subset":"","ocean_menu_typo_font_size":0,"ocean_menu_typo_font_size_tablet":0,"ocean_menu_typo_font_size_mobile":0,"ocean_menu_typo_font_size_unit":"px","ocean_menu_typo_font_weight":"","ocean_menu_typo_font_weight_tablet":"","ocean_menu_typo_font_weight_mobile":"","ocean_menu_typo_transform":"","ocean_menu_typo_transform_tablet":"","ocean_menu_typo_transform_mobile":"","ocean_menu_typo_line_height":0,"ocean_menu_typo_line_height_tablet":0,"ocean_menu_typo_line_height_mobile":0,"ocean_menu_typo_line_height_unit":"","ocean_menu_typo_spacing":0,"ocean_menu_typo_spacing_tablet":0,"ocean_menu_typo_spacing_mobile":0,"ocean_menu_typo_spacing_unit":"","ocean_menu_link_color":"","ocean_menu_link_color_hover":"","ocean_menu_link_color_active":"","ocean_menu_link_background":"","ocean_menu_link_hover_background":"","ocean_menu_link_active_background":"","ocean_menu_social_links_bg":"","ocean_menu_social_hover_links_bg":"","ocean_menu_social_links_color":"","ocean_menu_social_hover_links_color":"","ocean_disable_title":"default","ocean_disable_heading":"default","ocean_post_title":"","ocean_post_subheading":"","ocean_post_title_style":"","ocean_post_title_background_color":"","ocean_post_title_background":0,"ocean_post_title_bg_image_position":"","ocean_post_title_bg_image_attachment":"","ocean_post_title_bg_image_repeat":"","ocean_post_title_bg_image_size":"","ocean_post_title_height":0,"ocean_post_title_bg_overlay":0.5,"ocean_post_title_bg_overlay_color":"","ocean_disable_breadcrumbs":"default","ocean_breadcrumbs_color":"","ocean_breadcrumbs_separator_color":"","ocean_breadcrumbs_links_color":"","ocean_breadcrumbs_links_hover_color":"","ocean_display_footer_widgets":"default","ocean_display_footer_bottom":"default","ocean_custom_footer_template":"0","_joinchat":[]},"product_brand":[],"product_cat":[16],"product_tag":[],"class_list":{"0":"post-6903","1":"product","2":"type-product","3":"status-publish","4":"has-post-thumbnail","6":"product_cat-sin-categorizar","8":"entry","9":"has-media","11":"first","12":"instock","13":"shipping-taxable","14":"purchasable","15":"product-type-simple","16":"has-product-nav","17":"col","18":"span_1_of_3","19":"owp-content-center","20":"owp-thumbs-layout-horizontal","21":"owp-btn-normal","22":"owp-tabs-layout-horizontal","23":"has-no-thumbnails"},"_links":{"self":[{"href":"https:\/\/telemetry.com.pe\/index.php\/wp-json\/wp\/v2\/product\/6903","targetHints":{"allow":["GET"]}}],"collection":[{"href":"https:\/\/telemetry.com.pe\/index.php\/wp-json\/wp\/v2\/product"}],"about":[{"href":"https:\/\/telemetry.com.pe\/index.php\/wp-json\/wp\/v2\/types\/product"}],"replies":[{"embeddable":true,"href":"https:\/\/telemetry.com.pe\/index.php\/wp-json\/wp\/v2\/comments?post=6903"}],"wp:featuredmedia":[{"embeddable":true,"href":"https:\/\/telemetry.com.pe\/index.php\/wp-json\/wp\/v2\/media\/6757"}],"wp:attachment":[{"href":"https:\/\/telemetry.com.pe\/index.php\/wp-json\/wp\/v2\/media?parent=6903"}],"wp:term":[{"taxonomy":"product_brand","embeddable":true,"href":"https:\/\/telemetry.com.pe\/index.php\/wp-json\/wp\/v2\/product_brand?post=6903"},{"taxonomy":"product_cat","embeddable":true,"href":"https:\/\/telemetry.com.pe\/index.php\/wp-json\/wp\/v2\/product_cat?post=6903"},{"taxonomy":"product_tag","embeddable":true,"href":"https:\/\/telemetry.com.pe\/index.php\/wp-json\/wp\/v2\/product_tag?post=6903"}],"curies":[{"name":"wp","href":"https:\/\/api.w.org\/{rel}","templated":true}]}}