{"id":6909,"date":"2024-02-22T05:24:22","date_gmt":"2024-02-22T05:24:22","guid":{"rendered":"https:\/\/telemetry.com.pe\/?post_type=product&#038;p=6909"},"modified":"2024-02-22T05:25:09","modified_gmt":"2024-02-22T05:25:09","slug":"multiparametro","status":"publish","type":"product","link":"https:\/\/telemetry.com.pe\/index.php\/producto\/multiparametro\/","title":{"rendered":"Multipar\u00e1metro"},"content":{"rendered":"<p>Para simplificar a\u00fan m\u00e1s su trabajo, este sensor viene de serie con interfaces SDI-12 y Modbus, un registrador de datos integrado y conectividad inal\u00e1mbrica para m\u00f3dems celulares.<\/p>\n<h2>Caracter\u00edsticas<\/h2>\n<ul>\n<li>Disponible en 5 configuraciones est\u00e1ndar para medir combinaciones de: pH, ORP, temperatura, salinidad, TDS, presi\u00f3n y nivel, ox\u00edgeno disuelto y turbidez.<\/li>\n<li>Incluye interfaces SDI-12 y Modbus para mayor flexibilidad<\/li>\n<li>El registrador de datos integrado almacena registros en una memoria no vol\u00e1til<\/li>\n<li>Red RS485: se conecta con otros sensores inteligentes Seametrics<\/li>\n<li>Conectividad inal\u00e1mbrica<\/li>\n<li>Disponible con una variedad de opciones de cables, incluidos polietileno, poliuretano y FEP<\/li>\n<li>Programaci\u00f3n flexible basada en Windows\u00ae<\/li>\n<li>Visualizaci\u00f3n en tiempo real y exportaci\u00f3n sencilla a hojas de c\u00e1lculo\/bases de datos<\/li>\n<li>Opci\u00f3n de lectura directa para uso con medidores de panel o aplicaciones RTU\/PLC<\/li>\n<\/ul>\n<h2>Configuraciones<\/h2>\n<p>El sensor inteligente multipar\u00e1metro de Seametrics est\u00e1 disponible en 5 configuraciones est\u00e1ndar.<\/p>\n<table width=\"589\">\n<tbody>\n<tr>\n<th><\/th>\n<th>Opci\u00f3n 1<\/th>\n<th>opcion 2<\/th>\n<th>Opci\u00f3n 3<\/th>\n<th>Opci\u00f3n 4<\/th>\n<th>Opci\u00f3n 5<\/th>\n<\/tr>\n<tr>\n<td>Presi\u00f3n\/Nivel<\/td>\n<td>\u2022<\/td>\n<td>\u2022<\/td>\n<td>\u2022<\/td>\n<td>\u2022<\/td>\n<td>\u2022<\/td>\n<td><\/td>\n<\/tr>\n<tr>\n<td>Conductividad\/Salinidad\/TDS<\/td>\n<td>\u2022<\/td>\n<td>\u2022<\/td>\n<td>\u2022<\/td>\n<td>\u2022<\/td>\n<td>\u2022<\/td>\n<td><\/td>\n<\/tr>\n<tr>\n<td>pH\/ORP<\/td>\n<td><\/td>\n<td><\/td>\n<td>\u2022<\/td>\n<td>\u2022<\/td>\n<td>\u2022<\/td>\n<\/tr>\n<tr>\n<td>Ox\u00edgeno disuelto<\/td>\n<td>\u2022<\/td>\n<td><\/td>\n<td><\/td>\n<td>\u2022<\/td>\n<td><\/td>\n<\/tr>\n<tr>\n<td>Turbiedad<\/td>\n<td><\/td>\n<td>\u2022<\/td>\n<td>\u2022<\/td>\n<td><\/td>\n<td><\/td>\n<\/tr>\n<tr>\n<td>Temperatura<\/td>\n<td>\u2022<\/td>\n<td>\u2022<\/td>\n<td>\u2022<\/td>\n<td>\u2022<\/td>\n<td>\u2022<\/td>\n<\/tr>\n<\/tbody>\n<\/table>\n<p>&nbsp;<\/p>\n<div class=\"sublabel\">Hasta seis par\u00e1metros con registro de datos<\/div>\n<ul>\n<li>5 configuraciones est\u00e1ndar<\/li>\n<li>Registrador de datos integrado<\/li>\n<li>Dise\u00f1o modular para diferentes necesidades del sitio<\/li>\n<li>Incluye interfaces SDI-12 y Modbus\u00ae<\/li>\n<\/ul>\n","protected":false},"excerpt":{"rendered":"<h2>Descripci\u00f3n<\/h2>\n<p>Esta \u00fanica unidad puede realizar el trabajo de seis sensores, todos al mismo tiempo.\u00a0Disponible en una variedad de configuraciones para satisfacer sus necesidades.<\/p>\n","protected":false},"featured_media":6759,"comment_status":"open","ping_status":"closed","template":"","meta":{"om_disable_all_campaigns":false,"ocean_post_layout":"","ocean_both_sidebars_style":"","ocean_both_sidebars_content_width":0,"ocean_both_sidebars_sidebars_width":0,"ocean_sidebar":"0","ocean_second_sidebar":"0","ocean_disable_margins":"enable","ocean_add_body_class":"","ocean_shortcode_before_top_bar":"","ocean_shortcode_after_top_bar":"","ocean_shortcode_before_header":"","ocean_shortcode_after_header":"","ocean_has_shortcode":"","ocean_shortcode_after_title":"","ocean_shortcode_before_footer_widgets":"","ocean_shortcode_after_footer_widgets":"","ocean_shortcode_before_footer_bottom":"","ocean_shortcode_after_footer_bottom":"","ocean_display_top_bar":"default","ocean_display_header":"default","ocean_header_style":"","ocean_center_header_left_menu":"0","ocean_custom_header_template":"0","ocean_custom_logo":0,"ocean_custom_retina_logo":0,"ocean_custom_logo_max_width":0,"ocean_custom_logo_tablet_max_width":0,"ocean_custom_logo_mobile_max_width":0,"ocean_custom_logo_max_height":0,"ocean_custom_logo_tablet_max_height":0,"ocean_custom_logo_mobile_max_height":0,"ocean_header_custom_menu":"0","ocean_menu_typo_font_family":"0","ocean_menu_typo_font_subset":"","ocean_menu_typo_font_size":0,"ocean_menu_typo_font_size_tablet":0,"ocean_menu_typo_font_size_mobile":0,"ocean_menu_typo_font_size_unit":"px","ocean_menu_typo_font_weight":"","ocean_menu_typo_font_weight_tablet":"","ocean_menu_typo_font_weight_mobile":"","ocean_menu_typo_transform":"","ocean_menu_typo_transform_tablet":"","ocean_menu_typo_transform_mobile":"","ocean_menu_typo_line_height":0,"ocean_menu_typo_line_height_tablet":0,"ocean_menu_typo_line_height_mobile":0,"ocean_menu_typo_line_height_unit":"","ocean_menu_typo_spacing":0,"ocean_menu_typo_spacing_tablet":0,"ocean_menu_typo_spacing_mobile":0,"ocean_menu_typo_spacing_unit":"","ocean_menu_link_color":"","ocean_menu_link_color_hover":"","ocean_menu_link_color_active":"","ocean_menu_link_background":"","ocean_menu_link_hover_background":"","ocean_menu_link_active_background":"","ocean_menu_social_links_bg":"","ocean_menu_social_hover_links_bg":"","ocean_menu_social_links_color":"","ocean_menu_social_hover_links_color":"","ocean_disable_title":"default","ocean_disable_heading":"default","ocean_post_title":"","ocean_post_subheading":"","ocean_post_title_style":"","ocean_post_title_background_color":"","ocean_post_title_background":0,"ocean_post_title_bg_image_position":"","ocean_post_title_bg_image_attachment":"","ocean_post_title_bg_image_repeat":"","ocean_post_title_bg_image_size":"","ocean_post_title_height":0,"ocean_post_title_bg_overlay":0.5,"ocean_post_title_bg_overlay_color":"","ocean_disable_breadcrumbs":"default","ocean_breadcrumbs_color":"","ocean_breadcrumbs_separator_color":"","ocean_breadcrumbs_links_color":"","ocean_breadcrumbs_links_hover_color":"","ocean_display_footer_widgets":"default","ocean_display_footer_bottom":"default","ocean_custom_footer_template":"0","_joinchat":[]},"product_brand":[],"product_cat":[16],"product_tag":[],"class_list":{"0":"post-6909","1":"product","2":"type-product","3":"status-publish","4":"has-post-thumbnail","6":"product_cat-sin-categorizar","8":"entry","9":"has-media","11":"first","12":"instock","13":"shipping-taxable","14":"purchasable","15":"product-type-simple","16":"has-product-nav","17":"col","18":"span_1_of_3","19":"owp-content-center","20":"owp-thumbs-layout-horizontal","21":"owp-btn-normal","22":"owp-tabs-layout-horizontal","23":"has-no-thumbnails"},"_links":{"self":[{"href":"https:\/\/telemetry.com.pe\/index.php\/wp-json\/wp\/v2\/product\/6909","targetHints":{"allow":["GET"]}}],"collection":[{"href":"https:\/\/telemetry.com.pe\/index.php\/wp-json\/wp\/v2\/product"}],"about":[{"href":"https:\/\/telemetry.com.pe\/index.php\/wp-json\/wp\/v2\/types\/product"}],"replies":[{"embeddable":true,"href":"https:\/\/telemetry.com.pe\/index.php\/wp-json\/wp\/v2\/comments?post=6909"}],"wp:featuredmedia":[{"embeddable":true,"href":"https:\/\/telemetry.com.pe\/index.php\/wp-json\/wp\/v2\/media\/6759"}],"wp:attachment":[{"href":"https:\/\/telemetry.com.pe\/index.php\/wp-json\/wp\/v2\/media?parent=6909"}],"wp:term":[{"taxonomy":"product_brand","embeddable":true,"href":"https:\/\/telemetry.com.pe\/index.php\/wp-json\/wp\/v2\/product_brand?post=6909"},{"taxonomy":"product_cat","embeddable":true,"href":"https:\/\/telemetry.com.pe\/index.php\/wp-json\/wp\/v2\/product_cat?post=6909"},{"taxonomy":"product_tag","embeddable":true,"href":"https:\/\/telemetry.com.pe\/index.php\/wp-json\/wp\/v2\/product_tag?post=6909"}],"curies":[{"name":"wp","href":"https:\/\/api.w.org\/{rel}","templated":true}]}}