{"id":6966,"date":"2024-02-23T04:56:11","date_gmt":"2024-02-23T04:56:11","guid":{"rendered":"https:\/\/telemetry.com.pe\/?post_type=product&#038;p=6966"},"modified":"2024-02-23T04:56:11","modified_gmt":"2024-02-23T04:56:11","slug":"nivelscout-2x","status":"publish","type":"product","link":"https:\/\/telemetry.com.pe\/index.php\/producto\/nivelscout-2x\/","title":{"rendered":"NivelSCOUT 2X"},"content":{"rendered":"<h2>Descripci\u00f3n<\/h2>\n<p>Presentamos el nuevo registrador de nivel absoluto LevelSCOUT 2X, la pr\u00f3xima generaci\u00f3n de nuestros sensores de nivel y temperatura de la serie LevelSCOUT con registro de datos integrado.\u00a0Ahora equipado con m\u00e1s memoria, mayor protecci\u00f3n y m\u00e1s opciones de personalizaci\u00f3n, el LevelSCOUT 2X est\u00e1 dise\u00f1ado para adaptarse a m\u00e1s aplicaciones y durar m\u00e1s que nunca.\u00a0Est\u00e1 construido con acero inoxidable 316, fluoropol\u00edmero y acetal, lo que proporciona lecturas muy precisas en condiciones de campo resistentes y corrosivas.\u00a0Comb\u00ednelo con nuestro sensor de presi\u00f3n barom\u00e9trica\u00a0<a href=\"https:\/\/www.seametrics.com\/product\/baroscout-2x\/\">BaroSCOUT 2X<\/a>\u00a0para ajustar sus lecturas a la presi\u00f3n atmosf\u00e9rica actual.\u00a0Como siempre, el LevelSCOUT 2X cuenta con nuestro software de registro gratuito de \u00faltima generaci\u00f3n, Aqua4Plus, y es compatible con la mayor\u00eda de los sistemas de control y telemetr\u00eda.<\/p>\n<p><span>A\u00fan siendo l\u00edder en dise\u00f1o de sensores sustentables, LevelSCOUT 2X cuenta con bater\u00edas reemplazables, cables reparables en campo y dise\u00f1o modular para proteger su inversi\u00f3n y el medio ambiente.<\/span><\/p>\n<p><span>Preciso.\u00a0Confiable.\u00a0Dura toda la vida.<\/span><\/p>\n<h2><span>Caracter\u00edsticas<\/span><\/h2>\n<h3><span>Sensor<\/span><\/h3>\n<ul>\n<li><span>Mide nivel, temperatura y tiempo.<\/span><\/li>\n<li><span>Compensado t\u00e9rmicamente: excelente cuando la temperatura del agua var\u00eda, como en arroyos o aplicaciones de tanques industriales.<\/span><\/li>\n<li><span>\u00b1 0,05 % de precisi\u00f3n de escala completa<\/span><\/li>\n<li><span>Bajo consumo: duraci\u00f3n de la bater\u00eda de 5 a\u00f1os<\/span><\/li>\n<li><span>Construcci\u00f3n de acero inoxidable 316, fluoropol\u00edmero y acetal.<\/span><\/li>\n<li><span>Protocolo Modbus\u00ae RTU o SDI-12: para una gran flexibilidad<\/span><\/li>\n<\/ul>\n<h3><span>Registrador de datos<\/span><\/h3>\n<ul>\n<li><span>Memoria no vol\u00e1til: sus datos no se perder\u00e1n en caso de un corte de energ\u00eda<\/span><\/li>\n<li><span>Funci\u00f3n de pausa de registro: pausa temporalmente el registro mientras se reposiciona o transporta el sensor<\/span><\/li>\n<li><span>Funci\u00f3n de inicio retrasado: indica una hora de inicio futura espec\u00edfica, lo que facilita configurar varios sensores para que se inicien al mismo tiempo.<\/span><\/li>\n<\/ul>\n<h3><span>Cableado y redes<\/span><\/h3>\n<ul>\n<li><span>Conectividad inal\u00e1mbrica<\/span><\/li>\n<li><span>Red RS485: permite conectar varios sensores en red y proporciona cables mucho m\u00e1s largos<\/span><\/li>\n<li><span>Conectores que se pueden reparar en campo: retire f\u00e1cilmente el conector, pase el cable a trav\u00e9s de sellos de pozo, paredes o conductos y luego reemplace el conector.<\/span><\/li>\n<li><span>Disponible sin cables o con un cable de PU o ETFE conectable por el usuario<\/span><\/li>\n<\/ul>\n<h3><span>Software<\/span><\/h3>\n<ul>\n<li><span>Viene con el software de control Aqua4Plus gratuito para que pueda comenzar a funcionar de inmediato<\/span><\/li>\n<li><span>Vea sus datos en tiempo real<\/span><\/li>\n<li><span>Exportaci\u00f3n sencilla a hojas de c\u00e1lculo y bases de datos<\/span><\/li>\n<li><span>Utilidad de compensaci\u00f3n barom\u00e9trica<\/span><\/li>\n<li><span>Actualice el sensor mediante firmware mientras est\u00e1 en el campo: ideal para futuras actualizaciones<\/span><\/li>\n<\/ul>\n<h3><span>Aplicaciones<\/span><\/h3>\n<ul>\n<li><span>Evaluaciones del sitio<\/span><\/li>\n<li><span>Estudios de mareas<\/span><\/li>\n<li><span>Monitoreo ambiental<\/span><\/li>\n<li><span>Medici\u00f3n de descarga de aguas superficiales<\/span><\/li>\n<li><span>Monitoreo del nivel del acu\u00edfero<\/span><\/li>\n<li><span>Almacenamiento y recuperaci\u00f3n de acu\u00edferos<\/span><\/li>\n<li><span>Pruebas de bombeo<\/span><\/li>\n<\/ul>\n","protected":false},"excerpt":{"rendered":"<div class=\"sublabel\"><span>Sensor de nivel y temperatura con registro de datos<\/span><\/div>\n<p><em><span>Presentando:<\/span><\/em><\/p>\n<ul>\n<li><span>Memoria aumentada a 100.000 registros.<\/span><\/li>\n<li><span>Salida SDI-12 o Modbus RTU RS485<\/span><\/li>\n<li><span>Duraci\u00f3n de la bater\u00eda de 5 a\u00f1os<\/span><\/li>\n<li><span>Doble junta t\u00f3rica para mayor protecci\u00f3n<\/span><\/li>\n<li><span>Cableado de longitud personalizada opcional<\/span><\/li>\n<li><span>Velocidades de baudios seleccionables<\/span><\/li>\n<li><span>Di\u00e1metro peque\u00f1o: 0,875 \u2033 (2,22 cm)<\/span><\/li>\n<li><span>Software de control Aqua4Plus gratuito<\/span><\/li>\n<\/ul>\n","protected":false},"featured_media":6916,"comment_status":"open","ping_status":"closed","template":"","meta":{"om_disable_all_campaigns":false,"ocean_post_layout":"","ocean_both_sidebars_style":"","ocean_both_sidebars_content_width":0,"ocean_both_sidebars_sidebars_width":0,"ocean_sidebar":"0","ocean_second_sidebar":"0","ocean_disable_margins":"enable","ocean_add_body_class":"","ocean_shortcode_before_top_bar":"","ocean_shortcode_after_top_bar":"","ocean_shortcode_before_header":"","ocean_shortcode_after_header":"","ocean_has_shortcode":"","ocean_shortcode_after_title":"","ocean_shortcode_before_footer_widgets":"","ocean_shortcode_after_footer_widgets":"","ocean_shortcode_before_footer_bottom":"","ocean_shortcode_after_footer_bottom":"","ocean_display_top_bar":"default","ocean_display_header":"default","ocean_header_style":"","ocean_center_header_left_menu":"0","ocean_custom_header_template":"0","ocean_custom_logo":0,"ocean_custom_retina_logo":0,"ocean_custom_logo_max_width":0,"ocean_custom_logo_tablet_max_width":0,"ocean_custom_logo_mobile_max_width":0,"ocean_custom_logo_max_height":0,"ocean_custom_logo_tablet_max_height":0,"ocean_custom_logo_mobile_max_height":0,"ocean_header_custom_menu":"0","ocean_menu_typo_font_family":"0","ocean_menu_typo_font_subset":"","ocean_menu_typo_font_size":0,"ocean_menu_typo_font_size_tablet":0,"ocean_menu_typo_font_size_mobile":0,"ocean_menu_typo_font_size_unit":"px","ocean_menu_typo_font_weight":"","ocean_menu_typo_font_weight_tablet":"","ocean_menu_typo_font_weight_mobile":"","ocean_menu_typo_transform":"","ocean_menu_typo_transform_tablet":"","ocean_menu_typo_transform_mobile":"","ocean_menu_typo_line_height":0,"ocean_menu_typo_line_height_tablet":0,"ocean_menu_typo_line_height_mobile":0,"ocean_menu_typo_line_height_unit":"","ocean_menu_typo_spacing":0,"ocean_menu_typo_spacing_tablet":0,"ocean_menu_typo_spacing_mobile":0,"ocean_menu_typo_spacing_unit":"","ocean_menu_link_color":"","ocean_menu_link_color_hover":"","ocean_menu_link_color_active":"","ocean_menu_link_background":"","ocean_menu_link_hover_background":"","ocean_menu_link_active_background":"","ocean_menu_social_links_bg":"","ocean_menu_social_hover_links_bg":"","ocean_menu_social_links_color":"","ocean_menu_social_hover_links_color":"","ocean_disable_title":"default","ocean_disable_heading":"default","ocean_post_title":"","ocean_post_subheading":"","ocean_post_title_style":"","ocean_post_title_background_color":"","ocean_post_title_background":0,"ocean_post_title_bg_image_position":"","ocean_post_title_bg_image_attachment":"","ocean_post_title_bg_image_repeat":"","ocean_post_title_bg_image_size":"","ocean_post_title_height":0,"ocean_post_title_bg_overlay":0.5,"ocean_post_title_bg_overlay_color":"","ocean_disable_breadcrumbs":"default","ocean_breadcrumbs_color":"","ocean_breadcrumbs_separator_color":"","ocean_breadcrumbs_links_color":"","ocean_breadcrumbs_links_hover_color":"","ocean_display_footer_widgets":"default","ocean_display_footer_bottom":"default","ocean_custom_footer_template":"0","_joinchat":[]},"product_brand":[],"product_cat":[16],"product_tag":[],"class_list":{"0":"post-6966","1":"product","2":"type-product","3":"status-publish","4":"has-post-thumbnail","6":"product_cat-sin-categorizar","8":"entry","9":"has-media","11":"first","12":"instock","13":"shipping-taxable","14":"purchasable","15":"product-type-simple","16":"has-product-nav","17":"col","18":"span_1_of_3","19":"owp-content-center","20":"owp-thumbs-layout-horizontal","21":"owp-btn-normal","22":"owp-tabs-layout-horizontal","23":"has-no-thumbnails"},"_links":{"self":[{"href":"https:\/\/telemetry.com.pe\/index.php\/wp-json\/wp\/v2\/product\/6966","targetHints":{"allow":["GET"]}}],"collection":[{"href":"https:\/\/telemetry.com.pe\/index.php\/wp-json\/wp\/v2\/product"}],"about":[{"href":"https:\/\/telemetry.com.pe\/index.php\/wp-json\/wp\/v2\/types\/product"}],"replies":[{"embeddable":true,"href":"https:\/\/telemetry.com.pe\/index.php\/wp-json\/wp\/v2\/comments?post=6966"}],"wp:featuredmedia":[{"embeddable":true,"href":"https:\/\/telemetry.com.pe\/index.php\/wp-json\/wp\/v2\/media\/6916"}],"wp:attachment":[{"href":"https:\/\/telemetry.com.pe\/index.php\/wp-json\/wp\/v2\/media?parent=6966"}],"wp:term":[{"taxonomy":"product_brand","embeddable":true,"href":"https:\/\/telemetry.com.pe\/index.php\/wp-json\/wp\/v2\/product_brand?post=6966"},{"taxonomy":"product_cat","embeddable":true,"href":"https:\/\/telemetry.com.pe\/index.php\/wp-json\/wp\/v2\/product_cat?post=6966"},{"taxonomy":"product_tag","embeddable":true,"href":"https:\/\/telemetry.com.pe\/index.php\/wp-json\/wp\/v2\/product_tag?post=6966"}],"curies":[{"name":"wp","href":"https:\/\/api.w.org\/{rel}","templated":true}]}}