{"id":6968,"date":"2024-02-23T05:00:04","date_gmt":"2024-02-23T05:00:04","guid":{"rendered":"https:\/\/telemetry.com.pe\/?post_type=product&#038;p=6968"},"modified":"2024-02-23T05:00:46","modified_gmt":"2024-02-23T05:00:46","slug":"nivelscout","status":"publish","type":"product","link":"https:\/\/telemetry.com.pe\/index.php\/producto\/nivelscout\/","title":{"rendered":"NivelSCOUT"},"content":{"rendered":"<h2>Descripci\u00f3n<\/h2>\n<p>El registrador de nivel LevelSCOUT es excelente en casi cualquier lugar donde necesite medir el nivel y la temperatura, ya sea en un lago, un tanque o un pozo.<\/p>\n<p>Este sensor, un sensor de nivel y temperatura con registro de datos integrado, est\u00e1 construido con acero inoxidable 316 o titanio, fluoropol\u00edmero y acetal, lo que proporciona lecturas altamente precisas en condiciones de campo resistentes y corrosivas.<\/p>\n<h2>Caracter\u00edsticas<\/h2>\n<h3>Sensor<\/h3>\n<ul>\n<li>Mide nivel, temperatura y tiempo.<\/li>\n<li>Compensado t\u00e9rmicamente: excelente cuando la temperatura del agua var\u00eda, como en arroyos o aplicaciones de tanques industriales.<\/li>\n<li>\u00b1 0,05 % escala completa<\/li>\n<li>Bajo consumo: duraci\u00f3n de la bater\u00eda de 4,5 a\u00f1os<\/li>\n<li>Construcci\u00f3n de acero inoxidable 316, fluoropol\u00edmero y acetal (titanio opcional)<\/li>\n<li>Protocolo Modbus\u00ae RTU: para una gran flexibilidad<\/li>\n<\/ul>\n<h3>Registrador de datos<\/h3>\n<ul>\n<li>Memoria no vol\u00e1til: sus datos no se perder\u00e1n en caso de un corte de energ\u00eda<\/li>\n<li>Funci\u00f3n de pausa de registro: pausa temporalmente el registro mientras se reposiciona o transporta el sensor<\/li>\n<li>Funci\u00f3n de inicio retrasado: indica una hora de inicio futura espec\u00edfica, lo que facilita configurar varios sensores para que se inicien al mismo tiempo.<\/li>\n<\/ul>\n<h3>Cableado y redes<\/h3>\n<ul>\n<li>Conectividad inal\u00e1mbrica<\/li>\n<li>Red RS485: permite conectar varios sensores en red y proporciona cables mucho m\u00e1s largos<\/li>\n<li>Conectores que se pueden reparar en campo: retire f\u00e1cilmente el conector, pase el cable a trav\u00e9s de sellos de pozo, paredes o conductos y luego reemplace el conector.<\/li>\n<li>Disponible sin cables o con un cable de PU o ETFE conectable por el usuario<\/li>\n<\/ul>\n<h3>Software<\/h3>\n<ul>\n<li>Viene con el software de control Aqua4Plus gratuito para que pueda comenzar a funcionar de inmediato<\/li>\n<li>Vea sus datos en tiempo real<\/li>\n<li>Exportaci\u00f3n sencilla a hojas de c\u00e1lculo y bases de datos<\/li>\n<li>Utilidad de compensaci\u00f3n barom\u00e9trica<\/li>\n<li>Actualice el sensor mediante firmware mientras est\u00e1 en el campo: ideal para futuras actualizaciones<\/li>\n<\/ul>\n<h2>Aplicaciones<\/h2>\n<ul>\n<li>Evaluaciones del sitio<\/li>\n<li>Estudios de mareas<\/li>\n<li>Monitoreo ambiental<\/li>\n<li>Medici\u00f3n de descarga de aguas superficiales<\/li>\n<li>Monitoreo del nivel del acu\u00edfero<\/li>\n<li>Almacenamiento y recuperaci\u00f3n de acu\u00edferos<\/li>\n<\/ul>\n","protected":false},"excerpt":{"rendered":"<div class=\"sublabel\">Sensor de nivel y temperatura con registro de datos<\/div>\n<ul>\n<li>Registra nivel y temperatura.<\/li>\n<li>Bajo consumo: duraci\u00f3n de la bater\u00eda de 4,5 a\u00f1os<\/li>\n<li>El registrador de datos integrado recopila hasta 50.000 registros<\/li>\n<li>Di\u00e1metro peque\u00f1o: 0,875 \u2033 (2,22 cm)<\/li>\n<li>Se conecta f\u00e1cilmente con otros sensores a trav\u00e9s de la red RS485<\/li>\n<li>Incluye el nuevo software de control Aqua4Plus<\/li>\n<\/ul>\n","protected":false},"featured_media":6915,"comment_status":"open","ping_status":"closed","template":"","meta":{"om_disable_all_campaigns":false,"ocean_post_layout":"","ocean_both_sidebars_style":"","ocean_both_sidebars_content_width":0,"ocean_both_sidebars_sidebars_width":0,"ocean_sidebar":"0","ocean_second_sidebar":"0","ocean_disable_margins":"enable","ocean_add_body_class":"","ocean_shortcode_before_top_bar":"","ocean_shortcode_after_top_bar":"","ocean_shortcode_before_header":"","ocean_shortcode_after_header":"","ocean_has_shortcode":"","ocean_shortcode_after_title":"","ocean_shortcode_before_footer_widgets":"","ocean_shortcode_after_footer_widgets":"","ocean_shortcode_before_footer_bottom":"","ocean_shortcode_after_footer_bottom":"","ocean_display_top_bar":"default","ocean_display_header":"default","ocean_header_style":"","ocean_center_header_left_menu":"0","ocean_custom_header_template":"0","ocean_custom_logo":0,"ocean_custom_retina_logo":0,"ocean_custom_logo_max_width":0,"ocean_custom_logo_tablet_max_width":0,"ocean_custom_logo_mobile_max_width":0,"ocean_custom_logo_max_height":0,"ocean_custom_logo_tablet_max_height":0,"ocean_custom_logo_mobile_max_height":0,"ocean_header_custom_menu":"0","ocean_menu_typo_font_family":"0","ocean_menu_typo_font_subset":"","ocean_menu_typo_font_size":0,"ocean_menu_typo_font_size_tablet":0,"ocean_menu_typo_font_size_mobile":0,"ocean_menu_typo_font_size_unit":"px","ocean_menu_typo_font_weight":"","ocean_menu_typo_font_weight_tablet":"","ocean_menu_typo_font_weight_mobile":"","ocean_menu_typo_transform":"","ocean_menu_typo_transform_tablet":"","ocean_menu_typo_transform_mobile":"","ocean_menu_typo_line_height":0,"ocean_menu_typo_line_height_tablet":0,"ocean_menu_typo_line_height_mobile":0,"ocean_menu_typo_line_height_unit":"","ocean_menu_typo_spacing":0,"ocean_menu_typo_spacing_tablet":0,"ocean_menu_typo_spacing_mobile":0,"ocean_menu_typo_spacing_unit":"","ocean_menu_link_color":"","ocean_menu_link_color_hover":"","ocean_menu_link_color_active":"","ocean_menu_link_background":"","ocean_menu_link_hover_background":"","ocean_menu_link_active_background":"","ocean_menu_social_links_bg":"","ocean_menu_social_hover_links_bg":"","ocean_menu_social_links_color":"","ocean_menu_social_hover_links_color":"","ocean_disable_title":"default","ocean_disable_heading":"default","ocean_post_title":"","ocean_post_subheading":"","ocean_post_title_style":"","ocean_post_title_background_color":"","ocean_post_title_background":0,"ocean_post_title_bg_image_position":"","ocean_post_title_bg_image_attachment":"","ocean_post_title_bg_image_repeat":"","ocean_post_title_bg_image_size":"","ocean_post_title_height":0,"ocean_post_title_bg_overlay":0.5,"ocean_post_title_bg_overlay_color":"","ocean_disable_breadcrumbs":"default","ocean_breadcrumbs_color":"","ocean_breadcrumbs_separator_color":"","ocean_breadcrumbs_links_color":"","ocean_breadcrumbs_links_hover_color":"","ocean_display_footer_widgets":"default","ocean_display_footer_bottom":"default","ocean_custom_footer_template":"0","_joinchat":[]},"product_brand":[],"product_cat":[16],"product_tag":[],"class_list":{"0":"post-6968","1":"product","2":"type-product","3":"status-publish","4":"has-post-thumbnail","6":"product_cat-sin-categorizar","8":"entry","9":"has-media","11":"first","12":"instock","13":"shipping-taxable","14":"purchasable","15":"product-type-simple","16":"has-product-nav","17":"col","18":"span_1_of_3","19":"owp-content-center","20":"owp-thumbs-layout-horizontal","21":"owp-btn-normal","22":"owp-tabs-layout-horizontal","23":"has-no-thumbnails"},"_links":{"self":[{"href":"https:\/\/telemetry.com.pe\/index.php\/wp-json\/wp\/v2\/product\/6968","targetHints":{"allow":["GET"]}}],"collection":[{"href":"https:\/\/telemetry.com.pe\/index.php\/wp-json\/wp\/v2\/product"}],"about":[{"href":"https:\/\/telemetry.com.pe\/index.php\/wp-json\/wp\/v2\/types\/product"}],"replies":[{"embeddable":true,"href":"https:\/\/telemetry.com.pe\/index.php\/wp-json\/wp\/v2\/comments?post=6968"}],"wp:featuredmedia":[{"embeddable":true,"href":"https:\/\/telemetry.com.pe\/index.php\/wp-json\/wp\/v2\/media\/6915"}],"wp:attachment":[{"href":"https:\/\/telemetry.com.pe\/index.php\/wp-json\/wp\/v2\/media?parent=6968"}],"wp:term":[{"taxonomy":"product_brand","embeddable":true,"href":"https:\/\/telemetry.com.pe\/index.php\/wp-json\/wp\/v2\/product_brand?post=6968"},{"taxonomy":"product_cat","embeddable":true,"href":"https:\/\/telemetry.com.pe\/index.php\/wp-json\/wp\/v2\/product_cat?post=6968"},{"taxonomy":"product_tag","embeddable":true,"href":"https:\/\/telemetry.com.pe\/index.php\/wp-json\/wp\/v2\/product_tag?post=6968"}],"curies":[{"name":"wp","href":"https:\/\/api.w.org\/{rel}","templated":true}]}}