{"id":6970,"date":"2024-02-23T05:05:34","date_gmt":"2024-02-23T05:05:34","guid":{"rendered":"https:\/\/telemetry.com.pe\/?post_type=product&#038;p=6970"},"modified":"2024-02-23T05:05:34","modified_gmt":"2024-02-23T05:05:34","slug":"pt2x","status":"publish","type":"product","link":"https:\/\/telemetry.com.pe\/index.php\/producto\/pt2x\/","title":{"rendered":"PT2X"},"content":{"rendered":"<h2><span>Descripci\u00f3n<\/span><\/h2>\n<p><span>PT2X es ideal para observar patrones de flujo, probar bombas y monitorear niveles de agua subterr\u00e1nea, pozos, tanques y mareas.<\/span><\/p>\n<p><span>Este sensor, un sensor de presi\u00f3n y temperatura con registro de datos integrado, est\u00e1 construido con acero inoxidable 316, fluoropol\u00edmero y PTFE, lo que proporciona lecturas altamente precisas en condiciones de campo resistentes y corrosivas.<\/span><\/p>\n<h2><span>Caracter\u00edsticas<\/span><\/h2>\n<h3><span>Sensor<\/span><\/h3>\n<ul>\n<li><span>Mide presi\u00f3n, temperatura y tiempo.<\/span><\/li>\n<li><span>Disponible en calibre absoluto, calibre o sellado<\/span><\/li>\n<li><span>Compensado t\u00e9rmicamente: excelente cuando la temperatura del agua var\u00eda, como en arroyos o aplicaciones de tanques industriales.<\/span><\/li>\n<li><span>Precisi\u00f3n t\u00edpica de \u00b1 0,05% FSO<\/span><\/li>\n<li><span>Bajo consumo: 2 pilas AA internas<\/span><\/li>\n<li><span>Opciones de alimentaci\u00f3n externa (12 VCC) con AA que act\u00faan como respaldo<\/span><\/li>\n<li><span>Construcci\u00f3n de acero inoxidable 316, fluoropol\u00edmero y PTFE (titanio opcional)<\/span><\/li>\n<li><span>Disponible para protocolos Modbus\u00ae y SDI-12<\/span><\/li>\n<\/ul>\n<h3><span>Registrador de datos<\/span><\/h3>\n<ul>\n<li><span>Memoria no vol\u00e1til: sus datos no se perder\u00e1n en caso de un corte de energ\u00eda<\/span><\/li>\n<li><span>Secuencias de registro flexibles de m\u00faltiples fases: mida a los intervalos especificados y guarde las instrucciones en el disco para reutilizarlas.<\/span><\/li>\n<li><span>Funci\u00f3n de pausa de registro: pausa temporalmente el registro mientras se reposiciona o transporta el sensor<\/span><\/li>\n<li><span>Funci\u00f3n de inicio retrasado: indica una hora de inicio futura espec\u00edfica, lo que facilita configurar varios sensores para que se inicien al mismo tiempo.<\/span><\/li>\n<\/ul>\n<h3><span>Cableado y redes<\/span><\/h3>\n<ul>\n<li><span>Conectividad inal\u00e1mbrica<\/span><\/li>\n<li><span>Red RS485: permite conectar varios sensores en red y proporciona cables mucho m\u00e1s largos<\/span><\/li>\n<li><span>Conectores que se pueden reparar en campo: retire f\u00e1cilmente el conector, pase el cable a trav\u00e9s de sellos de pozo, paredes o conductos y luego reemplace el conector.<\/span><\/li>\n<li><span>Disponible sin cables o con una variedad de opciones de cables, incluidos polietileno, poliuretano y FEP<\/span><\/li>\n<\/ul>\n<h3><span>Software<\/span><\/h3>\n<ul>\n<li><span>Viene con el software de control Aqua4Plus gratuito para que pueda comenzar a funcionar de inmediato<\/span><\/li>\n<li><span>Vea sus datos en tiempo real<\/span><\/li>\n<li><span>Exportaci\u00f3n sencilla a hojas de c\u00e1lculo y bases de datos<\/span><\/li>\n<li><span>Utilidad de compensaci\u00f3n barom\u00e9trica para uso con sensores absolutos<\/span><\/li>\n<li><span>Actualice el sensor mediante firmware mientras est\u00e1 en el campo: ideal para futuras actualizaciones o desarrollo personalizado<\/span><\/li>\n<\/ul>\n<h3><span>Aplicaciones<\/span><\/h3>\n<ul>\n<li><span>Monitoreo de humedales<\/span><\/li>\n<li><span>Bueno, tanque, niveles de marea.<\/span><\/li>\n<li><span>Medici\u00f3n de r\u00edos, arroyos y embalses<\/span><\/li>\n<li><span>Monitoreo de escorrent\u00eda de aguas pluviales<\/span><\/li>\n<li><span>Administraci\u00f3n de recursos<\/span><\/li>\n<li><span>Pruebas de bomba y slug<\/span><\/li>\n<\/ul>\n","protected":false},"excerpt":{"rendered":"<div class=\"sublabel\"><span>Presi\u00f3n y temperatura con registro de datos<\/span><\/div>\n<ul>\n<li><span>Registra la presi\u00f3n y la temperatura.<\/span><\/li>\n<li><span>El registrador de datos integrado recopila hasta 520.000 registros<\/span><\/li>\n<li><span>Compensado t\u00e9rmicamente para condiciones vol\u00e1tiles.<\/span><\/li>\n<li><span>Se conecta f\u00e1cilmente con otros sensores a trav\u00e9s de la red RS485<\/span><\/li>\n<li><span>Incluye el nuevo software de control Aqua4Plus<\/span><\/li>\n<\/ul>\n","protected":false},"featured_media":6919,"comment_status":"open","ping_status":"closed","template":"","meta":{"om_disable_all_campaigns":false,"ocean_post_layout":"","ocean_both_sidebars_style":"","ocean_both_sidebars_content_width":0,"ocean_both_sidebars_sidebars_width":0,"ocean_sidebar":"0","ocean_second_sidebar":"0","ocean_disable_margins":"enable","ocean_add_body_class":"","ocean_shortcode_before_top_bar":"","ocean_shortcode_after_top_bar":"","ocean_shortcode_before_header":"","ocean_shortcode_after_header":"","ocean_has_shortcode":"","ocean_shortcode_after_title":"","ocean_shortcode_before_footer_widgets":"","ocean_shortcode_after_footer_widgets":"","ocean_shortcode_before_footer_bottom":"","ocean_shortcode_after_footer_bottom":"","ocean_display_top_bar":"default","ocean_display_header":"default","ocean_header_style":"","ocean_center_header_left_menu":"0","ocean_custom_header_template":"0","ocean_custom_logo":0,"ocean_custom_retina_logo":0,"ocean_custom_logo_max_width":0,"ocean_custom_logo_tablet_max_width":0,"ocean_custom_logo_mobile_max_width":0,"ocean_custom_logo_max_height":0,"ocean_custom_logo_tablet_max_height":0,"ocean_custom_logo_mobile_max_height":0,"ocean_header_custom_menu":"0","ocean_menu_typo_font_family":"0","ocean_menu_typo_font_subset":"","ocean_menu_typo_font_size":0,"ocean_menu_typo_font_size_tablet":0,"ocean_menu_typo_font_size_mobile":0,"ocean_menu_typo_font_size_unit":"px","ocean_menu_typo_font_weight":"","ocean_menu_typo_font_weight_tablet":"","ocean_menu_typo_font_weight_mobile":"","ocean_menu_typo_transform":"","ocean_menu_typo_transform_tablet":"","ocean_menu_typo_transform_mobile":"","ocean_menu_typo_line_height":0,"ocean_menu_typo_line_height_tablet":0,"ocean_menu_typo_line_height_mobile":0,"ocean_menu_typo_line_height_unit":"","ocean_menu_typo_spacing":0,"ocean_menu_typo_spacing_tablet":0,"ocean_menu_typo_spacing_mobile":0,"ocean_menu_typo_spacing_unit":"","ocean_menu_link_color":"","ocean_menu_link_color_hover":"","ocean_menu_link_color_active":"","ocean_menu_link_background":"","ocean_menu_link_hover_background":"","ocean_menu_link_active_background":"","ocean_menu_social_links_bg":"","ocean_menu_social_hover_links_bg":"","ocean_menu_social_links_color":"","ocean_menu_social_hover_links_color":"","ocean_disable_title":"default","ocean_disable_heading":"default","ocean_post_title":"","ocean_post_subheading":"","ocean_post_title_style":"","ocean_post_title_background_color":"","ocean_post_title_background":0,"ocean_post_title_bg_image_position":"","ocean_post_title_bg_image_attachment":"","ocean_post_title_bg_image_repeat":"","ocean_post_title_bg_image_size":"","ocean_post_title_height":0,"ocean_post_title_bg_overlay":0.5,"ocean_post_title_bg_overlay_color":"","ocean_disable_breadcrumbs":"default","ocean_breadcrumbs_color":"","ocean_breadcrumbs_separator_color":"","ocean_breadcrumbs_links_color":"","ocean_breadcrumbs_links_hover_color":"","ocean_display_footer_widgets":"default","ocean_display_footer_bottom":"default","ocean_custom_footer_template":"0","_joinchat":[]},"product_brand":[],"product_cat":[16],"product_tag":[],"class_list":{"0":"post-6970","1":"product","2":"type-product","3":"status-publish","4":"has-post-thumbnail","6":"product_cat-sin-categorizar","8":"entry","9":"has-media","11":"first","12":"instock","13":"shipping-taxable","14":"purchasable","15":"product-type-simple","16":"has-product-nav","17":"col","18":"span_1_of_3","19":"owp-content-center","20":"owp-thumbs-layout-horizontal","21":"owp-btn-normal","22":"owp-tabs-layout-horizontal","23":"has-no-thumbnails"},"_links":{"self":[{"href":"https:\/\/telemetry.com.pe\/index.php\/wp-json\/wp\/v2\/product\/6970","targetHints":{"allow":["GET"]}}],"collection":[{"href":"https:\/\/telemetry.com.pe\/index.php\/wp-json\/wp\/v2\/product"}],"about":[{"href":"https:\/\/telemetry.com.pe\/index.php\/wp-json\/wp\/v2\/types\/product"}],"replies":[{"embeddable":true,"href":"https:\/\/telemetry.com.pe\/index.php\/wp-json\/wp\/v2\/comments?post=6970"}],"wp:featuredmedia":[{"embeddable":true,"href":"https:\/\/telemetry.com.pe\/index.php\/wp-json\/wp\/v2\/media\/6919"}],"wp:attachment":[{"href":"https:\/\/telemetry.com.pe\/index.php\/wp-json\/wp\/v2\/media?parent=6970"}],"wp:term":[{"taxonomy":"product_brand","embeddable":true,"href":"https:\/\/telemetry.com.pe\/index.php\/wp-json\/wp\/v2\/product_brand?post=6970"},{"taxonomy":"product_cat","embeddable":true,"href":"https:\/\/telemetry.com.pe\/index.php\/wp-json\/wp\/v2\/product_cat?post=6970"},{"taxonomy":"product_tag","embeddable":true,"href":"https:\/\/telemetry.com.pe\/index.php\/wp-json\/wp\/v2\/product_tag?post=6970"}],"curies":[{"name":"wp","href":"https:\/\/api.w.org\/{rel}","templated":true}]}}