{"id":6971,"date":"2024-02-23T05:07:19","date_gmt":"2024-02-23T05:07:19","guid":{"rendered":"https:\/\/telemetry.com.pe\/?post_type=product&#038;p=6971"},"modified":"2024-02-23T05:07:19","modified_gmt":"2024-02-23T05:07:19","slug":"pt2x-bv","status":"publish","type":"product","link":"https:\/\/telemetry.com.pe\/index.php\/producto\/pt2x-bv\/","title":{"rendered":"PT2X-BV"},"content":{"rendered":"<h2><span>Descripci\u00f3n<\/span><\/h2>\n<p><span>Construido sobre la plataforma de sensores inteligentes de presi\u00f3n y temperatura de Seametrics, el PT2X-BV es una referencia barom\u00e9trica ideal para las versiones absolutas de nuestros sensores de presi\u00f3n PT2X.<\/span><\/p>\n<p><span>Este sensor, que almacena m\u00e1s de 520 000 registros de datos de presi\u00f3n, temperatura y tiempo, cuenta con un software f\u00e1cil de usar y funciona con baja energ\u00eda, usando dos bater\u00edas AA durante la salida normal o una fuente de alimentaci\u00f3n auxiliar para aplicaciones con uso intensivo de datos.<\/span><\/p>\n<h2><span>Caracter\u00edsticas<\/span><\/h2>\n<ul>\n<li><span>Mide la temperatura adem\u00e1s de las presiones barom\u00e9tricas y de vac\u00edo.<\/span><\/li>\n<li><span>Viene con el software de control Aqua4Plus f\u00e1cil de usar<\/span><\/li>\n<li><span>Disponible en dos opciones de carcasa diferentes: caja resistente a la intemperie o tubo de acero inoxidable 316 (con opci\u00f3n NPT)<\/span><\/li>\n<li><span>Red RS485: proporciona conexiones sencillas con otros sensores inteligentes Seametrics<\/span><\/li>\n<\/ul>\n<h2><span>Aplicaciones<\/span><\/h2>\n<ul>\n<li><span>Compense barom\u00e9tricamente los sensores de presi\u00f3n absoluta para la medici\u00f3n de nivel<\/span><\/li>\n<li><span>Mida la presi\u00f3n de vac\u00edo durante la prueba piloto de extracci\u00f3n de vapor<\/span><\/li>\n<li><span>Complementar los datos de las pruebas de acu\u00edferos en condiciones confinadas o con fugas<\/span><\/li>\n<\/ul>\n","protected":false},"excerpt":{"rendered":"<div class=\"sublabel\"><span>Barom\u00e9trico y vac\u00edo con registro de datos<\/span><\/div>\n<ul>\n<li><span>Proporciona compensaci\u00f3n barom\u00e9trica para sensores PT2X con el software gratuito Aqua4Plus<\/span><\/li>\n<li><span>Almacena m\u00e1s de 520.000 registros de datos de presi\u00f3n, temperatura y tiempo.<\/span><\/li>\n<li><span>Incluye interfaz RS485 para una f\u00e1cil conexi\u00f3n en red<\/span><\/li>\n<li><span>Disponible en una caja resistente a la intemperie o en tubo de acero inoxidable 316 (NPT opcional)<\/span><\/li>\n<\/ul>\n","protected":false},"featured_media":6920,"comment_status":"open","ping_status":"closed","template":"","meta":{"om_disable_all_campaigns":false,"ocean_post_layout":"","ocean_both_sidebars_style":"","ocean_both_sidebars_content_width":0,"ocean_both_sidebars_sidebars_width":0,"ocean_sidebar":"0","ocean_second_sidebar":"0","ocean_disable_margins":"enable","ocean_add_body_class":"","ocean_shortcode_before_top_bar":"","ocean_shortcode_after_top_bar":"","ocean_shortcode_before_header":"","ocean_shortcode_after_header":"","ocean_has_shortcode":"","ocean_shortcode_after_title":"","ocean_shortcode_before_footer_widgets":"","ocean_shortcode_after_footer_widgets":"","ocean_shortcode_before_footer_bottom":"","ocean_shortcode_after_footer_bottom":"","ocean_display_top_bar":"default","ocean_display_header":"default","ocean_header_style":"","ocean_center_header_left_menu":"0","ocean_custom_header_template":"0","ocean_custom_logo":0,"ocean_custom_retina_logo":0,"ocean_custom_logo_max_width":0,"ocean_custom_logo_tablet_max_width":0,"ocean_custom_logo_mobile_max_width":0,"ocean_custom_logo_max_height":0,"ocean_custom_logo_tablet_max_height":0,"ocean_custom_logo_mobile_max_height":0,"ocean_header_custom_menu":"0","ocean_menu_typo_font_family":"0","ocean_menu_typo_font_subset":"","ocean_menu_typo_font_size":0,"ocean_menu_typo_font_size_tablet":0,"ocean_menu_typo_font_size_mobile":0,"ocean_menu_typo_font_size_unit":"px","ocean_menu_typo_font_weight":"","ocean_menu_typo_font_weight_tablet":"","ocean_menu_typo_font_weight_mobile":"","ocean_menu_typo_transform":"","ocean_menu_typo_transform_tablet":"","ocean_menu_typo_transform_mobile":"","ocean_menu_typo_line_height":0,"ocean_menu_typo_line_height_tablet":0,"ocean_menu_typo_line_height_mobile":0,"ocean_menu_typo_line_height_unit":"","ocean_menu_typo_spacing":0,"ocean_menu_typo_spacing_tablet":0,"ocean_menu_typo_spacing_mobile":0,"ocean_menu_typo_spacing_unit":"","ocean_menu_link_color":"","ocean_menu_link_color_hover":"","ocean_menu_link_color_active":"","ocean_menu_link_background":"","ocean_menu_link_hover_background":"","ocean_menu_link_active_background":"","ocean_menu_social_links_bg":"","ocean_menu_social_hover_links_bg":"","ocean_menu_social_links_color":"","ocean_menu_social_hover_links_color":"","ocean_disable_title":"default","ocean_disable_heading":"default","ocean_post_title":"","ocean_post_subheading":"","ocean_post_title_style":"","ocean_post_title_background_color":"","ocean_post_title_background":0,"ocean_post_title_bg_image_position":"","ocean_post_title_bg_image_attachment":"","ocean_post_title_bg_image_repeat":"","ocean_post_title_bg_image_size":"","ocean_post_title_height":0,"ocean_post_title_bg_overlay":0.5,"ocean_post_title_bg_overlay_color":"","ocean_disable_breadcrumbs":"default","ocean_breadcrumbs_color":"","ocean_breadcrumbs_separator_color":"","ocean_breadcrumbs_links_color":"","ocean_breadcrumbs_links_hover_color":"","ocean_display_footer_widgets":"default","ocean_display_footer_bottom":"default","ocean_custom_footer_template":"0","_joinchat":[]},"product_brand":[],"product_cat":[16],"product_tag":[],"class_list":{"0":"post-6971","1":"product","2":"type-product","3":"status-publish","4":"has-post-thumbnail","6":"product_cat-sin-categorizar","8":"entry","9":"has-media","11":"first","12":"instock","13":"shipping-taxable","14":"purchasable","15":"product-type-simple","16":"has-product-nav","17":"col","18":"span_1_of_3","19":"owp-content-center","20":"owp-thumbs-layout-horizontal","21":"owp-btn-normal","22":"owp-tabs-layout-horizontal","23":"has-no-thumbnails"},"_links":{"self":[{"href":"https:\/\/telemetry.com.pe\/index.php\/wp-json\/wp\/v2\/product\/6971","targetHints":{"allow":["GET"]}}],"collection":[{"href":"https:\/\/telemetry.com.pe\/index.php\/wp-json\/wp\/v2\/product"}],"about":[{"href":"https:\/\/telemetry.com.pe\/index.php\/wp-json\/wp\/v2\/types\/product"}],"replies":[{"embeddable":true,"href":"https:\/\/telemetry.com.pe\/index.php\/wp-json\/wp\/v2\/comments?post=6971"}],"wp:featuredmedia":[{"embeddable":true,"href":"https:\/\/telemetry.com.pe\/index.php\/wp-json\/wp\/v2\/media\/6920"}],"wp:attachment":[{"href":"https:\/\/telemetry.com.pe\/index.php\/wp-json\/wp\/v2\/media?parent=6971"}],"wp:term":[{"taxonomy":"product_brand","embeddable":true,"href":"https:\/\/telemetry.com.pe\/index.php\/wp-json\/wp\/v2\/product_brand?post=6971"},{"taxonomy":"product_cat","embeddable":true,"href":"https:\/\/telemetry.com.pe\/index.php\/wp-json\/wp\/v2\/product_cat?post=6971"},{"taxonomy":"product_tag","embeddable":true,"href":"https:\/\/telemetry.com.pe\/index.php\/wp-json\/wp\/v2\/product_tag?post=6971"}],"curies":[{"name":"wp","href":"https:\/\/api.w.org\/{rel}","templated":true}]}}