{"id":6972,"date":"2024-02-23T05:09:11","date_gmt":"2024-02-23T05:09:11","guid":{"rendered":"https:\/\/telemetry.com.pe\/?post_type=product&#038;p=6972"},"modified":"2024-02-23T05:09:11","modified_gmt":"2024-02-23T05:09:11","slug":"pt12","status":"publish","type":"product","link":"https:\/\/telemetry.com.pe\/index.php\/producto\/pt12\/","title":{"rendered":"PT12"},"content":{"rendered":"<h2><span>Descripci\u00f3n<\/span><\/h2>\n<p><span>Dise\u00f1ado para resistir los elementos, el PT12 ofrece lecturas precisas de presi\u00f3n y temperatura en entornos hostiles.<\/span><\/p>\n<p><span>Este dispositivo SDI-12 est\u00e1ndar de la industria es f\u00e1cil de interconectar con grabadores SDI-12 y se puede conectar en cadena con un cable de hasta 200 pies, lo que lo convierte en la opci\u00f3n preferida de muchos profesionales ambientales con sistemas SDI-12 existentes.<\/span><\/p>\n<h2><span>Caracter\u00edsticas<\/span><\/h2>\n<ul>\n<li><span>Interfaz SDI-12 v1.3<\/span><\/li>\n<li><span>Interfaz Modbus\u00ae RTU<\/span><\/li>\n<li><span>Calibraci\u00f3n mejorada de precisi\u00f3n USGS OSW opcional en la unidad de 15 PSIG.<\/span><\/li>\n<li><span>Disponible con una variedad de opciones de cables, incluidos polietileno, poliuretano y FEP.<\/span><\/li>\n<li><span>Disponible en versiones absoluta y calibre.<\/span><\/li>\n<li><span>Construcci\u00f3n de acero inoxidable 316, fluoropol\u00edmero y PTFE (titanio opcional)<\/span><\/li>\n<li><span>Compensaci\u00f3n barom\u00e9trica autom\u00e1tica opcional para unidades absolutas usando un sensor barom\u00e9trico PT12-BV (solo SDI-12)<\/span><\/li>\n<li><span>Disponible desde 1 PSI hasta 300 PSI<\/span><\/li>\n<li><span>Entrada opcional de 1\/4\u2033 NPT<\/span><\/li>\n<\/ul>\n<h2><span>Aplicaciones<\/span><\/h2>\n<ul>\n<li><span>Monitoreo de niveles de agua subterr\u00e1nea, pozos, tanques y mareas.<\/span><\/li>\n<li><span>Prueba de bomba<\/span><\/li>\n<li><span>Monitoreo de flujo<\/span><\/li>\n<\/ul>\n","protected":false},"excerpt":{"rendered":"<div class=\"sublabel\"><span>Presi\u00f3n y temperatura con interfaz Modbus y SDI-12<\/span><\/div>\n<ul>\n<li><span>Puede transformar sus sensores anal\u00f3gicos en un sistema de sensores digitales<\/span><\/li>\n<li><span>F\u00e1cil de conectar con grabadoras SDI-12: conveniente para un sistema SDI-12 existente<\/span><\/li>\n<li><span>Cuenta con una interfaz de comunicaci\u00f3n Modbus\u00ae RTU para mayor flexibilidad<\/span><\/li>\n<li><span>Ofrece gran inmunidad al ruido, rendimiento t\u00e9rmico y protecci\u00f3n transitoria.<\/span><\/li>\n<\/ul>\n","protected":false},"featured_media":6921,"comment_status":"open","ping_status":"closed","template":"","meta":{"om_disable_all_campaigns":false,"ocean_post_layout":"","ocean_both_sidebars_style":"","ocean_both_sidebars_content_width":0,"ocean_both_sidebars_sidebars_width":0,"ocean_sidebar":"0","ocean_second_sidebar":"0","ocean_disable_margins":"enable","ocean_add_body_class":"","ocean_shortcode_before_top_bar":"","ocean_shortcode_after_top_bar":"","ocean_shortcode_before_header":"","ocean_shortcode_after_header":"","ocean_has_shortcode":"","ocean_shortcode_after_title":"","ocean_shortcode_before_footer_widgets":"","ocean_shortcode_after_footer_widgets":"","ocean_shortcode_before_footer_bottom":"","ocean_shortcode_after_footer_bottom":"","ocean_display_top_bar":"default","ocean_display_header":"default","ocean_header_style":"","ocean_center_header_left_menu":"0","ocean_custom_header_template":"0","ocean_custom_logo":0,"ocean_custom_retina_logo":0,"ocean_custom_logo_max_width":0,"ocean_custom_logo_tablet_max_width":0,"ocean_custom_logo_mobile_max_width":0,"ocean_custom_logo_max_height":0,"ocean_custom_logo_tablet_max_height":0,"ocean_custom_logo_mobile_max_height":0,"ocean_header_custom_menu":"0","ocean_menu_typo_font_family":"0","ocean_menu_typo_font_subset":"","ocean_menu_typo_font_size":0,"ocean_menu_typo_font_size_tablet":0,"ocean_menu_typo_font_size_mobile":0,"ocean_menu_typo_font_size_unit":"px","ocean_menu_typo_font_weight":"","ocean_menu_typo_font_weight_tablet":"","ocean_menu_typo_font_weight_mobile":"","ocean_menu_typo_transform":"","ocean_menu_typo_transform_tablet":"","ocean_menu_typo_transform_mobile":"","ocean_menu_typo_line_height":0,"ocean_menu_typo_line_height_tablet":0,"ocean_menu_typo_line_height_mobile":0,"ocean_menu_typo_line_height_unit":"","ocean_menu_typo_spacing":0,"ocean_menu_typo_spacing_tablet":0,"ocean_menu_typo_spacing_mobile":0,"ocean_menu_typo_spacing_unit":"","ocean_menu_link_color":"","ocean_menu_link_color_hover":"","ocean_menu_link_color_active":"","ocean_menu_link_background":"","ocean_menu_link_hover_background":"","ocean_menu_link_active_background":"","ocean_menu_social_links_bg":"","ocean_menu_social_hover_links_bg":"","ocean_menu_social_links_color":"","ocean_menu_social_hover_links_color":"","ocean_disable_title":"default","ocean_disable_heading":"default","ocean_post_title":"","ocean_post_subheading":"","ocean_post_title_style":"","ocean_post_title_background_color":"","ocean_post_title_background":0,"ocean_post_title_bg_image_position":"","ocean_post_title_bg_image_attachment":"","ocean_post_title_bg_image_repeat":"","ocean_post_title_bg_image_size":"","ocean_post_title_height":0,"ocean_post_title_bg_overlay":0.5,"ocean_post_title_bg_overlay_color":"","ocean_disable_breadcrumbs":"default","ocean_breadcrumbs_color":"","ocean_breadcrumbs_separator_color":"","ocean_breadcrumbs_links_color":"","ocean_breadcrumbs_links_hover_color":"","ocean_display_footer_widgets":"default","ocean_display_footer_bottom":"default","ocean_custom_footer_template":"0","_joinchat":[]},"product_brand":[],"product_cat":[16],"product_tag":[],"class_list":{"0":"post-6972","1":"product","2":"type-product","3":"status-publish","4":"has-post-thumbnail","6":"product_cat-sin-categorizar","8":"entry","9":"has-media","11":"first","12":"instock","13":"shipping-taxable","14":"purchasable","15":"product-type-simple","16":"has-product-nav","17":"col","18":"span_1_of_3","19":"owp-content-center","20":"owp-thumbs-layout-horizontal","21":"owp-btn-normal","22":"owp-tabs-layout-horizontal","23":"has-no-thumbnails"},"_links":{"self":[{"href":"https:\/\/telemetry.com.pe\/index.php\/wp-json\/wp\/v2\/product\/6972","targetHints":{"allow":["GET"]}}],"collection":[{"href":"https:\/\/telemetry.com.pe\/index.php\/wp-json\/wp\/v2\/product"}],"about":[{"href":"https:\/\/telemetry.com.pe\/index.php\/wp-json\/wp\/v2\/types\/product"}],"replies":[{"embeddable":true,"href":"https:\/\/telemetry.com.pe\/index.php\/wp-json\/wp\/v2\/comments?post=6972"}],"wp:featuredmedia":[{"embeddable":true,"href":"https:\/\/telemetry.com.pe\/index.php\/wp-json\/wp\/v2\/media\/6921"}],"wp:attachment":[{"href":"https:\/\/telemetry.com.pe\/index.php\/wp-json\/wp\/v2\/media?parent=6972"}],"wp:term":[{"taxonomy":"product_brand","embeddable":true,"href":"https:\/\/telemetry.com.pe\/index.php\/wp-json\/wp\/v2\/product_brand?post=6972"},{"taxonomy":"product_cat","embeddable":true,"href":"https:\/\/telemetry.com.pe\/index.php\/wp-json\/wp\/v2\/product_cat?post=6972"},{"taxonomy":"product_tag","embeddable":true,"href":"https:\/\/telemetry.com.pe\/index.php\/wp-json\/wp\/v2\/product_tag?post=6972"}],"curies":[{"name":"wp","href":"https:\/\/api.w.org\/{rel}","templated":true}]}}