{"id":6975,"date":"2024-02-23T05:14:06","date_gmt":"2024-02-23T05:14:06","guid":{"rendered":"https:\/\/telemetry.com.pe\/?post_type=product&#038;p=6975"},"modified":"2024-02-23T05:14:06","modified_gmt":"2024-02-23T05:14:06","slug":"ps98i","status":"publish","type":"product","link":"https:\/\/telemetry.com.pe\/index.php\/producto\/ps98i\/","title":{"rendered":"PS98i"},"content":{"rendered":"<h2><span>Descripci\u00f3n<\/span><\/h2>\n<p><span>Ofreciendo una gran inmunidad al ruido y protecci\u00f3n transitoria, este transmisor de presi\u00f3n de 4-20 mA est\u00e1ndar de la industria es resistente y preciso.\u00a0Fabricado con acero inoxidable 316, fluoropol\u00edmero y PTFE, proporciona una carcasa segura y lecturas confiables.<\/span><\/p>\n<p><span>Dise\u00f1ado para resistir interferencias de datos, el PS98i es la opci\u00f3n inteligente para casi cualquier sitio donde necesite medir presi\u00f3n o nivel, ya sea en un lago, un tanque o un pozo.<\/span><\/p>\n<h2><span>Caracter\u00edsticas<\/span><\/h2>\n<ul>\n<li><span>Configuraci\u00f3n est\u00e1ndar de la industria, 2 cables, 4-20 mA<\/span><\/li>\n<li><span>Absoluto o calibre<\/span><\/li>\n<li><span>Precisi\u00f3n t\u00edpica de \u00b1 0,25% FSO<\/span><\/li>\n<li><span>Funciona con baja potencia<\/span><\/li>\n<li><span>Construcci\u00f3n de acero inoxidable 316, fluoropol\u00edmero y PTFE (opci\u00f3n de titanio disponible)<\/span><\/li>\n<li><span>Disponible con una variedad de opciones de cable: polietileno, poliuretano o FEP<\/span><\/li>\n<li><span>Opci\u00f3n de adaptador de cono terminal 1\/4 NPT<\/span><\/li>\n<li><span>Estrecho de 0,75 \u2033 de di\u00e1metro, 8 \u2033 de largo<\/span><\/li>\n<\/ul>\n<h2><span>Compensaciones de interferencia y resistencia<\/span><\/h2>\n<ul>\n<li><span>Protecci\u00f3n contra polaridad inversa<\/span><\/li>\n<li><span>Limitaci\u00f3n de subcorriente y sobrecorriente<\/span><\/li>\n<li><span>Protecci\u00f3n transitoria incorporada<\/span><\/li>\n<li><span>Protecci\u00f3n contra rayos opcional disponible<\/span><\/li>\n<li><span>Calibrado con procedimientos de calibraci\u00f3n patentados y equipos rastreables por NIST.<\/span><\/li>\n<\/ul>\n<h2><span>Aplicaciones<\/span><\/h2>\n<ul>\n<li>\n<ul>\n<li><span>Pruebas de bomba y slug<\/span><\/li>\n<li><span>Aforos de r\u00edos, arroyos y embalses<\/span><\/li>\n<li><span>Monitoreo de escorrent\u00eda de aguas pluviales<\/span><\/li>\n<\/ul>\n<\/li>\n<\/ul>\n<p><span>&lt;<\/span><\/p>\n<ul>\n<li><span>Monitoreo de humedales<\/span><\/li>\n<li><span>Bueno, niveles de tanque y marea.<\/span><\/li>\n<li><span>Monitoreo de flujo<\/span><\/li>\n<li><span>Gesti\u00f3n de recursos h\u00eddricos<\/span><\/li>\n<li><span>Niveles de lixiviados de vertederos<\/span><\/li>\n<li><span>Aplicaciones de control<\/span><\/li>\n<\/ul>\n","protected":false},"excerpt":{"rendered":"<div class=\"sublabel\"><span>Presi\u00f3n con interfaz de 4-20 mA<\/span><\/div>\n<ul>\n<li><span>Mide la presi\u00f3n<\/span><\/li>\n<li><span>Dise\u00f1ado con protecci\u00f3n transitoria incorporada<\/span><\/li>\n<li><span>Incluye protecci\u00f3n contra polaridad inversa.<\/span><\/li>\n<\/ul>\n","protected":false},"featured_media":6917,"comment_status":"open","ping_status":"closed","template":"","meta":{"om_disable_all_campaigns":false,"ocean_post_layout":"","ocean_both_sidebars_style":"","ocean_both_sidebars_content_width":0,"ocean_both_sidebars_sidebars_width":0,"ocean_sidebar":"0","ocean_second_sidebar":"0","ocean_disable_margins":"enable","ocean_add_body_class":"","ocean_shortcode_before_top_bar":"","ocean_shortcode_after_top_bar":"","ocean_shortcode_before_header":"","ocean_shortcode_after_header":"","ocean_has_shortcode":"","ocean_shortcode_after_title":"","ocean_shortcode_before_footer_widgets":"","ocean_shortcode_after_footer_widgets":"","ocean_shortcode_before_footer_bottom":"","ocean_shortcode_after_footer_bottom":"","ocean_display_top_bar":"default","ocean_display_header":"default","ocean_header_style":"","ocean_center_header_left_menu":"0","ocean_custom_header_template":"0","ocean_custom_logo":0,"ocean_custom_retina_logo":0,"ocean_custom_logo_max_width":0,"ocean_custom_logo_tablet_max_width":0,"ocean_custom_logo_mobile_max_width":0,"ocean_custom_logo_max_height":0,"ocean_custom_logo_tablet_max_height":0,"ocean_custom_logo_mobile_max_height":0,"ocean_header_custom_menu":"0","ocean_menu_typo_font_family":"0","ocean_menu_typo_font_subset":"","ocean_menu_typo_font_size":0,"ocean_menu_typo_font_size_tablet":0,"ocean_menu_typo_font_size_mobile":0,"ocean_menu_typo_font_size_unit":"px","ocean_menu_typo_font_weight":"","ocean_menu_typo_font_weight_tablet":"","ocean_menu_typo_font_weight_mobile":"","ocean_menu_typo_transform":"","ocean_menu_typo_transform_tablet":"","ocean_menu_typo_transform_mobile":"","ocean_menu_typo_line_height":0,"ocean_menu_typo_line_height_tablet":0,"ocean_menu_typo_line_height_mobile":0,"ocean_menu_typo_line_height_unit":"","ocean_menu_typo_spacing":0,"ocean_menu_typo_spacing_tablet":0,"ocean_menu_typo_spacing_mobile":0,"ocean_menu_typo_spacing_unit":"","ocean_menu_link_color":"","ocean_menu_link_color_hover":"","ocean_menu_link_color_active":"","ocean_menu_link_background":"","ocean_menu_link_hover_background":"","ocean_menu_link_active_background":"","ocean_menu_social_links_bg":"","ocean_menu_social_hover_links_bg":"","ocean_menu_social_links_color":"","ocean_menu_social_hover_links_color":"","ocean_disable_title":"default","ocean_disable_heading":"default","ocean_post_title":"","ocean_post_subheading":"","ocean_post_title_style":"","ocean_post_title_background_color":"","ocean_post_title_background":0,"ocean_post_title_bg_image_position":"","ocean_post_title_bg_image_attachment":"","ocean_post_title_bg_image_repeat":"","ocean_post_title_bg_image_size":"","ocean_post_title_height":0,"ocean_post_title_bg_overlay":0.5,"ocean_post_title_bg_overlay_color":"","ocean_disable_breadcrumbs":"default","ocean_breadcrumbs_color":"","ocean_breadcrumbs_separator_color":"","ocean_breadcrumbs_links_color":"","ocean_breadcrumbs_links_hover_color":"","ocean_display_footer_widgets":"default","ocean_display_footer_bottom":"default","ocean_custom_footer_template":"0","_joinchat":[]},"product_brand":[],"product_cat":[16],"product_tag":[],"class_list":{"0":"post-6975","1":"product","2":"type-product","3":"status-publish","4":"has-post-thumbnail","6":"product_cat-sin-categorizar","8":"entry","9":"has-media","11":"first","12":"instock","13":"shipping-taxable","14":"purchasable","15":"product-type-simple","16":"has-product-nav","17":"col","18":"span_1_of_3","19":"owp-content-center","20":"owp-thumbs-layout-horizontal","21":"owp-btn-normal","22":"owp-tabs-layout-horizontal","23":"has-no-thumbnails"},"_links":{"self":[{"href":"https:\/\/telemetry.com.pe\/index.php\/wp-json\/wp\/v2\/product\/6975","targetHints":{"allow":["GET"]}}],"collection":[{"href":"https:\/\/telemetry.com.pe\/index.php\/wp-json\/wp\/v2\/product"}],"about":[{"href":"https:\/\/telemetry.com.pe\/index.php\/wp-json\/wp\/v2\/types\/product"}],"replies":[{"embeddable":true,"href":"https:\/\/telemetry.com.pe\/index.php\/wp-json\/wp\/v2\/comments?post=6975"}],"wp:featuredmedia":[{"embeddable":true,"href":"https:\/\/telemetry.com.pe\/index.php\/wp-json\/wp\/v2\/media\/6917"}],"wp:attachment":[{"href":"https:\/\/telemetry.com.pe\/index.php\/wp-json\/wp\/v2\/media?parent=6975"}],"wp:term":[{"taxonomy":"product_brand","embeddable":true,"href":"https:\/\/telemetry.com.pe\/index.php\/wp-json\/wp\/v2\/product_brand?post=6975"},{"taxonomy":"product_cat","embeddable":true,"href":"https:\/\/telemetry.com.pe\/index.php\/wp-json\/wp\/v2\/product_cat?post=6975"},{"taxonomy":"product_tag","embeddable":true,"href":"https:\/\/telemetry.com.pe\/index.php\/wp-json\/wp\/v2\/product_tag?post=6975"}],"curies":[{"name":"wp","href":"https:\/\/api.w.org\/{rel}","templated":true}]}}